{"id":129,"date":"2025-03-25T11:26:18","date_gmt":"2025-03-25T10:26:18","guid":{"rendered":"https:\/\/azqs.com\/zioumi\/?page_id=129"},"modified":"2026-03-10T11:43:45","modified_gmt":"2026-03-10T10:43:45","slug":"accueil","status":"publish","type":"page","link":"https:\/\/azqs.com\/zioumi\/","title":{"rendered":"Accueil"},"content":{"rendered":"<p><span style=\"font-size: 12pt\"><img loading=\"lazy\" decoding=\"async\" class=\"alignright wp-image-229 size-medium\" src=\"http:\/\/azqs.com\/zioumi\/files\/2025\/03\/Visage_De_Zioumi-290x300.jpg\" alt=\"www.azqs.com\/Zioumi\" width=\"290\" height=\"300\" srcset=\"https:\/\/azqs.com\/zioumi\/files\/2025\/03\/Visage_De_Zioumi-290x300.jpg 290w, https:\/\/azqs.com\/zioumi\/files\/2025\/03\/Visage_De_Zioumi-991x1024.jpg 991w, https:\/\/azqs.com\/zioumi\/files\/2025\/03\/Visage_De_Zioumi-768x794.jpg 768w, https:\/\/azqs.com\/zioumi\/files\/2025\/03\/Visage_De_Zioumi-1486x1536.jpg 1486w, https:\/\/azqs.com\/zioumi\/files\/2025\/03\/Visage_De_Zioumi-1982x2048.jpg 1982w\" sizes=\"(max-width: 290px) 100vw, 290px\" \/><\/span><\/p>\n<p><span style=\"font-size: 12pt\"><span style=\"color: #000000\">\ud83d\udd38<strong> Female tattoo artist<\/strong><\/span><\/span><br \/>\n<span style=\"font-size: 12pt\"><strong><span style=\"color: #000000\">\ud83d\udd38 Strasbourg<\/span><\/strong><\/span><br \/>\n<span style=\"font-size: 12pt\"><strong><span style=\"color: #000000\">\ud83d\udd38 Agenda ouvert<\/span><\/strong><\/span><\/p>\n<p><strong><span style=\"font-size: 14pt;color: #000000\">\ud83d\udc8c Contact par mail :\u00a0<\/span><\/strong><\/p>\n<p style=\"text-align: center\"><strong><span style=\"color: #000000;font-size: 14pt\">zioumi26@gmail.com<\/span><\/strong><\/p>\n<p><a href=\"mailto:zioumi26@gmail.com?subject=Nouveau projet\"><img loading=\"lazy\" decoding=\"async\" class=\"alignnone wp-image-169 size-medium\" src=\"http:\/\/azqs.com\/zioumi\/files\/2025\/03\/IMG_1334-300x101.jpeg\" alt=\"\" width=\"300\" height=\"101\" srcset=\"https:\/\/azqs.com\/zioumi\/files\/2025\/03\/IMG_1334-300x101.jpeg 300w, https:\/\/azqs.com\/zioumi\/files\/2025\/03\/IMG_1334.jpeg 462w\" sizes=\"(max-width: 300px) 100vw, 300px\" \/><\/a><\/p>\n<p><span style=\"font-size: 14pt\"><strong>!! -30% sur tous les flashs durant le mois de mars !!<\/strong><\/span><\/p>\n<p><strong><br \/>\nTu peux me trouver au shop du mardi au samedi de 10h \u00e0 17h.<\/strong><br \/>\nN&rsquo;h\u00e9sites pas \u00e0 aller voir mes disponibilit\u00e9s dans la rubrique \u00abo\u00f9 me trouver \/ horaires \u00bb<\/p>\n<p style=\"text-align: center\"><span style=\"font-size: 10pt\">Le petit atelier de dermographie\u00a0<\/span><\/p>\n<p style=\"text-align: center\"><span style=\"font-size: 10pt\">21, rue Sainte Madeleine\u00a0<\/span><\/p>\n<p style=\"text-align: center\"><span style=\"font-size: 10pt\">67000 Strasbourg<\/span><\/p>\n","protected":false},"excerpt":{"rendered":"<p>\ud83d\udd38 Female tattoo artist \ud83d\udd38 Strasbourg \ud83d\udd38 Agenda ouvert \ud83d\udc8c Contact par mail :\u00a0 zioumi26@gmail.com !! -30% sur tous les flashs durant le mois de mars !! Tu peux me trouver au shop du mardi au samedi de 10h \u00e0 17h. N&rsquo;h\u00e9sites pas \u00e0 aller voir mes disponibilit\u00e9s dans la rubrique \u00abo\u00f9 me trouver \/ &hellip; <a href=\"https:\/\/azqs.com\/zioumi\/\" class=\"more-link\">Continuer la lecture de <span class=\"screen-reader-text\">Accueil<\/span><\/a><\/p>\n","protected":false},"author":366,"featured_media":0,"parent":0,"menu_order":0,"comment_status":"closed","ping_status":"closed","template":"","meta":{"footnotes":""},"class_list":["post-129","page","type-page","status-publish","hentry"],"_links":{"self":[{"href":"https:\/\/azqs.com\/zioumi\/wp-json\/wp\/v2\/pages\/129"}],"collection":[{"href":"https:\/\/azqs.com\/zioumi\/wp-json\/wp\/v2\/pages"}],"about":[{"href":"https:\/\/azqs.com\/zioumi\/wp-json\/wp\/v2\/types\/page"}],"author":[{"embeddable":true,"href":"https:\/\/azqs.com\/zioumi\/wp-json\/wp\/v2\/users\/366"}],"replies":[{"embeddable":true,"href":"https:\/\/azqs.com\/zioumi\/wp-json\/wp\/v2\/comments?post=129"}],"version-history":[{"count":4,"href":"https:\/\/azqs.com\/zioumi\/wp-json\/wp\/v2\/pages\/129\/revisions"}],"predecessor-version":[{"id":510,"href":"https:\/\/azqs.com\/zioumi\/wp-json\/wp\/v2\/pages\/129\/revisions\/510"}],"wp:attachment":[{"href":"https:\/\/azqs.com\/zioumi\/wp-json\/wp\/v2\/media?parent=129"}],"curies":[{"name":"wp","href":"https:\/\/api.w.org\/{rel}","templated":true}]}}