{"id":115,"date":"2025-03-25T11:16:12","date_gmt":"2025-03-25T10:16:12","guid":{"rendered":"https:\/\/azqs.com\/zioumi\/?page_id=115"},"modified":"2025-09-17T10:50:00","modified_gmt":"2025-09-17T08:50:00","slug":"me-contacter","status":"publish","type":"page","link":"https:\/\/azqs.com\/zioumi\/me-contacter\/","title":{"rendered":"Me contacter"},"content":{"rendered":"<div>\n<div dir=\"ltr\">\n<div><span style=\"font-family: arial, helvetica, sans-serif\">Bonjour \u00e0\u00a0toi !<\/span><\/div>\n<div><span style=\"font-family: arial, helvetica, sans-serif\">\u00a0<\/span><\/div>\n<div><span style=\"font-family: arial, helvetica, sans-serif\">Tout d&rsquo;abord merci pour ta confiance et ton int\u00e9r\u00eat\u00a0\ud83d\ude4f\u2764\ufe0f\u00a0<\/span><\/div>\n<div><span style=\"font-family: arial, helvetica, sans-serif\">Je peux mettre plusieurs jours ( la dure vie des ind\u00e9pendants qui font tout tout seul ) avant de te r\u00e9pondre donc ne soit pas inquiet.e, je reviens vers toi d\u00e8s que possible !<\/span><\/div>\n<div><\/div>\n<div><span style=\"font-family: arial, helvetica, sans-serif\">Ici je te guide pour me donner les informations n\u00e9cessaires \u00e0 l&rsquo;\u00e9laboration de ton devis tattoo.<\/span><\/div>\n<div><span style=\"font-family: arial, helvetica, sans-serif\">Si tu vois que ta demande n&rsquo;est pas compl\u00e8te n&rsquo;h\u00e9sites pas \u00e0 me rajouter les \u00e9l\u00e9ments dans un nouveau mail avec le m\u00eame objet en cliquant sur \u00ab r\u00e9pondre \u00bb au premier mail \ud83d\ude09<\/span><\/div>\n<div><\/div>\n<div><span style=\"font-family: arial, helvetica, sans-serif\">Il faudra que tu sois bien pr\u00e9cis\u00a0sur les diff\u00e9rents \u00e9l\u00e9ments que tu souhaites.<\/span><\/div>\n<div>\n<div dir=\"ltr\">\n<div dir=\"ltr\">\n<div dir=\"ltr\">\n<p><span style=\"font-family: arial, helvetica, sans-serif\">\u00a0<\/span><\/p>\n<p><span style=\"font-family: arial, helvetica, sans-serif\">Pour simplifier nos \u00e9changes et savoir ce que tu dois me raconter voici une liste de questions qui me sont n\u00e9cessaires pour bien comprendre ton projet et te donner un tarif :<\/span><\/p>\n<p><span style=\"font-family: arial, helvetica, sans-serif\">&#8211;\u00a0\u00a0\u00a0\u00a0\u00a0\u00a0\u00a0L\u2019id\u00e9e de ton projet ou le flash que tu souhaiterais<\/span><\/p>\n<p><span style=\"font-family: arial, helvetica, sans-serif\">\u00a0 \u00a0 \u00a0 \u00a0 <em>N\u2019h\u00e9sites pas \u00e0 me raconter toute l\u2019histoire si tu le souhaites !<\/em><\/span><\/p>\n<p><span style=\"font-family: arial, helvetica, sans-serif\">&#8211;\u00a0\u00a0\u00a0\u00a0\u00a0\u00a0\u00a0La taille approximative en centim\u00e8tres de ton projet.\u00a0<\/span><\/p>\n<p><em><span style=\"font-family: arial, helvetica, sans-serif\">\u00a0 \u00a0 \u00a0 \u00a0 Je te dirais si cela est r\u00e9alisable ne t\u2019inqui\u00e8te pas !<\/span><\/em><\/p>\n<p><span style=\"font-family: arial, helvetica, sans-serif\">&#8211;\u00a0\u00a0\u00a0\u00a0\u00a0\u00a0\u00a0O\u00f9 sur ton corps ? Si besoin avec une photo (pr\u00e9sence de cicatrices, autres tattoos\u00a0 pr\u00e9sents, etc\u2026)<\/span><\/p>\n<p><span style=\"font-family: arial, helvetica, sans-serif\">&#8211;\u00a0\u00a0\u00a0\u00a0\u00a0\u00a0\u00a0En Noir et gris ? en couleurs ? juste des lignes ? de l\u2019ombrage ?<\/span><\/p>\n<p><span style=\"font-family: arial, helvetica, sans-serif\">&#8211;\u00a0\u00a0\u00a0\u00a0\u00a0\u00a0\u00a0Ta limite de budget si tu en as une (que je te dise ce qui est faisable)<\/span><\/p>\n<p><span style=\"font-family: arial, helvetica, sans-serif\">&#8211;\u00a0\u00a0\u00a0\u00a0\u00a0\u00a0\u00a0Tes prochaines disponibilit\u00e9s pour prendre rdv. Y a-t-il un jour qui te convienne mieux que les autres ? je te ferais des propositions de dates en fonction<\/span><\/p>\n<p><span style=\"font-family: arial, helvetica, sans-serif\">&#8211;\u00a0\u00a0\u00a0\u00a0\u00a0\u00a0\u00a0Tu peux me joindre toutes photos ou images illustrant ton projet et me permettant de comprendre au mieux ton id\u00e9e et le style que tu recherches, en m\u2019expliquant bien ce que tu appr\u00e9cies sur chaque image.\u00a0<\/span><\/p>\n<p><span style=\"font-family: arial, helvetica, sans-serif\">&#8211;\u00a0\u00a0\u00a0\u00a0\u00a0\u00a0\u00a0Ton num\u00e9ro de t\u00e9l\u00e9phone (obligatoire en cas de soucis)\u00a0<\/span><\/p>\n<p><span style=\"font-family: arial, helvetica, sans-serif\">Essaie de me faire cela dans un seul et m\u00eame mail en mettant ton pr\u00e9nom en objet.<\/span><\/p>\n<p><span style=\"font-family: arial, helvetica, sans-serif\">Si tu dois m\u2019envoyer plusieurs mails, reste dans la m\u00eame conversation en cliquant sur r\u00e9pondre. Ce sera mille fois plus simple pour moi de suivre nos \u00e9changes\u00a0<\/span><\/p>\n<div><span style=\"font-family: arial, helvetica, sans-serif\">Je fonctionne avec un syst\u00e8me d&rsquo;acompte pour valider une date de rendez-vous.<\/span><\/div>\n<div><span style=\"font-family: arial, helvetica, sans-serif\">Il te faudra donc, le jour o\u00f9 tu as d\u00e9cid\u00e9 de bosser avec moi, me laisser un acompte de 50\u20ac (\u00e9videmment d\u00e9duit\u00a0du total).<\/span><\/div>\n<div><\/div>\n<div><span style=\"font-family: arial, helvetica, sans-serif\">Pour cela 2 choix :<\/span><\/div>\n<div><span style=\"font-family: arial, helvetica, sans-serif\">&#8211; nous pouvons convenir de nous voir pour me donner l&rsquo;acompte en esp\u00e8ces (car je n&rsquo;ai pas de machine \u00e0 carte\u00a0bleue) et sur rendez vous<\/span><\/div>\n<div><span style=\"font-family: arial, helvetica, sans-serif\">ou<\/span><\/div>\n<div><span style=\"font-family: arial, helvetica, sans-serif\">&#8211; me faire un Paypal sur l&rsquo;adresse mail\u00a0<a href=\"mailto:biboo6@htmail.com\" target=\"_blank\" rel=\"noopener\">biboo6@hotmail.com<\/a><\/span><\/div>\n<div><\/div>\n<div><span style=\"font-family: arial, helvetica, sans-serif\">D\u00e8s r\u00e9ception de cet acompte nous pourrons nous mettre d&rsquo;accord ensemble sur une date de rendez-vous.<\/span><\/div>\n<div><\/div>\n<div>\n<div>\n<div dir=\"ltr\">\n<div dir=\"ltr\">\n<div dir=\"ltr\">\n<div dir=\"ltr\">\n<div dir=\"ltr\">\n<div dir=\"ltr\"><\/div>\n<\/div>\n<\/div>\n<\/div>\n<\/div>\n<\/div>\n<\/div>\n<\/div>\n<p><span style=\"font-family: arial, helvetica, sans-serif\">Pour finir, j&rsquo;aime que ce formulaire soit une zone libre d\u2019\u00e9changes, alors n\u2019h\u00e9sites pas \u00e0 m\u2019\u00e9crire tout ce dont tu as envie\u00a0!<\/span><\/p>\n<p><span style=\"font-family: arial, helvetica, sans-serif\">Tu peux me tutoyer\u00a0!<\/span><\/p>\n<p><span style=\"font-family: arial, helvetica, sans-serif\">Tu ne me d\u00e9ranges pas\u00a0!<\/span><\/p>\n<p><span style=\"font-family: arial, helvetica, sans-serif\">J\u2019adore quand tu me racontes ta vie.<\/span><\/p>\n<p><span style=\"font-family: arial, helvetica, sans-serif\">C\u2019est un plaisir de te lire quoi qu\u2019il arrive\u00a0!<\/span><\/p>\n<p><span style=\"font-family: arial, helvetica, sans-serif\">\u00a0<\/span><\/p>\n<p><span style=\"font-family: arial, helvetica, sans-serif\">Merci !<\/span><\/p>\n<\/div>\n<\/div>\n<\/div>\n<\/div>\n<\/div>\n<\/div>\n<p><a href=\"mailto:zioumi26@gmail.com?subject=Nouveau projet\"><img loading=\"lazy\" decoding=\"async\" class=\"wp-image-169 size-medium aligncenter\" src=\"http:\/\/azqs.com\/zioumi\/files\/2025\/03\/IMG_1334-300x101.jpeg\" alt=\"\" width=\"300\" height=\"101\" srcset=\"https:\/\/azqs.com\/zioumi\/files\/2025\/03\/IMG_1334-300x101.jpeg 300w, https:\/\/azqs.com\/zioumi\/files\/2025\/03\/IMG_1334.jpeg 462w\" sizes=\"(max-width: 300px) 100vw, 300px\" \/><\/a><\/p>\n<p style=\"text-align: center\"><span style=\"font-size: 10pt\">Le petit atelier de dermographie\u00a0<\/span><\/p>\n<p style=\"text-align: center\"><span style=\"font-size: 10pt\">21, rue Sainte Madeleine\u00a0<\/span><\/p>\n<p style=\"text-align: center\"><span style=\"font-size: 10pt\">67000 Strasbourg<\/span><\/p>\n","protected":false},"excerpt":{"rendered":"<p>Bonjour \u00e0\u00a0toi ! \u00a0 Tout d&rsquo;abord merci pour ta confiance et ton int\u00e9r\u00eat\u00a0\ud83d\ude4f\u2764\ufe0f\u00a0 Je peux mettre plusieurs jours ( la dure vie des ind\u00e9pendants qui font tout tout seul ) avant de te r\u00e9pondre donc ne soit pas inquiet.e, je reviens vers toi d\u00e8s que possible ! Ici je te guide pour me donner les &hellip; <a href=\"https:\/\/azqs.com\/zioumi\/me-contacter\/\" class=\"more-link\">Continuer la lecture de <span class=\"screen-reader-text\">Me contacter<\/span><\/a><\/p>\n","protected":false},"author":366,"featured_media":0,"parent":0,"menu_order":0,"comment_status":"closed","ping_status":"closed","template":"","meta":{"footnotes":""},"class_list":["post-115","page","type-page","status-publish","hentry"],"_links":{"self":[{"href":"https:\/\/azqs.com\/zioumi\/wp-json\/wp\/v2\/pages\/115"}],"collection":[{"href":"https:\/\/azqs.com\/zioumi\/wp-json\/wp\/v2\/pages"}],"about":[{"href":"https:\/\/azqs.com\/zioumi\/wp-json\/wp\/v2\/types\/page"}],"author":[{"embeddable":true,"href":"https:\/\/azqs.com\/zioumi\/wp-json\/wp\/v2\/users\/366"}],"replies":[{"embeddable":true,"href":"https:\/\/azqs.com\/zioumi\/wp-json\/wp\/v2\/comments?post=115"}],"version-history":[{"count":5,"href":"https:\/\/azqs.com\/zioumi\/wp-json\/wp\/v2\/pages\/115\/revisions"}],"predecessor-version":[{"id":416,"href":"https:\/\/azqs.com\/zioumi\/wp-json\/wp\/v2\/pages\/115\/revisions\/416"}],"wp:attachment":[{"href":"https:\/\/azqs.com\/zioumi\/wp-json\/wp\/v2\/media?parent=115"}],"curies":[{"name":"wp","href":"https:\/\/api.w.org\/{rel}","templated":true}]}}