{"id":893,"date":"2020-06-02T21:59:51","date_gmt":"2020-06-02T19:59:51","guid":{"rendered":"http:\/\/azqs.com\/velorution-strasbourg\/?page_id=893"},"modified":"2020-06-23T19:19:41","modified_gmt":"2020-06-23T17:19:41","slug":"2e-tour-2020","status":"publish","type":"page","link":"https:\/\/azqs.com\/velorution-strasbourg\/2e-tour-2020\/","title":{"rendered":"Second tour 2020"},"content":{"rendered":"<p><em><strong>A Strasbourg, capitale du v\u00e9lo<\/strong><\/em><strong><br \/>\n<\/strong><\/p>\n<hr \/>\n<p><em>&#8230;mais seulement dans la cat\u00e9gorie des villes de plus de 200 000 habitants. Elle est d\u00e9sormais devanc\u00e9e par Grenoble qui obtient une meilleure note au barom\u00e8tre 2019 de la FUB.<br \/>\n<\/em><\/p>\n<p>Seules trois listes subsistent : EELV, PS et l&rsquo;union LREM-LR. Qu&rsquo;ont elles \u00e0 nous dire sur le v\u00e9lo ?<\/p>\n<table style=\"width: 100%;height: 2114px\" border=\"0\" cellspacing=\"0\" cellpadding=\"0\">\n<tbody>\n<tr style=\"height: 460px\">\n<td style=\"vertical-align: middle;width: 24.0061%;text-align: left;height: 460px\"><img loading=\"lazy\" decoding=\"async\" class=\"wp-image-184 aligncenter\" src=\"http:\/\/azqs.com\/velorution-strasbourg\/files\/2020\/02\/strasbourg_ecolo.jpg\" alt=\"\" width=\"131\" height=\"130\" srcset=\"https:\/\/azqs.com\/velorution-strasbourg\/files\/2020\/02\/strasbourg_ecolo.jpg 176w, https:\/\/azqs.com\/velorution-strasbourg\/files\/2020\/02\/strasbourg_ecolo-150x149.jpg 150w, https:\/\/azqs.com\/velorution-strasbourg\/files\/2020\/02\/strasbourg_ecolo-100x99.jpg 100w\" sizes=\"(max-width: 131px) 100vw, 131px\" \/><\/td>\n<td style=\"vertical-align: middle;height: 460px;width: 75.6881%\"><span style=\"font-size: 14pt\"><strong>Jeanne BARSEGHIAN (Strasbourg \u00e9cologiste et citoyenne)<\/strong><\/span><br \/>\nVu son colistier M. Jund le 22 janvier 2020<br \/>\n<a href=\"https:\/\/www.ecolo-citoyenne.eu\/index.php\/le-programme\/\">Son programme<\/a><br \/>\n<a href=\"http:\/\/azqs.com\/velorution-strasbourg\/files\/2020\/02\/Barseghian_questionnaire_velorution.pdf\">Ses r\u00e9ponses \u00e0 notre questionnaire<\/a><br \/>\n<a href=\"http:\/\/azqs.com\/velorution-strasbourg\/files\/2020\/02\/Barseghian_addendum_velorution-.pdf\">Un addendum libre<\/a><br \/>\n<a href=\"http:\/\/azqs.com\/velorution-strasbourg\/files\/2020\/06\/Collectif-V\u00e9lorution_Jeanne-Barseghian-1.pdf\">Notre compte-rendu d&rsquo;entretien<\/a> Note du 2 juin : ces \u00e9l\u00e9ments sont ceux figurant dans le programme du premier tour, qui a \u00e9t\u00e9 reconduit<\/p>\n<hr \/>\n<p><img loading=\"lazy\" decoding=\"async\" class=\"alignleft size-full wp-image-367\" src=\"http:\/\/azqs.com\/velorution-strasbourg\/files\/2020\/02\/bien.png\" alt=\"\" width=\"31\" height=\"30\" \/>Lu dans le programme, un engagement chiffr\u00e9 : <em>\u00ab <strong>Cr\u00e9ation de 15 kilom\u00e8tres de pistes cyclables par an<\/strong> dont des autoroutes \u00e0 v\u00e9lo, et doublement de la part du v\u00e9lo dans les d\u00e9placements. <strong>Prime aux Strasbourgeois\u00b7e\u00b7s qui abandonnent leur voiture individuelle.<\/strong> \u00bb<br \/>\n<\/em>Dans un addendum sp\u00e9cifique au v\u00e9lo, \u00e9vocation d&rsquo;un r\u00e9seau vers les 2<sup>e<\/sup> et 3<sup>e<\/sup> couronnes et d&rsquo;une structure de concertation avec les associations en charges de la mobilit\u00e9 sur toutes nouvelles r\u00e9alisations envisag\u00e9es. Une piste ne doit jamais se faire au d\u00e9triment des pi\u00e9tons.<em><br \/>\n<\/em><\/p>\n<p>A noter \u00e9galement une <a href=\"http:\/\/azqs.com\/velorution-strasbourg\/2020\/06\/03\/une-tribune-de-lequipe-barseghian\/\">tribune, publi\u00e9e durant l&rsquo;\u00e9pid\u00e9mie, appelant \u00e0 la mise en \u0153uvre de nos propositions.<\/a> <strong>\u00c7a fait du bien d&rsquo;avoir &#8211; enfin &#8211; du soutien de nos \u00e9lus<\/strong> et la liste marque des points en direction du v\u00e9lo !<\/p>\n<p><em><img loading=\"lazy\" decoding=\"async\" class=\"alignleft wp-image-435\" src=\"http:\/\/azqs.com\/velorution-strasbourg\/files\/2020\/02\/neutre.png\" alt=\"\" width=\"19\" height=\"17\" \/><\/em>Dans ses r\u00e9ponses au questionnaire, favorable \u00e0 une journ\u00e9e sans voiture, mais pas sur l&rsquo;ensemble du territoire. Objectif \u00e0 terme d&rsquo;arriver \u00e0 la ville \u00e0 30 km\/h, mais sans engagement de d\u00e9lai (\u00e9vocation \u00e0 ce sujet de <a href=\"https:\/\/www.lefigaro.fr\/flash-actu\/2011\/05\/30\/97001-20110530FILWWW00459-strasbourgzones-a-30-kmh-non-a-55.php\">l&rsquo;\u00e9chec du r\u00e9f\u00e9rendum local<\/a> lors de la mandature pr\u00e9c\u00e9dente).<br \/>\nDans son addendum, \u00e9vocation des probl\u00e8mes pi\u00e9tons-cyclistes avec communication, verbalisation, stages obligatoires&#8230; Rien d&rsquo;annonc\u00e9 par contre pour ce qui concerne les incivilit\u00e9s \u00e0 l&rsquo;\u00e9gard des cyclistes.<\/td>\n<\/tr>\n<tr style=\"height: 1082px\">\n<td style=\"vertical-align: middle;height: 1082px;width: 24.0061%\"><img loading=\"lazy\" decoding=\"async\" class=\"wp-image-186 aligncenter\" src=\"http:\/\/azqs.com\/velorution-strasbourg\/files\/2020\/02\/fontanel_2020.jpg\" alt=\"\" width=\"124\" height=\"124\" srcset=\"https:\/\/azqs.com\/velorution-strasbourg\/files\/2020\/02\/fontanel_2020.jpg 175w, https:\/\/azqs.com\/velorution-strasbourg\/files\/2020\/02\/fontanel_2020-150x150.jpg 150w, https:\/\/azqs.com\/velorution-strasbourg\/files\/2020\/02\/fontanel_2020-100x100.jpg 100w\" sizes=\"(max-width: 124px) 100vw, 124px\" \/><img loading=\"lazy\" decoding=\"async\" class=\"wp-image-190 aligncenter\" src=\"http:\/\/azqs.com\/velorution-strasbourg\/files\/2020\/02\/vetter_2020.jpg\" alt=\"\" width=\"124\" height=\"124\" srcset=\"https:\/\/azqs.com\/velorution-strasbourg\/files\/2020\/02\/vetter_2020.jpg 175w, https:\/\/azqs.com\/velorution-strasbourg\/files\/2020\/02\/vetter_2020-150x150.jpg 150w, https:\/\/azqs.com\/velorution-strasbourg\/files\/2020\/02\/vetter_2020-100x100.jpg 100w\" sizes=\"(max-width: 124px) 100vw, 124px\" \/><\/td>\n<td style=\"vertical-align: middle;height: 1082px;width: 75.6881%\"><span style=\"font-size: 14pt\"><strong>Alain FONTANEL (LREM) &#8211; Jean-Philippe VETTER (LR)<\/strong><\/span><\/p>\n<p>Note du 21 juin 2020 : le programme d\u00e9finitif, suite \u00e0 la fusion des listes, se r\u00e9duit \u00e0 la portion congrue, soit <strong>un tract format A5 avec 4 th\u00e8mes non d\u00e9taill\u00e9s :<\/strong> redresser notre \u00e9conomie pour sauver nos emplois, garantir l&rsquo;unit\u00e9 de notre ville et de ses quartiers, d\u00e9fendre une vraie qualit\u00e9 de vie, d\u00e9velopper le civisme et assurer la s\u00e9curit\u00e9 partout dans l&rsquo;espace public. Faute de mieux, nous ne pouvons <strong>lister ici que les seules mesures sur lesquelles les programmes Fontanel et Vetter du premier tour se retrouvent. <\/strong>Plus vroum-vroum que dring-dring !<strong><br \/>\n<\/strong><\/p>\n<p>Vu M. Fontanel et son colistier Jean-Baptiste Gernet, le 29 janvier 2020, a r\u00e9pondu au questionnaire<br \/>\n<a href=\"https:\/\/alainfontanel2020.eu\/strasbourg-capitale-velo-responsable\/\">Son programme du premier tour<\/a><br \/>\n<a href=\"http:\/\/azqs.com\/velorution-strasbourg\/files\/2020\/02\/Questionnaire-v\u00e9lorution-Fontanel.pdf\">Ses r\u00e9ponses \u00e0 notre questionnaire<\/a><br \/>\n<a href=\"http:\/\/azqs.com\/velorution-strasbourg\/files\/2020\/02\/Fontanel_cr_velorution.pdf\">Notre compte-rendu d&rsquo;entretien<\/a><\/p>\n<p>Vus les colistiers de M. Vetter, MM. Hentz et Schumacher le 13 f\u00e9vrier 2020<br \/>\n<a href=\"https:\/\/www.vetter2020.eu\/notre-ambition\/\">Son programme du premier tour<\/a><br \/>\n<strong>La liste LR est la seule liste strasbourgeoise consult\u00e9e, \u00e0 ce jour, \u00e0 ne pas avoir fourni de r\u00e9ponses \u00e0 notre questionnaire.<\/strong><br \/>\n<a href=\"http:\/\/azqs.com\/velorution-strasbourg\/files\/2020\/02\/Collectif-V\u00e9lorution_Jean-Philippe-VETTER.pdf\">Notre compte-rendu d&rsquo;entretien<\/a><\/p>\n<hr \/>\n<p><img loading=\"lazy\" decoding=\"async\" class=\"alignleft size-full wp-image-367\" src=\"http:\/\/azqs.com\/velorution-strasbourg\/files\/2020\/02\/bien.png\" alt=\"\" width=\"31\" height=\"30\" \/><\/p>\n<p>Alain Fontanel a \u00e9voqu\u00e9 \u00e0 plusieurs reprises<strong> le contournement cycliste de la Grande \u00cele<\/strong>. Nous le mettons en positif m\u00eame si le projet fait partie du programme pluriannuel V\u00e9lostras et que cette proposition vise \u00e0 mieux faire passer le projet de contrainte des cyclistes en ville (avec notamment le pied \u00e0 terre obligatoire sur 4 axes)<\/p>\n<p>\u00c9galement, <strong>le projet de subvention aux VAE<\/strong> aurait pass\u00e9 le stade de la fusion. Alain Fontanel, dans <a href=\"https:\/\/www.facebook.com\/DNAlsace\/videos\/728810697879560\/\">le d\u00e9bat DNA du 23 juin 2020<\/a>, indique \u00e9galement l&rsquo;\u00e9tendre aux cargos. Bonne nouvelle !<\/p>\n<p><img loading=\"lazy\" decoding=\"async\" class=\"alignleft wp-image-435\" src=\"http:\/\/azqs.com\/velorution-strasbourg\/files\/2020\/02\/neutre.png\" alt=\"\" width=\"19\" height=\"17\" \/> <strong>Le matraquage anti-cyclistes se retrouve chez nos deux candidats :<\/strong><br \/>\n&#8211; Chez Alain Fontanel <em>\u00ab\u00a0<strong>Mettre fin \u00e0 l\u2019impunit\u00e9 des cyclistes<\/strong> : renforcer les campagnes de sensibilisation et de verbalisation pour les comportements dangereux, faire respecter l\u2019interdiction sur les trottoirs. \u00bb <\/em>notamment par le biais d&rsquo;un<strong> renfort de la police municipale<\/strong>. Par contre, rien n&rsquo;est annonc\u00e9 pour lutter contre les incivilit\u00e9s dirig\u00e9es vers les cyclistes, notamment en dehors de la Grande \u00cele.<br \/>\n&#8211; Chez Philippe Vetter : <em>\u00ab Pour autant, le fait d\u2019\u00eatre assis sur une selle de v\u00e9lo ne devrait pas exon\u00e9rer le cycliste de respecter le code de la route et les pi\u00e9tons. M\u00eame si cela n\u2019est pas populaire, nous devons mieux encadrer et ordonner les d\u00e9placements des cyclistes. \u00bb <\/em>Dans le programme papier, insistance lourde : <em>\u00ab La tension entre les cyclistes, les pi\u00e9tons et les automobilistes est de plus en plus forte \u00bb <\/em>Et devinez les seuls usagers qui vont porter le chapeau ? <em>\u00ab Faire respecter le code de la route par les cyclistes. <strong>Personne n&rsquo;est au dessus des lois.<\/strong> \u00bb \u00ab renforcement des moyens de la police municipale et application du Code de la route aux cyclistes \u00bb.<\/em><\/p>\n<p><img loading=\"lazy\" decoding=\"async\" class=\"alignleft size-full wp-image-368\" src=\"http:\/\/azqs.com\/velorution-strasbourg\/files\/2020\/02\/pas_bien.png\" alt=\"\" width=\"32\" height=\"30\" \/>MM. Fontanel et Vetter se retrouvent sur la suppression &#8211; ill\u00e9gale au regard de la loi Laure &#8211; des bandes cyclables Avenue des Vosges :<br \/>\n&#8211; Monsieur Fontanel souhaite trouver rapidement une solution plus satisfaisante pour la mise en s\u00e9curit\u00e9 des cyclistes comme pour le bon fonctionnement de l\u2019avenue des Vosges. Le 23 f\u00e9vrier dans Rue89 et, il y indique <strong>la suppression de ces bandes cyclables s\u00e9curisantes<\/strong> en ces termes : <em>\u00ab <a href=\"https:\/\/www.rue89strasbourg.com\/municipales-vetter-fontanel-intriguante-bataille-centre-droit-169371\">une remise en l\u2019\u00e9tat, puis une concertation<\/a> \u00bb<\/em>. Cette suppression serait un <em>\u00ab signal \u00e0 envoyer vis-\u00e0-vis d\u2019un sentiment d\u2019inaccessibilit\u00e9 \u00bb<\/em>. Le 23, cette fois dans les <a href=\"https:\/\/c.dna.fr\/politique\/2020\/02\/21\/fontanel-presente-son-programme-et-defend-son-bilan\">DNA,<\/a> il confirme <em>\u00ab la fin promise de l\u2019exp\u00e9rience des pistes cyclables avenue des Vosges \u00bb<\/em>.<br \/>\n&#8211; Monsieur Vetter a clairement annonc\u00e9 dans la presse <a href=\"https:\/\/www.rue89strasbourg.com\/voitures-allocs-et-securite-pourquoi-jean-philippe-vetter-soigne-sa-droite-167293\">la suppression des bandes cyclables Avenue des Vosges<\/a>, pour donner plus d&rsquo;espace aux voitures. <a href=\"https:\/\/www.facebook.com\/jeanphilippe.vetter\/posts\/10159614478024554\">Un itin\u00e9raire cyclable parall\u00e8le est annonc\u00e9<\/a>, via une v\u00e9lorue rue du Mar\u00e9chal Foch et rue du Mar\u00e9chal Joffre. (on le classe en n\u00e9gatif car il s&rsquo;agit du corollaire de l&rsquo;\u00e9viction des cyclistes de l&rsquo;avenue, \u00e0 rebours de notre proposition d&rsquo;une voirie 100% accessible aux cyclistes)<\/p>\n<p>Dans <a href=\"https:\/\/www.facebook.com\/DNAlsace\/videos\/1187220708286778\/\">le live DNA du 18 juin 2020<\/a>, apr\u00e8s la fusion LR-LREM, l&rsquo;interrogation sur les intentions de M. Fontanel sur l&rsquo;avenue des Vosges n&rsquo;est pas lev\u00e9e : la r\u00e9ponse donn\u00e9e \u00e0 la question du collectif V\u00e9lorution est particuli\u00e8rement floue, alors que l&rsquo;ill\u00e9galit\u00e9 d&rsquo;une telle suppression au regard des dispositions de <a href=\"https:\/\/www.legifrance.gouv.fr\/affichCodeArticle.do?cidTexte=LEGITEXT000006074220&amp;idArticle=LEGIARTI000006833430\">l&rsquo;article L.228-2 du Code de l&rsquo;environnement<\/a> a fait l&rsquo;objet d&rsquo;une large publicit\u00e9 dans l&rsquo;entre-deux-tours, suite \u00e0 la diffusion de <a href=\"http:\/\/azqs.com\/velorution-strasbourg\/2020\/06\/14\/en-marche-arriere-avenue-des-vosges\/\">la vid\u00e9o \u00e9difiante de Monsieur Vetter<\/a>. Nous maintenons ce point en n\u00e9gatif, sauf \u00e0 obtenir des garanties contraires de la part de la liste fusionn\u00e9e.<\/p>\n<p>\u00c9galement, les deux listes se retrouvent largement sur des mesures incitatives \u00e0 l&rsquo;usage de la voiture :<br \/>\n&#8211; Lu dans le programme de Monsieur Fontanel, beaucoup de mesures incitatives \u00e0 l&rsquo;usage de la voiture : <em>\u00ab Organisation de<strong> journ\u00e9es gratuit\u00e9 dans les parkings <\/strong>en partenariat avec les associations de commer\u00e7ants \u00bb et r\u00e9tablissement du <strong>stationnement voiture gratuit de 12h \u00e0 14h<\/strong>. <\/em>On traduit pour vous : tous en bagnole au centre-ville pour consommer ! Pour le stationnement ill\u00e9gal, les automobilistes auront droit <em>\u00ab <strong>droit \u00e0 l\u2019erreur<\/strong> (?) et un quart d\u2019heure de tol\u00e9rance pour <strong>\u00e9viter les PV abusifs<\/strong> (??) \u00bb. <\/em>Et enfin une derni\u00e8re couche de matraquage de v\u00e9lo pour la route : <em>\u00ab un nouveau plan de circulation du centre ville pour <strong>prot\u00e9ger les pi\u00e9tons<\/strong> avec un <strong>pied \u00e0 terre obligatoire<\/strong> sur certains secteurs le samedi apr\u00e8s-midi. \u00bb (Grand&rsquo;rue, rue des Hallebardes, rue des Grandes Arcades, <a href=\"https:\/\/www.facebook.com\/watch\/?v=1332943367055244\">rue du Jeu-des-Enfants<\/a>).<br \/>\n&#8211; Chez M. Vetter, <strong>appel d&rsquo;air avec<\/strong> <strong>plein de mesures incitatives<\/strong>. Veut rendre le <a href=\"https:\/\/www.rue89strasbourg.com\/municipales-maurer-vetter-jeu-7-differences-161651\">stationnement voiture \u00e0 nouveau gratuit<\/a> de 12h \u00e0 14h. <a href=\"https:\/\/www.rue89strasbourg.com\/voitures-allocs-et-securite-pourquoi-jean-philippe-vetter-soigne-sa-droite-167293\">Abandon de la Zone \u00e0 faibles \u00e9missions et des vignettes Crit\u2019air<\/a>. Dans le programme papier, construction d&rsquo;un nouveau parking \u00ab afin de compenser les nombreuses places de stationnement r\u00e9cemment perdues \u00bb.<\/em><\/td>\n<\/tr>\n<tr style=\"height: 572px\">\n<td style=\"vertical-align: middle;height: 572px;width: 24.0061%\"><img loading=\"lazy\" decoding=\"async\" class=\"wp-image-189 aligncenter\" src=\"http:\/\/azqs.com\/velorution-strasbourg\/files\/2020\/02\/trautmann_2020.jpg\" alt=\"\" width=\"124\" height=\"121\" srcset=\"https:\/\/azqs.com\/velorution-strasbourg\/files\/2020\/02\/trautmann_2020.jpg 178w, https:\/\/azqs.com\/velorution-strasbourg\/files\/2020\/02\/trautmann_2020-100x97.jpg 100w, https:\/\/azqs.com\/velorution-strasbourg\/files\/2020\/02\/trautmann_2020-150x146.jpg 150w\" sizes=\"(max-width: 124px) 100vw, 124px\" \/><\/td>\n<td style=\"vertical-align: middle;height: 572px;width: 75.6881%\"><span style=\"font-size: 14pt\"><strong>Catherine TRAUTMANN (PS)<\/strong><\/span><br \/>\nVue la colisti\u00e8re Madame Richardot le 29 janvier (Monsieur Cahn \u00e9tant alors t\u00eate de liste), a r\u00e9pondu au questionnaire<br \/>\n<a href=\"https:\/\/www.catherinetrautmann2020.eu\/notre-programme\/\">Son programme<\/a><br \/>\n<a href=\"http:\/\/azqs.com\/velorution-strasbourg\/files\/2020\/02\/Trautmann_questionnaire_velorution.pdf\">Ses r\u00e9ponses \u00e0 notre questionnaire<\/a><br \/>\n<a href=\"http:\/\/azqs.com\/velorution-strasbourg\/files\/2020\/02\/Trautmann_cr_velorution.pdf\">Notre compte-rendu d&rsquo;entretien<\/a><br \/>\nNote du 2 juin : \u00e9l\u00e9ments figurant dans les programmes du premier tour<\/p>\n<hr \/>\n<p><img loading=\"lazy\" decoding=\"async\" class=\"alignleft size-full wp-image-367\" src=\"http:\/\/azqs.com\/velorution-strasbourg\/files\/2020\/02\/bien.png\" alt=\"\" width=\"31\" height=\"30\" \/>Lu dans le programme : <em>\u00ab Proposer de nouvelles pistes cyclables en site propre, en cr\u00e9ant notamment un \u00ab R\u00e9seau Express V\u00e9lo \u00bb permettant un <strong>contournement continu et s\u00e9curis\u00e9 de la Grande \u00cele. <\/strong><\/em>[quid cependant de la possibilit\u00e9 de traverser la grande \u00eele \u00e0 v\u00e9lo ?]<em> Finaliser le r\u00e9seau existant et assurer une <strong>continuit\u00e9 des pistes cyclables<\/strong> sur l\u2019ensemble du territoire, notamment en \u00e9valuant l\u2019\u00e9tat de la chauss\u00e9e et la dangerosit\u00e9 des voies. Tester le marquage diff\u00e9renci\u00e9 entre piste cyclable et voie pi\u00e9tonne, par exemple par des capteurs lumineux, pour un partage plus apais\u00e9 de l\u2019espace public et une priorit\u00e9 donn\u00e9e aux pi\u00e9tons. \u00bb<br \/>\n<\/em>R\u00e9ponses positives au questionnaire, dont la<strong> journ\u00e9e sans voiture annuelle<\/strong>, la cr\u00e9ation de zones apais\u00e9es, et l&rsquo;<strong>aide \u00e0 l\u2019achat sous crit\u00e8re sociaux pour l\u2019achat d\u2019un v\u00e9lo<\/strong> quelque soit son type.<\/p>\n<p><img loading=\"lazy\" decoding=\"async\" class=\"alignleft wp-image-435\" src=\"http:\/\/azqs.com\/velorution-strasbourg\/files\/2020\/02\/neutre.png\" alt=\"\" width=\"19\" height=\"17\" \/><\/p>\n<p>Dans l&rsquo;<a href=\"https:\/\/c.dna.fr\/politique\/2020\/02\/29\/catherine-trautmann-veut-repenser-les-mobilites\">article des DNA du 29 f\u00e9vrier<\/a>, de nombreuses mesures pro-v\u00e9lo mais tout de m\u00eame un peu de v\u00e9lo bashing : <em>\u00ab Il est inacceptable que les personnes \u00e2g\u00e9es se sentent en danger, que des parents craignent pour la s\u00e9curit\u00e9 de leurs enfants. Les cyclistes doivent respecter la loi : emprunter les pistes d\u00e9di\u00e9es, et pas \u00e0 contresens, s\u2019arr\u00eater aux feux. Mais il faut que les espaces soient redistribu\u00e9s plus clairement. \u00bb<\/em><\/p>\n<p>A propos <strong>de l&rsquo;avenue des Vosges et de ses bandes cyclables<\/strong>, il aura fallu attendre <a href=\"https:\/\/www.facebook.com\/DNAlsace\/videos\/272063150533521\/\">le live DNA du 17 juin 2020<\/a> pour que Catherine Trautmann indique (\u00e0 partir de 32&Prime;30) ne pas vouloir les supprimer <em>\u00ab pour l&rsquo;instant \u00bb<\/em> puisque la d\u00e9pense a \u00e9t\u00e9 faite et travailler \u00e0 <em>\u00ab un am\u00e9nagement durable \u00bb, <\/em>sans pr\u00e9ciser toutefois s&rsquo;il se fera sur l&rsquo;avenue ou sur des rues secondaires. Un flou que nous aurions aim\u00e9 voir dissip\u00e9.<\/p>\n<p><img loading=\"lazy\" decoding=\"async\" class=\"alignleft size-full wp-image-368\" src=\"http:\/\/azqs.com\/velorution-strasbourg\/files\/2020\/02\/pas_bien.png\" alt=\"\" width=\"32\" height=\"30\" \/>Au cours de l&rsquo;entretien, critique de certains am\u00e9nagements r\u00e9clam\u00e9s par les citoyens tels que <em>\u00ables bandes cyclables sur les axes dits structurants sur lesquels <strong>les automobiles ne devraient pas \u00eatre contraints<\/strong> \u00bb.<\/em><\/p>\n<p>Dans le programme papier re\u00e7u le 28 f\u00e9vrier, quelques mesures incitatives \u00e0 l&rsquo;usage de la voiture : <strong>gratuit\u00e9 du stationnement le 1<sup>er<\/sup> samedi du mois de 9h \u00e0 14h (annonc\u00e9, de plus, comme une des 12 priorit\u00e9s de d\u00e9but de mandat), 10 jours de gratuit\u00e9 annuels<\/strong>, r\u00e9partis \u00e0 l&rsquo;initiative de la CCI et des commer\u00e7ants.<\/p>\n<p>\u00c9galement, on rel\u00e8ve <strong>en deuxi\u00e8me position sur la liste PS la pr\u00e9sence de Monsieur Serge Oehler<\/strong> dont <a href=\"http:\/\/azqs.com\/velorution-strasbourg\/2020\/06\/14\/en-marche-arriere-avenue-des-vosges\/\">l&rsquo;intervention violemment anti v\u00e9los<\/a> lors du conseil municipal du 16 d\u00e9cembre 2020 nous a laiss\u00e9 pantois. On lui doit aussi, en tant qu&rsquo;adjoint de quartier, un refus net d&rsquo;am\u00e9nagements cyclables transitoires sur la route de Mittelhausbergen \u00e0 Cronenbourg, qui est un vrai cauchemar pour les cyclistes.<\/td>\n<\/tr>\n<\/tbody>\n<\/table>\n<p><strong>A Illkirch<\/strong><\/p>\n<hr \/>\n<p><em>Illkirch, <strong>3<sup>e<\/sup> ville de l&rsquo;agglom\u00e9ration<\/strong>. est en t\u00eate des villes cyclables de 20 000 \u00e0 50 000 selon le barom\u00e8tre 2019 de la FUB. La ville est dot\u00e9e de la belle piste le long du canal du Rh\u00f4ne au Rhin, par contre la circulation \u00e0 v\u00e9lo sur l&rsquo;axe principal de la route de Lyon est particuli\u00e8rement sportive, entre discontinuit\u00e9s permanentes et pistes sur trottoir.<\/em><\/p>\n<table style=\"text-align: middle;width: 100%\" border=\"0\" cellspacing=\"0\" cellpadding=\"0\">\n<tbody>\n<tr>\n<td style=\"vertical-align: middle;width: 150px;text-align: left\"><span id=\"cch_f1bce6999d732e\" class=\"_mh6 _wsc\"><span class=\"_3oh- _58nk\"><img loading=\"lazy\" decoding=\"async\" class=\"alignleft wp-image-195\" src=\"http:\/\/azqs.com\/velorution-strasbourg\/files\/2020\/02\/froehly_2020.jpg\" alt=\"\" width=\"60\" height=\"60\" srcset=\"https:\/\/azqs.com\/velorution-strasbourg\/files\/2020\/02\/froehly_2020.jpg 178w, https:\/\/azqs.com\/velorution-strasbourg\/files\/2020\/02\/froehly_2020-150x150.jpg 150w, https:\/\/azqs.com\/velorution-strasbourg\/files\/2020\/02\/froehly_2020-100x100.jpg 100w\" sizes=\"(max-width: 60px) 100vw, 60px\" \/><\/span><\/span><\/td>\n<td style=\"vertical-align: middle\"><span class=\"_mh6 _wsc\"><span class=\"_mh6 _wsc\"><span class=\"_mh6 _wsc\"><span class=\"_3oh- _58nk\"><strong>Claude FROEHLY (PS)<\/strong><br \/>\nVus les colistiers B\u00e9n\u00e9dicte Leleu et Emmanuel Bachmann le 28 f\u00e9vrier<br \/>\n<\/span><\/span><\/span><\/span><a href=\"https:\/\/www.illkirchmanature.fr\/tous-nos-engagement\/\">Son programme<\/a><br \/>\n<a href=\"http:\/\/azqs.com\/velorution-strasbourg\/files\/2020\/06\/Collectif-V\u00e9lorution_Claude-FROEHLY.pdf\">compte-rendu en cours de r\u00e9daction<\/a><br \/>\n<a href=\"http:\/\/azqs.com\/velorution-strasbourg\/files\/2020\/06\/Questionnaire-candidats-Froehly.pdf\">Le questionnaire<\/a><\/p>\n<hr \/>\n<p><img loading=\"lazy\" decoding=\"async\" class=\"alignleft size-full wp-image-367\" src=\"http:\/\/azqs.com\/velorution-strasbourg\/files\/2020\/02\/bien.png\" alt=\"\" width=\"31\" height=\"30\" \/><\/p>\n<ul>\n<li><strong>de\u0301veloppement des pistes cyclables<\/strong> (63 km)<\/li>\n<li><strong>accompagnement des agents de la ville vers les mobilite\u0301s douces :<\/strong> indemnite\u0301s kilome\u0301triques ve\u0301lo, prise en charge a\u0300 75% de l\u2019abonnement transports en commun\/ve\u0301lo partage\u0301.<\/li>\n<\/ul>\n<\/td>\n<\/tr>\n<tr>\n<td style=\"vertical-align: middle\"><span id=\"cch_f1bce6999d732e\" class=\"_mh6 _wsc\"><span class=\"_3oh- _58nk\"><img loading=\"lazy\" decoding=\"async\" class=\"alignleft wp-image-196\" src=\"http:\/\/azqs.com\/velorution-strasbourg\/files\/2020\/02\/philipps_2020.jpg\" alt=\"\" width=\"60\" height=\"60\" srcset=\"https:\/\/azqs.com\/velorution-strasbourg\/files\/2020\/02\/philipps_2020.jpg 175w, https:\/\/azqs.com\/velorution-strasbourg\/files\/2020\/02\/philipps_2020-150x150.jpg 150w, https:\/\/azqs.com\/velorution-strasbourg\/files\/2020\/02\/philipps_2020-100x100.jpg 100w\" sizes=\"(max-width: 60px) 100vw, 60px\" \/><\/span><\/span><\/td>\n<td style=\"vertical-align: middle\"><span class=\"_mh6 _wsc\"><span class=\"_mh6 _wsc\"><span class=\"_mh6 _wsc\"><span class=\"_3oh- _58nk\"><strong>Thibaud PHILIPPS (LREM)<\/strong><br \/>\nContact\u00e9, pas de r\u00e9ponse \u00e0 ce jour<br \/>\n<a href=\"https:\/\/www.philipps2020.fr\">Son programme<\/a><br \/>\n<\/span><\/span><\/span><\/span><\/p>\n<hr \/>\n<p><img loading=\"lazy\" decoding=\"async\" class=\"alignleft wp-image-435\" src=\"http:\/\/azqs.com\/velorution-strasbourg\/files\/2020\/02\/neutre.png\" alt=\"\" width=\"19\" height=\"17\" \/>Aucune mention du v\u00e9lo \u00e0 son (court) programme.<\/td>\n<\/tr>\n<\/tbody>\n<\/table>\n","protected":false},"excerpt":{"rendered":"<p>A Strasbourg, capitale du v\u00e9lo &#8230;mais seulement dans la cat\u00e9gorie des villes de plus de 200 000 habitants. Elle est d\u00e9sormais devanc\u00e9e par Grenoble qui obtient une meilleure note au barom\u00e8tre 2019 de la FUB. Seules trois listes subsistent : &hellip;<\/p>\n<p class=\"read-more\"> <a class=\"more-link\" href=\"https:\/\/azqs.com\/velorution-strasbourg\/2e-tour-2020\/\"> <span class=\"screen-reader-text\">Second tour 2020<\/span> Read More &raquo;<\/a><\/p>\n","protected":false},"author":327,"featured_media":0,"parent":0,"menu_order":0,"comment_status":"closed","ping_status":"closed","template":"","meta":{"footnotes":""},"class_list":["post-893","page","type-page","status-publish","hentry"],"_links":{"self":[{"href":"https:\/\/azqs.com\/velorution-strasbourg\/wp-json\/wp\/v2\/pages\/893"}],"collection":[{"href":"https:\/\/azqs.com\/velorution-strasbourg\/wp-json\/wp\/v2\/pages"}],"about":[{"href":"https:\/\/azqs.com\/velorution-strasbourg\/wp-json\/wp\/v2\/types\/page"}],"author":[{"embeddable":true,"href":"https:\/\/azqs.com\/velorution-strasbourg\/wp-json\/wp\/v2\/users\/327"}],"replies":[{"embeddable":true,"href":"https:\/\/azqs.com\/velorution-strasbourg\/wp-json\/wp\/v2\/comments?post=893"}],"version-history":[{"count":5,"href":"https:\/\/azqs.com\/velorution-strasbourg\/wp-json\/wp\/v2\/pages\/893\/revisions"}],"predecessor-version":[{"id":1090,"href":"https:\/\/azqs.com\/velorution-strasbourg\/wp-json\/wp\/v2\/pages\/893\/revisions\/1090"}],"wp:attachment":[{"href":"https:\/\/azqs.com\/velorution-strasbourg\/wp-json\/wp\/v2\/media?parent=893"}],"curies":[{"name":"wp","href":"https:\/\/api.w.org\/{rel}","templated":true}]}}