{"id":6,"date":"2020-02-14T08:51:55","date_gmt":"2020-02-14T07:51:55","guid":{"rendered":"http:\/\/azqs.com\/velorution-strasbourg\/?page_id=6"},"modified":"2020-03-12T10:16:51","modified_gmt":"2020-03-12T09:16:51","slug":"inspirations","status":"publish","type":"page","link":"https:\/\/azqs.com\/velorution-strasbourg\/inspirations\/","title":{"rendered":"Inspirations"},"content":{"rendered":"<p>Dans la grande famille des vraies capitales du v\u00e9lo, on retrouvera notamment Copenhague et Amsterdam, les Pays-Bas \u00e9tant souvent cit\u00e9s comme exemple.<\/p>\n<p>Trop souvent, la facilit\u00e9 pr\u00e9sente ces pays comme \u00e9tant de tout temps cyclables, comme si la g\u00e9n\u00e9tique expliquait tout : <strong><em>la France cyclable, vous n&rsquo;y pensez pas !<\/em> <\/strong><\/p>\n<p><a href=\"http:\/\/azqs.com\/velorution-strasbourg\/files\/2020\/02\/avant.jpg\"><img loading=\"lazy\" decoding=\"async\" class=\"alignleft wp-image-164\" src=\"http:\/\/azqs.com\/velorution-strasbourg\/files\/2020\/02\/avant-274x300.jpg\" alt=\"\" width=\"150\" height=\"164\" srcset=\"https:\/\/azqs.com\/velorution-strasbourg\/files\/2020\/02\/avant-274x300.jpg 274w, https:\/\/azqs.com\/velorution-strasbourg\/files\/2020\/02\/avant-100x110.jpg 100w, https:\/\/azqs.com\/velorution-strasbourg\/files\/2020\/02\/avant-150x164.jpg 150w, https:\/\/azqs.com\/velorution-strasbourg\/files\/2020\/02\/avant-200x219.jpg 200w, https:\/\/azqs.com\/velorution-strasbourg\/files\/2020\/02\/avant-300x329.jpg 300w, https:\/\/azqs.com\/velorution-strasbourg\/files\/2020\/02\/avant-450x493.jpg 450w, https:\/\/azqs.com\/velorution-strasbourg\/files\/2020\/02\/avant.jpg 488w\" sizes=\"(max-width: 150px) 100vw, 150px\" \/><\/a> O<img loading=\"lazy\" decoding=\"async\" class=\"alignleft wp-image-163\" src=\"http:\/\/azqs.com\/velorution-strasbourg\/files\/2020\/02\/apres-274x300.jpg\" alt=\"\" width=\"150\" height=\"164\" srcset=\"https:\/\/azqs.com\/velorution-strasbourg\/files\/2020\/02\/apres-274x300.jpg 274w, https:\/\/azqs.com\/velorution-strasbourg\/files\/2020\/02\/apres-100x110.jpg 100w, https:\/\/azqs.com\/velorution-strasbourg\/files\/2020\/02\/apres-150x164.jpg 150w, https:\/\/azqs.com\/velorution-strasbourg\/files\/2020\/02\/apres-200x219.jpg 200w, https:\/\/azqs.com\/velorution-strasbourg\/files\/2020\/02\/apres-300x329.jpg 300w, https:\/\/azqs.com\/velorution-strasbourg\/files\/2020\/02\/apres-450x493.jpg 450w, https:\/\/azqs.com\/velorution-strasbourg\/files\/2020\/02\/apres.jpg 488w\" sizes=\"(max-width: 150px) 100vw, 150px\" \/>r, dans les ann\u00e9es 50-60, les Pays-Bas subissent, comme partout ailleurs, <strong>l\u2019imposition d\u2019un mod\u00e8le tout automobile pr\u00e9sent\u00e9 comme in\u00e9luctable<\/strong>.<\/p>\n<p>Puis une s\u00e9rie d\u2019accidents mortels a conduit \u00e0 <strong>une forte prise de conscience citoyenne<\/strong> de la n\u00e9cessit\u00e9 de mettre un frein \u00e0 ce d\u00e9veloppement au profit de mobilit\u00e9s plus douces. Une s\u00e9rie de manifestations, relay\u00e9es par une politique ambitieuse, a permis aux Pays-Bas de donner aux cyclistes et aux pi\u00e9tons la place qui leur revient : <strong>des pistes cyclables en site propre, continues, et au gabarit adapt\u00e9.<\/strong><\/p>\n<p>Les ann\u00e9es 90 ont vu appara\u00eetre un nouveau mode de revendication cycliste : la <strong>masse critique<\/strong>, consistant \u00e0 occuper, \u00e0 v\u00e9lo, la chauss\u00e9e de fa\u00e7on \u00e0 cr\u00e9er un environnement s\u00fbr, lib\u00e9r\u00e9 des engins motoris\u00e9s. Si en France, les premi\u00e8res manifestations \u00e0 v\u00e9lo datent de 1974, c\u2019est \u00e9galement dans les ann\u00e9es 1990 que <strong>les v\u00e9lorutions<\/strong>, des manifestations \u00e0 v\u00e9lo, festives et revendicatives commencent \u00e0 fleurir sur le pav\u00e9.<\/p>\n<p><img loading=\"lazy\" decoding=\"async\" class=\"alignleft wp-image-109 \" src=\"http:\/\/azqs.com\/velorution-strasbourg\/files\/2020\/02\/V\u00e9lorution-037_compress95-300x200.jpg\" alt=\"\" width=\"259\" height=\"173\" srcset=\"https:\/\/azqs.com\/velorution-strasbourg\/files\/2020\/02\/V\u00e9lorution-037_compress95-300x200.jpg 300w, https:\/\/azqs.com\/velorution-strasbourg\/files\/2020\/02\/V\u00e9lorution-037_compress95-768x512.jpg 768w, https:\/\/azqs.com\/velorution-strasbourg\/files\/2020\/02\/V\u00e9lorution-037_compress95-1024x683.jpg 1024w, https:\/\/azqs.com\/velorution-strasbourg\/files\/2020\/02\/V\u00e9lorution-037_compress95-100x67.jpg 100w, https:\/\/azqs.com\/velorution-strasbourg\/files\/2020\/02\/V\u00e9lorution-037_compress95-150x100.jpg 150w, https:\/\/azqs.com\/velorution-strasbourg\/files\/2020\/02\/V\u00e9lorution-037_compress95-200x133.jpg 200w, https:\/\/azqs.com\/velorution-strasbourg\/files\/2020\/02\/V\u00e9lorution-037_compress95-450x300.jpg 450w, https:\/\/azqs.com\/velorution-strasbourg\/files\/2020\/02\/V\u00e9lorution-037_compress95-600x400.jpg 600w, https:\/\/azqs.com\/velorution-strasbourg\/files\/2020\/02\/V\u00e9lorution-037_compress95-900x600.jpg 900w\" sizes=\"(max-width: 259px) 100vw, 259px\" \/>En 2020, ce sont les enjeux climatiques qui sont sur le devant de la sc\u00e8ne politique et imposent aux villes une r\u00e9flexion globale sur les modes de d\u00e9placement. Le v\u00e9lo est non-polluant, silencieux, \u00e9conomique, et le plus efficace sur les trajets de moins de 5 km, qui nous entra\u00eenent d\u00e9j\u00e0 en deuxi\u00e8me couronne de l\u2019agglom\u00e9ration.<\/p>\n<p>Il est donc temps de\u00a0<span style=\"color: #008000\"><strong>lib\u00e9rer les cyclistes enferm\u00e9s dans leurs voitures<\/strong><\/span> !<\/p>\n<p>Strasbourg dispose d\u2019un temps d\u2019avance pour le v\u00e9lo (sur la plupart des villes fran\u00e7aises mais pas sur ses voisines allemandes ou d&rsquo;autres villes europ\u00e9ennes) mais souffre du trafic routier : <a href=\"https:\/\/www.lebonbon.fr\/strasbourg\/news\/un-strasbourgeois-perd-121-heures-par-an-dans-les-bouchons\/\">embouteillages<\/a> quotidiens,\u00a0 <a href=\"https:\/\/www.greenpeace.fr\/lagglomeration-strasbourgeoise-ecoles-creches-cernees-pollution-de-lair\/\">pollution<\/a>\u00a0d\u00e9passant les normes europ\u00e9ennes, emprise sur l&rsquo;espace public, etc.\u00a0 Elle doit urgemment passer \u00e0 la vitesse sup\u00e9rieure pour devenir, partout, r\u00e9ellement et efficacement cyclable et servir d&rsquo;exemple aux autres m\u00e9tropoles fran\u00e7aises.<\/p>\n<p>&nbsp;<\/p>\n<hr \/>\n<p><strong>Envie d\u2019en savoir plus ?<\/strong><\/p>\n<p><strong>&#8211; Bibliographie<\/strong> :<\/p>\n<p><strong> <img loading=\"lazy\" decoding=\"async\" class=\"alignleft wp-image-697\" src=\"http:\/\/azqs.com\/velorution-strasbourg\/files\/2020\/03\/retour-bicyclette-197x300.jpg\" alt=\"\" width=\"66\" height=\"101\" srcset=\"https:\/\/azqs.com\/velorution-strasbourg\/files\/2020\/03\/retour-bicyclette-197x300.jpg 197w, https:\/\/azqs.com\/velorution-strasbourg\/files\/2020\/03\/retour-bicyclette-768x1167.jpg 768w, https:\/\/azqs.com\/velorution-strasbourg\/files\/2020\/03\/retour-bicyclette-674x1024.jpg 674w, https:\/\/azqs.com\/velorution-strasbourg\/files\/2020\/03\/retour-bicyclette-100x152.jpg 100w, https:\/\/azqs.com\/velorution-strasbourg\/files\/2020\/03\/retour-bicyclette-150x228.jpg 150w, https:\/\/azqs.com\/velorution-strasbourg\/files\/2020\/03\/retour-bicyclette-200x304.jpg 200w, https:\/\/azqs.com\/velorution-strasbourg\/files\/2020\/03\/retour-bicyclette-300x456.jpg 300w, https:\/\/azqs.com\/velorution-strasbourg\/files\/2020\/03\/retour-bicyclette-450x684.jpg 450w, https:\/\/azqs.com\/velorution-strasbourg\/files\/2020\/03\/retour-bicyclette-600x912.jpg 600w, https:\/\/azqs.com\/velorution-strasbourg\/files\/2020\/03\/retour-bicyclette.jpg 800w\" sizes=\"(max-width: 66px) 100vw, 66px\" \/>Fr\u00e9d\u00e9ric H\u00e9ran <\/strong><a href=\"https:\/\/www.editionsladecouverte.fr\/catalogue\/index-Le_retour_de_la_bicyclette-9782707186812.html\">\u00ab <strong>le retour de la bicyclette<\/strong> \u00bb<\/a> 10 \u20ac \u00e0 peine !<br \/>\n<em>Une autre histoire des d\u00e9placements urbains. Mise au garage pendant des d\u00e9cennies, la bicyclette pourrait se r\u00e9v\u00e9ler l&rsquo;outil id\u00e9al pour faire de la ville un espace harmonieux, \u00e9galitaire et partag\u00e9.<br \/>\nFr\u00e9d\u00e9ric H\u00e9ran est ma\u00eetre de conf\u00e9rences en \u00e9conomie \u00e0 l\u2019Universit\u00e9 de Lille 1, chercheur au Centre lillois d\u2019\u00e9tudes et de recherches sociologiques et \u00e9conomiques.<\/em><\/p>\n<p><strong><img loading=\"lazy\" decoding=\"async\" class=\"alignleft wp-image-696\" src=\"http:\/\/azqs.com\/velorution-strasbourg\/files\/2020\/03\/le-pouvoir-de-la-pedale.jpg\" alt=\"\" width=\"67\" height=\"107\" srcset=\"https:\/\/azqs.com\/velorution-strasbourg\/files\/2020\/03\/le-pouvoir-de-la-pedale.jpg 157w, https:\/\/azqs.com\/velorution-strasbourg\/files\/2020\/03\/le-pouvoir-de-la-pedale-100x159.jpg 100w, https:\/\/azqs.com\/velorution-strasbourg\/files\/2020\/03\/le-pouvoir-de-la-pedale-150x239.jpg 150w\" sizes=\"(max-width: 67px) 100vw, 67px\" \/>Olivier Razemon <\/strong><a href=\"https:\/\/www.ruedelechiquier.net\/essais\/165-le-pouvoir-de-la-pedale.html\">\u00ab <strong>le pouvoir de la p\u00e9dale<\/strong> \u00bb<\/a> 9 \u20ac \u00e0 peine !<br \/>\n<em>Un vibrant plaidoyer pour une transition cyclable. Le v\u00e9lo est un moyen de transport rapide, fiable, bon march\u00e9, sain, peu consommateur d&rsquo;espace, \u00e9conome en \u00e9nergie et non polluant. Pour les distances comprises entre 500m et 10km, il est le mode de d\u00e9placement le plus efficace, le plus b\u00e9n\u00e9fique pour la soci\u00e9t\u00e9 et le plus agr\u00e9able.<br \/>\nJournaliste ind\u00e9pendant,\u00a0Olivier Razemon<strong>\u00a0<\/strong>travaille notamment pour la newsletter professionnelle Mobilettre et\u00a0Le Monde, sur le site duquel il tient <a href=\"https:\/\/www.lemonde.fr\/blog\/transports\/author\/transports\/\">un excellent blog consacr\u00e9 \u00e0 la mobilit\u00e9<\/a> depuis mars 2012. Voyageur, reporter et observateur, il \u00e9crit en particulier sur les transports, l\u2019urbanisme et les modes de vie.<br \/>\n<\/em><\/p>\n<p><strong>&#8211; Sitographie<\/strong> :<\/p>\n<p>Le blog d&rsquo;<strong>Olivier Razemon<\/strong> sur Le Monde : <a href=\"https:\/\/www.lemonde.fr\/blog\/transports\/author\/transports\/\">l&rsquo;interconnexion n&rsquo;est plus assur\u00e9e<\/a><\/p>\n<p><a href=\"https:\/\/parisenselle.fr\/guide-amenagements-cyclables-paris-en-selle\/\">Le Guide de l&rsquo;am\u00e9nagement cyclable<\/a> de l&rsquo;asso <strong>Paris en selle<\/strong>, une v\u00e9ritable mine d&rsquo;or pour une ville id\u00e9alement cyclable, qui devrait \u00eatre le livre de chevet de tout am\u00e9nageur urbain.<\/p>\n<p>Le site <a href=\"http:\/\/carfree.fr\">carfree.fr<\/a> pour lib\u00e9rer les cyclistes enferm\u00e9s dans les voitures !<\/p>\n<p>Le magazine\u00a0<a href=\"https:\/\/www.weelz.fr\/fr\/\"><strong>Weelz<\/strong>.fr<\/a>, l&rsquo;actualit\u00e9 du v\u00e9lo.<\/p>\n<p><a href=\"https:\/\/www.ledevoir.com\/opinion\/idees\/480760\/10-mythes-toxiques-sur-le-velo\">10 mythes sur le v\u00e9lo<\/a>, ce sont les 10 raisons que vous entendrez le plus souvent pour ne pas p\u00e9daler, toutes plus mauvaises les unes que les autres \ud83d\ude42<\/p>\n<p><a href=\"http:\/\/carfree.fr\/index.php\/2013\/09\/28\/raisons-de-faire-du-velo\/\">Les 185 raisons pour abandonner vos voitures<\/a>. Pareil, sauf que c&rsquo;est l&rsquo;inverse.<\/p>\n<p><strong>&#8211; Vid\u00e9oth\u00e8que :<\/strong><\/p>\n<p>Stein Van Ostern, du collectif v\u00e9lo en Ile de France, nous parle de la <a href=\"https:\/\/youtu.be\/bq2yu33otdQ\">culture v\u00e9lo aux Pays-Bas<\/a><\/p>\n<p>Arte explique comment Copenhague a fait sa V\u00e9lorution il y a 50 ans pour devenir le <a href=\"https:\/\/youtu.be\/dYXPGFEEOvc\">paradis des cyclistes<\/a><\/p>\n<p>Copenhague, vieux biclous, bricolage : <a href=\"https:\/\/youtu.be\/YskGHBTHv90\">cette autre vid\u00e9o d&rsquo;Arte vid\u00e9o<\/a> compile tout ce qu&rsquo;on aime.<\/p>\n<p><strong>&#8211; Podcasts :<\/strong><\/p>\n<p>Vive le v\u00e9lo en ville, avec <strong>Olivier Schneider<\/strong>, pr\u00e9sident de la FUB (F\u00e9d\u00e9ration des usagers de la bicyclette) : <a href=\"https:\/\/www.franceinter.fr\/emissions\/la-terre-au-carre\/la-terre-au-carre-12-fevrier-2020\">https:\/\/www.franceinter.fr\/emissions\/la-terre-au-carre\/la-terre-au-carre-12-fevrier-2020<\/a><\/p>\n<p>Villes et voiture, avec Fr\u00e9d\u00e9ric H\u00e9ran : <a href=\"https:\/\/www.franceinter.fr\/emissions\/la-tete-au-carre\/la-tete-au-carre-14-janvier-2019\">https:\/\/www.franceinter.fr\/emissions\/la-tete-au-carre\/la-tete-au-carre-14-janvier-2019<\/a><\/p>\n","protected":false},"excerpt":{"rendered":"<p>Dans la grande famille des vraies capitales du v\u00e9lo, on retrouvera notamment Copenhague et Amsterdam, les Pays-Bas \u00e9tant souvent cit\u00e9s comme exemple. Trop souvent, la facilit\u00e9 pr\u00e9sente ces pays comme \u00e9tant de tout temps cyclables, comme si la g\u00e9n\u00e9tique expliquait &hellip;<\/p>\n<p class=\"read-more\"> <a class=\"more-link\" href=\"https:\/\/azqs.com\/velorution-strasbourg\/inspirations\/\"> <span class=\"screen-reader-text\">Inspirations<\/span> Read More &raquo;<\/a><\/p>\n","protected":false},"author":327,"featured_media":0,"parent":0,"menu_order":1,"comment_status":"closed","ping_status":"closed","template":"","meta":{"footnotes":""},"class_list":["post-6","page","type-page","status-publish","hentry"],"_links":{"self":[{"href":"https:\/\/azqs.com\/velorution-strasbourg\/wp-json\/wp\/v2\/pages\/6"}],"collection":[{"href":"https:\/\/azqs.com\/velorution-strasbourg\/wp-json\/wp\/v2\/pages"}],"about":[{"href":"https:\/\/azqs.com\/velorution-strasbourg\/wp-json\/wp\/v2\/types\/page"}],"author":[{"embeddable":true,"href":"https:\/\/azqs.com\/velorution-strasbourg\/wp-json\/wp\/v2\/users\/327"}],"replies":[{"embeddable":true,"href":"https:\/\/azqs.com\/velorution-strasbourg\/wp-json\/wp\/v2\/comments?post=6"}],"version-history":[{"count":5,"href":"https:\/\/azqs.com\/velorution-strasbourg\/wp-json\/wp\/v2\/pages\/6\/revisions"}],"predecessor-version":[{"id":700,"href":"https:\/\/azqs.com\/velorution-strasbourg\/wp-json\/wp\/v2\/pages\/6\/revisions\/700"}],"wp:attachment":[{"href":"https:\/\/azqs.com\/velorution-strasbourg\/wp-json\/wp\/v2\/media?parent=6"}],"curies":[{"name":"wp","href":"https:\/\/api.w.org\/{rel}","templated":true}]}}