{"id":419,"date":"2020-11-03T12:43:45","date_gmt":"2020-11-03T11:43:45","guid":{"rendered":"http:\/\/azqs.com\/velorution-strasbourg\/?page_id=419"},"modified":"2020-11-03T12:53:36","modified_gmt":"2020-11-03T11:53:36","slug":"guide-des-amenagements-cyclables","status":"publish","type":"page","link":"https:\/\/azqs.com\/velorution-strasbourg\/guide-des-amenagements-cyclables\/","title":{"rendered":"Guide des am\u00e9nagements cyclables"},"content":{"rendered":"<p><a href=\"http:\/\/azqs.com\/velorution-strasbourg\/files\/2020\/11\/guide.jpg\"><img loading=\"lazy\" decoding=\"async\" class=\"alignleft wp-image-1235\" src=\"http:\/\/azqs.com\/velorution-strasbourg\/files\/2020\/11\/guide.jpg\" alt=\"\" width=\"115\" height=\"169\" srcset=\"https:\/\/azqs.com\/velorution-strasbourg\/files\/2020\/11\/guide.jpg 220w, https:\/\/azqs.com\/velorution-strasbourg\/files\/2020\/11\/guide-204x300.jpg 204w, https:\/\/azqs.com\/velorution-strasbourg\/files\/2020\/11\/guide-100x147.jpg 100w, https:\/\/azqs.com\/velorution-strasbourg\/files\/2020\/11\/guide-150x221.jpg 150w, https:\/\/azqs.com\/velorution-strasbourg\/files\/2020\/11\/guide-200x295.jpg 200w\" sizes=\"(max-width: 115px) 100vw, 115px\" \/><\/a>L&rsquo;association militante <a href=\"https:\/\/parisenselle.fr\/\">Paris en selle<\/a> a publi\u00e9 l&rsquo;an dernier un guide des am\u00e9nagements cyclables.<\/p>\n<p>Le saviez-vous ? Si les pistes cyclables sont d\u00e9finies dans le Code de la route, leurs caract\u00e9ristiques &#8211; largeur, signalisation notamment &#8211; ne font, elles, pas l&rsquo;objet de normes bien arr\u00eat\u00e9es.<\/p>\n<p>C&rsquo;est ainsi qu&rsquo;ont se retrouve avec <strong>des pistes enchev\u00eatr\u00e9es avec des cheminements pi\u00e9tons, des bidirectionnelles ridiculement \u00e9troites, des boulevards urbains d\u00e9cr\u00e9t\u00e9s v\u00e9lorue, des intersections totalement disparates avec des r\u00e9gimes de priorit\u00e9 ambigus, des pistes qui tournent \u00e0 angle droit&#8230;<\/strong> m\u00eame \u00e0 Strasbourg ! M\u00eame en 2020 ! Comme on l&rsquo;a vu notamment le long de l&rsquo;extension du tram \u00e0 Koenigshoffen.<\/p>\n<p>Paris en selle vient combler ce manque en proposant ce guide assez fouill\u00e9, qui d\u00e9taille des solutions pour des am\u00e9nagements cyclables avec une exigence de qualit\u00e9 \u00e0 la hauteur des enjeux en terme de d\u00e9placements urbains.<\/p>\n<p>S&rsquo;il n&rsquo;est <a href=\"https:\/\/www.isabelleetlevelo.fr\/2019\/09\/03\/guide-des-amenagements-cyclables\/\">pas exempt de critiques<\/a>, cet ouvrage a le m\u00e9rite, pour la premi\u00e8re fois, de mettre des mots sur les constats des cyclistes du quotidien et d&rsquo;apporter des<strong> propositions concr\u00e8tes en mati\u00e8re d&rsquo;am\u00e9nagements, de s\u00e9paration des trafics ou de cohabitation avec les pi\u00e9tons ou les voitures<\/strong>. Il est tr\u00e8s bien illustr\u00e9, avec des exemple des Pays-Bas, du Danemark, plus rarement de villes fran\u00e7aises.<\/p>\n<p><a href=\"http:\/\/azqs.com\/velorution-strasbourg\/files\/2020\/11\/extrait_guide_1.jpg\"><img loading=\"lazy\" decoding=\"async\" class=\"alignnone wp-image-1240 \" src=\"http:\/\/azqs.com\/velorution-strasbourg\/files\/2020\/11\/extrait_guide_1-300x213.jpg\" alt=\"\" width=\"200\" height=\"142\" srcset=\"https:\/\/azqs.com\/velorution-strasbourg\/files\/2020\/11\/extrait_guide_1-300x213.jpg 300w, https:\/\/azqs.com\/velorution-strasbourg\/files\/2020\/11\/extrait_guide_1-768x544.jpg 768w, https:\/\/azqs.com\/velorution-strasbourg\/files\/2020\/11\/extrait_guide_1-100x71.jpg 100w, https:\/\/azqs.com\/velorution-strasbourg\/files\/2020\/11\/extrait_guide_1-150x106.jpg 150w, https:\/\/azqs.com\/velorution-strasbourg\/files\/2020\/11\/extrait_guide_1-200x142.jpg 200w, https:\/\/azqs.com\/velorution-strasbourg\/files\/2020\/11\/extrait_guide_1-450x319.jpg 450w, https:\/\/azqs.com\/velorution-strasbourg\/files\/2020\/11\/extrait_guide_1-600x425.jpg 600w, https:\/\/azqs.com\/velorution-strasbourg\/files\/2020\/11\/extrait_guide_1.jpg 854w\" sizes=\"(max-width: 200px) 100vw, 200px\" \/><\/a> <a href=\"http:\/\/azqs.com\/velorution-strasbourg\/files\/2020\/11\/extrait_guide_2.jpg\"><img loading=\"lazy\" decoding=\"async\" class=\"alignnone wp-image-1239 \" src=\"http:\/\/azqs.com\/velorution-strasbourg\/files\/2020\/11\/extrait_guide_2-300x213.jpg\" alt=\"\" width=\"201\" height=\"143\" srcset=\"https:\/\/azqs.com\/velorution-strasbourg\/files\/2020\/11\/extrait_guide_2-300x213.jpg 300w, https:\/\/azqs.com\/velorution-strasbourg\/files\/2020\/11\/extrait_guide_2-768x546.jpg 768w, https:\/\/azqs.com\/velorution-strasbourg\/files\/2020\/11\/extrait_guide_2-100x71.jpg 100w, https:\/\/azqs.com\/velorution-strasbourg\/files\/2020\/11\/extrait_guide_2-150x107.jpg 150w, https:\/\/azqs.com\/velorution-strasbourg\/files\/2020\/11\/extrait_guide_2-200x142.jpg 200w, https:\/\/azqs.com\/velorution-strasbourg\/files\/2020\/11\/extrait_guide_2-450x320.jpg 450w, https:\/\/azqs.com\/velorution-strasbourg\/files\/2020\/11\/extrait_guide_2-600x426.jpg 600w, https:\/\/azqs.com\/velorution-strasbourg\/files\/2020\/11\/extrait_guide_2.jpg 853w\" sizes=\"(max-width: 201px) 100vw, 201px\" \/><\/a><a href=\"http:\/\/azqs.com\/velorution-strasbourg\/files\/2020\/11\/extrait_guide_3.jpg\"><img loading=\"lazy\" decoding=\"async\" class=\"alignnone wp-image-1238 \" src=\"http:\/\/azqs.com\/velorution-strasbourg\/files\/2020\/11\/extrait_guide_3-300x213.jpg\" alt=\"\" width=\"201\" height=\"143\" srcset=\"https:\/\/azqs.com\/velorution-strasbourg\/files\/2020\/11\/extrait_guide_3-300x213.jpg 300w, https:\/\/azqs.com\/velorution-strasbourg\/files\/2020\/11\/extrait_guide_3-768x547.jpg 768w, https:\/\/azqs.com\/velorution-strasbourg\/files\/2020\/11\/extrait_guide_3-100x71.jpg 100w, https:\/\/azqs.com\/velorution-strasbourg\/files\/2020\/11\/extrait_guide_3-150x107.jpg 150w, https:\/\/azqs.com\/velorution-strasbourg\/files\/2020\/11\/extrait_guide_3-200x142.jpg 200w, https:\/\/azqs.com\/velorution-strasbourg\/files\/2020\/11\/extrait_guide_3-450x320.jpg 450w, https:\/\/azqs.com\/velorution-strasbourg\/files\/2020\/11\/extrait_guide_3-600x427.jpg 600w, https:\/\/azqs.com\/velorution-strasbourg\/files\/2020\/11\/extrait_guide_3.jpg 853w\" sizes=\"(max-width: 201px) 100vw, 201px\" \/><\/a>\u00a0 <a href=\"http:\/\/azqs.com\/velorution-strasbourg\/files\/2020\/11\/extrait_guide_4.jpg\"><img loading=\"lazy\" decoding=\"async\" class=\"alignnone wp-image-1237 \" src=\"http:\/\/azqs.com\/velorution-strasbourg\/files\/2020\/11\/extrait_guide_4-300x213.jpg\" alt=\"\" width=\"199\" height=\"141\" srcset=\"https:\/\/azqs.com\/velorution-strasbourg\/files\/2020\/11\/extrait_guide_4-300x213.jpg 300w, https:\/\/azqs.com\/velorution-strasbourg\/files\/2020\/11\/extrait_guide_4-768x546.jpg 768w, https:\/\/azqs.com\/velorution-strasbourg\/files\/2020\/11\/extrait_guide_4-100x71.jpg 100w, https:\/\/azqs.com\/velorution-strasbourg\/files\/2020\/11\/extrait_guide_4-150x107.jpg 150w, https:\/\/azqs.com\/velorution-strasbourg\/files\/2020\/11\/extrait_guide_4-200x142.jpg 200w, https:\/\/azqs.com\/velorution-strasbourg\/files\/2020\/11\/extrait_guide_4-450x320.jpg 450w, https:\/\/azqs.com\/velorution-strasbourg\/files\/2020\/11\/extrait_guide_4-600x427.jpg 600w, https:\/\/azqs.com\/velorution-strasbourg\/files\/2020\/11\/extrait_guide_4.jpg 852w\" sizes=\"(max-width: 199px) 100vw, 199px\" \/><\/a>Pour <a href=\"http:\/\/azqs.com\/velorution-strasbourg\/2020\/08\/28\/elus_velo_strasbourg\/\">nos nouveaux \u00e9lu\u00b7e\u00b7s en charge de la voirie et du v\u00e9lo<\/a>, c&rsquo;est No\u00ebl avant l&rsquo;heure ! Le collectif V\u00e9lorution leur a fait parvenir<em> &#8211; \u00e0 chacun\u00b7e, pas de jaloux\u00a0 ! &#8211;<\/em> un exemplaire du guide. Un peu de lecture avant la mise en veille des librairies \u00e0 la veille du reconfinement, ainsi qu&rsquo;une piq\u00fbre de rappel <a href=\"http:\/\/azqs.com\/velorution-strasbourg\/2020\/04\/22\/ville-virus-et-velo\/\">des propositions du collectif inter associations d&rsquo;avril<\/a> pour la s\u00e9curisation prioritaire d&rsquo;une quarantaine de kilom\u00e8tres d&rsquo;axes majeurs de l&rsquo;Eurom\u00e9tropole, fonci\u00e8rement hostiles au v\u00e9lo.<\/p>\n<p>Il est disponible en version papier pour 20 euros (on en a quelques exemplaires) et en t\u00e9l\u00e9chargement gratuit, sur inscription pr\u00e9alable, <a href=\"https:\/\/parisenselle.fr\/telecharger-guide-amenagements-cyclables\/\">sur le site de Paris en selle<\/a>.<\/p>\n<p><em>Bonne lecture ! \ud83d\ude42<\/em><\/p>\n","protected":false},"excerpt":{"rendered":"<p>L&rsquo;association militante Paris en selle a publi\u00e9 l&rsquo;an dernier un guide des am\u00e9nagements cyclables. Le saviez-vous ? Si les pistes cyclables sont d\u00e9finies dans le Code de la route, leurs caract\u00e9ristiques &#8211; largeur, signalisation notamment &#8211; ne font, elles, pas &hellip;<\/p>\n<p class=\"read-more\"> <a class=\"more-link\" href=\"https:\/\/azqs.com\/velorution-strasbourg\/guide-des-amenagements-cyclables\/\"> <span class=\"screen-reader-text\">Guide des am\u00e9nagements cyclables<\/span> Read More &raquo;<\/a><\/p>\n","protected":false},"author":344,"featured_media":0,"parent":0,"menu_order":0,"comment_status":"closed","ping_status":"closed","template":"","meta":{"footnotes":""},"class_list":["post-419","page","type-page","status-publish","hentry"],"_links":{"self":[{"href":"https:\/\/azqs.com\/velorution-strasbourg\/wp-json\/wp\/v2\/pages\/419"}],"collection":[{"href":"https:\/\/azqs.com\/velorution-strasbourg\/wp-json\/wp\/v2\/pages"}],"about":[{"href":"https:\/\/azqs.com\/velorution-strasbourg\/wp-json\/wp\/v2\/types\/page"}],"author":[{"embeddable":true,"href":"https:\/\/azqs.com\/velorution-strasbourg\/wp-json\/wp\/v2\/users\/344"}],"replies":[{"embeddable":true,"href":"https:\/\/azqs.com\/velorution-strasbourg\/wp-json\/wp\/v2\/comments?post=419"}],"version-history":[{"count":4,"href":"https:\/\/azqs.com\/velorution-strasbourg\/wp-json\/wp\/v2\/pages\/419\/revisions"}],"predecessor-version":[{"id":1243,"href":"https:\/\/azqs.com\/velorution-strasbourg\/wp-json\/wp\/v2\/pages\/419\/revisions\/1243"}],"wp:attachment":[{"href":"https:\/\/azqs.com\/velorution-strasbourg\/wp-json\/wp\/v2\/media?parent=419"}],"curies":[{"name":"wp","href":"https:\/\/api.w.org\/{rel}","templated":true}]}}