{"id":25,"date":"2020-02-14T22:59:15","date_gmt":"2020-02-14T21:59:15","guid":{"rendered":"http:\/\/azqs.com\/velorution-strasbourg\/?page_id=25"},"modified":"2020-06-02T22:51:47","modified_gmt":"2020-06-02T20:51:47","slug":"nos-interlocuteurs-elus-candidats","status":"publish","type":"page","link":"https:\/\/azqs.com\/velorution-strasbourg\/nos-interlocuteurs-elus-candidats\/","title":{"rendered":"Municipales 2020"},"content":{"rendered":"<p><strong>\u00ab Voter V\u00e9lo \u00bb, oui ! Mais&#8230; voter qui ?<\/strong><\/p>\n<hr \/>\n<p><a href=\"https:\/\/7f28eb1b-fa21-43a8-abae-a8b0fd446318.filesusr.com\/ugd\/661026_12e9c7d5a4f54cab87406f89223ae5a2.pdf\"><img loading=\"lazy\" decoding=\"async\" class=\"alignleft wp-image-205\" src=\"http:\/\/azqs.com\/velorution-strasbourg\/files\/2020\/02\/palmares_2020-300x213.jpg\" alt=\"\" width=\"171\" height=\"121\" srcset=\"https:\/\/azqs.com\/velorution-strasbourg\/files\/2020\/02\/palmares_2020-300x213.jpg 300w, https:\/\/azqs.com\/velorution-strasbourg\/files\/2020\/02\/palmares_2020-768x544.jpg 768w, https:\/\/azqs.com\/velorution-strasbourg\/files\/2020\/02\/palmares_2020-100x71.jpg 100w, https:\/\/azqs.com\/velorution-strasbourg\/files\/2020\/02\/palmares_2020-150x106.jpg 150w, https:\/\/azqs.com\/velorution-strasbourg\/files\/2020\/02\/palmares_2020-200x142.jpg 200w, https:\/\/azqs.com\/velorution-strasbourg\/files\/2020\/02\/palmares_2020-450x319.jpg 450w, https:\/\/azqs.com\/velorution-strasbourg\/files\/2020\/02\/palmares_2020-600x425.jpg 600w, https:\/\/azqs.com\/velorution-strasbourg\/files\/2020\/02\/palmares_2020-900x638.jpg 900w, https:\/\/azqs.com\/velorution-strasbourg\/files\/2020\/02\/palmares_2020.jpg 996w\" sizes=\"(max-width: 171px) 100vw, 171px\" \/><\/a>Le barom\u00e8tre <a href=\"https:\/\/www.parlons-velo.fr\">Parlons v\u00e9lo 2019 de la FUB<\/a> nous confirme ce que bien des cyclistes \u00e0 Strasbourg savent d\u00e9j\u00e0 : si notre ville a \u00e9t\u00e9 pionni\u00e8re du v\u00e9lo en France, elle ronronne depuis trop longtemps sur ses lauriers, son titre de capitale autoproclam\u00e9e du v\u00e9lo ressass\u00e9 \u00e0 l&rsquo;envi tel un slogan de lessive. Aujourd&rsquo;hui, <strong>la dynamique est du cot\u00e9 d&rsquo;autres communes politiquement plus volontaristes<\/strong>, Grenoble, Paris ou la Rochelle en t\u00eate.<\/p>\n<p><a href=\"http:\/\/azqs.com\/velorution-strasbourg\/files\/2020\/02\/questionnaire.pdf\"><img loading=\"lazy\" decoding=\"async\" class=\"alignleft wp-image-177\" src=\"http:\/\/azqs.com\/velorution-strasbourg\/files\/2020\/02\/questionnaire-209x300.jpg\" alt=\"\" width=\"111\" height=\"160\" srcset=\"https:\/\/azqs.com\/velorution-strasbourg\/files\/2020\/02\/questionnaire-209x300.jpg 209w, https:\/\/azqs.com\/velorution-strasbourg\/files\/2020\/02\/questionnaire-100x144.jpg 100w, https:\/\/azqs.com\/velorution-strasbourg\/files\/2020\/02\/questionnaire-150x215.jpg 150w, https:\/\/azqs.com\/velorution-strasbourg\/files\/2020\/02\/questionnaire-200x287.jpg 200w, https:\/\/azqs.com\/velorution-strasbourg\/files\/2020\/02\/questionnaire-300x431.jpg 300w, https:\/\/azqs.com\/velorution-strasbourg\/files\/2020\/02\/questionnaire.jpg 410w\" sizes=\"(max-width: 111px) 100vw, 111px\" \/><\/a>Mais tout n&rsquo;est pas perdu ! <strong>Pour \u00e9clairer votre choix de cycliste<\/strong> au moment de glisser votre bulletin dans l&rsquo;urne, le collectif V\u00e9lorution Strasbourg a souhait\u00e9 rencontrer des candidat.e.s \u00e0 dans l&rsquo;agglom\u00e9ration strasbourgeoise et leur soumettre les propositions reprises dans <a href=\"http:\/\/azqs.com\/velorution-strasbourg\/files\/2020\/02\/questionnaire.pdf\">notre grand questionnaire<\/a>.<\/p>\n<p>Ce questionnaire reprend, <strong>en trois grands th\u00e8mes,<\/strong> quelques propositions percutantes de notre collectif, avec leur date pr\u00e9vue d&rsquo;application :<\/p>\n<p><strong>1 &#8211; Objectif v\u00e9lo !<\/strong> une voirie 100% cyclable, signalisation et stationnement v\u00e9lo, formation,<br \/>\n<strong>2 &#8211; Contraindre l&rsquo;usage de la voiture !<\/strong> Une journ\u00e9e sans voiture, limitation de la ville \u00e0 30 km\/h,<br \/>\n<strong>3 &#8211; Des sous !<\/strong> Budget, 2<sup>e<\/sup> couronne et intermodalit\u00e9, comit\u00e9 de suivi \u00e9largi.<\/p>\n<p>Pour celles et ceux que nous avons pu rencontrer, voici les comptes-rendus d&rsquo;entretien et les r\u00e9ponses \u00e0 notre questionnaire ! Candidat\u00b7e\u00b7s ! Si on vous a rat\u00e9\u00b7e, que vous avez des choses int\u00e9ressantes \u00e0 nous dire ou que vous voulez vous emparer de <a href=\"http:\/\/azqs.com\/velorution-strasbourg\/revendications\/\">nos propositions<\/a> : <a href=\"mailto:velorution.strasbourg@vivaldi.net?subject=J'ai des choses \u00e0 vous dire !\">faites nous signe<\/a>. On se proposera \u00e9galement d&rsquo;assurer un suivi apr\u00e8s les \u00e9lections.<\/p>\n<p><img loading=\"lazy\" decoding=\"async\" class=\"alignleft wp-image-470\" src=\"http:\/\/azqs.com\/velorution-strasbourg\/files\/2020\/02\/piedaterre.jpg\" alt=\"\" width=\"81\" height=\"61\" srcset=\"https:\/\/azqs.com\/velorution-strasbourg\/files\/2020\/02\/piedaterre.jpg 167w, https:\/\/azqs.com\/velorution-strasbourg\/files\/2020\/02\/piedaterre-100x75.jpg 100w, https:\/\/azqs.com\/velorution-strasbourg\/files\/2020\/02\/piedaterre-150x112.jpg 150w\" sizes=\"(max-width: 81px) 100vw, 81px\" \/>A noter que nous avons class\u00e9 en neutre les <strong>op\u00e9rations de formation \/ sensibilisation \/ verbalisation des cyclistes.<\/strong> D\u00e8s lors qu&rsquo;une mesure semblable n&rsquo;\u00e9tait pas propos\u00e9e \u00e0 destination des pi\u00e9tons et surtout des automobilistes (premiers responsables des accidents graves et des incivilit\u00e9s anti-v\u00e9lo), ces annonces nous semblent r\u00e9v\u00e9latrices du flagrant d\u00e9lit typiquement strasbourgeois, et typiquement centre-ville, <strong><a href=\"https:\/\/www.lemonde.fr\/blog\/transports\/2012\/11\/07\/strasbourg-sanctionne-ses-cyclistes-pour-rassurer-ses-pietons\/\">de matraquage anti-v\u00e9lo<\/a><\/strong>.<\/p>\n<p>M\u00eame r\u00e9serve lorsque les aides annonc\u00e9es concernent <strong>les seuls v\u00e9los \u00e0 assistance \u00e9lectrique<\/strong>, qui cr\u00e9ent une pollution et une consommation de ressources suppl\u00e9mentaires et sugg\u00e8rent que <strong>p\u00e9daler sur un v\u00e9lo classique serait un effort hors de port\u00e9e du plus grand nombre<\/strong>.<strong><br \/>\n<\/strong><\/p>\n<p>Sauf mention contraire, les programmes ont \u00e9t\u00e9 \u00e9pluch\u00e9s <strong>le 20 f\u00e9vrier 2020<\/strong>, au moment o\u00f9 on a pu estimer qu&rsquo;ils \u00e9taient matures.<\/p>\n<p>Faites-vous votre propre id\u00e9e et surtout, n&rsquo;oubliez pas :<\/p>\n<h1 style=\"text-align: center\"><strong><span style=\"color: #008000\">\u00ab votons v\u00e9lo ! \u00bb<\/span><br \/>\n<\/strong><\/h1>\n","protected":false},"excerpt":{"rendered":"<p>\u00ab Voter V\u00e9lo \u00bb, oui ! Mais&#8230; voter qui ? Le barom\u00e8tre Parlons v\u00e9lo 2019 de la FUB nous confirme ce que bien des cyclistes \u00e0 Strasbourg savent d\u00e9j\u00e0 : si notre ville a \u00e9t\u00e9 pionni\u00e8re du v\u00e9lo en France, &hellip;<\/p>\n<p class=\"read-more\"> <a class=\"more-link\" href=\"https:\/\/azqs.com\/velorution-strasbourg\/nos-interlocuteurs-elus-candidats\/\"> <span class=\"screen-reader-text\">Municipales 2020<\/span> Read More &raquo;<\/a><\/p>\n","protected":false},"author":344,"featured_media":0,"parent":0,"menu_order":0,"comment_status":"closed","ping_status":"closed","template":"","meta":{"footnotes":""},"class_list":["post-25","page","type-page","status-publish","hentry"],"_links":{"self":[{"href":"https:\/\/azqs.com\/velorution-strasbourg\/wp-json\/wp\/v2\/pages\/25"}],"collection":[{"href":"https:\/\/azqs.com\/velorution-strasbourg\/wp-json\/wp\/v2\/pages"}],"about":[{"href":"https:\/\/azqs.com\/velorution-strasbourg\/wp-json\/wp\/v2\/types\/page"}],"author":[{"embeddable":true,"href":"https:\/\/azqs.com\/velorution-strasbourg\/wp-json\/wp\/v2\/users\/344"}],"replies":[{"embeddable":true,"href":"https:\/\/azqs.com\/velorution-strasbourg\/wp-json\/wp\/v2\/comments?post=25"}],"version-history":[{"count":4,"href":"https:\/\/azqs.com\/velorution-strasbourg\/wp-json\/wp\/v2\/pages\/25\/revisions"}],"predecessor-version":[{"id":964,"href":"https:\/\/azqs.com\/velorution-strasbourg\/wp-json\/wp\/v2\/pages\/25\/revisions\/964"}],"wp:attachment":[{"href":"https:\/\/azqs.com\/velorution-strasbourg\/wp-json\/wp\/v2\/media?parent=25"}],"curies":[{"name":"wp","href":"https:\/\/api.w.org\/{rel}","templated":true}]}}