{"id":219,"date":"2020-02-16T11:19:48","date_gmt":"2020-02-16T10:19:48","guid":{"rendered":"http:\/\/azqs.com\/velorution-strasbourg\/?page_id=219"},"modified":"2020-06-02T22:13:28","modified_gmt":"2020-06-02T20:13:28","slug":"accueil","status":"publish","type":"page","link":"https:\/\/azqs.com\/velorution-strasbourg\/accueil\/","title":{"rendered":"Le collectif V\u00e9lorution"},"content":{"rendered":"<p><img loading=\"lazy\" decoding=\"async\" class=\"alignleft size-medium wp-image-103\" src=\"http:\/\/azqs.com\/velorution-strasbourg\/files\/2020\/02\/20190427_063424_compress73-1-300x98.jpg\" alt=\"\" width=\"300\" height=\"98\" srcset=\"https:\/\/azqs.com\/velorution-strasbourg\/files\/2020\/02\/20190427_063424_compress73-1-300x98.jpg 300w, https:\/\/azqs.com\/velorution-strasbourg\/files\/2020\/02\/20190427_063424_compress73-1-768x252.jpg 768w, https:\/\/azqs.com\/velorution-strasbourg\/files\/2020\/02\/20190427_063424_compress73-1-1024x336.jpg 1024w, https:\/\/azqs.com\/velorution-strasbourg\/files\/2020\/02\/20190427_063424_compress73-1-100x33.jpg 100w, https:\/\/azqs.com\/velorution-strasbourg\/files\/2020\/02\/20190427_063424_compress73-1-150x49.jpg 150w, https:\/\/azqs.com\/velorution-strasbourg\/files\/2020\/02\/20190427_063424_compress73-1-200x66.jpg 200w, https:\/\/azqs.com\/velorution-strasbourg\/files\/2020\/02\/20190427_063424_compress73-1-450x148.jpg 450w, https:\/\/azqs.com\/velorution-strasbourg\/files\/2020\/02\/20190427_063424_compress73-1-600x197.jpg 600w, https:\/\/azqs.com\/velorution-strasbourg\/files\/2020\/02\/20190427_063424_compress73-1-900x295.jpg 900w\" sizes=\"(max-width: 300px) 100vw, 300px\" \/>Bienvenue sur le site de la <strong>V\u00e9lorution \u00e0 Strasbourg !<\/strong><\/p>\n<p>Notre collectif est actif <a href=\"http:\/\/azqs.com\/velorution-strasbourg\/histoire\/\">depuis une quinzaine d\u2019ann\u00e9es<\/a>, port\u00e9 par de multiples cyclistes militant\u00b7e\u00b7s.<\/p>\n<p>Nous militons <strong>pour une ville plus respirable, apais\u00e9e et vivable<\/strong>. Nous d\u00e9fendons <a href=\"http:\/\/azqs.com\/velorution-strasbourg\/inspirations\/\">la place du v\u00e9lo dans l\u2019espace public<\/a> qui, au fil du temps, a \u00e9t\u00e9 grignot\u00e9 par la politique globale et irr\u00e9fl\u00e9chie de la priorit\u00e9 par d\u00e9faut \u00e0 la voiture, au d\u00e9triment des mobilit\u00e9s actives, communes et intermodales.<\/p>\n<p><img loading=\"lazy\" decoding=\"async\" class=\"alignleft wp-image-96\" src=\"http:\/\/azqs.com\/velorution-strasbourg\/files\/2020\/02\/V\u00e9lorution-005_compress19-300x200.jpg\" alt=\"\" width=\"195\" height=\"130\" srcset=\"https:\/\/azqs.com\/velorution-strasbourg\/files\/2020\/02\/V\u00e9lorution-005_compress19-300x200.jpg 300w, https:\/\/azqs.com\/velorution-strasbourg\/files\/2020\/02\/V\u00e9lorution-005_compress19-768x512.jpg 768w, https:\/\/azqs.com\/velorution-strasbourg\/files\/2020\/02\/V\u00e9lorution-005_compress19-1024x683.jpg 1024w, https:\/\/azqs.com\/velorution-strasbourg\/files\/2020\/02\/V\u00e9lorution-005_compress19-100x67.jpg 100w, https:\/\/azqs.com\/velorution-strasbourg\/files\/2020\/02\/V\u00e9lorution-005_compress19-150x100.jpg 150w, https:\/\/azqs.com\/velorution-strasbourg\/files\/2020\/02\/V\u00e9lorution-005_compress19-200x133.jpg 200w, https:\/\/azqs.com\/velorution-strasbourg\/files\/2020\/02\/V\u00e9lorution-005_compress19-450x300.jpg 450w, https:\/\/azqs.com\/velorution-strasbourg\/files\/2020\/02\/V\u00e9lorution-005_compress19-600x400.jpg 600w, https:\/\/azqs.com\/velorution-strasbourg\/files\/2020\/02\/V\u00e9lorution-005_compress19-900x600.jpg 900w\" sizes=\"(max-width: 195px) 100vw, 195px\" \/>Pollution, gaspillage des ressources naturelles, violence routi\u00e8re, engorgement des agglom\u00e9rations, goudronnage des espaces naturels, pollution chronique, r\u00e9chauffement climatique&#8230; <em>grrr ! <\/em>Tout \u00e7a nous donne urgemment envie d&rsquo;agir pour<strong> pr\u00e9parer la ville de demain<\/strong>, qui sera cyclable ou ne sera pas !<\/p>\n<p><strong>En 2020, les \u00e9lections municipales nous donnent l&rsquo;occasion d&rsquo;agir localement en <a href=\"http:\/\/azqs.com\/velorution-strasbourg\/nos-interlocuteurs-elus-candidats\/\">interpellant les principaux candidats et candidates<\/a> de l&rsquo;agglom\u00e9ration de Strasbourg.<\/strong><\/p>\n<p>\u00c7a tombe bien, \u00e0 p\u00e9daler tous les jours, on finit par avoir <a href=\"http:\/\/azqs.com\/velorution-strasbourg\/revendications\/\">plein d&rsquo;id\u00e9es g\u00e9niales<\/a> pour <strong>faire enfin de Strasbourg la capitale du v\u00e9lo,<\/strong> alors en 2020, une bonne r\u00e9solution&#8230;<\/p>\n<h1 style=\"text-align: center\"><span style=\"color: #008000\"><em><strong>\u00ab Votons v\u00e9lo ! \u00bb<\/strong><\/em><\/span><\/h1>\n<p><img loading=\"lazy\" decoding=\"async\" class=\"aligncenter size-medium wp-image-68\" src=\"http:\/\/azqs.com\/velorution-strasbourg\/files\/2020\/02\/bandeau_facebook3-300x111.jpg\" alt=\"\" width=\"300\" height=\"111\" srcset=\"https:\/\/azqs.com\/velorution-strasbourg\/files\/2020\/02\/bandeau_facebook3-300x111.jpg 300w, https:\/\/azqs.com\/velorution-strasbourg\/files\/2020\/02\/bandeau_facebook3-768x284.jpg 768w, https:\/\/azqs.com\/velorution-strasbourg\/files\/2020\/02\/bandeau_facebook3-100x37.jpg 100w, https:\/\/azqs.com\/velorution-strasbourg\/files\/2020\/02\/bandeau_facebook3-150x56.jpg 150w, https:\/\/azqs.com\/velorution-strasbourg\/files\/2020\/02\/bandeau_facebook3-200x74.jpg 200w, https:\/\/azqs.com\/velorution-strasbourg\/files\/2020\/02\/bandeau_facebook3-450x167.jpg 450w, https:\/\/azqs.com\/velorution-strasbourg\/files\/2020\/02\/bandeau_facebook3-600x222.jpg 600w, https:\/\/azqs.com\/velorution-strasbourg\/files\/2020\/02\/bandeau_facebook3.jpg 851w\" sizes=\"(max-width: 300px) 100vw, 300px\" \/><\/p>\n<hr \/>\n<p>Le programme<strong> \u00ab votons v\u00e9lo ! \u00bb<\/strong> de la V\u00e9lorution strasbourgeoise comporte 4 \u00e9l\u00e9ments :<\/p>\n<p>&#8211; <a href=\"http:\/\/azqs.com\/velorution-strasbourg\/revendications\/\">28 revendications pour une ville cyclable !<\/a> La bonne surprise ? La plupart ne co\u00fbtent rien ou presque \ud83d\ude42<\/p>\n<p>&#8211; <a href=\"http:\/\/azqs.com\/velorution-strasbourg\/nos-interlocuteurs-elus-candidats\/\">une interpellation des principales listes pour les municipales 2020 \u00e0 Strasbourg, Schitigheim et Illkirch-Graffenstaden<\/a>, avec <strong>un questionnaire<\/strong> d&rsquo;engagement sur nos propositions phares et <strong>un compte-rendu d&rsquo;entretien<\/strong>.<\/p>\n<p>&#8211; <a href=\"http:\/\/azqs.com\/velorution-strasbourg\/nos-interlocuteurs-elus-candidats\/\">un examen minutieux des programmes de chaque liste<\/a>, dont nous avons extrait la substantifique moelle <strong>pro- et anti-v\u00e9lo&#8230; et souvent pro-voiture<\/strong>, ce qui semble \u00eatre \u00e0 la mode cette ann\u00e9e. Les propositions sont class\u00e9es dans notre barom\u00e8tre en trois cat\u00e9gories : <img loading=\"lazy\" decoding=\"async\" class=\" wp-image-367 alignnone\" src=\"http:\/\/azqs.com\/velorution-strasbourg\/files\/2020\/02\/bien.png\" alt=\"\" width=\"16\" height=\"15\" \/> super, <img loading=\"lazy\" decoding=\"async\" class=\" wp-image-435 alignnone\" src=\"http:\/\/azqs.com\/velorution-strasbourg\/files\/2020\/02\/neutre.png\" alt=\"\" width=\"16\" height=\"14\" \/> bof et <img loading=\"lazy\" decoding=\"async\" class=\" wp-image-368 alignnone\" src=\"http:\/\/azqs.com\/velorution-strasbourg\/files\/2020\/02\/pas_bien.png\" alt=\"\" width=\"16\" height=\"15\" \/> nul.<\/p>\n<p>&#8211; enfin, point d&rsquo;orgue de notre d\u00e9marche, <a href=\"http:\/\/azqs.com\/velorution-strasbourg\/2020\/03\/08\/velorution-et-soiree-velo-du-6-mars\/\">une v\u00e9lorution suivie d&rsquo;une soir\u00e9e de pr\u00e9sentation de nos propositions<\/a>, et une interpellation en 4 questions de nos candidat\u00b7e\u00b7s. Si vous l&rsquo;avez rat\u00e9e, on vous en a fait <a href=\"https:\/\/www.youtube.com\/watch?v=vmlBELMUcXs\">une vid\u00e9o (youtube, 1h45)<\/a> et <a href=\"http:\/\/azqs.com\/velorution-strasbourg\/files\/2020\/03\/2020-03-06_verbatim_soiree_velorution_strasbourg.pdf\">un verbatim (pdf, 20 pages, 350 ko)<\/a>.<\/p>\n","protected":false},"excerpt":{"rendered":"<p>Bienvenue sur le site de la V\u00e9lorution \u00e0 Strasbourg ! Notre collectif est actif depuis une quinzaine d\u2019ann\u00e9es, port\u00e9 par de multiples cyclistes militant\u00b7e\u00b7s. Nous militons pour une ville plus respirable, apais\u00e9e et vivable. Nous d\u00e9fendons la place du v\u00e9lo &hellip;<\/p>\n<p class=\"read-more\"> <a class=\"more-link\" href=\"https:\/\/azqs.com\/velorution-strasbourg\/accueil\/\"> <span class=\"screen-reader-text\">Le collectif V\u00e9lorution<\/span> Read More &raquo;<\/a><\/p>\n","protected":false},"author":327,"featured_media":0,"parent":0,"menu_order":0,"comment_status":"closed","ping_status":"closed","template":"","meta":{"footnotes":""},"class_list":["post-219","page","type-page","status-publish","hentry"],"_links":{"self":[{"href":"https:\/\/azqs.com\/velorution-strasbourg\/wp-json\/wp\/v2\/pages\/219"}],"collection":[{"href":"https:\/\/azqs.com\/velorution-strasbourg\/wp-json\/wp\/v2\/pages"}],"about":[{"href":"https:\/\/azqs.com\/velorution-strasbourg\/wp-json\/wp\/v2\/types\/page"}],"author":[{"embeddable":true,"href":"https:\/\/azqs.com\/velorution-strasbourg\/wp-json\/wp\/v2\/users\/327"}],"replies":[{"embeddable":true,"href":"https:\/\/azqs.com\/velorution-strasbourg\/wp-json\/wp\/v2\/comments?post=219"}],"version-history":[{"count":4,"href":"https:\/\/azqs.com\/velorution-strasbourg\/wp-json\/wp\/v2\/pages\/219\/revisions"}],"predecessor-version":[{"id":956,"href":"https:\/\/azqs.com\/velorution-strasbourg\/wp-json\/wp\/v2\/pages\/219\/revisions\/956"}],"wp:attachment":[{"href":"https:\/\/azqs.com\/velorution-strasbourg\/wp-json\/wp\/v2\/media?parent=219"}],"curies":[{"name":"wp","href":"https:\/\/api.w.org\/{rel}","templated":true}]}}