{"id":18,"date":"2020-02-14T11:02:23","date_gmt":"2020-02-14T10:02:23","guid":{"rendered":"http:\/\/azqs.com\/velorution-strasbourg\/?page_id=18"},"modified":"2021-02-01T22:21:20","modified_gmt":"2021-02-01T21:21:20","slug":"contact","status":"publish","type":"page","link":"https:\/\/azqs.com\/velorution-strasbourg\/contact\/","title":{"rendered":"Contact"},"content":{"rendered":"<p><strong><img loading=\"lazy\" decoding=\"async\" class=\"alignleft wp-image-336\" src=\"http:\/\/azqs.com\/velorution-strasbourg\/files\/2020\/02\/facteur-193x300.jpg\" alt=\"\" width=\"92\" height=\"143\" srcset=\"https:\/\/azqs.com\/velorution-strasbourg\/files\/2020\/02\/facteur-193x300.jpg 193w, https:\/\/azqs.com\/velorution-strasbourg\/files\/2020\/02\/facteur-100x156.jpg 100w, https:\/\/azqs.com\/velorution-strasbourg\/files\/2020\/02\/facteur-150x234.jpg 150w, https:\/\/azqs.com\/velorution-strasbourg\/files\/2020\/02\/facteur-200x311.jpg 200w, https:\/\/azqs.com\/velorution-strasbourg\/files\/2020\/02\/facteur.jpg 244w\" sizes=\"(max-width: 92px) 100vw, 92px\" \/>Pour nous \u00e9crire <\/strong>(uniquement des mots d&rsquo;amour), une seule adresse mail !<br \/>\n<a href=\"mailto:velorution.strasbourg@vivaldi.net?subject=Salut&amp;body=Ch\u00e8re%20V\u00e9lorution,\">velorution.strasbourg@vivaldi.net<\/a><\/p>\n<p><strong>Pour vous inscrire \u00e0 notre infolettre<\/strong> et \u00eatre tenu inform\u00e9 de nos actions, on vous propose de vous inscrire sur <a href=\"https:\/\/framalistes.org\/sympa\/subscribe\/infos_velorution_strasbourg\" target=\"_blank\" rel=\"noopener noreferrer\">une liste de diffusion Framaliste<\/a><\/p>\n<p><strong>Pour notre actu<\/strong>, le site et nos bonnes vieilles pages <a href=\"https:\/\/www.facebook.com\/V%C3%A9lorution-Strasbourg-111232125570965\/\" target=\"_blank\" rel=\"noopener noreferrer\">Facebook<\/a> et <a href=\"https:\/\/twitter.com\/VelorutionStras\" target=\"_blank\" rel=\"noopener noreferrer\">Twitter<\/a> !<\/p>\n","protected":false},"excerpt":{"rendered":"<p>Pour nous \u00e9crire (uniquement des mots d&rsquo;amour), une seule adresse mail ! velorution.strasbourg@vivaldi.net Pour vous inscrire \u00e0 notre infolettre et \u00eatre tenu inform\u00e9 de nos actions, on vous propose de vous inscrire sur une liste de diffusion Framaliste Pour notre &hellip;<\/p>\n<p class=\"read-more\"> <a class=\"more-link\" href=\"https:\/\/azqs.com\/velorution-strasbourg\/contact\/\"> <span class=\"screen-reader-text\">Contact<\/span> Read More &raquo;<\/a><\/p>\n","protected":false},"author":327,"featured_media":0,"parent":0,"menu_order":6,"comment_status":"closed","ping_status":"closed","template":"","meta":{"footnotes":""},"class_list":["post-18","page","type-page","status-publish","hentry"],"_links":{"self":[{"href":"https:\/\/azqs.com\/velorution-strasbourg\/wp-json\/wp\/v2\/pages\/18"}],"collection":[{"href":"https:\/\/azqs.com\/velorution-strasbourg\/wp-json\/wp\/v2\/pages"}],"about":[{"href":"https:\/\/azqs.com\/velorution-strasbourg\/wp-json\/wp\/v2\/types\/page"}],"author":[{"embeddable":true,"href":"https:\/\/azqs.com\/velorution-strasbourg\/wp-json\/wp\/v2\/users\/327"}],"replies":[{"embeddable":true,"href":"https:\/\/azqs.com\/velorution-strasbourg\/wp-json\/wp\/v2\/comments?post=18"}],"version-history":[{"count":4,"href":"https:\/\/azqs.com\/velorution-strasbourg\/wp-json\/wp\/v2\/pages\/18\/revisions"}],"predecessor-version":[{"id":1403,"href":"https:\/\/azqs.com\/velorution-strasbourg\/wp-json\/wp\/v2\/pages\/18\/revisions\/1403"}],"wp:attachment":[{"href":"https:\/\/azqs.com\/velorution-strasbourg\/wp-json\/wp\/v2\/media?parent=18"}],"curies":[{"name":"wp","href":"https:\/\/api.w.org\/{rel}","templated":true}]}}