{"id":1438,"date":"2021-02-23T09:57:58","date_gmt":"2021-02-23T08:57:58","guid":{"rendered":"http:\/\/azqs.com\/velorution-strasbourg\/?page_id=1438"},"modified":"2021-02-23T09:59:40","modified_gmt":"2021-02-23T08:59:40","slug":"communiques","status":"publish","type":"page","link":"https:\/\/azqs.com\/velorution-strasbourg\/communiques\/","title":{"rendered":"Communiqu\u00e9s"},"content":{"rendered":"<h3>Retrouvez sur cette page les derniers communiqu\u00e9s V\u00e9lorution Strasbourg :<\/h3>\n<ul>\n<li><a href=\"http:\/\/azqs.com\/velorution-strasbourg\/files\/2021\/02\/CP_v\u00e9lorution_podcast_230223.pdf\">Lancement du Podcast V\u00e9lorution Strasbourg &#8211; 23 f\u00e9vrier 2021<\/a><\/li>\n<li><\/li>\n<\/ul>\n<p>&nbsp;<\/p>\n","protected":false},"excerpt":{"rendered":"<p>Retrouvez sur cette page les derniers communiqu\u00e9s V\u00e9lorution Strasbourg : Lancement du Podcast V\u00e9lorution Strasbourg &#8211; 23 f\u00e9vrier 2021 &nbsp;<\/p>\n","protected":false},"author":346,"featured_media":0,"parent":0,"menu_order":0,"comment_status":"closed","ping_status":"closed","template":"","meta":{"footnotes":""},"class_list":["post-1438","page","type-page","status-publish","hentry"],"_links":{"self":[{"href":"https:\/\/azqs.com\/velorution-strasbourg\/wp-json\/wp\/v2\/pages\/1438"}],"collection":[{"href":"https:\/\/azqs.com\/velorution-strasbourg\/wp-json\/wp\/v2\/pages"}],"about":[{"href":"https:\/\/azqs.com\/velorution-strasbourg\/wp-json\/wp\/v2\/types\/page"}],"author":[{"embeddable":true,"href":"https:\/\/azqs.com\/velorution-strasbourg\/wp-json\/wp\/v2\/users\/346"}],"replies":[{"embeddable":true,"href":"https:\/\/azqs.com\/velorution-strasbourg\/wp-json\/wp\/v2\/comments?post=1438"}],"version-history":[{"count":2,"href":"https:\/\/azqs.com\/velorution-strasbourg\/wp-json\/wp\/v2\/pages\/1438\/revisions"}],"predecessor-version":[{"id":1442,"href":"https:\/\/azqs.com\/velorution-strasbourg\/wp-json\/wp\/v2\/pages\/1438\/revisions\/1442"}],"wp:attachment":[{"href":"https:\/\/azqs.com\/velorution-strasbourg\/wp-json\/wp\/v2\/media?parent=1438"}],"curies":[{"name":"wp","href":"https:\/\/api.w.org\/{rel}","templated":true}]}}