{"id":559,"date":"2019-05-09T00:29:21","date_gmt":"2019-05-08T22:29:21","guid":{"rendered":"http:\/\/azqs.com\/velo\/?page_id=559"},"modified":"2025-12-10T17:16:51","modified_gmt":"2025-12-10T16:16:51","slug":"sources-francophones","status":"publish","type":"page","link":"https:\/\/azqs.com\/velo\/sources-francophones\/","title":{"rendered":"Sites francophones"},"content":{"rendered":"<h2>Politique \/ institutionel<\/h2>\n<p><a href=\"https:\/\/www.isabelleetlevelo.fr\" target=\"_blank\" rel=\"noopener noreferrer\">isabelleetlevelo.fr\u00a0Expert en politiques cyclables<br \/>\nJournaliste, \u00e9lue locale<\/a><\/p>\n<p><a href=\"https:\/\/carfree.fr\" target=\"_blank\" rel=\"noopener noreferrer\">carfree.fr\u00a0<\/a>: site militant, anti-bagnole et son monde<\/p>\n<p><a href=\"https:\/\/www.heureux-cyclage.org\" target=\"_blank\" rel=\"noopener noreferrer\">heureux-cyclage.org\u00a0<\/a>: F\u00e9d\u00e9 des Ateliers DIY. Actu des ateliers v\u00e9lo collaboratifs, annonce job dans le r\u00e9seau via <a href=\"https:\/\/www.facebook.com\/heureuxcyclage\" target=\"_blank\" rel=\"noopener\">FB<\/a><\/p>\n<p><a href=\"https:\/\/www.fub.fr\/fub\/actualites\" target=\"_blank\" rel=\"noopener noreferrer\">FUB.fr<\/a>\u00a0 F\u00e9d\u00e9ration fran\u00e7aise des Usagers de la Bicyclette : conseils, proposition, <a href=\"https:\/\/www.fub.fr\/offres-emploi\" target=\"_blank\" rel=\"noopener noreferrer\">emplois<\/a>, via page <a href=\"https:\/\/www.facebook.com\/FUBleveloauquotidien\" target=\"_blank\" rel=\"noopener\">FB<\/a> X\u00a0 RSS HS<\/p>\n<p><a href=\"https:\/\/www.velo-territoires.org\" target=\"_blank\" rel=\"noopener noreferrer\">velo-territoires.org<\/a> : X RSS HS<\/p>\n<p><a href=\"https:\/\/villes-cyclables.org\/\" target=\"_blank\" rel=\"noopener\">villes-cyclables<\/a> : Club des villes et territoires cyclables<\/p>\n<p>Le pouvoir de la p\u00e9dale : page FB perso, r\u00e9gion parisienne, revue de presse <a href=\"https:\/\/www.facebook.com\/people\/Le-Pouvoir-de-la-p%C3%A9dale\/100063662855687\/\" target=\"_blank\" rel=\"noopener\">ici<\/a> ou <a href=\"https:\/\/www.facebook.com\/linterconnexion\" target=\"_blank\" rel=\"noopener\">ici<\/a><\/p>\n<p><a href=\"https:\/\/transport.data.gouv.fr\/datasets?type=bike-data\" target=\"_blank\" rel=\"noopener\">Stationnements et am\u00e9nagements cyclables (data gouv .fr)<\/a><\/p>\n<p><a href=\"https:\/\/mobilidoc.fr\/\" target=\"_blank\" rel=\"noopener\">https:\/\/mobilidoc.fr <\/a>Les connaissances sur la mobilit\u00e9 durable sont vastes et nous souhaitons partager notre veille documentaire<\/p>\n<h2>Bricole<\/h2>\n<p><a href=\"http:\/\/wiklou.org\/wiki\/Magik_cambou%C3%AFk\" target=\"_blank\" rel=\"noopener noreferrer\">Wiklou.org<\/a> : pleins d&rsquo;id\u00e9es et de conseils pour les ateliers et bricoleurses<\/p>\n<p><a href=\"http:\/\/www.pearltrees.com\/geeknik\/velo-bricolage\/id20470661\" target=\"_blank\" rel=\"noopener noreferrer\">Collection de liens v\u00e9lo bricolage \/\u00a0 utilitaire.<\/a><\/p>\n<h2>Cyclotourisme \/ sport<\/h2>\n<p><a href=\"https:\/\/www.francevelotourisme.com\/\" target=\"_blank\" rel=\"noopener\">FranceV\u00e9loTourisme.com<\/a> : Association d\u2019int\u00e9r\u00eat g\u00e9n\u00e9ral qui a pour objectif de d\u00e9velopper le tourisme \u00e0 v\u00e9lo en France.<\/p>\n<p><a href=\"https:\/\/ffvelo.fr\" target=\"_blank\" rel=\"noopener noreferrer\">ffvelo.fr<\/a> : F\u00c9D\u00c9RATION FRAN\u00c7AISE DE CYCLOTOURISME formation, conseils, s\u00e9curit\u00e9<\/p>\n<p><a href=\"https:\/\/veloenfrance.fr\" target=\"_blank\" rel=\"noopener noreferrer\">veloenfrance.fr<\/a> : site tourisme de FFV\u00e9lo. Carte, \u00e9v\u00e8nements, annuaire h\u00e9bergement, label<\/p>\n<p><a href=\"https:\/\/www.levelovoyageur.com\/fr\/alsace-a-velo\/5-jours-sur-la-route-des-vins-de-strasbourg-a-colmar_s131\" target=\"_blank\" rel=\"noopener noreferrer\">levelovoyageur.com<\/a> : Agence de voyage de cyclotourisme<\/p>\n<p><a href=\"https:\/\/ellesfontduvelo.com\" target=\"_blank\" rel=\"noopener noreferrer\">ellesfontduvelo.com<\/a> : principalement de la performance<\/p>\n<p><a href=\"http:\/\/https\/\/www.mountnpass.com\" target=\"_blank\" rel=\"noopener noreferrer\">mountnpass.com<\/a> : cyclotourisme, articles sur les parcours, cartes<\/p>\n<h2>Forums<\/h2>\n<p><a href=\"http:\/\/forum.velotaf.com\" target=\"_blank\" rel=\"noopener noreferrer\">Forum V\u00e9lotaf.com\u00a0<\/a> : conseils techniques<\/p>\n<p>expemag.com : Forum <a href=\"https:\/\/www.expemag.com\/forum\/view\/588efbdfe4b0ec6bb7215dd8\" target=\"_blank\" rel=\"noopener\"><span id=\"ntt-forum-name\" class=\"\">Le voyage \u00e0 v\u00e9lo<\/span><\/a><\/p>\n<p><a href=\"https:\/\/www.facebook.com\/groups\/269051881052213\/\" target=\"_blank\" rel=\"noopener\">FB\/Voyager \u00e0 v\u00e9lo CycloCamping<\/a><\/p>\n<p><a href=\"https:\/\/www.facebook.com\/groups\/687494554637741\/\" target=\"_blank\" rel=\"noopener noreferrer\">FB\/Culture Bicyclette<\/a> : Groupe FB, donc de tout et de rien, quelques bonnes surprises.<\/p>\n<p><span class=\"d2edcug0 hpfvmrgz qv66sw1b c1et5uql gk29lw5a a8c37x1j keod5gw0 nxhoafnm aigsh9s9 d3f4x2em fe6kdd0r mau55g9w c8b282yb h6olsfn3 m6dqt4wy h7mekvxk hnhda86s oo9gr5id hzawbc8m\" dir=\"auto\"><a href=\"https:\/\/www.facebook.com\/groups\/1396341304006680\" target=\"_blank\" rel=\"noopener noreferrer\">FB \/ BikePacking France<\/a> : idem que Culture Bicyclette, mais tourn\u00e9 voyages l\u00e9ger (appli carte, h\u00e9bergement, Bagages ultra light, VTC VTT )<br \/>\n<\/span><\/p>\n<p><a href=\"https:\/\/www.facebook.com\/groups\/2069942019734778\/\" target=\"_blank\" rel=\"noopener noreferrer\">FB \/ V\u00e9lotaf<\/a> : comme touts les forums il y a \u00e0 boire et a manger : sp\u00e9cialis\u00e9 v\u00e9lo urbain<\/p>\n","protected":false},"excerpt":{"rendered":"<p>Politique \/ institutionel isabelleetlevelo.fr\u00a0Expert en politiques cyclables Journaliste, \u00e9lue locale carfree.fr\u00a0: site militant, anti-bagnole et son monde heureux-cyclage.org\u00a0: F\u00e9d\u00e9 des Ateliers DIY. Actu des ateliers v\u00e9lo collaboratifs, annonce job dans le r\u00e9seau via FB FUB.fr\u00a0 F\u00e9d\u00e9ration fran\u00e7aise des Usagers de la Bicyclette : conseils, proposition, emplois, via page FB X\u00a0 RSS HS velo-territoires.org : X &hellip; <\/p>\n<p><a class=\"more-link btn\" href=\"https:\/\/azqs.com\/velo\/sources-francophones\/\">Lire la suite<\/a><\/p>\n","protected":false},"author":334,"featured_media":0,"parent":0,"menu_order":0,"comment_status":"closed","ping_status":"closed","template":"","meta":{"footnotes":""},"class_list":["post-559","page","type-page","status-publish","hentry","nodate","item-wrap"],"_links":{"self":[{"href":"https:\/\/azqs.com\/velo\/wp-json\/wp\/v2\/pages\/559"}],"collection":[{"href":"https:\/\/azqs.com\/velo\/wp-json\/wp\/v2\/pages"}],"about":[{"href":"https:\/\/azqs.com\/velo\/wp-json\/wp\/v2\/types\/page"}],"author":[{"embeddable":true,"href":"https:\/\/azqs.com\/velo\/wp-json\/wp\/v2\/users\/334"}],"replies":[{"embeddable":true,"href":"https:\/\/azqs.com\/velo\/wp-json\/wp\/v2\/comments?post=559"}],"version-history":[{"count":5,"href":"https:\/\/azqs.com\/velo\/wp-json\/wp\/v2\/pages\/559\/revisions"}],"predecessor-version":[{"id":10583,"href":"https:\/\/azqs.com\/velo\/wp-json\/wp\/v2\/pages\/559\/revisions\/10583"}],"wp:attachment":[{"href":"https:\/\/azqs.com\/velo\/wp-json\/wp\/v2\/media?parent=559"}],"curies":[{"name":"wp","href":"https:\/\/api.w.org\/{rel}","templated":true}]}}