{"id":2,"date":"2019-05-01T23:13:24","date_gmt":"2019-05-01T21:13:24","guid":{"rendered":"http:\/\/azqs.com\/velo\/?page_id=2"},"modified":"2025-04-03T18:37:29","modified_gmt":"2025-04-03T16:37:29","slug":"intentions","status":"publish","type":"page","link":"https:\/\/azqs.com\/velo\/intentions\/","title":{"rendered":"Pourquoi et pour qui ?"},"content":{"rendered":"<p>Actu du V\u00e9lo \u00e0 Strasbourg s&rsquo;adresse aux cyclistes militant-e-s et du quotidien qui :<\/p>\n<ul>\n<li>Soit utilisent\u00a0 FaceBook, TXitter, <a href=\"https:\/\/masto.bike\/@actuvelostrasbourg\" target=\"_blank\" rel=\"noopener\">Mastodont<\/a>, D*, instagram,\u00a0 Discord, Telegram, Signal, <a href=\"https:\/\/bsky.app\/profile\/geeknick.bsky.social\" target=\"_blank\" rel=\"noopener\">bsky<\/a>, <a href=\"http:\/\/azqs.com\/GeekNik\/2023\/09\/01\/choisir-son-outil-dorganisation-en-ligne-a-fonctionnalites-integrees\/\" target=\"_blank\" rel=\"noopener\">etc<\/a>\u00a0 mais ne veulent pas perdre leur temps sur ces r\u00e9seaux sociaux.<\/li>\n<li>Soit ne veulent pas utiliser ces r\u00e9seaux, mais n&rsquo;ont plus les infos.<\/li>\n<\/ul>\n<p>Les informations sont r\u00e9cup\u00e9r\u00e9es sur les <a href=\"http:\/\/azqs.com\/velo\/sources\/\">sites sources<\/a> automatiquement, <strong>une fois par nuit<\/strong>.<\/p>\n<ul>\n<li>Pour les activistes de tout poils, voici un article pour <a href=\"http:\/\/azqs.com\/GeekNik\/2020\/08\/01\/se-passer-des-reseaux-sociaux-la-solution-les-flux-rss\/\" target=\"_blank\" rel=\"noopener noreferrer\">monter vous m\u00eame un Auto-Blogue<\/a><\/li>\n<\/ul>\n","protected":false},"excerpt":{"rendered":"<p>Actu du V\u00e9lo \u00e0 Strasbourg s&rsquo;adresse aux cyclistes militant-e-s et du quotidien qui : Soit utilisent\u00a0 FaceBook, TXitter, Mastodont, D*, instagram,\u00a0 Discord, Telegram, Signal, bsky, etc\u00a0 mais ne veulent pas perdre leur temps sur ces r\u00e9seaux sociaux. Soit ne veulent pas utiliser ces r\u00e9seaux, mais n&rsquo;ont plus les infos. Les informations sont r\u00e9cup\u00e9r\u00e9es sur les &hellip; <\/p>\n<p><a class=\"more-link btn\" href=\"https:\/\/azqs.com\/velo\/intentions\/\">Lire la suite<\/a><\/p>\n","protected":false},"author":334,"featured_media":0,"parent":0,"menu_order":0,"comment_status":"closed","ping_status":"closed","template":"","meta":{"footnotes":""},"class_list":["post-2","page","type-page","status-publish","hentry","nodate","item-wrap"],"_links":{"self":[{"href":"https:\/\/azqs.com\/velo\/wp-json\/wp\/v2\/pages\/2"}],"collection":[{"href":"https:\/\/azqs.com\/velo\/wp-json\/wp\/v2\/pages"}],"about":[{"href":"https:\/\/azqs.com\/velo\/wp-json\/wp\/v2\/types\/page"}],"author":[{"embeddable":true,"href":"https:\/\/azqs.com\/velo\/wp-json\/wp\/v2\/users\/334"}],"replies":[{"embeddable":true,"href":"https:\/\/azqs.com\/velo\/wp-json\/wp\/v2\/comments?post=2"}],"version-history":[{"count":4,"href":"https:\/\/azqs.com\/velo\/wp-json\/wp\/v2\/pages\/2\/revisions"}],"predecessor-version":[{"id":10180,"href":"https:\/\/azqs.com\/velo\/wp-json\/wp\/v2\/pages\/2\/revisions\/10180"}],"wp:attachment":[{"href":"https:\/\/azqs.com\/velo\/wp-json\/wp\/v2\/media?parent=2"}],"curies":[{"name":"wp","href":"https:\/\/api.w.org\/{rel}","templated":true}]}}