{"id":174,"date":"2020-01-21T14:56:16","date_gmt":"2020-01-21T13:56:16","guid":{"rendered":"http:\/\/azqs.com\/sexogenie\/?page_id=174"},"modified":"2020-01-22T11:16:02","modified_gmt":"2020-01-22T10:16:02","slug":"accueil","status":"publish","type":"page","link":"https:\/\/azqs.com\/sexogenie\/accueil\/","title":{"rendered":"Conseil &amp; Formations en sexologie"},"content":{"rendered":"<p style=\"text-align: left\" align=\"center\">La sexualit\u00e9 est un sujet qui m&rsquo;int\u00e9resse depuis plusieurs ann\u00e9es.<\/p>\n<p style=\"text-align: left\" align=\"center\">Cet int\u00e9r\u00eat est issu du monde des arts; de la peinture \u00e9rotique. Lors d&rsquo;expositions j&rsquo;ai pu rencontrer le public qui m&rsquo;ont fait part de questionnements, r\u00e9flexions au sujet de la sexualit\u00e9. C&rsquo;est pour trouver des r\u00e9ponses que j&rsquo;ai int\u00e9gr\u00e9 un dipl\u00f4me universitaire en conseil et \u00e9ducation sexuelle.<\/p>\n<p style=\"text-align: left\" align=\"center\">Je souhaite mettre ces connaissances au service des professionnel\u00b7le\u00b7s qui rencontrent des th\u00e9matiques li\u00e9es \u00e0 la sexualit\u00e9. Le\u00a0titre de formatrice professionnelle d&rsquo;adultes me permet d&rsquo;intervenir par le biais d&rsquo;actions de formations, de groupe d&rsquo;analyse de pratiques et d&rsquo;entretiens individuels.<\/p>\n<p style=\"text-align: left\" align=\"center\">\n","protected":false},"excerpt":{"rendered":"<p>La sexualit\u00e9 est un sujet qui m&rsquo;int\u00e9resse depuis plusieurs ann\u00e9es. Cet int\u00e9r\u00eat est issu du monde des arts; de la peinture \u00e9rotique. Lors d&rsquo;expositions j&rsquo;ai pu rencontrer le public qui m&rsquo;ont fait part de questionnements, r\u00e9flexions au sujet de la sexualit\u00e9. C&rsquo;est pour trouver des r\u00e9ponses que j&rsquo;ai int\u00e9gr\u00e9 un dipl\u00f4me universitaire en conseil et [&hellip;]<\/p>\n","protected":false},"author":305,"featured_media":0,"parent":0,"menu_order":0,"comment_status":"closed","ping_status":"closed","template":"","meta":{"footnotes":""},"class_list":["bg-stuff"],"_links":{"self":[{"href":"https:\/\/azqs.com\/sexogenie\/wp-json\/wp\/v2\/pages\/174"}],"collection":[{"href":"https:\/\/azqs.com\/sexogenie\/wp-json\/wp\/v2\/pages"}],"about":[{"href":"https:\/\/azqs.com\/sexogenie\/wp-json\/wp\/v2\/types\/page"}],"author":[{"embeddable":true,"href":"https:\/\/azqs.com\/sexogenie\/wp-json\/wp\/v2\/users\/305"}],"replies":[{"embeddable":true,"href":"https:\/\/azqs.com\/sexogenie\/wp-json\/wp\/v2\/comments?post=174"}],"version-history":[{"count":4,"href":"https:\/\/azqs.com\/sexogenie\/wp-json\/wp\/v2\/pages\/174\/revisions"}],"predecessor-version":[{"id":245,"href":"https:\/\/azqs.com\/sexogenie\/wp-json\/wp\/v2\/pages\/174\/revisions\/245"}],"wp:attachment":[{"href":"https:\/\/azqs.com\/sexogenie\/wp-json\/wp\/v2\/media?parent=174"}],"curies":[{"name":"wp","href":"https:\/\/api.w.org\/{rel}","templated":true}]}}