{"id":15,"date":"2019-10-03T12:54:17","date_gmt":"2019-10-03T10:54:17","guid":{"rendered":"http:\/\/azqs.com\/schilyclette\/?page_id=15"},"modified":"2023-03-05T10:09:53","modified_gmt":"2023-03-05T09:09:53","slug":"contact","status":"publish","type":"page","link":"https:\/\/azqs.com\/schilyclette\/contact\/","title":{"rendered":"Contact"},"content":{"rendered":"<p>Lieu d&rsquo;activit\u00e9 : Cour Elmia &#8211; bb\u00e2timent A &#8211; 3 rue Saint-Paul &#8211; 67300 Schiltigheim (horaires des permanences <a href=\"http:\/\/azqs.com\/schilyclette\/les-ateliers\/\">ici<\/a>)<\/p>\n<p>Adresse postale : La Schilyclette 10 rue des Pompiers &#8211; 67300 Schiltigheim<\/p>\n<p>Mail : <a href=\"mailto:schilyclette@lilo.org\">schilyclette@lilo.org<\/a><\/p>\n<p>Pour \u00eatre inform\u00e9\u00b7e de nos activit\u00e9s et \u00e9v\u00e8nements, vous pouvez vous inscrire \u00e0 notre infolettre : <a href=\"https:\/\/framalistes.org\/sympa\/info\/info_schilyclette\">https:\/\/framalistes.org\/sympa\/info\/info_schilyclette <\/a>et nous retrouver sur <a href=\"https:\/\/www.facebook.com\/La-Schilyclette-372240503433603\">Facebook<\/a>.<\/p>\n<p><em>A bient\u00f4t !<\/em><\/p>\n","protected":false},"excerpt":{"rendered":"<p>Lieu d&rsquo;activit\u00e9 : Cour Elmia &#8211; bb\u00e2timent A &#8211; 3 rue Saint-Paul &#8211; 67300 Schiltigheim (horaires des permanences ici) Adresse postale : La Schilyclette 10 rue des Pompiers &#8211; 67300 Schiltigheim Mail : schilyclette@lilo.org Pour \u00eatre inform\u00e9\u00b7e de nos activit\u00e9s &hellip; <a href=\"https:\/\/azqs.com\/schilyclette\/contact\/\">Continuer la lecture <span class=\"meta-nav\">&rarr;<\/span><\/a><\/p>\n","protected":false},"author":327,"featured_media":0,"parent":0,"menu_order":3,"comment_status":"closed","ping_status":"closed","template":"","meta":{"footnotes":""},"class_list":["post-15","page","type-page","status-publish","hentry"],"_links":{"self":[{"href":"https:\/\/azqs.com\/schilyclette\/wp-json\/wp\/v2\/pages\/15"}],"collection":[{"href":"https:\/\/azqs.com\/schilyclette\/wp-json\/wp\/v2\/pages"}],"about":[{"href":"https:\/\/azqs.com\/schilyclette\/wp-json\/wp\/v2\/types\/page"}],"author":[{"embeddable":true,"href":"https:\/\/azqs.com\/schilyclette\/wp-json\/wp\/v2\/users\/327"}],"replies":[{"embeddable":true,"href":"https:\/\/azqs.com\/schilyclette\/wp-json\/wp\/v2\/comments?post=15"}],"version-history":[{"count":6,"href":"https:\/\/azqs.com\/schilyclette\/wp-json\/wp\/v2\/pages\/15\/revisions"}],"predecessor-version":[{"id":394,"href":"https:\/\/azqs.com\/schilyclette\/wp-json\/wp\/v2\/pages\/15\/revisions\/394"}],"wp:attachment":[{"href":"https:\/\/azqs.com\/schilyclette\/wp-json\/wp\/v2\/media?parent=15"}],"curies":[{"name":"wp","href":"https:\/\/api.w.org\/{rel}","templated":true}]}}