{"id":65,"date":"2025-05-24T14:24:41","date_gmt":"2025-05-24T12:24:41","guid":{"rendered":"https:\/\/azqs.com\/nathaliesavey\/?page_id=65"},"modified":"2025-07-11T17:10:49","modified_gmt":"2025-07-11T15:10:49","slug":"videos","status":"publish","type":"page","link":"https:\/\/azqs.com\/nathaliesavey\/videos\/","title":{"rendered":"\/\/ vid\u00e9os"},"content":{"rendered":"<table class=\"tableau\" border=\"0\" width=\"60%\" cellspacing=\"20\" cellpadding=\"0\" align=\"center\">\n<tbody>\n<tr>\n<td>\n<p class=\"polices\">\u00ab\u00a0Two faces\u00a0\u00bb<br \/>\nVid\u00e9o 4m47&prime;<br \/>\nR\u00e9alisation Nathalie Savey<br \/>\nSons et montage Damien Fritsch<\/p>\n<p>Vid\u00e9o r\u00e9alis\u00e9e lors de ma r\u00e9sidence \u00e0 Goyang Art Studio (IASK)<br \/>\nen partenariat avec le CEAAC(Centre Europ\u00e9en d&rsquo;Actions Artistiques Contemporaines-Strasbourg France)<br \/>\net le Mus\u00e9e National d&rsquo;art contemporain de la Ville de S\u00e9oul -Automne 2012<\/p>\n<p><iframe loading=\"lazy\" title=\"YouTube video player\" src=\"https:\/\/www.youtube.com\/embed\/R-1Ma5svOt4?si=hWktLlQ3U8Rs3bjO\" width=\"560\" height=\"315\" frameborder=\"0\" allowfullscreen=\"allowfullscreen\"><\/iframe><\/td>\n<\/tr>\n<tr>\n<td>\n<p class=\"polices\">\u00ab\u00a0Cheonjiyeon\u00a0\u00bb<br \/>\nVid\u00e9o 6m28&prime; (versions courte )<br \/>\n(Vid\u00e9o en version longue\u00a0: 40m)<br \/>\nR\u00e9alisation Nathalie Savey<br \/>\nSons et montage Damien Fritsch<\/p>\n<p>Vid\u00e9o r\u00e9alis\u00e9e lors de ma r\u00e9sidence \u00e0 Goyang Art Studio (IASK)<br \/>\nen partenariat avec le CEAAC(Centre Europ\u00e9en d&rsquo;Actions Artistiques Contemporaines-Strasbourg France)<br \/>\net le Mus\u00e9e National d&rsquo;art contemporain de la Ville de S\u00e9oul -Automne 2012<\/p>\n<p><iframe loading=\"lazy\" title=\"YouTube video player\" src=\"https:\/\/www.youtube.com\/embed\/q21R1bI0PpE?si=8fiRbHO_THPsNKhM\" width=\"560\" height=\"315\" frameborder=\"0\" allowfullscreen=\"allowfullscreen\"><\/iframe><\/td>\n<\/tr>\n<tr>\n<td>\n<p class=\"polices\">\u00ab\u00a0Quel \u00e9tait ton nom, Po\u00e8te\u00a0?\u00a0\u00bb<br \/>\nvid\u00e9o 6m50&prime;<br \/>\nr\u00e9alisation Nathalie Savey<br \/>\nsons et montage Damien Fritsch<\/p>\n<p>Texte\u00a0:\u00a0\u00ab\u00a0Minuit en mon silence\u00a0\u00bb de Pierre Cendors \u00e9ditions le Tripode d&rsquo;Uffoltz<br \/>\nCentre culturel et patrimonial de la grande guerre De la Communaut\u00e9 de communes de Thann-Cernay<br \/>\nsur le th\u00e8me de la montagne Hartmannswillerkopf champ de bataille de la guerre de 14\/18<\/p>\n<p><strong>VF<\/strong><br \/>\n<iframe loading=\"lazy\" title=\"YouTube video player\" src=\"https:\/\/www.youtube.com\/embed\/KZWdKmXuQV4?si=wE3QI4lEKG9oify5\" width=\"560\" height=\"315\" frameborder=\"0\" allowfullscreen=\"allowfullscreen\"><\/iframe><br \/>\n<strong>VA<\/strong><br \/>\n<iframe loading=\"lazy\" title=\"YouTube video player\" src=\"https:\/\/www.youtube.com\/embed\/Zxh-ps77JFM?si=6jdBtaK5JJcQ7ZTB\" width=\"560\" height=\"315\" frameborder=\"0\" allowfullscreen=\"allowfullscreen\"><\/iframe><\/td>\n<\/tr>\n<\/tbody>\n<\/table>\n","protected":false},"excerpt":{"rendered":"<p>\u00ab\u00a0Two faces\u00a0\u00bb Vid\u00e9o 4m47&prime; R\u00e9alisation Nathalie Savey Sons et montage Damien Fritsch Vid\u00e9o r\u00e9alis\u00e9e lors de ma r\u00e9sidence \u00e0 Goyang Art Studio (IASK) en partenariat avec le CEAAC(Centre Europ\u00e9en d&rsquo;Actions Artistiques Contemporaines-Strasbourg France) et le Mus\u00e9e National d&rsquo;art contemporain de la Ville de S\u00e9oul -Automne 2012 \u00ab\u00a0Cheonjiyeon\u00a0\u00bb Vid\u00e9o 6m28&prime; (versions courte ) (Vid\u00e9o en version [&hellip;]<\/p>\n","protected":false},"author":403,"featured_media":0,"parent":0,"menu_order":0,"comment_status":"closed","ping_status":"closed","template":"page-full-width.php","meta":{"footnotes":""},"class_list":["post-65","page","type-page","status-publish","hentry"],"_links":{"self":[{"href":"https:\/\/azqs.com\/nathaliesavey\/wp-json\/wp\/v2\/pages\/65"}],"collection":[{"href":"https:\/\/azqs.com\/nathaliesavey\/wp-json\/wp\/v2\/pages"}],"about":[{"href":"https:\/\/azqs.com\/nathaliesavey\/wp-json\/wp\/v2\/types\/page"}],"author":[{"embeddable":true,"href":"https:\/\/azqs.com\/nathaliesavey\/wp-json\/wp\/v2\/users\/403"}],"replies":[{"embeddable":true,"href":"https:\/\/azqs.com\/nathaliesavey\/wp-json\/wp\/v2\/comments?post=65"}],"version-history":[{"count":4,"href":"https:\/\/azqs.com\/nathaliesavey\/wp-json\/wp\/v2\/pages\/65\/revisions"}],"predecessor-version":[{"id":91,"href":"https:\/\/azqs.com\/nathaliesavey\/wp-json\/wp\/v2\/pages\/65\/revisions\/91"}],"wp:attachment":[{"href":"https:\/\/azqs.com\/nathaliesavey\/wp-json\/wp\/v2\/media?parent=65"}],"curies":[{"name":"wp","href":"https:\/\/api.w.org\/{rel}","templated":true}]}}