{"id":35,"date":"2013-06-13T16:06:54","date_gmt":"2013-06-13T14:06:54","guid":{"rendered":"http:\/\/azqs.com\/mediation-animale\/?page_id=35"},"modified":"2023-05-26T22:38:37","modified_gmt":"2023-05-26T20:38:37","slug":"contact","status":"publish","type":"page","link":"https:\/\/azqs.com\/mediation-animale\/contact\/","title":{"rendered":"CONTACTEZ-NOUS !"},"content":{"rendered":"<h3 style=\"text-align: center\"><strong>Vous souhaitez en savoir plus concernant l&rsquo;association <span style=\"color: #ff6600\">M\u00e9diationAnimale.Net <\/span>?<br \/>\n<\/strong><\/h3>\n<p style=\"text-align: center\">Notre intervenante se d\u00e9place sur site \u00e0 votre demande.<\/p>\n<p style=\"text-align: center\">&#8212;<\/p>\n<p style=\"text-align: center\"><strong>contact@mediationanimale.net\u00a0<\/strong><\/p>\n<p style=\"text-align: center\"><strong>06 71 88 25 35<\/strong><\/p>\n","protected":false},"excerpt":{"rendered":"<p>Vous souhaitez en savoir plus concernant l&rsquo;association M\u00e9diationAnimale.Net ? Notre intervenante se d\u00e9place sur site \u00e0 votre demande. &#8212; contact@mediationanimale.net\u00a0 06 71 88 25 35<\/p>\n","protected":false},"author":284,"featured_media":0,"parent":0,"menu_order":0,"comment_status":"open","ping_status":"closed","template":"","meta":{"footnotes":""},"class_list":["post-35","page","type-page","status-publish","hentry"],"_links":{"self":[{"href":"https:\/\/azqs.com\/mediation-animale\/wp-json\/wp\/v2\/pages\/35"}],"collection":[{"href":"https:\/\/azqs.com\/mediation-animale\/wp-json\/wp\/v2\/pages"}],"about":[{"href":"https:\/\/azqs.com\/mediation-animale\/wp-json\/wp\/v2\/types\/page"}],"author":[{"embeddable":true,"href":"https:\/\/azqs.com\/mediation-animale\/wp-json\/wp\/v2\/users\/284"}],"replies":[{"embeddable":true,"href":"https:\/\/azqs.com\/mediation-animale\/wp-json\/wp\/v2\/comments?post=35"}],"version-history":[{"count":5,"href":"https:\/\/azqs.com\/mediation-animale\/wp-json\/wp\/v2\/pages\/35\/revisions"}],"predecessor-version":[{"id":54,"href":"https:\/\/azqs.com\/mediation-animale\/wp-json\/wp\/v2\/pages\/35\/revisions\/54"}],"wp:attachment":[{"href":"https:\/\/azqs.com\/mediation-animale\/wp-json\/wp\/v2\/media?parent=35"}],"curies":[{"name":"wp","href":"https:\/\/api.w.org\/{rel}","templated":true}]}}