{"id":532,"date":"2024-10-02T10:00:18","date_gmt":"2024-10-02T09:00:18","guid":{"rendered":"http:\/\/maison-mimir.com\/?page_id=226"},"modified":"2024-10-03T11:40:12","modified_gmt":"2024-10-03T10:40:12","slug":"mimir-un-jour-mimir-toujours","status":"publish","type":"page","link":"https:\/\/azqs.com\/maison-mimir\/mimir-un-jour-mimir-toujours\/","title":{"rendered":"Nous rencontrer !!!"},"content":{"rendered":"<h3 style=\"text-align: center\">VENEZ NOUS RENCONTRER, DECOUVRIR LE LIEU,<\/h3>\n<h3 style=\"text-align: center\">PARTAGER VOS IDEES ou VOS PROJETS<\/h3>\n<p>&nbsp;<\/p>\n<p style=\"text-align: center\"><span style=\"font-size: 14pt\">A l&rsquo;occasion de nos Assembl\u00e9es g\u00e9n\u00e9rales, en pr\u00e9sence de la \u00ab\u00a0coll\u00e9giale\u00a0\u00bb,<\/span><\/p>\n<p>&nbsp;<\/p>\n<p style=\"text-align: center\"><span style=\"font-size: 14pt\"><span style=\"color: #a12727\"><strong><span style=\"color: #ffff00\">AG MENSUELLE<\/span><br \/>\n<\/strong><\/span><strong>1er Dimanche du mois. (sauf exception)<\/strong><span style=\"color: #a12727\"><strong><br \/>\n<\/strong><br \/>\n<\/span><\/span><\/p>\n<p>&nbsp;<\/p>\n<div style=\"text-align: center\"><span style=\"font-size: 14pt\"><span style=\"color: #a12727\"><strong><span style=\"color: #ffff00\">AG PROJETS<\/span><br \/>\n<\/strong><\/span><strong>Tous les 2\u00e8mes Mardis du mois\u00a0<\/strong><\/span><\/div>\n<div style=\"text-align: center\"><span style=\"font-size: 14pt\"><strong>pour poser une date de concerts\/ateliers\/\u00e9v\u00e8nements, <\/strong><\/span><\/div>\n<div style=\"text-align: center\"><span style=\"font-size: 14pt\"><strong>un partenariat, une proposition de soutien\/m\u00e9cenat,<\/strong><\/span><\/div>\n<div style=\"text-align: center\">\n<p><span style=\"font-size: 14pt\"><strong>pr\u00e9senter votre collectif ou simplement assister \u00e0 la session.<\/strong><\/span><\/p>\n<\/div>\n<p>&nbsp;<\/p>\n<div style=\"text-align: center\">\n<p>&nbsp;<\/p>\n<\/div>\n<div><\/div>\n<div><\/div>\n<h2 style=\"text-align: center\"><\/h2>\n<hr \/>\n<p style=\"text-align: center\">On vous invite \u00e0 nous suivre \u00e9galement sur\u00a0 \u00a0 <a href=\"https:\/\/www.instagram.com\/mimir10ans\/\">INSTAGRAM<\/a> \u00a0\u00a0<a href=\"https:\/\/www.facebook.com\/Maisonmimir\/\">FACEBOOK<\/a><\/p>\n<p style=\"text-align: center\"><span style=\"color: #808080\"><em>Pour nous contacter : assomimir@gmail.com\u00a0<\/em><\/span><\/p>\n","protected":false},"excerpt":{"rendered":"<p>VENEZ NOUS RENCONTRER, DECOUVRIR LE LIEU, PARTAGER VOS IDEES ou VOS PROJETS &nbsp; A l&rsquo;occasion de nos Assembl\u00e9es g\u00e9n\u00e9rales, en pr\u00e9sence de la \u00ab\u00a0coll\u00e9giale\u00a0\u00bb, &nbsp; AG MENSUELLE 1er Dimanche du mois. (sauf exception) &nbsp; AG PROJETS Tous les 2\u00e8mes Mardis du mois\u00a0 pour poser une date de concerts\/ateliers\/\u00e9v\u00e8nements, un partenariat, une proposition de soutien\/m\u00e9cenat, pr\u00e9senter [&hellip;]<\/p>\n","protected":false},"author":328,"featured_media":236,"parent":0,"menu_order":0,"comment_status":"closed","ping_status":"closed","template":"","meta":{"footnotes":""},"class_list":["post-532","page","type-page","status-publish","has-post-thumbnail","hentry"],"_links":{"self":[{"href":"https:\/\/azqs.com\/maison-mimir\/wp-json\/wp\/v2\/pages\/532"}],"collection":[{"href":"https:\/\/azqs.com\/maison-mimir\/wp-json\/wp\/v2\/pages"}],"about":[{"href":"https:\/\/azqs.com\/maison-mimir\/wp-json\/wp\/v2\/types\/page"}],"author":[{"embeddable":true,"href":"https:\/\/azqs.com\/maison-mimir\/wp-json\/wp\/v2\/users\/328"}],"replies":[{"embeddable":true,"href":"https:\/\/azqs.com\/maison-mimir\/wp-json\/wp\/v2\/comments?post=532"}],"version-history":[{"count":6,"href":"https:\/\/azqs.com\/maison-mimir\/wp-json\/wp\/v2\/pages\/532\/revisions"}],"predecessor-version":[{"id":1911,"href":"https:\/\/azqs.com\/maison-mimir\/wp-json\/wp\/v2\/pages\/532\/revisions\/1911"}],"wp:featuredmedia":[{"embeddable":true,"href":"https:\/\/azqs.com\/maison-mimir\/wp-json\/wp\/v2\/media\/236"}],"wp:attachment":[{"href":"https:\/\/azqs.com\/maison-mimir\/wp-json\/wp\/v2\/media?parent=532"}],"curies":[{"name":"wp","href":"https:\/\/api.w.org\/{rel}","templated":true}]}}