{"id":523,"date":"2024-10-02T10:00:59","date_gmt":"2024-10-02T09:00:59","guid":{"rendered":"http:\/\/www.touch-arts.com\/maison-mimir\/?page_id=45"},"modified":"2024-10-03T10:59:34","modified_gmt":"2024-10-03T09:59:34","slug":"besoins","status":"publish","type":"page","link":"https:\/\/azqs.com\/maison-mimir\/besoins\/","title":{"rendered":"Nos besoins actuels"},"content":{"rendered":"<h3>Des Signataires<\/h3>\n<p>&nbsp;<\/p>\n<p>Suite \u00e0 l&rsquo;incendie de f\u00e9vrier 2023, un grand projet de reconstruction nouvelle est en chemin , un nouvel espace adapt\u00e9 pour les souhaits sociaux et culturels de l&rsquo;association . De m\u00eame, pour la gestion du lieu et de l&rsquo;association, nous recherchons des personnes anim\u00e9es par la motivation de g\u00e9rer l&rsquo;ensemble et rejoindre l&rsquo;\u00e9quipe actuelle&#8230;Vous ne serez pas seul.e.s.<\/p>\n<p>ET avec ce projet \u00e0 venir dont d\u00e9pend tout l&rsquo;avenir de MIMIR et de ce lieu alternatif, il est encore plus essentiel d&rsquo;accueillir des forces vives et inspir\u00e9es qui am\u00e8neront leurs forces et leurs id\u00e9es aux notres. Cel\u00e0 est une r\u00e9elle exp\u00e9rience sociale \u00e0 vivre.<\/p>\n<p>&nbsp;<\/p>\n<h3>Des B\u00e9n\u00e9voles<\/h3>\n<p>&nbsp;<\/p>\n<p>Le concept de l&rsquo;auto gestion, c&rsquo;est que les personnes qui font vivre la maison en prennent \u00e9galement soin.<br \/>\nNous sommes toujours \u00e0 la recherche de belles \u00e2mes pour nous donner un coup de main et nous permettre de concr\u00e9tiser les diff\u00e9rents projets de la maison.<br \/>\nReconstruction, Entretien, Ateliers, Petits Chantiers participatifs, Permanences de la bagagerie : on sera ravi de vous accueillir au sein de notre \u00e9quipe !<br \/>\nN&rsquo;h\u00e9sitez pas \u00e0 passer pour en parler autour d&rsquo;un caf\u00e9 ou de nous \u00e9crire un mail : assomimir@gmail.com<br \/>\nEt si vous avez une comp\u00e9tence sp\u00e9cifique qui pourrait nous aider, n\u2019h\u00e9sitez pas \u00e0 nous contacter.<\/p>\n<p>&nbsp;<\/p>\n<h3>Du Mat\u00e9riel &amp; Dons<\/h3>\n<p>&nbsp;<\/p>\n<p>Voici une liste des choses qui aideraient beaucoup la maison \u00e0 avancer dans ses travaux, ateliers et actuellement son projet de r\u00e9novation.<br \/>\nMerci de nous contacter avant de nous ramener des choses. En effet, nous n\u2019avons plus beaucoup de place de stockage et la maison se retrouve vite surcharg\u00e9e.<\/p>\n<p>&nbsp;<\/p>\n<p><span style=\"color: #800000\"><strong>LA MAISON MIMIR RECHERCHE DONC:<\/strong><\/span><\/p>\n<p>&nbsp;<\/p>\n<p>URGENCE HIVER !!!!<\/p>\n<p><em>Concernant <strong>la Bagagerie <\/strong>et pour soutenir les personnes en situation pr\u00e9caire : &#8211; <strong>Couvertures, couettes et sacs de couchages<\/strong> : il n\u2019y en a jamais de trop, nous les distribuons aux personnes qui passent leur nuit d\u2019hiver dehors. <strong>Habits, chaussures<\/strong> et produits de premi\u00e8re n\u00e9cessit\u00e9.<\/em><\/p>\n<p>&nbsp;<\/p>\n<p>&#8211; <strong>Des outils<\/strong> pouvant \u00eatre utiles et qui fonctionnent encore bien.<\/p>\n<p>&#8211; <strong>Peintures et bombes pour graffer<\/strong> : les artistes de la maison sont si productifs que les stocks diminue \u00e0 vue d\u2019\u0153il. Que se soit des fonds de pots, des vieux\u00a0pinceaux ou des pigments, on prend tout <img decoding=\"async\" class=\"wp-smiley\" src=\"http:\/\/web.archive.org\/web\/20130326132417im_\/http:\/\/maison-mimir.com\/wp-includes\/images\/smilies\/icon_wink.gif\" alt=\";-)\" \/><\/p>\n<p>&#8211; <strong>Des belles planches ou tasseaux<\/strong> ou autres bons et beaux morceaux de bois.<\/p>\n<p>&#8211; <strong>De l\u2019isolation<\/strong> : laine de verre, mousses et autres polystyr\u00e8ne pour isoler nos murs.<\/p>\n<p>&#8211; <strong>Bouilloires et cafeti\u00e8res<\/strong> : comme toutes celles que nous avons ont d\u00e9j\u00e0 bien v\u00e9cu avant de venir dans la maison, elles ne durent pas longtemps et pourtant elles sont indispensable, surtout quand les temp\u00e9ratures diminuent.<\/p>\n<p>&#8211; <strong>Sucre, caf\u00e9, th\u00e9<\/strong>\u00a0: effectivement, ce sont des produits que nous achetons r\u00e9guli\u00e8rement, si vous avez des bons plans ca peut nous aider.<\/p>\n<p>&#8211; <strong>Ustensiles et grands r\u00e9cipients de cuisine<\/strong> : tous ce qui est pertinent pour une grande cuisine commune.<\/p>\n<p>&#8211; M\u00eame si l&rsquo;acc\u00e8s \u00e0 l&rsquo;\u00e9lectricit\u00e9 est restreint et les \u00e9v\u00e8nements musicaux r\u00e9duits : <strong>Mat\u00e9riel sono , <\/strong>Enceintes , ampli , compresseur , table de mix , platines , &#8230;- C<strong>\u00e2bles <\/strong>: xlr , jack , spicon , adaptateur , cinch &#8230;. RJ45, Rallonges electrique-<strong> Des instruments de musique <\/strong>: pour pouvoir les mettre \u00e0 disposition lors des Concert et Jam, pour les ateliers, pour le plaisir.- <strong>Du mat\u00e9riel d&rsquo;isolation phonique , <\/strong>mousse acoustique , laine de cellulose , pi\u00e8ges \u00e0 bass\/ Basstraps etc &#8230;<\/p>\n<p>&#8211; <strong>De l&rsquo;argent<\/strong> (on peut toujours r\u00eaver :-p) , <strong>des dons financiers<\/strong> m\u00eame petits soient ils nous ferais beaucoup de bien pour rembourser les travaux de mise aux normes ou pour les frais de fonctionnement.<\/p>\n","protected":false},"excerpt":{"rendered":"<p>Des Signataires &nbsp; Suite \u00e0 l&rsquo;incendie de f\u00e9vrier 2023, un grand projet de reconstruction nouvelle est en chemin , un nouvel espace adapt\u00e9 pour les souhaits sociaux et culturels de l&rsquo;association . De m\u00eame, pour la gestion du lieu et de l&rsquo;association, nous recherchons des personnes anim\u00e9es par la motivation de g\u00e9rer l&rsquo;ensemble et rejoindre [&hellip;]<\/p>\n","protected":false},"author":328,"featured_media":0,"parent":0,"menu_order":0,"comment_status":"closed","ping_status":"closed","template":"","meta":{"footnotes":""},"class_list":["post-523","page","type-page","status-publish","hentry"],"_links":{"self":[{"href":"https:\/\/azqs.com\/maison-mimir\/wp-json\/wp\/v2\/pages\/523"}],"collection":[{"href":"https:\/\/azqs.com\/maison-mimir\/wp-json\/wp\/v2\/pages"}],"about":[{"href":"https:\/\/azqs.com\/maison-mimir\/wp-json\/wp\/v2\/types\/page"}],"author":[{"embeddable":true,"href":"https:\/\/azqs.com\/maison-mimir\/wp-json\/wp\/v2\/users\/328"}],"replies":[{"embeddable":true,"href":"https:\/\/azqs.com\/maison-mimir\/wp-json\/wp\/v2\/comments?post=523"}],"version-history":[{"count":4,"href":"https:\/\/azqs.com\/maison-mimir\/wp-json\/wp\/v2\/pages\/523\/revisions"}],"predecessor-version":[{"id":1898,"href":"https:\/\/azqs.com\/maison-mimir\/wp-json\/wp\/v2\/pages\/523\/revisions\/1898"}],"wp:attachment":[{"href":"https:\/\/azqs.com\/maison-mimir\/wp-json\/wp\/v2\/media?parent=523"}],"curies":[{"name":"wp","href":"https:\/\/api.w.org\/{rel}","templated":true}]}}