{"id":33,"date":"2025-04-17T19:15:21","date_gmt":"2025-04-17T17:15:21","guid":{"rendered":"https:\/\/azqs.com\/lestick\/?page_id=33"},"modified":"2026-04-01T16:50:24","modified_gmt":"2026-04-01T14:50:24","slug":"les-permanances","status":"publish","type":"page","link":"https:\/\/azqs.com\/lestick\/les-permanances\/","title":{"rendered":"Les permanences"},"content":{"rendered":"<div class=\"post-content\">\n<p><em>C&rsquo;est quand ? C&rsquo;est o\u00f9 ?<\/em><\/p>\n<p>Les ateliers se tiennent<strong> tous les jeudis soirs de 18 \u00e0 20 heures <\/strong>et<br \/>\n<strong>les dimanche de 14h \u00e0 16h<br \/>\n<\/strong>\u00e0 la Fabrique, dans le parc Gruber au <strong>91 route des Romains \u00e0 Strasbourg<\/strong>.<\/p>\n<div class=\"entry-content\">\n<table style=\"border-collapse: collapse; width: 98.8124%; height: 110px;\">\n<tbody>\n<tr style=\"height: 162px;\">\n<td style=\"width: 100%; border-style: dotted; background-color: #f7e645; border-color: #000000;\">\n<header class=\"entry-header\">\n<p class=\"entry-title\"><span style=\"font-size: 36pt;\"><a href=\"https:\/\/azqs.com\/lestick\/2026\/03\/31\/nouvel-permanence-au-stick-air-huile-reglages-diagnostique\/\" rel=\"bookmark\">*<br \/>\nNouvelle permanence du mercredi<br \/>\nAir, huile, r\u00e9glages, diagnostique<br \/>\n*<\/a><\/span><\/p>\n<\/header>\n<\/td>\n<\/tr>\n<\/tbody>\n<\/table>\n<\/div>\n<p>Une fois entr\u00e9 dans le site, prendre la rampe \u00e0 droite de Salustra, poursuivre jusque tout en bas et vous y \u00eates. Nous sommes dans les superbes caves \u00e0 glace de l&rsquo;ancienne brasserie, o\u00f9 la temp\u00e9rature est id\u00e9ale, \u00e9t\u00e9 comme hiver :<\/p>\n<p><img loading=\"lazy\" decoding=\"async\" class=\"alignnone wp-image-128 size-full\" src=\"http:\/\/azqs.com\/lestick\/files\/2025\/05\/ateliers.jpg\" alt=\"\" width=\"700\" height=\"145\" srcset=\"https:\/\/azqs.com\/lestick\/files\/2025\/05\/ateliers.jpg 700w, https:\/\/azqs.com\/lestick\/files\/2025\/05\/ateliers-300x62.jpg 300w, https:\/\/azqs.com\/lestick\/files\/2025\/05\/ateliers-619x128.jpg 619w\" sizes=\"(max-width: 700px) 100vw, 700px\" \/><br \/>\nEn vid\u00e9o, \u00e7a donne \u00e7a :<\/p>\n<div style=\"width: 640px;\" class=\"wp-video\"><!--[if lt IE 9]><script>document.createElement('video');<\/script><![endif]-->\n<video class=\"wp-video-shortcode\" id=\"video-33-1\" width=\"640\" height=\"360\" preload=\"metadata\" controls=\"controls\"><source type=\"video\/mp4\" src=\"http:\/\/lestickarchive.azqs.com\/public\/pages\/trouver_le_stick.mp4?_=1\" \/><a href=\"http:\/\/lestickarchive.azqs.com\/public\/pages\/trouver_le_stick.mp4\">http:\/\/lestickarchive.azqs.com\/public\/pages\/trouver_le_stick.mp4<\/a><\/video><\/div>\n<div><\/div>\n<p>On met \u00e0 votre disposition :<\/p>\n<ul>\n<li>une \u00e9quipe de b\u00e9n\u00e9voles enthousiastes et comp\u00e9tent\u00b7e\u00b7s, pour vous accompagner dans vos r\u00e9parations,<\/li>\n<li>des <a href=\"http:\/\/lestickarchive.azqs.com\/index.php?category\/outillage\">outils<\/a> g\u00e9n\u00e9raux et sp\u00e9cialis\u00e9s pour le v\u00e9lo,<\/li>\n<li>de vieux v\u00e9los \u00e0 retaper,<\/li>\n<li>un large stock de pi\u00e8ces de r\u00e9emploi, pour des biclous des ann\u00e9es 70 \u00e0 nos jours, <a href=\"http:\/\/lestickarchive.azqs.com\/public\/archives\/prix_stick.pdf\">\u00e0 prix sympa<\/a>.<\/li>\n<\/ul>\n<p><img loading=\"lazy\" decoding=\"async\" class=\"alignnone wp-image-130 size-full\" src=\"http:\/\/azqs.com\/lestick\/files\/2025\/05\/les_ateliers.jpg\" alt=\"\" width=\"800\" height=\"131\" srcset=\"https:\/\/azqs.com\/lestick\/files\/2025\/05\/les_ateliers.jpg 800w, https:\/\/azqs.com\/lestick\/files\/2025\/05\/les_ateliers-300x49.jpg 300w, https:\/\/azqs.com\/lestick\/files\/2025\/05\/les_ateliers-768x126.jpg 768w, https:\/\/azqs.com\/lestick\/files\/2025\/05\/les_ateliers-619x101.jpg 619w\" sizes=\"(max-width: 800px) 100vw, 800px\" \/><\/p>\n<p>L&rsquo;association est \u00e9galement int\u00e9ress\u00e9e par <strong>les dons de v\u00e9los, quel que soit leur \u00e9tat.<\/strong> Vous pouvez nous les d\u00e9poser ou, si vous n&rsquo;\u00eates pas trop loin, nous passons les chercher avec notre remorque. Les v\u00e9los seront, soit remis en \u00e9tat par un\u00b7e adh\u00e9rent\u00b7e, soit d\u00e9mont\u00e9s pour alimenter notre banque d&rsquo;organes. Les mat\u00e9riaux qui ne peuvent \u00eatre r\u00e9employ\u00e9s sont tri\u00e9s et d\u00e9pos\u00e9s en d\u00e9ch\u00e8terie pour \u00eatre valoris\u00e9s.<\/p>\n<p>Entreprise, association, collectivit\u00e9s : Le SticK est \u00e9galement en mesure de r\u00e9pondre \u00e0 vos besoins en mati\u00e8re d&rsquo;animation v\u00e9lo : nous disposons d&rsquo;un <strong>atelier d&rsquo;autor\u00e9paration mobile<\/strong> propuls\u00e9 \u00e0 la p\u00e9dale et pouvant se d\u00e9placer \u00e0 Strasbourg. Cette prestation est propos\u00e9e sur devis.<\/p>\n<p><img loading=\"lazy\" decoding=\"async\" class=\"alignnone wp-image-129 size-full\" src=\"http:\/\/azqs.com\/lestick\/files\/2025\/05\/benevoles_s.jpg\" alt=\"\" width=\"240\" height=\"135\" \/><\/p>\n<p><strong>Envie de b\u00e9n\u00e9voler ?<\/strong> Vous \u00eates bienvenu\u00b7e !<br \/>\nVous pouvez passer nous voir \u00e0 l&rsquo;une des permanences, on vous expliquera comment \u00e7a marche.<\/p>\n<p>Aucun pr\u00e9requis, notamment en m\u00e9canique, ni minimum de pr\u00e9sence n&rsquo;est demand\u00e9, juste avoir la curiosit\u00e9 et l&rsquo;envie de participer.<\/p>\n<p>En plus des permanences du jeudi 18-20 heures, le Stick vous propose, le <strong>3<sup>e<\/sup> jeudi du mois \u00e0 20h30<\/strong>, la r\u00e9union mensuelle, o\u00f9 se d\u00e9cide la vie de l&rsquo;asso et ou chacun\u00b7e est bienvenu\u00b7e !<\/p>\n<\/div>\n","protected":false},"excerpt":{"rendered":"<p>C&rsquo;est quand ? C&rsquo;est o\u00f9 ? Les ateliers se tiennent tous les jeudis soirs de 18 \u00e0 20 heures et les dimanche de 14h \u00e0 16h \u00e0 la Fabrique, dans le parc Gruber au 91 route des Romains \u00e0 Strasbourg. * Nouvelle permanence du mercredi Air, huile, r\u00e9glages, diagnostique * Une fois entr\u00e9 dans le [&hellip;]<\/p>\n","protected":false},"author":367,"featured_media":0,"parent":0,"menu_order":0,"comment_status":"closed","ping_status":"closed","template":"","meta":{"footnotes":""},"class_list":["post-33","page","type-page","status-publish","hentry"],"_links":{"self":[{"href":"https:\/\/azqs.com\/lestick\/wp-json\/wp\/v2\/pages\/33"}],"collection":[{"href":"https:\/\/azqs.com\/lestick\/wp-json\/wp\/v2\/pages"}],"about":[{"href":"https:\/\/azqs.com\/lestick\/wp-json\/wp\/v2\/types\/page"}],"author":[{"embeddable":true,"href":"https:\/\/azqs.com\/lestick\/wp-json\/wp\/v2\/users\/367"}],"replies":[{"embeddable":true,"href":"https:\/\/azqs.com\/lestick\/wp-json\/wp\/v2\/comments?post=33"}],"version-history":[{"count":6,"href":"https:\/\/azqs.com\/lestick\/wp-json\/wp\/v2\/pages\/33\/revisions"}],"predecessor-version":[{"id":385,"href":"https:\/\/azqs.com\/lestick\/wp-json\/wp\/v2\/pages\/33\/revisions\/385"}],"wp:attachment":[{"href":"https:\/\/azqs.com\/lestick\/wp-json\/wp\/v2\/media?parent=33"}],"curies":[{"name":"wp","href":"https:\/\/api.w.org\/{rel}","templated":true}]}}