{"id":252,"date":"2020-04-04T15:49:37","date_gmt":"2020-04-04T13:49:37","guid":{"rendered":"http:\/\/azqs.com\/lespetitsriens\/?page_id=252"},"modified":"2020-04-04T15:52:01","modified_gmt":"2020-04-04T13:52:01","slug":"la-maison-mimir","status":"publish","type":"page","link":"https:\/\/azqs.com\/lespetitsriens\/la-maison-mimir\/","title":{"rendered":"La maison Mimir"},"content":{"rendered":"<ul>\n<li><a href=\"http:\/\/azqs.com\/lespetitsriens\/quest-ce-que-la-maison-mimir\/\" target=\"_blank\" rel=\"noopener noreferrer\">Qu&rsquo;est-ce que la maison Mimir ?<\/a><br \/>\nPr\u00e9sentation de la maison Mimir en quelques mots.<\/li>\n<li><a href=\"http:\/\/azqs.com\/lespetitsriens\/le-principe\/\" target=\"_blank\" rel=\"noopener noreferrer\">Le principe<\/a><br \/>\nUn des outils principaux de la recherche ethnologique, l&rsquo;entretien photographique, est pr\u00e9sent\u00e9 ici.<\/li>\n<li><a href=\"http:\/\/azqs.com\/lespetitsriens\/les-personnages\/\" target=\"_blank\" rel=\"noopener noreferrer\">Les personnages de l&rsquo;histoire<\/a><br \/>\nPr\u00e9sentation des neufs mimiriens qui ont particip\u00e9 \u00e0 l&rsquo;\u00e9tude.<\/li>\n<li><a href=\"http:\/\/azqs.com\/lespetitsriens\/category\/temoignages-photos\/\" target=\"_blank\" rel=\"noopener noreferrer\">Les t\u00e9moignages photos<\/a><br \/>\nLes articles pr\u00e9sentent les t\u00e9moignages illustr\u00e9s par les photographies correspondantes.<\/li>\n<li><a href=\"http:\/\/azqs.com\/lespetitsriens\/temoignages-photos-en-video\/\" target=\"_blank\" rel=\"noopener noreferrer\">Les t\u00e9moignages en vid\u00e9o<\/a><br \/>\nUne vid\u00e9o reprenant quatre de ces t\u00e9moignages a \u00e9t\u00e9 r\u00e9alis\u00e9e.<\/li>\n<\/ul>\n","protected":false},"excerpt":{"rendered":"<p>Qu&rsquo;est-ce que la maison Mimir ? Pr\u00e9sentation de la maison Mimir en quelques mots. Le principe Un des outils principaux de la recherche ethnologique, l&rsquo;entretien photographique, est pr\u00e9sent\u00e9 ici. Les personnages de l&rsquo;histoire Pr\u00e9sentation des neufs mimiriens qui ont particip\u00e9 &hellip; <a href=\"https:\/\/azqs.com\/lespetitsriens\/la-maison-mimir\/\">Continuer la lecture <span class=\"meta-nav\">&rarr;<\/span><\/a><\/p>\n","protected":false},"author":347,"featured_media":0,"parent":0,"menu_order":0,"comment_status":"closed","ping_status":"closed","template":"","meta":{"footnotes":""},"class_list":["post-252","page","type-page","status-publish","hentry"],"_links":{"self":[{"href":"https:\/\/azqs.com\/lespetitsriens\/wp-json\/wp\/v2\/pages\/252"}],"collection":[{"href":"https:\/\/azqs.com\/lespetitsriens\/wp-json\/wp\/v2\/pages"}],"about":[{"href":"https:\/\/azqs.com\/lespetitsriens\/wp-json\/wp\/v2\/types\/page"}],"author":[{"embeddable":true,"href":"https:\/\/azqs.com\/lespetitsriens\/wp-json\/wp\/v2\/users\/347"}],"replies":[{"embeddable":true,"href":"https:\/\/azqs.com\/lespetitsriens\/wp-json\/wp\/v2\/comments?post=252"}],"version-history":[{"count":4,"href":"https:\/\/azqs.com\/lespetitsriens\/wp-json\/wp\/v2\/pages\/252\/revisions"}],"predecessor-version":[{"id":259,"href":"https:\/\/azqs.com\/lespetitsriens\/wp-json\/wp\/v2\/pages\/252\/revisions\/259"}],"wp:attachment":[{"href":"https:\/\/azqs.com\/lespetitsriens\/wp-json\/wp\/v2\/media?parent=252"}],"curies":[{"name":"wp","href":"https:\/\/api.w.org\/{rel}","templated":true}]}}