{"id":2,"date":"2020-03-22T15:22:21","date_gmt":"2020-03-22T14:22:21","guid":{"rendered":"http:\/\/azqs.com\/lespetitsriens\/?page_id=2"},"modified":"2026-01-27T14:32:11","modified_gmt":"2026-01-27T13:32:11","slug":"page-d-exemple","status":"publish","type":"page","link":"https:\/\/azqs.com\/lespetitsriens\/","title":{"rendered":"Les petits riens d&rsquo;une soci\u00e9t\u00e9 en mouvement"},"content":{"rendered":"<p style=\"text-align: center\"><span style=\"font-size: 18pt\">Oph\u00e9lie MEYER TSCHUDY<\/span><br \/>\n<span style=\"font-size: 14pt\">Psychologue Clinicienne<\/span><br \/>\n<em><span style=\"font-size: 10pt\">th\u00e9rapie &#8211; analyse de pratique &#8211; supervision &#8211; formation travail social<\/span><\/em><\/p>\n<p style=\"text-align: center\">Ouverture : Septembre 2025<\/p>\n<p style=\"text-align: center\"><span style=\"text-decoration: underline\">Sur rendez-vous<\/span> :<br \/>\n06.95.27.07.26<br \/>\nOphelie-meyer-tschudy@riseup.net<\/p>\n<p style=\"text-align: center\">155 rue de l\u2019\u00e9glise<br \/>\n67130 WILDERSBACH<br \/>\nVall\u00e9e de la Bruche<\/p>\n<p>Les s\u00e9ances peuvent se d\u00e9rouler \u00e0 domicile, un forfait kilom\u00e9trique s\u2019appliquant selon le tableau ci-dessous :<\/p>\n<table>\n<thead>\n<tr>\n<td><strong>Distance aller-retour<\/strong><\/td>\n<td><strong>Forfait d\u00e9placement<\/strong><\/td>\n<\/tr>\n<\/thead>\n<tbody>\n<tr>\n<td>0 \u2013 10 km<\/td>\n<td>5 \u20ac<\/td>\n<\/tr>\n<tr>\n<td>10 \u2013 20 km<\/td>\n<td>10 \u20ac<\/td>\n<\/tr>\n<tr>\n<td>20 \u2013 30 km<\/td>\n<td>13 \u20ac<\/td>\n<\/tr>\n<tr>\n<td>30 \u2013 40 km<\/td>\n<td>15 \u20ac<\/td>\n<\/tr>\n<tr>\n<td>Au-del\u00e0 de 40 km<\/td>\n<td>Sur accord pr\u00e9alable<\/td>\n<\/tr>\n<\/tbody>\n<\/table>\n<p>Le forfait d\u00e9placement est calcul\u00e9 en fonction de la distance aller-retour.<\/p>\n<p>&nbsp;<\/p>\n<p>&nbsp;<\/p>\n<p>Sortie de livre :<\/p>\n<p><strong><em>Les petits riens d&rsquo;une soci\u00e9t\u00e9 en mouvement &#8211; Maison Mimir, espace social autog\u00e9r\u00e9<\/em><br \/>\nUne ethnologie urbaine du pr\u00e9sent <\/strong>par Oph\u00e9lie Aline Meyer &#8211; 2021<\/p>\n<p style=\"text-align: center\">Nouveau temps d&rsquo;exposition et de distribution des livres<br \/>\n<a href=\"https:\/\/www.facebook.com\/events\/1330131287509884\" target=\"_blank\" rel=\"noopener noreferrer\"><span style=\"font-size: 18pt\">Les Escales F\u00e9minines : March\u00e9 des cr\u00e9atrices\/artisanes<\/span><\/a><\/p>\n<p><img loading=\"lazy\" decoding=\"async\" class=\"size-medium wp-image-1061 aligncenter\" src=\"http:\/\/azqs.com\/lespetitsriens\/files\/2022\/06\/289283180_515458790320073_752252864240195903_n-213x300.jpg\" alt=\"\" width=\"213\" height=\"300\" srcset=\"https:\/\/azqs.com\/lespetitsriens\/files\/2022\/06\/289283180_515458790320073_752252864240195903_n-213x300.jpg 213w, https:\/\/azqs.com\/lespetitsriens\/files\/2022\/06\/289283180_515458790320073_752252864240195903_n-727x1024.jpg 727w, https:\/\/azqs.com\/lespetitsriens\/files\/2022\/06\/289283180_515458790320073_752252864240195903_n-768x1082.jpg 768w, https:\/\/azqs.com\/lespetitsriens\/files\/2022\/06\/289283180_515458790320073_752252864240195903_n-1091x1536.jpg 1091w, https:\/\/azqs.com\/lespetitsriens\/files\/2022\/06\/289283180_515458790320073_752252864240195903_n.jpg 1454w\" sizes=\"(max-width: 213px) 100vw, 213px\" \/><\/p>\n<p style=\"text-align: center\"><a href=\"https:\/\/www.facebook.com\/events\/1330131287509884\" target=\"_blank\" rel=\"noopener noreferrer\">Le 2 juillet 2022 \u00e0 14h<\/a><br \/>\n<span style=\"font-size: 14pt\">Au Centre Socio-Culturel de l&rsquo;Escale<\/span><br \/>\n<span style=\"font-size: 10pt\">78 rue du Docteur Fran\u00e7ois<\/span><br \/>\n<span style=\"font-size: 10pt\">67000 Strasbourg<\/span><br \/>\n<span style=\"font-size: 10pt\">(Strasbourg &#8211; Robertsau)<\/span><\/p>\n<p style=\"text-align: center\"><span style=\"font-size: 12pt\">\u00a0<\/span><\/p>\n<p><img loading=\"lazy\" decoding=\"async\" class=\"size-medium wp-image-1033 aligncenter\" src=\"http:\/\/azqs.com\/lespetitsriens\/files\/2022\/03\/277082904_667827424545432_1677958808482025704_n-214x300.jpg\" alt=\"\" width=\"214\" height=\"300\" \/><\/p>\n<p style=\"text-align: center\"><span style=\"font-size: 10pt\"><em>Cr\u00e9dit photo : Adrien Berthet<\/em><\/span><\/p>\n<p style=\"text-align: center\"><a href=\"https:\/\/www.facebook.com\/events\/2125915714240570?acontext=%7B%22source%22%3A%2229%22%2C%22ref_notif_type%22%3A%22plan_user_joined%22%2C%22action_history%22%3A%22null%22%7D&amp;notif_id=1648576877463226&amp;notif_t=plan_user_joined&amp;ref=notif\" target=\"_blank\" rel=\"noopener noreferrer\">Sortie le 23 avril 2022 \u00e0 la maison Mimir<\/a><br \/>\n18 rue Prechter 67000 Strasbourg<\/p>\n<p><strong>Programmation :<\/strong><br \/>\n15H : Ouverture des portes en musique avec la confr\u00e9rie des ma\u00eetres pipiers<br \/>\n15H30 : 1\u00e8re visite guid\u00e9e de la maison<br \/>\n<span style=\"font-size: 14pt\"><strong>17H : <\/strong><\/span><span style=\"font-size: 14pt\"><strong>Pr\u00e9sentation du livre et d\u00e9dicaces<\/strong><\/span><br \/>\n17H45 : 2\u00e8me visite guid\u00e9e<br \/>\n18H-19H30 : Ap\u00e9ro-mix avec DJ Alt F4<br \/>\n19H15 : 3\u00e8me visite guid\u00e9e<br \/>\n19H30-21H : La confr\u00e9rie des ma\u00eetres pipiers<br \/>\n21H-23H : DJ Saumon<br \/>\n23H-1H : Alt F4 \u00ab techno pas bourrin \u00bb<\/p>\n<p>Pour s&rsquo;inscrire aux visites guid\u00e9es, cliquer <a href=\"https:\/\/my.weezevent.com\/visite-guidee-mimir?fbclid=IwAR0Qd6x5dRM5wk6gXcCL_JIQfFpcGMat7YX_nahP4VG-nhx0nSXiOb0bf98\">ici<\/a>.<\/p>\n<p>&nbsp;<\/p>\n<p>Ils en parlent :<\/p>\n<ul>\n<li>Podcast Zone de confort (16\/06\/2022) : <a href=\"https:\/\/open.spotify.com\/episode\/708G5ZI6XKOM8KCDajMzw2\" target=\"_blank\" rel=\"noopener noreferrer\">\u00e9pisode 9 &#8211; par Chris Goguel d&rsquo;Allondans<\/a><\/li>\n<\/ul>\n<p>&nbsp;<\/p>\n<ul>\n<li>TV8 Reportage (31\/05\/2022) : <a href=\"https:\/\/tv8.fr\/la-maison-mimir-vue-par-une-anthropologue\/\" target=\"_blank\" rel=\"noopener noreferrer\">La maison Mimir vue par une anthropologue<\/a><\/li>\n<\/ul>\n<p>&nbsp;<\/p>\n<ul>\n<li>Le R\u00e9publicain Lorrain (11\/05\/2022) : \u00ab\u00a0Moselle :\u00a0<a href=\"https:\/\/www.republicain-lorrain.fr\/culture-loisirs\/2022\/05\/11\/originaire-d-alsting-la-chercheuse-ophelie-aline-meyer-signe-son-premier-livre\" target=\"_blank\" rel=\"noopener noreferrer\">Originaire d\u2019Alsting, la chercheuse Oph\u00e9lie Aline Meyer signe son premier livre\u00a0\u00bb<\/a><\/li>\n<\/ul>\n<p>&nbsp;<\/p>\n<ul>\n<li>Derni\u00e8res Nouvelles d&rsquo;Alsace (23\/04\/2022) : <a href=\"https:\/\/www.dna.fr\/culture-loisirs\/2022\/04\/23\/maison-mimir-des-squatteurs-vus-par-une-anthropologue\" target=\"_blank\" rel=\"noopener noreferrer\">\u00ab\u00a0Maison Mimir, Des squatteurs vus par une anthropologue\u00a0\u00bb<\/a><\/li>\n<\/ul>\n<p><img loading=\"lazy\" decoding=\"async\" class=\"size-medium wp-image-1046 aligncenter\" src=\"http:\/\/azqs.com\/lespetitsriens\/files\/2022\/04\/IMG-3752-300x225.jpg\" alt=\"\" width=\"300\" height=\"225\" srcset=\"https:\/\/azqs.com\/lespetitsriens\/files\/2022\/04\/IMG-3752-300x225.jpg 300w, https:\/\/azqs.com\/lespetitsriens\/files\/2022\/04\/IMG-3752-1024x768.jpg 1024w, https:\/\/azqs.com\/lespetitsriens\/files\/2022\/04\/IMG-3752-768x576.jpg 768w, https:\/\/azqs.com\/lespetitsriens\/files\/2022\/04\/IMG-3752-1536x1152.jpg 1536w, https:\/\/azqs.com\/lespetitsriens\/files\/2022\/04\/IMG-3752-2048x1536.jpg 2048w\" sizes=\"(max-width: 300px) 100vw, 300px\" \/><\/p>\n<ul>\n<li>Alsace 20, JT de 19h (22\/04\/2022) : <a href=\"https:\/\/www.alsace20.tv\/VOD\/Actu\/grand-format\/Grand-format-Ophelie-Meyer-raconte-son-livre-sur-Maison-Mimir-6yOlI6gXCj.html\" target=\"_blank\" rel=\"noopener noreferrer\">\u00ab\u00a0Grand format : Oph\u00e9lie Meyer raconte son livre sur la maison Mimir\u00a0\u00bb<\/a><\/li>\n<\/ul>\n<p><img loading=\"lazy\" decoding=\"async\" class=\"size-medium wp-image-1045 aligncenter\" src=\"http:\/\/azqs.com\/lespetitsriens\/files\/2022\/04\/Screenshot-2022-04-26-at-13-39-29-Grand-format-Oph\u00e9lie-Meyer-raconte-son-livre-sur-la-Maison-Mimir-300x169.png\" alt=\"\" width=\"300\" height=\"169\" srcset=\"https:\/\/azqs.com\/lespetitsriens\/files\/2022\/04\/Screenshot-2022-04-26-at-13-39-29-Grand-format-Oph\u00e9lie-Meyer-raconte-son-livre-sur-la-Maison-Mimir-300x169.png 300w, https:\/\/azqs.com\/lespetitsriens\/files\/2022\/04\/Screenshot-2022-04-26-at-13-39-29-Grand-format-Oph\u00e9lie-Meyer-raconte-son-livre-sur-la-Maison-Mimir-768x432.png 768w, https:\/\/azqs.com\/lespetitsriens\/files\/2022\/04\/Screenshot-2022-04-26-at-13-39-29-Grand-format-Oph\u00e9lie-Meyer-raconte-son-livre-sur-la-Maison-Mimir.png 953w\" sizes=\"(max-width: 300px) 100vw, 300px\" \/><\/p>\n<ul>\n<li>France Bleu Alsace <a href=\"https:\/\/www.francebleu.fr\/emissions\/un-alsacien-formidable\/alsace?fbclid=IwAR1kDRJd2xIxgVZ96oGAOs4ZE-dvXegfFqAsgVmdoSvgwcq7p2oQ5n3sf3Y\" target=\"_blank\" rel=\"noopener noreferrer\">\u00ab\u00a0Un alsacien\/une alsacienne formidable\u00a0\u00bb<\/a> (21\/04\/2022)<\/li>\n<\/ul>\n<div id=\"attachment_1042\" style=\"width: 254px\" class=\"wp-caption aligncenter\"><img loading=\"lazy\" decoding=\"async\" aria-describedby=\"caption-attachment-1042\" class=\"wp-image-1042 \" src=\"http:\/\/azqs.com\/lespetitsriens\/files\/2022\/04\/Un-alsacien-formidable-300x169.jpg\" alt=\"\" width=\"244\" height=\"138\" srcset=\"https:\/\/azqs.com\/lespetitsriens\/files\/2022\/04\/Un-alsacien-formidable-300x169.jpg 300w, https:\/\/azqs.com\/lespetitsriens\/files\/2022\/04\/Un-alsacien-formidable-768x432.jpg 768w, https:\/\/azqs.com\/lespetitsriens\/files\/2022\/04\/Un-alsacien-formidable.jpg 870w\" sizes=\"(max-width: 244px) 100vw, 244px\" \/><p id=\"caption-attachment-1042\" class=\"wp-caption-text\">Un Alsacien ou Alsacienne formidable ! \u00a9 Getty &#8211; Peter Dazeley<\/p><\/div>\n<p>&nbsp;<\/p>\n<ul>\n<li>Pokaa (7\/10\/2020)<br \/>\n<a href=\"https:\/\/pokaa.fr\/2020\/10\/07\/de-maison-close-a-lieu-daccueil-pour-les-plus-demunis-la-maison-mimir-fete-ses-10-ans\/?fbclid=IwAR05pI1zQfqy44wYMHUmzMSCqbry-nTAYgvNa8Rs_Sln4NqNH294HHMWagc\" target=\"_blank\" rel=\"noopener noreferrer\">De maison close \u00e0 lieu d\u2019accueil pour les plus d\u00e9munis : la Maison Mimir f\u00eate ses 10 ans<\/a><\/li>\n<\/ul>\n<div style=\"width: 388px\" class=\"wp-caption aligncenter\"><img loading=\"lazy\" decoding=\"async\" class=\"\" src=\"https:\/\/pokaa.fr\/wp-content\/uploads\/2020\/10\/mimir-renaudeugenie-strasbourg-1536x1021.jpg\" width=\"378\" height=\"251\" \/><p class=\"wp-caption-text\">Renaud et Eug\u00e9nie font partie des anciens de la Maison Mimir. \u00a9 Thibault Vetter<\/p><\/div>\n<div style=\"width: 219px\" class=\"wp-caption aligncenter\"><img loading=\"lazy\" decoding=\"async\" class=\"\" src=\"https:\/\/pokaa.fr\/wp-content\/uploads\/2020\/10\/mimir-ophelie-strasbourg-1536x1021.jpg\" width=\"209\" height=\"139\" \/><p class=\"wp-caption-text\">Oph\u00e9lie a aussi \u00e9crit un livre sur la Maison Mimir. \u00a9 Thibault Vetter<\/p><\/div>\n<ul>\n<li>Satan bouche un coin (27\/09\/2020)<br \/>\n<a href=\"https:\/\/satanboucheuncoin.com\/2020\/09\/27\/les-petits-riens-dune-societe-en-mouvement-la-maison-mimir-de-ophelie-meyer\/?fbclid=IwAR2JIiis1kSi4ljsFjXW3Aj7NNgYVhCgnvLdLVccy7t_drPysUgCm99qahY\" target=\"_blank\" rel=\"noopener noreferrer\">Les petits riens d\u2019une soci\u00e9t\u00e9 en mouvement \u2013 La Maison Mimir \u2013 de Oph\u00e9lie MEYER<\/a><\/li>\n<\/ul>\n<p>&nbsp;<\/p>\n<p>Teaser du film <em>R\u00eaves en chantier<\/em>, r\u00e9alis\u00e9 par H\u00e9l\u00e8ne Rastegar, Dora production, 2019.<\/p>\n<p><iframe loading=\"lazy\" title=\"2019 R\u00caVES EN CHANTIER\" src=\"https:\/\/player.vimeo.com\/video\/318798528?dnt=1&amp;app_id=122963\" width=\"640\" height=\"360\" frameborder=\"0\" allow=\"autoplay; fullscreen; picture-in-picture; clipboard-write; encrypted-media; web-share\" referrerpolicy=\"strict-origin-when-cross-origin\"><\/iframe><\/p>\n<p>&nbsp;<\/p>\n","protected":false},"excerpt":{"rendered":"<p>Oph\u00e9lie MEYER TSCHUDY Psychologue Clinicienne th\u00e9rapie &#8211; analyse de pratique &#8211; supervision &#8211; formation travail social Ouverture : Septembre 2025 Sur rendez-vous : 06.95.27.07.26 Ophelie-meyer-tschudy@riseup.net 155 rue de l\u2019\u00e9glise 67130 WILDERSBACH Vall\u00e9e de la Bruche Les s\u00e9ances peuvent se d\u00e9rouler &hellip; <a href=\"https:\/\/azqs.com\/lespetitsriens\/\">Continuer la lecture <span class=\"meta-nav\">&rarr;<\/span><\/a><\/p>\n","protected":false},"author":347,"featured_media":0,"parent":0,"menu_order":0,"comment_status":"closed","ping_status":"open","template":"","meta":{"footnotes":""},"class_list":["post-2","page","type-page","status-publish","hentry"],"_links":{"self":[{"href":"https:\/\/azqs.com\/lespetitsriens\/wp-json\/wp\/v2\/pages\/2"}],"collection":[{"href":"https:\/\/azqs.com\/lespetitsriens\/wp-json\/wp\/v2\/pages"}],"about":[{"href":"https:\/\/azqs.com\/lespetitsriens\/wp-json\/wp\/v2\/types\/page"}],"author":[{"embeddable":true,"href":"https:\/\/azqs.com\/lespetitsriens\/wp-json\/wp\/v2\/users\/347"}],"replies":[{"embeddable":true,"href":"https:\/\/azqs.com\/lespetitsriens\/wp-json\/wp\/v2\/comments?post=2"}],"version-history":[{"count":4,"href":"https:\/\/azqs.com\/lespetitsriens\/wp-json\/wp\/v2\/pages\/2\/revisions"}],"predecessor-version":[{"id":1143,"href":"https:\/\/azqs.com\/lespetitsriens\/wp-json\/wp\/v2\/pages\/2\/revisions\/1143"}],"wp:attachment":[{"href":"https:\/\/azqs.com\/lespetitsriens\/wp-json\/wp\/v2\/media?parent=2"}],"curies":[{"name":"wp","href":"https:\/\/api.w.org\/{rel}","templated":true}]}}