{"id":140,"date":"2020-03-28T11:33:43","date_gmt":"2020-03-28T10:33:43","guid":{"rendered":"http:\/\/azqs.com\/lespetitsriens\/?page_id=140"},"modified":"2020-04-21T13:15:56","modified_gmt":"2020-04-21T11:15:56","slug":"temoignages-photos-en-video","status":"publish","type":"page","link":"https:\/\/azqs.com\/lespetitsriens\/temoignages-photos-en-video\/","title":{"rendered":"Les t\u00e9moignages en vid\u00e9o"},"content":{"rendered":"<h1 style=\"text-align: justify\">Maison Mimir, regards crois\u00e9s<\/h1>\n<p><iframe loading=\"lazy\" title=\"Maison Mimir, regards crois\u00e9s\" width=\"640\" height=\"360\" src=\"https:\/\/www.youtube.com\/embed\/Lhafw7P__Jo?start=12&#038;feature=oembed\" frameborder=\"0\" allow=\"accelerometer; autoplay; clipboard-write; encrypted-media; gyroscope; picture-in-picture; web-share\" referrerpolicy=\"strict-origin-when-cross-origin\" allowfullscreen><\/iframe><\/p>\n<p style=\"text-align: justify\">En 2016, \u00e0 Strasbourg, quelques mimiriens et mimiriennes jouent le jeu du t\u00e9moignage. Appareil photo en main, les protagonistes se demandent : \u00ab\u00a0Qu&rsquo;est-ce que la maison Mimir pour moi?\u00a0\u00bb<br \/>\nChaque photo est le fruit d&rsquo;une repr\u00e9sentation singuli\u00e8re qui d\u00e9ploie peu \u00e0 peu une histoire collective : celle de la maison Mimir, un espace social, culturel et artistique autog\u00e9r\u00e9.<\/p>\n<p style=\"text-align: justify\">Une anthropologie visuelle par Oph\u00e9lie Aline Meyer<\/p>\n<p style=\"text-align: justify\">Montage : Hugo Cazes et Oph\u00e9lie Aline Meyer<\/p>\n","protected":false},"excerpt":{"rendered":"<p>Maison Mimir, regards crois\u00e9s En 2016, \u00e0 Strasbourg, quelques mimiriens et mimiriennes jouent le jeu du t\u00e9moignage. Appareil photo en main, les protagonistes se demandent : \u00ab\u00a0Qu&rsquo;est-ce que la maison Mimir pour moi?\u00a0\u00bb Chaque photo est le fruit d&rsquo;une repr\u00e9sentation &hellip; <a href=\"https:\/\/azqs.com\/lespetitsriens\/temoignages-photos-en-video\/\">Continuer la lecture <span class=\"meta-nav\">&rarr;<\/span><\/a><\/p>\n","protected":false},"author":347,"featured_media":0,"parent":0,"menu_order":0,"comment_status":"closed","ping_status":"closed","template":"","meta":{"footnotes":""},"class_list":["post-140","page","type-page","status-publish","hentry"],"_links":{"self":[{"href":"https:\/\/azqs.com\/lespetitsriens\/wp-json\/wp\/v2\/pages\/140"}],"collection":[{"href":"https:\/\/azqs.com\/lespetitsriens\/wp-json\/wp\/v2\/pages"}],"about":[{"href":"https:\/\/azqs.com\/lespetitsriens\/wp-json\/wp\/v2\/types\/page"}],"author":[{"embeddable":true,"href":"https:\/\/azqs.com\/lespetitsriens\/wp-json\/wp\/v2\/users\/347"}],"replies":[{"embeddable":true,"href":"https:\/\/azqs.com\/lespetitsriens\/wp-json\/wp\/v2\/comments?post=140"}],"version-history":[{"count":4,"href":"https:\/\/azqs.com\/lespetitsriens\/wp-json\/wp\/v2\/pages\/140\/revisions"}],"predecessor-version":[{"id":384,"href":"https:\/\/azqs.com\/lespetitsriens\/wp-json\/wp\/v2\/pages\/140\/revisions\/384"}],"wp:attachment":[{"href":"https:\/\/azqs.com\/lespetitsriens\/wp-json\/wp\/v2\/media?parent=140"}],"curies":[{"name":"wp","href":"https:\/\/api.w.org\/{rel}","templated":true}]}}