{"id":106,"date":"2020-03-26T11:50:13","date_gmt":"2020-03-26T10:50:13","guid":{"rendered":"http:\/\/azqs.com\/lespetitsriens\/?page_id=106"},"modified":"2020-04-21T13:27:17","modified_gmt":"2020-04-21T11:27:17","slug":"le-principe","status":"publish","type":"page","link":"https:\/\/azqs.com\/lespetitsriens\/le-principe\/","title":{"rendered":"Le principe"},"content":{"rendered":"<p style=\"text-align: justify\">\u00c0 partir du 4 f\u00e9vrier 2016, j\u2019ai distribu\u00e9 neuf appareils photos \u00e0 neuf b\u00e9n\u00e9voles de l\u2019association Mimir. Mes crit\u00e8res \u00e9taient les suivants : mixit\u00e9, parit\u00e9 et diversit\u00e9 des g\u00e9n\u00e9rations. Je les ai donn\u00e9s \u00e0 des femmes et des hommes \u00e9tant soit anciens, soit pr\u00e9sents ou peut-\u00ad\u00eatre futurs habitants, soit b\u00e9n\u00e9voles. Certains pouvaient \u00eatre impliqu\u00e9s dans l\u2019association depuis ses d\u00e9buts, d&rsquo;autres \u00eatre parmi les derniers arriv\u00e9s, en novembre 2015.<\/p>\n<p style=\"text-align: justify\">Ma demande \u00e9tait la suivante :<\/p>\n<p style=\"text-align: justify\">\u00ab J\u2019aimerais savoir ce qu\u2019est Mimir pour toi ? Qu\u2019est\u00ad-ce qui est important ? Et j\u2019aimerais que tu me le montres avec des photos. Ensuite, je d\u00e9velopperai ces photos, nous les regarderons ensemble et tu m\u2019en parleras. L\u2019entretien sera enregistr\u00e9, puis j\u2019en ferai un montage en mettant tes propres paroles sur les photos correspondantes. \u00bb<\/p>\n<p style=\"text-align: justify\">Les entretiens se sont d\u00e9roul\u00e9s en fonction des disponibilit\u00e9s de chacun, sur un temps allant du 17 avril 2016 au 20 ao\u00fbt 2017. C\u2019est en partant de ce travail pr\u00e9liminaire que j\u2019ai commenc\u00e9 \u00e0 \u00e9crire. J\u2019ai retranscrit les divers discours en y adjoignant les photographies qui correspondaient. Il s\u2019agissait l\u00e0 de relier tous ces regards pour mieux comprendre le fonctionnement pr\u00e9sent du lieu, en attachant une grande importance \u00e0 la continuit\u00e9 historique dans laquelle l\u2019association Mimir s\u2019inscrit depuis 2010.<br \/>\nJe leur ai laiss\u00e9 trois mois pour faire ce travail.<\/p>\n<p style=\"text-align: justify\">Certains \u00e9taient pr\u00e9occup\u00e9s : il n\u2019\u00e9tait pas ais\u00e9 pour eux de me dire ce qu\u2019\u00e9tait Mimir au travers de photographies, puisque la maison \u00e9tait ferm\u00e9e. Je leur r\u00e9pondais alors qu\u2019il n\u2019y avait pas meilleur moment pour ce travail, car nous \u00e9tions \u00e0 un tournant de l\u2019association. Ils l\u2019ont confirm\u00e9 lors des entretiens, o\u00f9 souvenirs pass\u00e9s et projections futures se sont m\u00eal\u00e9s dans la description des images.<\/p>\n<p style=\"text-align: justify\">J\u2019ai choisi l\u2019option de l\u2019entretien libre, non\u00ad-directif. Les photographies amenaient d\u2019elles\u00ad-m\u00eames la direction. J\u2019ai num\u00e9rot\u00e9 chaque photo de la plus ancienne \u00e0 la plus r\u00e9cente pour pouvoir les rep\u00e9rer. Lors de chaque entretien, j\u2019ai commenc\u00e9 par r\u00e9expliquer la d\u00e9marche anthropologique \u00e0 mes interlocuteurs : \u00ab Tu te souviens avoir pris des photos ? Nous allons parler de chacune d\u2019entre elles. Tu me les d\u00e9cris et tu m\u2019en parles en gardant \u00e0 l\u2019esprit ma question initiale : c\u2019est quoi Mimir pour toi ? Tu changes de photo quand tu le souhaites. Tout ce que je te demande, c\u2019est de me donner le num\u00e9ro de la photo avant de commencer \u00e0 m\u2019en parler. \u00bb<\/p>\n<p style=\"text-align: justify\">La dur\u00e9e des entretiens variait de vingt minutes \u00e0 une heure quarante pour le plus long d\u2019entre eux. Je suis peu intervenue et lorsqu\u2019une question me venait \u00e0 l\u2019esprit, je laissais aller ma curiosit\u00e9 l\u00e0 o\u00f9 elle me menait. Ces entretiens ont ensuite \u00e9t\u00e9 retranscrits pour que je puisse les analyser et en ressortir les exp\u00e9riences et les diff\u00e9rents discours. Ce qui m\u2019int\u00e9ressait \u00e9tait de rep\u00e9rer ce qui se recoupait dans les propos de chacun, ce qui les r\u00e9unissait et faisait contrat social. J\u2019\u00e9tais \u00e9galement tr\u00e8s int\u00e9ress\u00e9e par ce qui, au contraire, pouvait tenir du discours singulier et des avis divergents. La maison Mimir \u00e9tant ouverte \u00e0 tous et un lieu de passage tr\u00e8s fr\u00e9quent\u00e9, comment pouvaient-\u00adils constituer un groupe, malgr\u00e9 les d\u00e9saccords ?<\/p>\n<p style=\"text-align: justify\">Ces entretiens ont permis de construire l\u2019histoire r\u00e9cente de l\u2019association.<\/p>\n<ul>\n<li><a href=\"http:\/\/azqs.com\/lespetitsriens\/les-personnages\/\" target=\"_blank\" rel=\"noopener noreferrer\">D\u00e9couvrir les personnages de l&rsquo;histoire<\/a><\/li>\n<li><a href=\"http:\/\/azqs.com\/lespetitsriens\/category\/temoignages-photos\/\" target=\"_blank\" rel=\"noopener noreferrer\">Acc\u00e9der aux t\u00e9moignages photographiques<\/a><\/li>\n<li><a href=\"http:\/\/azqs.com\/lespetitsriens\/temoignages-photos-en-video\/\" target=\"_blank\" rel=\"noopener noreferrer\">Visionner le montage audio-visuel : Maison Mimir, regards crois\u00e9s<\/a><\/li>\n<\/ul>\n","protected":false},"excerpt":{"rendered":"<p>\u00c0 partir du 4 f\u00e9vrier 2016, j\u2019ai distribu\u00e9 neuf appareils photos \u00e0 neuf b\u00e9n\u00e9voles de l\u2019association Mimir. Mes crit\u00e8res \u00e9taient les suivants : mixit\u00e9, parit\u00e9 et diversit\u00e9 des g\u00e9n\u00e9rations. Je les ai donn\u00e9s \u00e0 des femmes et des hommes \u00e9tant &hellip; <a href=\"https:\/\/azqs.com\/lespetitsriens\/le-principe\/\">Continuer la lecture <span class=\"meta-nav\">&rarr;<\/span><\/a><\/p>\n","protected":false},"author":347,"featured_media":0,"parent":0,"menu_order":0,"comment_status":"closed","ping_status":"closed","template":"","meta":{"footnotes":""},"class_list":["post-106","page","type-page","status-publish","hentry"],"_links":{"self":[{"href":"https:\/\/azqs.com\/lespetitsriens\/wp-json\/wp\/v2\/pages\/106"}],"collection":[{"href":"https:\/\/azqs.com\/lespetitsriens\/wp-json\/wp\/v2\/pages"}],"about":[{"href":"https:\/\/azqs.com\/lespetitsriens\/wp-json\/wp\/v2\/types\/page"}],"author":[{"embeddable":true,"href":"https:\/\/azqs.com\/lespetitsriens\/wp-json\/wp\/v2\/users\/347"}],"replies":[{"embeddable":true,"href":"https:\/\/azqs.com\/lespetitsriens\/wp-json\/wp\/v2\/comments?post=106"}],"version-history":[{"count":4,"href":"https:\/\/azqs.com\/lespetitsriens\/wp-json\/wp\/v2\/pages\/106\/revisions"}],"predecessor-version":[{"id":387,"href":"https:\/\/azqs.com\/lespetitsriens\/wp-json\/wp\/v2\/pages\/106\/revisions\/387"}],"wp:attachment":[{"href":"https:\/\/azqs.com\/lespetitsriens\/wp-json\/wp\/v2\/media?parent=106"}],"curies":[{"name":"wp","href":"https:\/\/api.w.org\/{rel}","templated":true}]}}