{"id":100,"date":"2020-03-26T11:32:44","date_gmt":"2020-03-26T10:32:44","guid":{"rendered":"http:\/\/azqs.com\/lespetitsriens\/?page_id=100"},"modified":"2020-04-22T13:49:20","modified_gmt":"2020-04-22T11:49:20","slug":"quest-ce-que-la-maison-mimir","status":"publish","type":"page","link":"https:\/\/azqs.com\/lespetitsriens\/quest-ce-que-la-maison-mimir\/","title":{"rendered":"Qu&rsquo;est-ce que la maison Mimir ?"},"content":{"rendered":"<p style=\"text-align: justify\">La <a href=\"https:\/\/azqs.com\/maison-mimir\/\">maison Mimir<\/a> est un lieu alternatif strasbourgeois, un espace social, culturel et artistique autog\u00e9r\u00e9. Squatt\u00e9 en 2010, le projet a \u00e9t\u00e9 l\u00e9galis\u00e9 en 2013 par la signature d&rsquo;un bail emphyt\u00e9otique avec la mairie de Strasbourg.<\/p>\n<p style=\"text-align: justify\">La maison Mimir est sociale car elle accueille des personnes de tout milieu, notamment par le biais de la bagagerie qui permet \u00e0 ceux qui n\u2019ont pas d\u2019abris de d\u00e9poser leurs effets personnels ; sociale aussi, car un bar sans alcool est ouvert durant la semaine, avec la possibilit\u00e9 de se sustenter \u00e0 prix libre, chacun pouvant d\u00e9poser dans une tirelire ce qu\u2019il veut ou peut donner, pour ce qu\u2019il consommera. Sociale, tout<br \/>\nsimplement, parce qu\u2019elle \u0153uvre pour une vie en groupe, en microsoci\u00e9t\u00e9.<\/p>\n<p style=\"text-align: justify\">Elle est culturelle et artistique car l\u2019association met \u00e0 disposition un endroit pour cr\u00e9er, organiser des ateliers et des \u00e9v\u00e9nements. Ouverte initialement en tant que squat, \u00e0 savoir occup\u00e9e ill\u00e9galement, elle a \u00e9t\u00e9 investie par des individus voyant en cette maison un potentiel pour une alternative. C\u2019est \u00e0 ce moment l\u00e0 que l\u2019association Mimir a \u00e9t\u00e9 cr\u00e9\u00e9e. Sa vis\u00e9e : une \u00ab r\u00e9appropriation de l\u2019espace public \u00bb (Tschudy, 2011 : 31\u00ad41). Les \u00e9changes y sont favoris\u00e9s en un r\u00e9seau social humain.<\/p>\n<p style=\"text-align: justify\">Elle est dite \u00ab autog\u00e9r\u00e9e \u00bb, car elle n\u2019appelle \u00e0 aucune aide \u00e9tatique. Elle est dite \u00ab autofinanc\u00e9e \u00bb, car c\u2019est par le biais de ce qu\u2019elle y fait que l\u2019association paye les charges de la maison et finance les diff\u00e9rents frais et travaux n\u00e9cessaires. Les dons, les recettes des \u00e9v\u00e9nements et les ventes \u00e0 prix libre sont ses principales sources d\u2019entr\u00e9e d\u2019argent.<\/p>\n<p>&nbsp;<\/p>\n<p><iframe loading=\"lazy\" title=\"La maison Mimir en Chantier - Teaser\" width=\"640\" height=\"360\" src=\"https:\/\/www.youtube.com\/embed\/5IgnQvgrkws?feature=oembed\" frameborder=\"0\" allow=\"accelerometer; autoplay; clipboard-write; encrypted-media; gyroscope; picture-in-picture; web-share\" referrerpolicy=\"strict-origin-when-cross-origin\" allowfullscreen><\/iframe><\/p>\n","protected":false},"excerpt":{"rendered":"<p>La maison Mimir est un lieu alternatif strasbourgeois, un espace social, culturel et artistique autog\u00e9r\u00e9. Squatt\u00e9 en 2010, le projet a \u00e9t\u00e9 l\u00e9galis\u00e9 en 2013 par la signature d&rsquo;un bail emphyt\u00e9otique avec la mairie de Strasbourg. La maison Mimir est &hellip; <a href=\"https:\/\/azqs.com\/lespetitsriens\/quest-ce-que-la-maison-mimir\/\">Continuer la lecture <span class=\"meta-nav\">&rarr;<\/span><\/a><\/p>\n","protected":false},"author":347,"featured_media":8,"parent":0,"menu_order":0,"comment_status":"closed","ping_status":"closed","template":"","meta":{"footnotes":""},"class_list":["post-100","page","type-page","status-publish","has-post-thumbnail","hentry"],"_links":{"self":[{"href":"https:\/\/azqs.com\/lespetitsriens\/wp-json\/wp\/v2\/pages\/100"}],"collection":[{"href":"https:\/\/azqs.com\/lespetitsriens\/wp-json\/wp\/v2\/pages"}],"about":[{"href":"https:\/\/azqs.com\/lespetitsriens\/wp-json\/wp\/v2\/types\/page"}],"author":[{"embeddable":true,"href":"https:\/\/azqs.com\/lespetitsriens\/wp-json\/wp\/v2\/users\/347"}],"replies":[{"embeddable":true,"href":"https:\/\/azqs.com\/lespetitsriens\/wp-json\/wp\/v2\/comments?post=100"}],"version-history":[{"count":4,"href":"https:\/\/azqs.com\/lespetitsriens\/wp-json\/wp\/v2\/pages\/100\/revisions"}],"predecessor-version":[{"id":408,"href":"https:\/\/azqs.com\/lespetitsriens\/wp-json\/wp\/v2\/pages\/100\/revisions\/408"}],"wp:featuredmedia":[{"embeddable":true,"href":"https:\/\/azqs.com\/lespetitsriens\/wp-json\/wp\/v2\/media\/8"}],"wp:attachment":[{"href":"https:\/\/azqs.com\/lespetitsriens\/wp-json\/wp\/v2\/media?parent=100"}],"curies":[{"name":"wp","href":"https:\/\/api.w.org\/{rel}","templated":true}]}}