{"id":28,"date":"2017-01-16T02:05:38","date_gmt":"2017-01-16T01:05:38","guid":{"rendered":"http:\/\/azqs.com\/lediamantdor\/?page_id=28"},"modified":"2022-03-09T10:35:52","modified_gmt":"2022-03-09T09:35:52","slug":"liens-2","status":"publish","type":"page","link":"https:\/\/azqs.com\/lediamantdor\/liens-2\/","title":{"rendered":"LIENS"},"content":{"rendered":"<p>Notre maison-m\u00e9re :<\/p>\n<ul>\n<li>LA <a href=\"http:\/\/lasocopof.blogspot.fr\/\"><strong>SOCOPOF<\/strong><\/a> <i>(expos, r\u00e9sidences, projections, locaux de r\u00e9p\u00e9tition depuis 2011)<\/i><\/li>\n<\/ul>\n<p>Nos alli\u00e9s, <b>quelques salles et lieux avec lesquels nous sommes en connivence : <\/b><\/p>\n<ul>\n<li>\n<div><strong><a href=\"http:\/\/www.lasemencerie.org\/\">La Semencerie<\/a><\/strong> (Strasbourg)<\/div>\n<\/li>\n<li>\n<div><strong><a href=\"https:\/\/www.molodoi.net\/\">Le Molodoi<\/a><\/strong> (Strasbourg)<\/div>\n<\/li>\n<li><strong><a href=\"http:\/\/papiergachette.blogspot.fr\/\">Papier Gachette<\/a><\/strong> (Strasbourg)<\/li>\n<li><strong><a href=\"https:\/\/fr-fr.facebook.com\/collectif.ladreche\/\">La Dr\u00eache<\/a><\/strong> (Strasbourg)<\/li>\n<li><strong><a href=\"http:\/\/www.kawatistudios.com\/\">Kawati Studios<\/a><\/strong> (Strasbourg)<\/li>\n<li>\n<div><strong><a href=\"http:\/\/accueilfroidnuke.blogspot.fr\/\">L&rsquo;<\/a><a href=\"http:\/\/accueilfroidnuke.blogspot.fr\/\">A<\/a><a href=\"http:\/\/accueilfroidnuke.blogspot.fr\/\">ccueil froid NUKE<\/a><\/strong> (Amiens)<\/div>\n<\/li>\n<li>\n<div><strong><a href=\"http:\/\/www.grrrndzero.org\/\">Grrrnd zero<\/a><\/strong> (Lyon)<\/div>\n<\/li>\n<li>\n<div><strong><a href=\"http:\/\/www.lembobineuse.biz\/\">L&rsquo;Embobineuse<\/a><\/strong> (Marseille)<\/div>\n<\/li>\n<li>\n<div><strong><a href=\"https:\/\/fr-fr.facebook.com\/datamarseille\/\">Data<\/a><\/strong> (Marseille)<\/div>\n<\/li>\n<li>\n<div><strong><a href=\"https:\/\/laluttine.wordpress.com\/\">La Luttine<\/a><\/strong> (Lyon)<\/div>\n<\/li>\n<li><strong><a href=\"http:\/\/www.lagueulenoire.org\/\">La Gueule Noire<\/a><\/strong> (Saint-Etienne)<\/li>\n<li><strong><a href=\"http:\/\/www.raymondbar.net\/\">Le Raymond Bar<\/a><\/strong> (Clermont Ferrand)<\/li>\n<li><strong><a href=\"http:\/\/hoteldesvil-e-s.blogspot.fr\/\">L Hotel Des Viles<\/a><\/strong> (Clermont Ferrand)<\/li>\n<li><strong><a href=\"https:\/\/fr-fr.facebook.com\/lesalopard\/\">Le Salopard<\/a><\/strong> (Bienne)<\/li>\n<li><strong><a href=\"http:\/\/www.gigors-electric.com\/\">Gigors Electric<\/a><\/strong> (Gigors)<\/li>\n<li><a href=\"https:\/\/www.facebook.com\/Les.Pavillons.Sauvages\"><strong>Les Pavillons Sauvages<\/strong><\/a> (Toulouse)<\/li>\n<\/ul>\n<p><span style=\"font-family: helvetica, arial, sans-serif\">Des sites a aller voir, parce que c&rsquo;est bien :<\/span><\/p>\n<ul>\n<li><a href=\"http:\/\/www.drywud.fr\/\"><strong><span style=\"font-size: 12pt\">Drywud.fr<\/span><\/strong><\/a><\/li>\n<li><a href=\"http:\/\/azqs.com\/\"><strong>AZQS<\/strong><\/a><\/li>\n<\/ul>\n","protected":false},"excerpt":{"rendered":"<p>Notre maison-m\u00e9re : LA SOCOPOF (expos, r\u00e9sidences, projections, locaux de r\u00e9p\u00e9tition depuis 2011) Nos alli\u00e9s, quelques salles et lieux avec lesquels nous sommes en connivence : La Semencerie (Strasbourg) Le Molodoi (Strasbourg) Papier Gachette (Strasbourg) La Dr\u00eache (Strasbourg) Kawati Studios &hellip; <a href=\"https:\/\/azqs.com\/lediamantdor\/liens-2\/\">Continuer la lecture <span class=\"meta-nav\">&rarr;<\/span><\/a><\/p>\n","protected":false},"author":310,"featured_media":0,"parent":0,"menu_order":0,"comment_status":"closed","ping_status":"closed","template":"","meta":{"footnotes":""},"class_list":["post-28","page","type-page","status-publish","hentry"],"_links":{"self":[{"href":"https:\/\/azqs.com\/lediamantdor\/wp-json\/wp\/v2\/pages\/28"}],"collection":[{"href":"https:\/\/azqs.com\/lediamantdor\/wp-json\/wp\/v2\/pages"}],"about":[{"href":"https:\/\/azqs.com\/lediamantdor\/wp-json\/wp\/v2\/types\/page"}],"author":[{"embeddable":true,"href":"https:\/\/azqs.com\/lediamantdor\/wp-json\/wp\/v2\/users\/310"}],"replies":[{"embeddable":true,"href":"https:\/\/azqs.com\/lediamantdor\/wp-json\/wp\/v2\/comments?post=28"}],"version-history":[{"count":5,"href":"https:\/\/azqs.com\/lediamantdor\/wp-json\/wp\/v2\/pages\/28\/revisions"}],"predecessor-version":[{"id":1747,"href":"https:\/\/azqs.com\/lediamantdor\/wp-json\/wp\/v2\/pages\/28\/revisions\/1747"}],"wp:attachment":[{"href":"https:\/\/azqs.com\/lediamantdor\/wp-json\/wp\/v2\/media?parent=28"}],"curies":[{"name":"wp","href":"https:\/\/api.w.org\/{rel}","templated":true}]}}