{"id":81,"date":"2026-01-20T17:24:06","date_gmt":"2026-01-20T16:24:06","guid":{"rendered":"https:\/\/azqs.com\/lalouvetiere\/?page_id=81"},"modified":"2026-04-14T20:19:59","modified_gmt":"2026-04-14T18:19:59","slug":"accueil","status":"publish","type":"page","link":"https:\/\/azqs.com\/lalouvetiere\/","title":{"rendered":"Dans la tani\u00e8re"},"content":{"rendered":"<p style=\"text-align: center\">La Louveti\u00e8re est un collectif d\u2019artistes et alli\u00e9s\u00b7x\u00b7es qui \u0153uvrent pour la convergence des luttes ! Notre objectif principal est d\u2019ouvrir un lieu dont le c\u0153ur serait une librairie galerie caf\u00e9, avec des ateliers et des temps de rencontres, d\u2019exp\u00e9rimentation\u2026<\/p>\n<p style=\"text-align: center\">Sur ce site vous avez acc\u00e8s au <strong>catalogue de La Librairie des Luttes<\/strong> (la librairie de La Louveti\u00e8re) ; nous mettrons aussi petit \u00e0 petit les <strong>cr\u00e9ations des artistes de la meute<\/strong>, et les <strong>ateliers et micros \u00e9v\u00e9nements<\/strong> au fur-et-\u00e0-mesure.<\/p>\n<p style=\"text-align: center\">Vous pouvez nous suivre sur les r\u00e9seaux <a href=\"https:\/\/www.instagram.com\/lalouvetiere\/\">Instagram<\/a> et <a href=\"https:\/\/www.facebook.com\/profile.php?id=100083307850550\">Facebook<\/a> et\/ou nous contacter sur notre adresse mail -&gt; lalouvetiere@riseup.net, pour toute question et\/ou pour recevoir la newsletter des loupVes.<\/p>\n<p><img loading=\"lazy\" decoding=\"async\" class=\"aligncenter size-full wp-image-37\" src=\"http:\/\/azqs.com\/lalouvetiere\/files\/2024\/08\/Capture-decran-du-2024-01-15-20-19-47.png\" alt=\"texte\" width=\"174\" height=\"254\" \/><\/p>\n","protected":false},"excerpt":{"rendered":"<p>La Louveti\u00e8re est un collectif d\u2019artistes et alli\u00e9s\u00b7x\u00b7es qui \u0153uvrent pour la convergence des luttes ! Notre objectif principal est d\u2019ouvrir un lieu dont le c\u0153ur serait une librairie galerie caf\u00e9, avec des ateliers et des temps de rencontres, d\u2019exp\u00e9rimentation\u2026 Sur ce site vous avez acc\u00e8s au catalogue de La Librairie des Luttes (la librairie &hellip; <a href=\"https:\/\/azqs.com\/lalouvetiere\/\" class=\"more-link\">Continuer la lecture de <span class=\"screen-reader-text\">Dans la tani\u00e8re<\/span> <span class=\"meta-nav\">&rarr;<\/span><\/a><\/p>\n","protected":false},"author":365,"featured_media":0,"parent":0,"menu_order":0,"comment_status":"closed","ping_status":"closed","template":"","meta":{"footnotes":""},"class_list":["post-81","page","type-page","status-publish","hentry"],"_links":{"self":[{"href":"https:\/\/azqs.com\/lalouvetiere\/wp-json\/wp\/v2\/pages\/81"}],"collection":[{"href":"https:\/\/azqs.com\/lalouvetiere\/wp-json\/wp\/v2\/pages"}],"about":[{"href":"https:\/\/azqs.com\/lalouvetiere\/wp-json\/wp\/v2\/types\/page"}],"author":[{"embeddable":true,"href":"https:\/\/azqs.com\/lalouvetiere\/wp-json\/wp\/v2\/users\/365"}],"replies":[{"embeddable":true,"href":"https:\/\/azqs.com\/lalouvetiere\/wp-json\/wp\/v2\/comments?post=81"}],"version-history":[{"count":4,"href":"https:\/\/azqs.com\/lalouvetiere\/wp-json\/wp\/v2\/pages\/81\/revisions"}],"predecessor-version":[{"id":197,"href":"https:\/\/azqs.com\/lalouvetiere\/wp-json\/wp\/v2\/pages\/81\/revisions\/197"}],"wp:attachment":[{"href":"https:\/\/azqs.com\/lalouvetiere\/wp-json\/wp\/v2\/media?parent=81"}],"curies":[{"name":"wp","href":"https:\/\/api.w.org\/{rel}","templated":true}]}}