{"id":978,"date":"2025-02-03T14:55:26","date_gmt":"2025-02-03T13:55:26","guid":{"rendered":"https:\/\/azqs.com\/lachevre\/?page_id=978"},"modified":"2026-02-22T16:38:37","modified_gmt":"2026-02-22T15:38:37","slug":"enregistrements-des-presentations-de-ledition-2024","status":"publish","type":"page","link":"https:\/\/azqs.com\/lachevre\/enregistrements-des-presentations-de-ledition-2024\/","title":{"rendered":"Enregistrements pr\u00e9sentations 2024 &#8211; 2025"},"content":{"rendered":"<div class=\"crayon article-chapo-3171 chapo\">\n<p>Depuis 2018, La Ch\u00e8vre invite \u00e0 d\u00e9couvrir des maisons d\u2019\u00e9ditions de tous horizons (critique sociale, litt\u00e9rature, micro \u00e9dition, fanzine, illustration, jeunesse etc) et des labels ind\u00e9pendants, le tout agr\u00e9ment\u00e9 de concerts, d\u2019ateliers, d\u2019\u00e9coutes radiophoniques, de rencontres et de d\u00e9bats.<\/p>\n<p>Cette page regroupe les liens vers les enregistrements des pr\u00e9sentations et des discussions tenues lors de son \u00e9dition 2024 et 2025. Au programme\u00a0: <i>R\u00e9volutionnaires<\/i>, <i>Pente Raide<\/i>, <i>Voix Off<\/i>, la lutte contre le travail, la catastrophe, sa production et son apprivoisement, la cendre de tes morts et les archives d&rsquo;une lutte pour l&rsquo;avortement !<\/p>\n<p><strong>Cliquez sur<span style=\"font-size: 36pt\"><a href=\"https:\/\/manif-est.info\/La-Chevre-enregistrements-de-l-edition-2024-3171.html\"> ici<\/a><\/span><\/strong><\/p>\n<p>et<a href=\"https:\/\/manif-est.info\/Strasbourg-Le-salon-des-editions-livresques-et-musicales-LA-CHEVRE-revient-les-3785.html\"> <span style=\"font-size: 36pt\">ici\u00a0<\/span><\/a><a href=\"https:\/\/manif-est.info\/La-Chevre-enregistrements-de-l-edition-2024-3171.html\"><br \/>\n<img loading=\"lazy\" decoding=\"async\" class=\"img-responsive logo-article aligncenter\" src=\"https:\/\/manif-est.info\/local\/cache-vignettes\/L300xH202\/arton3171-d0ef0-73457.jpg?1736522874\" alt=\"\" width=\"300\" height=\"202\" \/><\/a><\/p>\n<p><a href=\"https:\/\/manif-est.info\/La-Chevre-enregistrements-de-l-edition-2024-3171.html\">https:\/\/manif-est.info\/La-Chevre-enregistrements-de-l-edition-2024-3171.html<\/a><\/p>\n<p><a href=\"https:\/\/manif-est.info\/Strasbourg-Le-salon-des-editions-livresques-et-musicales-LA-CHEVRE-revient-les-3785.html\">https:\/\/manif-est.info\/Strasbourg-Le-salon-des-editions-livresques-et-musicales-LA-CHEVRE-revient-les-3785.html<\/a><\/p>\n<p><strong>Et merci manif-est.info !<\/strong><\/p>\n<\/div>\n","protected":false},"excerpt":{"rendered":"<p>Depuis 2018, La Ch\u00e8vre invite \u00e0 d\u00e9couvrir des maisons d\u2019\u00e9ditions de tous horizons (critique sociale, litt\u00e9rature, micro \u00e9dition, fanzine, illustration, jeunesse etc) et des labels ind\u00e9pendants, le tout agr\u00e9ment\u00e9 de concerts, d\u2019ateliers, d\u2019\u00e9coutes radiophoniques, de rencontres et de d\u00e9bats. Cette &hellip;<\/p>\n<p class=\"read-more\"> <a class=\"more-link\" href=\"https:\/\/azqs.com\/lachevre\/enregistrements-des-presentations-de-ledition-2024\/\"> <span class=\"screen-reader-text\">Enregistrements pr\u00e9sentations 2024 &#8211; 2025<\/span> Read More &raquo;<\/a><\/p>\n","protected":false},"author":331,"featured_media":0,"parent":0,"menu_order":0,"comment_status":"closed","ping_status":"closed","template":"","meta":{"footnotes":""},"class_list":["post-978","page","type-page","status-publish","hentry"],"_links":{"self":[{"href":"https:\/\/azqs.com\/lachevre\/wp-json\/wp\/v2\/pages\/978"}],"collection":[{"href":"https:\/\/azqs.com\/lachevre\/wp-json\/wp\/v2\/pages"}],"about":[{"href":"https:\/\/azqs.com\/lachevre\/wp-json\/wp\/v2\/types\/page"}],"author":[{"embeddable":true,"href":"https:\/\/azqs.com\/lachevre\/wp-json\/wp\/v2\/users\/331"}],"replies":[{"embeddable":true,"href":"https:\/\/azqs.com\/lachevre\/wp-json\/wp\/v2\/comments?post=978"}],"version-history":[{"count":4,"href":"https:\/\/azqs.com\/lachevre\/wp-json\/wp\/v2\/pages\/978\/revisions"}],"predecessor-version":[{"id":1093,"href":"https:\/\/azqs.com\/lachevre\/wp-json\/wp\/v2\/pages\/978\/revisions\/1093"}],"wp:attachment":[{"href":"https:\/\/azqs.com\/lachevre\/wp-json\/wp\/v2\/media?parent=978"}],"curies":[{"name":"wp","href":"https:\/\/api.w.org\/{rel}","templated":true}]}}