{"id":1179,"date":"2026-04-11T12:46:05","date_gmt":"2026-04-11T10:46:05","guid":{"rendered":"https:\/\/azqs.com\/lachevre\/?page_id=1179"},"modified":"2026-04-19T17:28:15","modified_gmt":"2026-04-19T15:28:15","slug":"ecoutes-collective","status":"publish","type":"page","link":"https:\/\/azqs.com\/lachevre\/ecoutes-collective\/","title":{"rendered":"\u00c9coutes collective"},"content":{"rendered":"<p><strong>Accessibilit\u00e9 :<\/strong><\/p>\n<p><strong>\u2013 PMR : toutes les \u00e9coutes sont accessibles aux Personnes \u00e0 Mobilit\u00e9 R\u00e9duite.<\/strong><\/p>\n<p style=\"text-align: center\"><span style=\"font-size: 24pt\"><strong>Samedi 25 avril 2026 :<\/strong><\/span><\/p>\n<p><strong><span style=\"font-size: 12pt\"><img loading=\"lazy\" decoding=\"async\" class=\"size-full wp-image-1185 alignleft\" src=\"http:\/\/azqs.com\/lachevre\/files\/2026\/04\/Nhora_Une-300x300-1.jpg\" alt=\"\" width=\"300\" height=\"300\" srcset=\"https:\/\/azqs.com\/lachevre\/files\/2026\/04\/Nhora_Une-300x300-1.jpg 300w, https:\/\/azqs.com\/lachevre\/files\/2026\/04\/Nhora_Une-300x300-1-150x150.jpg 150w, https:\/\/azqs.com\/lachevre\/files\/2026\/04\/Nhora_Une-300x300-1-100x100.jpg 100w, https:\/\/azqs.com\/lachevre\/files\/2026\/04\/Nhora_Une-300x300-1-200x200.jpg 200w\" sizes=\"(max-width: 300px) 100vw, 300px\" \/><\/span><span style=\"font-size: 12pt\"><span style=\"font-size: 14pt\">15h : Anthony Aust, au bout du petit matin<\/span><\/span><\/strong><\/p>\n<p><strong><span style=\"font-size: 12pt\"><span style=\"font-size: 14pt\">Episode n\u00b0116 de<\/span><\/span><span style=\"font-size: 12pt\"><a href=\"https:\/\/www.cases-rebelles.org\/\"><span style=\"font-size: 14pt\"> Cases Rebelles<\/span><\/a><span style=\"font-size: 14pt\">, e<\/span><\/span><\/strong><strong>n pr\u00e9sence de membre du collectif Cases Rebelles<\/strong><\/p>\n<p><span style=\"font-size: 12pt\">Le 7 octobre 2020 au matin, \u00e0 Ottawa (Ontario), la police a fait irruption en<\/span> perquisition \u201cno knock\u201d au domicile familial de Nhora AUST et caus\u00e9 la mort de son fils Anthony. Pour cet \u00e9pisode nous avons rencontr\u00e9 Nhora, qui nous raconte ici leur histoire, son combat pour son fils et sa lutte contre les violences d\u2019\u00c9tat.<\/p>\n<p>&nbsp;<\/p>\n<p>&nbsp;<\/p>\n<p>&nbsp;<\/p>\n<p>&nbsp;<\/p>\n<p>&nbsp;<\/p>\n<p><span style=\"font-size: 18pt\"><strong>17h : Radio Lorraine Coeur d&rsquo;Acier<\/strong><\/span><\/p>\n<p><span style=\"font-size: 14pt\"><strong>Une cr\u00e9ation sonore de la compagnie <a href=\"https:\/\/www.otandemo.com\/\">OtandemO<\/a>, <\/strong><\/span><span style=\"font-size: 12pt\"><strong>en pr\u00e9sence de membres de la Compagnie<\/strong><\/span><\/p>\n<div><span style=\"font-family: Arial,Helvetica,sans-serif;font-size: small\"><span style=\"font-family: Arial,Helvetica,sans-serif;font-size: small\"><strong>Cheville ouvri\u00e8re<\/strong><b> 10&rsquo;08<\/b><br \/>\nEntretien r\u00e9alis\u00e9 le lundi 24 mars 2025 avec avec Michel OLMI<br \/>\n\u00ab\u00a0On va faire une radio de lutte, c&rsquo;est pour pr\u00e9parer une grande marche du 23 mars \u00e0 Paris, le but au d\u00e9part c&rsquo;est \u00e7a\u00a0\u00bb<\/span><\/span><\/div>\n<div><span style=\"font-family: Arial,Helvetica,sans-serif;font-size: small\"><strong>Don Camillo (une sorte)<\/strong><b> 12&rsquo;56<\/b><br \/>\nEntretien t\u00e9l\u00e9phonique r\u00e9alis\u00e9 le jeudi 22 mai 2025 avec Jacques DUPONT<br \/>\n\u00ab\u00a0Il \u00e9tait communiste donc fiable et moi un jeune de 27, 28 ans un peu tout fou\u00a0\u00bb<\/span><\/div>\n<div><span style=\"font-family: Arial,Helvetica,sans-serif;font-size: small\">\u00a0<\/span><\/div>\n<div><span style=\"font-family: Arial,Helvetica,sans-serif;font-size: small\"><strong>Correspondance <\/strong><b>6&rsquo;28<\/b><br \/>\nEntretien r\u00e9alis\u00e9 le vendredi 6 juin 2025 avec Val\u00e9rie MATTERER<br \/>\n\u00ab\u00a0Cette aventure a fa\u00e7onn\u00e9 quelques chose chez moi de l&rsquo;adulte que je suis\u00a0\u00bb<\/span><\/div>\n<div><span style=\"font-family: Arial,Helvetica,sans-serif;font-size: small\">\u00a0<\/span><\/div>\n<div><span style=\"font-family: Arial,Helvetica,sans-serif;font-size: small\"><span style=\"font-family: Arial,Helvetica,sans-serif;font-size: small\"><strong>L&rsquo;Amour<\/strong><b> 7&rsquo;50<\/b><br \/>\nEntretien r\u00e9alis\u00e9 le vendredi 25 avril 2025 avec Edith COLIN<br \/>\n\u00ab\u00a0On s&rsquo;est rendu compte que c&rsquo;\u00e9tait un sujet totalement tabou\u00a0\u00bb<\/span><\/span><\/div>\n<div><span style=\"font-family: Arial,Helvetica,sans-serif;font-size: small\"><strong>Effacement<\/strong><b> 7&rsquo;38<\/b><br \/>\nEntretien r\u00e9alis\u00e9 le lundi 24 mars 2025 avec Sylvain DESSI<br \/>\n\u00ab\u00a0Une usine ferm\u00e9e elle vous impact aussi fort que quand elle marche\u00a0\u00bb<\/span><\/div>\n<div><\/div>\n<div style=\"text-align: center\"><strong><span style=\"font-size: 24pt\">Dimanche 25 avril 2026:<\/span><\/strong><\/div>\n<div><\/div>\n<div><\/div>\n<div><strong><span style=\"font-size: 18pt\"><img loading=\"lazy\" decoding=\"async\" class=\" wp-image-1187 alignleft\" src=\"http:\/\/azqs.com\/lachevre\/files\/2026\/04\/Pre\u0301sentation-e\u0301pisodes-OK-722x1024-1-212x300.jpg\" alt=\"\" width=\"372\" height=\"526\" srcset=\"https:\/\/azqs.com\/lachevre\/files\/2026\/04\/Pre\u0301sentation-e\u0301pisodes-OK-722x1024-1-212x300.jpg 212w, https:\/\/azqs.com\/lachevre\/files\/2026\/04\/Pre\u0301sentation-e\u0301pisodes-OK-722x1024-1-100x142.jpg 100w, https:\/\/azqs.com\/lachevre\/files\/2026\/04\/Pre\u0301sentation-e\u0301pisodes-OK-722x1024-1-150x213.jpg 150w, https:\/\/azqs.com\/lachevre\/files\/2026\/04\/Pre\u0301sentation-e\u0301pisodes-OK-722x1024-1-200x284.jpg 200w, https:\/\/azqs.com\/lachevre\/files\/2026\/04\/Pre\u0301sentation-e\u0301pisodes-OK-722x1024-1-300x425.jpg 300w, https:\/\/azqs.com\/lachevre\/files\/2026\/04\/Pre\u0301sentation-e\u0301pisodes-OK-722x1024-1-450x638.jpg 450w\" sizes=\"(max-width: 372px) 100vw, 372px\" \/>15h : <a href=\"https:\/\/lafabriquedeloubli.noblogs.org\/\">Nucl\u00e9aire, la fabrique de l&rsquo;oubli\u00a0<\/a><\/span><\/strong><\/div>\n<div><strong><span style=\"font-size: 18pt\">\u00e9pisode 3: Tchernobyl<\/span><\/strong><\/div>\n<div>Montage radiophonique en plusieurs \u00e9pisodes \u00e0 travers roman, t\u00e9moignage, archives, sur le nucl\u00e9aire. Immersion en milieu radioactif, territoire o\u00f9 la catastrophe semble permanente&#8230;<\/div>\n<div><\/div>\n<div><\/div>\n<div><\/div>\n<div><\/div>\n<div><\/div>\n<div><\/div>\n<div><\/div>\n<div><\/div>\n<div><\/div>\n<div><\/div>\n<div><\/div>\n<div><\/div>\n<div><\/div>\n<div><\/div>\n<div><\/div>\n<div><\/div>\n<div><\/div>\n<div><\/div>\n<div><\/div>\n<div><\/div>\n<div><\/div>\n<div><\/div>\n<div><\/div>\n<div><\/div>\n<div><\/div>\n<div style=\"text-align: left\"><span style=\"font-size: 18pt\"><strong><img loading=\"lazy\" decoding=\"async\" class=\"wp-image-1189 alignright\" src=\"http:\/\/azqs.com\/lachevre\/files\/2026\/04\/logoEnvRadio_jaune-300x273.png\" alt=\"\" width=\"344\" height=\"313\" srcset=\"https:\/\/azqs.com\/lachevre\/files\/2026\/04\/logoEnvRadio_jaune-300x273.png 300w, https:\/\/azqs.com\/lachevre\/files\/2026\/04\/logoEnvRadio_jaune-768x698.png 768w, https:\/\/azqs.com\/lachevre\/files\/2026\/04\/logoEnvRadio_jaune-100x91.png 100w, https:\/\/azqs.com\/lachevre\/files\/2026\/04\/logoEnvRadio_jaune-150x136.png 150w, https:\/\/azqs.com\/lachevre\/files\/2026\/04\/logoEnvRadio_jaune-200x182.png 200w, https:\/\/azqs.com\/lachevre\/files\/2026\/04\/logoEnvRadio_jaune-450x409.png 450w, https:\/\/azqs.com\/lachevre\/files\/2026\/04\/logoEnvRadio_jaune-600x545.png 600w, https:\/\/azqs.com\/lachevre\/files\/2026\/04\/logoEnvRadio_jaune.png 800w\" sizes=\"(max-width: 344px) 100vw, 344px\" \/><\/strong><\/span><\/div>\n<div><\/div>\n<div style=\"text-align: left\"><span style=\"font-size: 18pt\"><strong>17h : <a href=\"https:\/\/lenvolee.net\/category\/radio\/\">L&rsquo;Envol\u00e9e<\/a>\u00a0<\/strong><\/span><\/div>\n<div style=\"text-align: left\"><\/div>\n<div style=\"text-align: left\"><em>L\u2019Envol\u00e9e<\/em> est une \u00e9mission radio pour en finir avec toutes les prisons. Elle donne la parole aux prisonniers, prisonni\u00e8res et leurs proches &amp; entretient un dialogue entre l\u2019int\u00e9rieur et l\u2019ext\u00e9rieur des prisons.<br \/>\nC\u2019est aussi un <a href=\"https:\/\/lenvolee.net\/ou-trouver-lenvolee\/\">journal <\/a>d\u2019opinion de prisonniers, de prisonni\u00e8res et de proche<\/div>\n","protected":false},"excerpt":{"rendered":"<p>Accessibilit\u00e9 : \u2013 PMR : toutes les \u00e9coutes sont accessibles aux Personnes \u00e0 Mobilit\u00e9 R\u00e9duite. Samedi 25 avril 2026 : 15h : Anthony Aust, au bout du petit matin Episode n\u00b0116 de Cases Rebelles, en pr\u00e9sence de membre du collectif &hellip;<\/p>\n<p class=\"read-more\"> <a class=\"more-link\" href=\"https:\/\/azqs.com\/lachevre\/ecoutes-collective\/\"> <span class=\"screen-reader-text\">\u00c9coutes collective<\/span> Read More &raquo;<\/a><\/p>\n","protected":false},"author":331,"featured_media":0,"parent":0,"menu_order":0,"comment_status":"closed","ping_status":"closed","template":"","meta":{"footnotes":""},"class_list":["post-1179","page","type-page","status-publish","hentry"],"_links":{"self":[{"href":"https:\/\/azqs.com\/lachevre\/wp-json\/wp\/v2\/pages\/1179"}],"collection":[{"href":"https:\/\/azqs.com\/lachevre\/wp-json\/wp\/v2\/pages"}],"about":[{"href":"https:\/\/azqs.com\/lachevre\/wp-json\/wp\/v2\/types\/page"}],"author":[{"embeddable":true,"href":"https:\/\/azqs.com\/lachevre\/wp-json\/wp\/v2\/users\/331"}],"replies":[{"embeddable":true,"href":"https:\/\/azqs.com\/lachevre\/wp-json\/wp\/v2\/comments?post=1179"}],"version-history":[{"count":5,"href":"https:\/\/azqs.com\/lachevre\/wp-json\/wp\/v2\/pages\/1179\/revisions"}],"predecessor-version":[{"id":1213,"href":"https:\/\/azqs.com\/lachevre\/wp-json\/wp\/v2\/pages\/1179\/revisions\/1213"}],"wp:attachment":[{"href":"https:\/\/azqs.com\/lachevre\/wp-json\/wp\/v2\/media?parent=1179"}],"curies":[{"name":"wp","href":"https:\/\/api.w.org\/{rel}","templated":true}]}}