{"id":56,"date":"2014-03-14T14:21:31","date_gmt":"2014-03-14T13:21:31","guid":{"rendered":"http:\/\/azqs.com\/invocat\/?page_id=56"},"modified":"2015-05-10T22:10:29","modified_gmt":"2015-05-10T20:10:29","slug":"chambre-froide","status":"publish","type":"page","link":"https:\/\/azqs.com\/invocat\/chambre-froide\/","title":{"rendered":"CHAMBRE FROIDE"},"content":{"rendered":"<p style=\"text-align: justify\"><a href=\"http:\/\/frissionradio.com\/shows\/chambre-froide\/\" target=\"_blank\"><img loading=\"lazy\" decoding=\"async\" class=\"alignleft wp-image-217\" src=\"http:\/\/azqs.com\/invocat\/files\/2014\/03\/chambre-froide-nb.png\" alt=\"chambre froide nb\" width=\"300\" height=\"149\" srcset=\"https:\/\/azqs.com\/invocat\/files\/2014\/03\/chambre-froide-nb.png 1107w, https:\/\/azqs.com\/invocat\/files\/2014\/03\/chambre-froide-nb-300x149.png 300w, https:\/\/azqs.com\/invocat\/files\/2014\/03\/chambre-froide-nb-1024x508.png 1024w\" sizes=\"(max-width: 300px) 100vw, 300px\" \/><\/a><span style=\"line-height: 1.6em\">Emission de radio en direct \u00a0sur <span style=\"color: #000000\"><a style=\"color: #000000\" href=\"http:\/\/frissionradio.com\/\" target=\"_blank\"><strong>Frission Radio<\/strong><\/a><\/span> autour de l&rsquo;ambient \/ techno \/ ++ <strong>toutes les 2 semaines le mercredi de 22h \u00e0 00h (France) pr\u00e9sent\u00e9e par \u00a0Moonlight Sonata<\/strong>.<\/span><\/p>\n<p style=\"text-align: justify\"><em>Live radioshow on <strong>Frission Radio<\/strong> <strong>each 2\u00a0weeks on wednesday 9 pm GMT to 23 pm GMT\u00a0<\/strong>around ambient \/ techno \/ ++ presented by Moonlight Sonata.<\/em><\/p>\n<p>&nbsp;<\/p>\n<p style=\"text-align: justify\">FR &#8211; En plong\u00e9e \u00e0 travers les strates ambient et techno, la Chambre Froide conserve les perles d\u00e9nich\u00e9es \u00e0 la bonne temp\u00e9rature et les ressert \u00e0 la fois pour l&rsquo;esprit et le corps.<\/p>\n<p style=\"text-align: justify\">La Chambre Froide navigue entre ambient, modern classical, experimental, spoken word &#8230; avec une fondation techno et introspective dans une \u00e9mission en direct sur la webradio Radio Frission, pr\u00e9sent\u00e9e par Moonlight Sonata d&rsquo;Invocat et ses invit\u00e9s \u00e0 venir dans ses quartiers \u00e0 Strasbourg.<\/p>\n<p style=\"text-align: justify\"><em>EN &#8211; Tunneling through introspective mind to body and organic music, La Chambre Froide is mostly keeping ambient and techno music at the right temperature, and hunting deep in waters what we think is treasures.<\/em><\/p>\n<p style=\"text-align: justify\"><em>La Chambre Froide spans from ambient, modern classical, experimental, spoken word &#8230; with deep strong techno fundations in a live show on forward minded music webradio Radio Frission.\u00a0<\/em><em>Presented by Moonlight Sonata from Invocat, Strasbourg based head quarters and some of his guests.<\/em><\/p>\n<p><a href=\"http:\/\/frissionradio.com\/shows\/chambre-froide\/\" target=\"_blank\"><img loading=\"lazy\" decoding=\"async\" class=\"alignright wp-image-413\" src=\"http:\/\/azqs.com\/invocat\/files\/2014\/03\/Square-Logo.png\" alt=\"\" width=\"69\" height=\"69\" \/><\/a>\u00a0 \u00a0 \u00a0 \u00a0 \u00a0 \u00a0 \u00a0 \u00a0 \u00a0 \u00a0\u00a0<a href=\"http:\/\/www.mixcloud.com\/Frission\/playlists\/chambre-froide-fr\/\" target=\"_blank\"><img loading=\"lazy\" decoding=\"async\" class=\" size-full wp-image-178 alignright\" src=\"http:\/\/azqs.com\/invocat\/files\/2014\/04\/image2997.png\" alt=\"mixcloud logo\" width=\"100\" height=\"60\" \/><\/a> \u00a0 \u00a0 \u00a0 \u00a0 \u00a0 \u00a0 \u00a0 \u00a0 \u00a0 \u00a0 \u00a0 <a href=\"https:\/\/hearthis.at\/msonata\/set\/chambre-froide-radioshow\/\" target=\"_blank\"><img loading=\"lazy\" decoding=\"async\" class=\" wp-image-333 alignright\" src=\"http:\/\/azqs.com\/invocat\/files\/2014\/03\/hearthis_icon-150x150.png\" alt=\"hearthis_icon\" width=\"70\" height=\"70\" srcset=\"https:\/\/azqs.com\/invocat\/files\/2014\/03\/hearthis_icon-150x150.png 150w, https:\/\/azqs.com\/invocat\/files\/2014\/03\/hearthis_icon-300x300.png 300w, https:\/\/azqs.com\/invocat\/files\/2014\/03\/hearthis_icon.png 512w\" sizes=\"(max-width: 70px) 100vw, 70px\" \/><\/a><a href=\"https:\/\/soundcloud.com\/frissionradio\/sets\/chambre-froide\" target=\"_blank\"><img loading=\"lazy\" decoding=\"async\" class=\"alignright wp-image-65\" src=\"http:\/\/azqs.com\/invocat\/files\/2014\/03\/icon_soundcloud.png\" alt=\"icon_soundcloud\" width=\"70\" height=\"70\" srcset=\"https:\/\/azqs.com\/invocat\/files\/2014\/03\/icon_soundcloud.png 512w, https:\/\/azqs.com\/invocat\/files\/2014\/03\/icon_soundcloud-150x150.png 150w, https:\/\/azqs.com\/invocat\/files\/2014\/03\/icon_soundcloud-300x300.png 300w\" sizes=\"(max-width: 70px) 100vw, 70px\" \/><\/a><\/p>\n","protected":false},"excerpt":{"rendered":"<p>Emission de radio en direct \u00a0sur Frission Radio autour de l&rsquo;ambient \/ techno \/ ++ toutes les 2 semaines le mercredi de 22h \u00e0 00h (France) pr\u00e9sent\u00e9e par \u00a0Moonlight Sonata. Live radioshow on Frission Radio each 2\u00a0weeks on wednesday 9 pm GMT to 23 pm GMT\u00a0around ambient \/ techno \/ ++ presented by Moonlight Sonata. [&hellip;]<\/p>\n","protected":false},"author":290,"featured_media":0,"parent":0,"menu_order":0,"comment_status":"closed","ping_status":"closed","template":"","meta":{"footnotes":""},"class_list":["post-56","page","type-page","status-publish","hentry"],"_links":{"self":[{"href":"https:\/\/azqs.com\/invocat\/wp-json\/wp\/v2\/pages\/56"}],"collection":[{"href":"https:\/\/azqs.com\/invocat\/wp-json\/wp\/v2\/pages"}],"about":[{"href":"https:\/\/azqs.com\/invocat\/wp-json\/wp\/v2\/types\/page"}],"author":[{"embeddable":true,"href":"https:\/\/azqs.com\/invocat\/wp-json\/wp\/v2\/users\/290"}],"replies":[{"embeddable":true,"href":"https:\/\/azqs.com\/invocat\/wp-json\/wp\/v2\/comments?post=56"}],"version-history":[{"count":3,"href":"https:\/\/azqs.com\/invocat\/wp-json\/wp\/v2\/pages\/56\/revisions"}],"predecessor-version":[{"id":414,"href":"https:\/\/azqs.com\/invocat\/wp-json\/wp\/v2\/pages\/56\/revisions\/414"}],"wp:attachment":[{"href":"https:\/\/azqs.com\/invocat\/wp-json\/wp\/v2\/media?parent=56"}],"curies":[{"name":"wp","href":"https:\/\/api.w.org\/{rel}","templated":true}]}}