{"id":26,"date":"2014-03-14T13:06:08","date_gmt":"2014-03-14T12:06:08","guid":{"rendered":"http:\/\/azqs.com\/invocat\/?page_id=26"},"modified":"2015-06-05T11:08:50","modified_gmt":"2015-06-05T09:08:50","slug":"podcasts","status":"publish","type":"page","link":"https:\/\/azqs.com\/invocat\/podcasts\/","title":{"rendered":"PODCASTS"},"content":{"rendered":"<p style=\"text-align: justify\">cliquez sur les images pour \u00e9couter les podcasts<em> &#8211; <\/em><em>click on pictures to reach podcasts<br \/>\n<\/em><\/p>\n<p style=\"text-align: left\"><span style=\"color: #ffffff\">.<\/span><\/p>\n<p style=\"text-align: left\"><span style=\"color: #ffffff\">.<\/span><\/p>\n<p style=\"text-align: left\"><strong>\u00a0 \u00a0 \u00a0 \u00a0\u00a0<\/strong>\u00a0 . <strong>Noir Syndrome<\/strong>\u00a0 \/\/\u00a0 <strong>Cold &#8211; Synth &#8211; Techno <\/strong>\/\/ <a href=\"https:\/\/www.mixcloud.com\/noir_deco\/\" target=\"_blank\">Mixcloud<\/a> &#8211; <a href=\"https:\/\/soundcloud.com\/soma-sonor\" target=\"_blank\">Soundcloud<\/a><\/p>\n<p style=\"text-align: left\"><span style=\"font-size: x-small\">\u00a0 \u00a0 \u00a0 \u00a0 \u00a0 \u00a0\u00a0<\/span><a href=\"https:\/\/www.mixcloud.com\/Invocat\/invocast008-noir-syndrome\/\" target=\"_blank\"><img loading=\"lazy\" decoding=\"async\" class=\"alignleft wp-image-425\" src=\"http:\/\/azqs.com\/invocat\/files\/2014\/03\/logo008.png\" alt=\"\" width=\"180\" height=\"180\" \/><\/a><span style=\"font-size: x-small\"><span style=\"color: #ffffff\"> .<\/span><br \/>\n<\/span><\/p>\n<p><span style=\"font-size: x-small\"> <span class=\"fsl\"><span class=\"text_exposed_show\">Escape from working cities, industrial and mechanical syncopated waltz, robotic translations at the edge of the night.<br \/>\nEchapp\u00e9es des cit\u00e9s ouvri\u00e8res, valses syncop\u00e9es m\u00e9caniques et industrielles, translations robotiques \u00e0 l&rsquo;or\u00e9e de la nuit\u00e9e.<br \/>\n<span style=\"color: #ffffff\">.<\/span><br \/>\n<\/span><\/span><\/span><\/p>\n<p>&nbsp;<\/p>\n<p><span style=\"color: #ffffff\">.<\/span><\/p>\n<p style=\"text-align: left\"><span style=\"color: #ffffff\">&#8230;<\/span><strong>\u00a0 \u00a0 \u00a0 \u00a0 \u00a0\u00a0<\/strong> . <strong>Nim\u00e4 Skill<\/strong> (Aesthetic Circle Records)\u00a0 \/\/\u00a0 <strong>Techno &#8211; Ambient <\/strong>\/\/ <a href=\"https:\/\/www.facebook.com\/pages\/Nim%C3%A4-Skill-DJProducer-\/282228305381\" target=\"_blank\">FB <\/a>&#8211; <a href=\"https:\/\/www.mixcloud.com\/nimaskill\/\" target=\"_blank\">Mixcloud<\/a> &#8211; <a href=\"https:\/\/soundcloud.com\/nim-smix\" target=\"_blank\">Soundcloud<\/a><\/p>\n<p style=\"text-align: left\"><span style=\"font-size: x-small\">\u00a0 \u00a0 \u00a0 \u00a0 \u00a0 \u00a0\u00a0<\/span><a href=\"https:\/\/www.mixcloud.com\/Invocat\/invocast007-nim%C3%A4-skill-aesthetic-circle-records\/\" target=\"_blank\"><img loading=\"lazy\" decoding=\"async\" class=\" wp-image-341 alignleft\" src=\"http:\/\/azqs.com\/invocat\/files\/2014\/03\/logo-nima.png\" alt=\"logo nima\" width=\"180\" height=\"180\" \/><\/a><span style=\"font-size: x-small\"><span style=\"color: #ffffff\"> .<\/span><br \/>\n<\/span><\/p>\n<p style=\"text-align: justify\"><span style=\"font-size: x-small\"> &lsquo;Dans le Trou Noir offert par la soci\u00e9t\u00e9 moderne, le peuple tente de relever la t\u00eate\u00a0 malgr\u00e9 l&rsquo;\u00e9touffement et la binarisation des sentiments. Certains partent, d&rsquo;autres restent, les espoirs d\u00e9chus comme les optimistes. Une douleur transversale traverse le monde et l&rsquo;horizon des \u00e9v\u00e9nements nous laisse entrevoir le jardin noir des convictions abandonn\u00e9es. Couvert de sable dans un d\u00e9sert de d\u00e9solation, les soldats du d\u00e9sespoir luttent pour leur survie jusqu&rsquo;aux portes du Paradis.&rsquo;<br \/>\n<\/span><\/p>\n<p style=\"text-align: left\"><span style=\"font-size: x-small\"><br \/>\n<span style=\"color: #ffffff\">.<\/span><br \/>\n<\/span><\/p>\n<p style=\"text-align: left\"><span style=\"color: #ffffff\">&#8230;<\/span><span style=\"color: #ffffff\">.<\/span><strong>\u00a0 \u00a0 \u00a0\u00a0 <\/strong>\u00a0 . <strong>25\u00e8me Dimension<\/strong> (Introspection Prod)\u00a0 \/\/\u00a0 <strong>Live set Tekno <\/strong>\/\/ <a href=\"https:\/\/www.facebook.com\/pages\/25eme-Dimension\/207526422635368?sk=info&amp;tab=page_info\" target=\"_blank\">FB <\/a>&#8211; <a href=\"http:\/\/www.discogs.com\/artist\/246724-25eme-Dimension\" target=\"_blank\">Discogs <\/a>&#8211; <a href=\"https:\/\/soundcloud.com\/25eme-dimension\" target=\"_blank\">Soundcloud<\/a><\/p>\n<p style=\"text-align: left\"><span style=\"font-size: x-small\">\u00a0 \u00a0 \u00a0 \u00a0 \u00a0 \u00a0\u00a0<\/span><a href=\"https:\/\/www.mixcloud.com\/Invocat\/invocast006-25%C3%A8me-dimension-introspection-prod\/\" target=\"_blank\"><img loading=\"lazy\" decoding=\"async\" class=\"alignleft wp-image-312\" src=\"http:\/\/azqs.com\/invocat\/files\/2014\/03\/logo-25D-300x300.png\" alt=\"logo 25D\" width=\"180\" height=\"180\" \/><\/a><span style=\"font-size: x-small\"><span style=\"color: #ffffff\"> .<\/span><br \/>\n<\/span><\/p>\n<p style=\"text-align: justify\"><span style=\"font-size: x-small\"> &lsquo; Stellar Voyager &lsquo;<\/span><\/p>\n<p style=\"text-align: left\"><span style=\"font-size: x-small\"><br \/>\n<span style=\"color: #ffffff\">.<\/span><br \/>\n<\/span><\/p>\n<p style=\"text-align: left\"><span style=\"color: #ffffff\">.<\/span><\/p>\n<p style=\"text-align: left\"><span style=\"color: #ffffff\">.<\/span><\/p>\n<p style=\"text-align: left\"><strong>\u00a0 \u00a0 \u00a0 \u00a0\u00a0<\/strong>\u00a0\u00a0\u00a0 . <strong>NYenyec<\/strong> (Hujujuj Radio)\u00a0 \/\/\u00a0 <strong>Deep Techno<\/strong> \/\/ <a href=\"https:\/\/www.facebook.com\/pages\/Nyenyec\/229413607103060?ref=hl\" target=\"_blank\">FB <\/a>&#8211; <a href=\"http:\/\/www.mixcloud.com\/Nyenyecd1\/\" target=\"_blank\">Mixcloud <\/a>&#8211; <a href=\"https:\/\/soundcloud.com\/nyenyec\" target=\"_blank\">Soundcloud<\/a> &#8211; <a href=\"https:\/\/hearthis.at\/szilagyi.andras.16\/\" target=\"_blank\">Heart.this<\/a><\/p>\n<p style=\"text-align: left\"><span style=\"font-size: x-small\">\u00a0 \u00a0 \u00a0 \u00a0 \u00a0 \u00a0\u00a0<\/span><a href=\"http:\/\/www.mixcloud.com\/Invocat\/invocast005-nyenyec-hujujuj-radio-hungary\/\" target=\"_blank\"><img loading=\"lazy\" decoding=\"async\" class=\"alignleft wp-image-289\" src=\"http:\/\/azqs.com\/invocat\/files\/2014\/03\/logo-nyenyec1-300x300.png\" alt=\"logo nyenyec\" width=\"180\" height=\"180\" \/><\/a><span style=\"font-size: x-small\"><span style=\"color: #ffffff\"> .<\/span><br \/>\n<\/span><\/p>\n<p style=\"text-align: justify\"><span style=\"font-size: x-small\"><em> Syberian march along with silent creatures.<\/em> <\/span><\/p>\n<p style=\"text-align: justify\"><span style=\"font-size: x-small\">Marche sib\u00e9rienne aux c\u00f4t\u00e9s de cr\u00e9atures silencieuses.<\/span><\/p>\n<p style=\"text-align: left\"><span style=\"color: #ffffff\">.<\/span><\/p>\n<p style=\"text-align: left\"><span style=\"color: #ffffff\">.<br \/>\n.<\/span><\/p>\n<p style=\"text-align: left\">\u00a0<strong>\u00a0 \u00a0 \u00a0 \u00a0\u00a0<\/strong>\u00a0 . <strong>Letherique<\/strong> (RadioCapsule.com, Leitmotiv, Arythmic)\u00a0 \/\/\u00a0 <strong>Techno\u00a0<\/strong> \/\/ <a href=\"https:\/\/www.facebook.com\/letherique?fref=ts\" target=\"_blank\">FB <\/a>&#8211; <a href=\"http:\/\/www.mixcloud.com\/letherique\/\" target=\"_blank\">Mixcloud <\/a>&#8211; <a href=\"https:\/\/soundcloud.com\/letherique\" target=\"_blank\">Soundcloud<\/a><\/p>\n<p style=\"text-align: left\"><span style=\"font-size: x-small\">\u00a0 \u00a0 \u00a0 \u00a0 \u00a0 \u00a0 <\/span><a href=\"http:\/\/www.mixcloud.com\/Invocat\/invocast004-letherique-radiocapsulecom-leitmotiv-arythmic-rec\/\" target=\"_blank\"><img loading=\"lazy\" decoding=\"async\" class=\"alignleft wp-image-248\" src=\"http:\/\/azqs.com\/invocat\/files\/2014\/03\/logo-lether.png\" alt=\"\" width=\"180\" height=\"180\" \/><\/a><span style=\"font-size: x-small\"><span style=\"color: #ffffff\"> .<\/span><br \/>\n<\/span><\/p>\n<p style=\"text-align: justify\"><span style=\"font-size: x-small\"> &lsquo; Renaissance spontan\u00e9e d&rsquo;une fougue \u00e0 demi-oubli\u00e9e dans une \u00e9chap\u00e9e au travers d&rsquo;un labyrinthe de spontan\u00e9it\u00e9. Une cr\u00e9ation que m\u00eame son g\u00e9niteur aurait reni\u00e9e, s&rsquo;il n&rsquo;avait pas \u00e9t\u00e9 profond\u00e9ment touch\u00e9 &lsquo;<\/span><\/p>\n<p style=\"text-align: left\"><span style=\"color: #ffffff\">.<\/span><\/p>\n<p style=\"text-align: left\"><span style=\"color: #ffffff\">.<\/span><\/p>\n<p style=\"text-align: left\"><span style=\"font-size: x-small\"><span style=\"color: #ffffff\">\u00a0<\/span><\/span><\/p>\n<p style=\"text-align: left\"><strong style=\"text-align: left;line-height: 1.6em\"><strong>\u00a0 \u00a0 \u00a0 \u00a0\u00a0<\/strong>\u00a0 . Dj Leekid\u00a0<\/strong><span style=\"text-align: left;line-height: 1.6em\">(Radiocapsule.com) \u00a0\/\/ \u00a0<\/span><strong style=\"text-align: left;line-height: 1.6em\">Ambient &#8211; Bass \/\/ <\/strong><a href=\"http:\/\/www.mixcloud.com\/leekid\/\" target=\"_blank\">mixcloud<\/a>\u00a0&#8211; <a href=\"https:\/\/www.facebook.com\/DjLeekid?fref=ts\" target=\"_blank\">FB<\/a> &#8211; <a href=\"http:\/\/www.absurde.com\/leekid\/mixes.htm\" target=\"_blank\">Website<\/a><\/p>\n<p style=\"text-align: left\"><span style=\"font-size: x-small\"><span style=\"color: #ffffff\">.<a href=\"http:\/\/www.mixcloud.com\/Invocat\/invocast003-dj-leekid-radiocapsulecom\/\" target=\"_blank\"><img loading=\"lazy\" decoding=\"async\" class=\"alignleft wp-image-237\" src=\"http:\/\/azqs.com\/invocat\/files\/2014\/03\/logo-leekid.png\" alt=\"logo leekid\" width=\"180\" height=\"180\" \/><\/a><\/span><br \/>\n<\/span><\/p>\n<p style=\"text-align: left\"><span style=\"font-size: x-small\">\u00a0 &lsquo; De Profundis &lsquo;<br \/>\n<\/span><span style=\"color: #ffffff\">.<\/span><br \/>\n<span style=\"color: #ffffff\">.<\/span><br \/>\n<span style=\"color: #ffffff\">.<\/span><br \/>\n<span style=\"color: #ffffff\">.<\/span><br \/>\n<span style=\"color: #ffffff\">.<\/span><br \/>\n<span style=\"color: #ffffff\">.<\/span><\/p>\n<p style=\"text-align: left\"><strong>\u00a0 \u00a0 \u00a0 \u00a0\u00a0<\/strong>\u00a0 . <strong>Pulse Code Modulation<\/strong> (Pong Music, Morpheus Detroit)\u00a0 \/\/\u00a0 <strong>Techno<\/strong> \/\/ <a href=\"https:\/\/www.facebook.com\/pages\/Pulse-Code-Modulation\/250244803573?fref=ts\" target=\"_blank\">FB <\/a>&#8211; <a href=\"http:\/\/www.discogs.com\/artist\/210286-Pulse-Code-Modulation\" target=\"_blank\">Discogs <\/a>&#8211; <a href=\"https:\/\/www.youtube.com\/user\/PongMusicFrance\/videos\" target=\"_blank\">YouTube<\/a><\/p>\n<p style=\"text-align: left\"><span style=\"font-size: x-small\">\u00a0 \u00a0 \u00a0 \u00a0 \u00a0 \u00a0 <\/span><a href=\"http:\/\/www.mixcloud.com\/Invocat\/invocast002-pulse-code-modulation-pong-music-morpheus-detroit\/\" target=\"_blank\"><img loading=\"lazy\" decoding=\"async\" class=\"wp-image-231 alignleft\" src=\"http:\/\/azqs.com\/invocat\/files\/2014\/03\/inv002.png\" alt=\"inv002\" width=\"180\" height=\"181\" \/><\/a><span style=\"font-size: x-small\"><span style=\"color: #ffffff\"> .<\/span><br \/>\n<\/span><\/p>\n<p style=\"text-align: justify\"><em><span style=\"font-size: x-small\"> Imagine a western movie around Dante&rsquo;s universe with some long journey through desert which soundtrack is around techno.\u00a0<\/span><\/em><\/p>\n<p style=\"text-align: justify\"><span style=\"font-size: x-small\"> Imaginez un western autour de l&rsquo;univers de Dante pour se poursuivre par une\u00a0 longue travers\u00e9e du d\u00e9sert dont la bande son s&rsquo;articule autour de la techno.\u00a0<\/span><\/p>\n<p style=\"text-align: left\"><span style=\"color: #ffffff\">.<\/span><\/p>\n<p style=\"text-align: left\"><span style=\"color: #ffffff\">.<\/span><\/p>\n<p style=\"text-align: left\"><strong style=\"text-align: left;line-height: 1.6em\"><strong>\u00a0 \u00a0 \u00a0 \u00a0\u00a0<\/strong>\u00a0 . I\u01b1N <\/strong><span style=\"text-align: left;line-height: 1.6em\">(world) \u00a0\/\/ \u00a0<\/span><strong style=\"text-align: left;line-height: 1.6em\">Ambient \/\/ <\/strong><a href=\"http:\/\/www.mixcloud.com\/IUN\/\" target=\"_blank\">mixcloud<\/a><span style=\"line-height: 1.6em\"><br \/>\n<\/span><\/p>\n<p style=\"text-align: left\"><span style=\"line-height: 1.6em\">\u00a0<span style=\"font-size: x-small\"> \u00a0 \u00a0 \u00a0 \u00a0 \u00a0\u00a0<\/span><\/span><a href=\"http:\/\/www.mixcloud.com\/Invocat\/invocast001-feat-i%CA%8An\/\" target=\"_blank\"><img loading=\"lazy\" decoding=\"async\" class=\"wp-image-230 alignleft\" src=\"http:\/\/azqs.com\/invocat\/files\/2014\/03\/inv001.png\" alt=\"inv001\" width=\"180\" height=\"181\" \/><\/a><span style=\"line-height: 1.6em;color: #ffffff\"><span style=\"font-size: x-small\">.<\/span><\/span><\/p>\n<p style=\"text-align: justify\"><em><span style=\"line-height: 1.6em\"><span style=\"font-size: x-small\"> Floating keys mixed with ghostly voices.<\/span><br \/>\n<\/span><span style=\"line-height: 1.6em;font-size: x-small\">Do not miss your train while diving into hidden worlds.\u00a0<\/span><\/em><\/p>\n<p style=\"text-align: justify\"><span style=\"font-size: x-small\"><span style=\"line-height: 1.6em\">Accords \u00e9th\u00e9r\u00e9s entrem\u00e9l\u00e9s de voix fant\u00f4matiques.<br \/>\n<\/span>Ne ratez pas votre train pendant la plong\u00e9e dans les mondes cach\u00e9s.<\/span><\/p>\n<p style=\"text-align: left\"><span style=\"color: #ffffff\">.<\/span><\/p>\n<p style=\"text-align: left\"><strong><br \/>\n<\/strong><\/p>\n<p>&nbsp;<\/p>\n<p style=\"text-align: left\"><span style=\"font-size: x-small\"> <span style=\"color: #ffffff\">.<\/span><br \/>\n<span style=\"color: #ffffff\">.<\/span><br \/>\n<span style=\"color: #ffffff\">.<\/span><br \/>\n<span style=\"color: #ffffff\">.<\/span><br \/>\n<span style=\"color: #ffffff\">.<\/span><br \/>\n<\/span><\/p>\n<p style=\"text-align: left\"><span style=\"color: #ffffff\">.<\/span><\/p>\n<p style=\"text-align: left\"><span style=\"color: #ffffff\">.<\/span><\/p>\n","protected":false},"excerpt":{"rendered":"<p>cliquez sur les images pour \u00e9couter les podcasts &#8211; click on pictures to reach podcasts . . \u00a0 \u00a0 \u00a0 \u00a0\u00a0\u00a0 . Noir Syndrome\u00a0 \/\/\u00a0 Cold &#8211; Synth &#8211; Techno \/\/ Mixcloud &#8211; Soundcloud \u00a0 \u00a0 \u00a0 \u00a0 \u00a0 \u00a0\u00a0 . Escape from working cities, industrial and mechanical syncopated waltz, robotic translations at the edge [&hellip;]<\/p>\n","protected":false},"author":290,"featured_media":0,"parent":0,"menu_order":0,"comment_status":"closed","ping_status":"closed","template":"","meta":{"footnotes":""},"class_list":["post-26","page","type-page","status-publish","hentry"],"_links":{"self":[{"href":"https:\/\/azqs.com\/invocat\/wp-json\/wp\/v2\/pages\/26"}],"collection":[{"href":"https:\/\/azqs.com\/invocat\/wp-json\/wp\/v2\/pages"}],"about":[{"href":"https:\/\/azqs.com\/invocat\/wp-json\/wp\/v2\/types\/page"}],"author":[{"embeddable":true,"href":"https:\/\/azqs.com\/invocat\/wp-json\/wp\/v2\/users\/290"}],"replies":[{"embeddable":true,"href":"https:\/\/azqs.com\/invocat\/wp-json\/wp\/v2\/comments?post=26"}],"version-history":[{"count":12,"href":"https:\/\/azqs.com\/invocat\/wp-json\/wp\/v2\/pages\/26\/revisions"}],"predecessor-version":[{"id":430,"href":"https:\/\/azqs.com\/invocat\/wp-json\/wp\/v2\/pages\/26\/revisions\/430"}],"wp:attachment":[{"href":"https:\/\/azqs.com\/invocat\/wp-json\/wp\/v2\/media?parent=26"}],"curies":[{"name":"wp","href":"https:\/\/api.w.org\/{rel}","templated":true}]}}