{"id":23,"date":"2014-03-14T13:08:10","date_gmt":"2014-03-14T12:08:10","guid":{"rendered":"http:\/\/azqs.com\/invocat\/?page_id=23"},"modified":"2018-07-18T15:33:19","modified_gmt":"2018-07-18T13:33:19","slug":"liens","status":"publish","type":"page","link":"https:\/\/azqs.com\/invocat\/liens\/","title":{"rendered":"PANGLOSS"},"content":{"rendered":"<p><strong>+ + INVOCAT ALL *<br \/>\n<a href=\"https:\/\/www.mixcloud.com\/Invocat\/\">MIXCLOUD <\/a><\/strong>\/ <strong>SOUNDCLOUD<\/strong> \/ <a href=\"https:\/\/invocat.bandcamp.com\" target=\"_blank\" rel=\"noopener\"><strong>BANDCAMP<\/strong> <\/a>\/ <strong><a href=\"https:\/\/www.facebook.com\/ab.invocat\/?fref=ts\">FACEBOOK <\/a><\/strong>\/ <strong><a href=\"https:\/\/discord.gg\/MHStjcj\">DISCORD<\/a> \/ <a href=\"https:\/\/www.youtube.com\/channel\/UCjO_gObCTfUViYXtDuNe6FA?view_as=subscriber\" target=\"_blank\" rel=\"noopener\">YOUTUBE<\/a><br \/>\n<\/strong><br \/>\n<strong><a href=\"http:\/\/azqs.com\/adn\/\">SYSTEME ADN<\/a> [ YOUTUBE ]<\/strong><br \/>\nMOONLIGHT SONATA [ <strong><a href=\"https:\/\/soundcloud.com\/msonata\">SOUNDCLOUD <\/a><\/strong>\/ <strong><a href=\"https:\/\/www.mixcloud.com\/msonata\/\">MIXCLOUD<\/a>\u00a0<\/strong>]<br \/>\nCENTER FREQUENCY [<strong><a href=\"https:\/\/soundcloud.com\/cfx0x\">SOUNDCLOUD<\/a><\/strong> ]<br \/>\nRESERVOIR dUb [ <a href=\"https:\/\/soundcloud.com\/reservoir-dub\" target=\"_blank\" rel=\"noopener\"><strong>SOUNDCLOUD<\/strong><\/a> \/ <strong><a href=\"https:\/\/www.mixcloud.com\/Dispendia_Records\/\" target=\"_blank\" rel=\"noopener\">MIXCLOUD<\/a><\/strong> ]<br \/>\nR-dUb [ <a href=\"https:\/\/soundcloud.com\/r-duub\" target=\"_blank\" rel=\"noopener\"><strong>SOUNDCLOUD<\/strong><\/a> ]<br \/>\nLE FRAGMENT MENT QUAND [<strong>\u00a0<a href=\"https:\/\/soundcloud.com\/fragment-ment-quand\">SOUNDCLOUD<\/a>\u00a0<\/strong>]<br \/>\nFLO<br \/>\n<strong><a href=\"https:\/\/hearthis.at\/cfob\/\">CANAL FRANCOPHONE DE L&rsquo;OMNISCIENCE BINAURALE <\/a>[ FACEBOOK ]<br \/>\n<\/strong><br \/>\n<del><a href=\"http:\/\/frissionradio.com\/curators\/moonlight-sonata\/\"><strong>CHAMBRE FROIDE ON FRISSION RADIO <\/strong><\/a><\/del><strong>[ DISCONTINUED ]<\/strong><\/p>\n<p>&#8212;&#8212;&#8212;&#8212;&#8212;&#8212;&#8212;&#8212;&#8212;&#8212;&#8212;&#8212;&#8212;&#8212;&#8212;&#8212;&#8212;&#8212;&#8212;&#8212;&#8212;&#8212;&#8212;&#8212;&#8212;&#8212;&#8212;&#8212;&#8212;&#8212;&#8212;&#8212;&#8212;&#8212;&#8212;&#8212;-<\/p>\n<p><strong>+ + ANIMALITE<a href=\"http:\/\/www.animalsace.org\/\" target=\"_blank\" rel=\"noopener\"><br \/>\nANIMALSACE<\/a><\/strong> : association de d\u00e9fense des animaux et promotion du v\u00e9g\u00e9tarisme en Alsace<a href=\"http:\/\/azqs.com\/\" target=\"_blank\" rel=\"noopener\"><br \/>\n<\/a><strong><a href=\"http:\/\/www.vegetarisme.fr\/\" target=\"_blank\" rel=\"noopener\">ASSOCIATION VEGETARIENNE DE FRANCE <\/a><\/strong>: promotion de la culture v\u00e9g\u00e9tarienne<\/p>\n<p><strong>+ + OPEN SOURCE<a href=\"http:\/\/azqs.com\/\" target=\"_blank\" rel=\"noopener\"><br \/>\n<\/a><a href=\"http:\/\/azqs.com\/\" target=\"_blank\" rel=\"noopener\">AZQS<\/a>\u00a0 : <\/strong>H\u00e9bergement mutualis\u00e9 \u00e0 Strasbourg : Aide \u00e0 la cr\u00e9ation Internet, h\u00e9bergement alternatif, diffusion du monde libre<strong><br \/>\n<a href=\"http:\/\/arn-fai.net\/vpn\" target=\"_blank\" rel=\"noopener\">ARN<\/a> <\/strong>: FAI local et promotion du libre<strong><br \/>\n<a href=\"https:\/\/framasoft.org\/\">FRAMASOFT<\/a> <\/strong>: portail de logiciels libres<strong><br \/>\n<a href=\"https:\/\/freenetproject.org\/index.html#home\">FREE NET <\/a>: <\/strong>peer-to-peer platform for censorship-resistant communication and publishing<strong><br \/>\n<\/strong><strong><a href=\"https:\/\/archive.org\/\">INTERNET ARCHIVE<\/a> : <\/strong>non-profit library of millions of free books, movies, software, music, websites, and more<strong><br \/>\n<a href=\"http:\/\/macaulaylibrary.org\/\">MACAULAY LIBRARY<\/a> : <\/strong>Collecting, Archiving, and Distributing Wildlife Media Since 1929<strong><br \/>\n<\/strong><strong> <a href=\"http:\/\/fr.wikihow.com\/Accueil\">WIKIHOW<\/a> : <\/strong>apprendre comment tout faire<\/p>\n<p><strong>+ + LITTERATURE &amp; CULTURE<\/strong><a href=\"http:\/\/darkbooks.org\/collection\/top250.html\"><br \/>\n<\/a><strong><a href=\"https:\/\/gallica.bnf.fr\/html\/und\/livres\/ouvrages-de-reference\" target=\"_blank\" rel=\"noopener\">BNF GALLICA<\/a><br \/>\n<a href=\"https:\/\/www.flickr.com\/photos\/britishlibrary\/page8\">BRITISH LIBRARY<\/a><\/strong>\u00a0\u00a0 : Galerie d&rsquo;illustrations issues de la litt\u00e9rature<a href=\"http:\/\/darkbooks.org\/collection\/top250.html\"><br \/>\n<strong>DARK BOOKS<\/strong><\/a> : librairie \u00e9sot\u00e9rique<strong><br \/>\n<a href=\"http:\/\/www.holybooks.com\/\">HOLY BOOKS<\/a> <\/strong>: librairie \u00e9sot\u00e9rique et religieuse<strong><br \/>\n<a href=\"http:\/\/www.openculture.com\/\">OPEN CULTURE<\/a><\/strong> : culture et \u00e9ducation<br \/>\n<a href=\"http:\/\/www.gutenberg.org\/wiki\/Main_Page\"><strong>PROJET GUTENBERG<\/strong><\/a> : compilation d&rsquo;ebooks gratuits et libres<br \/>\n<strong><a href=\"http:\/\/www.lawofone.info\/\">THE LAW OF ONE<\/a><\/strong> : po\u00e9sie et r\u00e9flexions par Sun Ra<br \/>\n<strong><a href=\"http:\/\/www.theses.fr\/\">THESES.FR <\/a><\/strong>: librairie des th\u00e8ses fran\u00e7aises publi\u00e9es<strong><a href=\"http:\/\/www.theses.fr\/\"><br \/>\n<\/a><\/strong><strong><a href=\"https:\/\/fr.wikisource.org\/wiki\/Wikisource:Accueil\">WIKISOURCE <\/a><\/strong>: biblioth\u00e8que de textes libres et gratuits<\/p>\n<p><strong>+ + SYNTHS<a href=\"http:\/\/www.sengpielaudio.com\/calculator-bpmtempotime.htm\"><br \/>\nBPM TEMPO AND DELAY CALCULATOR<\/a><br \/>\n<a href=\"http:\/\/www.colinfraser.com\/\">COLIN FRASER<\/a><br \/>\nFIRMWARE 1.12 FOSTEX D-108 (ask for it &#8211; send a email)<br \/>\n<a href=\"http:\/\/www.all8.com\/tools\/bpm.htm\">TAP FOR BEATS<br \/>\n<\/a><a href=\"http:\/\/synthedoc.free.fr\/index.html\">SYNTH DOCS<\/a><\/strong><\/p>\n<p><strong>+ + LOCAL CULTURE<\/strong><br \/>\n<strong><a href=\"http:\/\/lediamantdor.blogspot.fr\/\">DIAMANT D&rsquo;OR<\/a><\/strong> : local associatif strasbourgeois autour des musiques alternatives<br \/>\n<a href=\"http:\/\/maison-mimir.com\/\" target=\"_blank\" rel=\"noopener\"><strong>MAISON MIMIR<\/strong><\/a> : espace social et culturel autog\u00e9r\u00e9 \u00e0 Strasbourg<\/p>\n<p><strong>+ + LABELS<a href=\"https:\/\/arythmicrecords.bandcamp.com\/\"><br \/>\nARYTHMIC RECORDS<\/a><\/strong> : ambient \/ experimental \/ electronica<br \/>\n<a href=\"http:\/\/www.bruitsdefond.org\/\"><strong>BRUITS DE FOND<\/strong><\/a><br \/>\n<strong><a href=\"http:\/\/labandeadhesive.hautetfort.com\/\" target=\"_blank\" rel=\"noopener\">LA BANDE ADHESIVE<\/a><\/strong> : collectif sonore et plastique bas\u00e9 dans l&rsquo;EST de la France<br \/>\n<strong><a href=\"https:\/\/marasmlabel.bandcamp.com\/\">MARASM <\/a><\/strong>: label DIY ambient \/ experimental<br \/>\n<strong><a href=\"http:\/\/minimaldetroit.org\/\">MINIMAL DETROIT<\/a><\/strong> : techno label from 313 founded by Terrence Dixon<br \/>\n<strong><a title=\"Underground Resistance\" href=\"http:\/\/www.central.ly\/undergroundresistance\" target=\"_blank\" rel=\"noopener\">UNDERGROUND RESISTANCE<\/a><\/strong> : Manifest from Detroit techno collective<\/p>\n<p><strong>+ + RECORDS STORE<\/strong><a href=\"https:\/\/hardwax.com\/\" target=\"_blank\" rel=\"noopener\"><br \/>\n<\/a><strong><a href=\"https:\/\/hardwax.com\/\">HARDWAX<\/a><\/strong> : online records store &#8211; the great one<br \/>\n<strong><a href=\"http:\/\/www.interstellarsounds.com\/home.php?cat=265\">INTERSTELLAR SOUNDS<\/a><\/strong><br \/>\n<strong><a href=\"https:\/\/www.redeyerecords.co.uk\/home\/\">REDEYE RECORDS<\/a><\/strong><br \/>\n<strong><a href=\"http:\/\/www.toolboxrecords.com\/fr\/\">TOOLBOX <\/a><\/strong>: disquaire parisien alternatif<br \/>\n<strong><a href=\"http:\/\/www.vinylhub.com\/\" target=\"_blank\" rel=\"noopener\">VINYL HUB<\/a><\/strong> : discogs built map gathering records store all over the world<\/p>\n<p><strong>+ + RADIO<\/strong><a href=\"http:\/\/frissionradio.com\/\"><br \/>\n<\/a><strong><a href=\"http:\/\/313.fm\/\">313.FM<\/a><\/strong><br \/>\n<strong><a href=\"https:\/\/somafm.com\/dronezone\/\" target=\"_blank\" rel=\"noopener\">DRONE ZONE<\/a><\/strong><br \/>\n<a href=\"http:\/\/frissionradio.com\/\"><strong>FRISSION RADIO<\/strong><\/a><br \/>\n<strong><a href=\"http:\/\/aporee.org\/maps\/\">RADIO APOREE<br \/>\n<\/a><a href=\"http:\/\/radiocapsule.com\/\">RADIO CAPSULE<\/a><br \/>\n<\/strong><a href=\"http:\/\/www.radiomorphoses.fr\/\"><strong>RADIO MORPHOSES<br \/>\n<\/strong><\/a><a href=\"http:\/\/radiomne.com\/\" target=\"_blank\" rel=\"noopener\"><strong>RADIO MNE<\/strong><\/a><br \/>\n<strong><a href=\"http:\/\/spaz.org\/radio\/\">SPAZ<\/a><\/strong><\/p>\n<p><strong>+ + MUSIC INFOS<a title=\"Unfamous Resistenza\" href=\"http:\/\/blog.unfamousresistenza.fr\/\" target=\"_blank\" rel=\"noopener\"><br \/>\nUNFAMOUS RESISTENZA<\/a><\/strong> : Blog francophone sur les cultures alternatives et souterraines<\/p>\n<p><strong>+ + STUDIO &amp; MASTERING<br \/>\n<a href=\"http:\/\/www.angstrom-mastering.com\/_\/\">ANGSTROM MASTERING<br \/>\n<\/a><a href=\"http:\/\/www.dubplates-mastering.com\/\" target=\"_blank\" rel=\"noopener\">DUBPLATES&amp;MASTERING<\/a><\/strong><br \/>\n<strong><a href=\"http:\/\/www.radiobombstudios.com\/\" target=\"_blank\" rel=\"noopener\">RADIOBOMB STUDIOS<\/a> <\/strong>: Indie sound studio, from recording to vinyl cutting located in France<\/p>\n<p><strong>+ + VISUALS<\/strong><br \/>\n<a href=\"https:\/\/deepdreamgenerator.com\/\"><strong>DEEP DREAM<\/strong><\/a><br \/>\n<strong><a href=\"https:\/\/azopcorp.com\/j2w\"> J2W<\/a><br \/>\n<a href=\"https:\/\/azopcorp.com\/glitchgifvj\/\">GLITCHVJ<\/a><br \/>\n<a href=\"http:\/\/weavesilk.com\/\">SILK<\/a><br \/>\n<a href=\"http:\/\/www.svdk.fr\/\" target=\"_blank\" rel=\"noopener\">SVDK<\/a><br \/>\n<a href=\"http:\/\/haxiomic.github.io\/GPU-Fluid-Experiments\/html5\/\">WEBFLUID<\/a><\/strong><\/p>\n<p>&nbsp;<\/p>\n","protected":false},"excerpt":{"rendered":"<p>+ + INVOCAT ALL * MIXCLOUD \/ SOUNDCLOUD \/ BANDCAMP \/ FACEBOOK \/ DISCORD \/ YOUTUBE SYSTEME ADN [ YOUTUBE ] MOONLIGHT SONATA [ SOUNDCLOUD \/ MIXCLOUD\u00a0] CENTER FREQUENCY [SOUNDCLOUD ] RESERVOIR dUb [ SOUNDCLOUD \/ MIXCLOUD ] R-dUb [ SOUNDCLOUD ] LE FRAGMENT MENT QUAND [\u00a0SOUNDCLOUD\u00a0] FLO CANAL FRANCOPHONE DE L&rsquo;OMNISCIENCE BINAURALE [ FACEBOOK [&hellip;]<\/p>\n","protected":false},"author":290,"featured_media":0,"parent":0,"menu_order":0,"comment_status":"closed","ping_status":"closed","template":"","meta":{"footnotes":""},"class_list":["post-23","page","type-page","status-publish","hentry"],"_links":{"self":[{"href":"https:\/\/azqs.com\/invocat\/wp-json\/wp\/v2\/pages\/23"}],"collection":[{"href":"https:\/\/azqs.com\/invocat\/wp-json\/wp\/v2\/pages"}],"about":[{"href":"https:\/\/azqs.com\/invocat\/wp-json\/wp\/v2\/types\/page"}],"author":[{"embeddable":true,"href":"https:\/\/azqs.com\/invocat\/wp-json\/wp\/v2\/users\/290"}],"replies":[{"embeddable":true,"href":"https:\/\/azqs.com\/invocat\/wp-json\/wp\/v2\/comments?post=23"}],"version-history":[{"count":5,"href":"https:\/\/azqs.com\/invocat\/wp-json\/wp\/v2\/pages\/23\/revisions"}],"predecessor-version":[{"id":1137,"href":"https:\/\/azqs.com\/invocat\/wp-json\/wp\/v2\/pages\/23\/revisions\/1137"}],"wp:attachment":[{"href":"https:\/\/azqs.com\/invocat\/wp-json\/wp\/v2\/media?parent=23"}],"curies":[{"name":"wp","href":"https:\/\/api.w.org\/{rel}","templated":true}]}}