{"id":20,"date":"2014-03-14T12:48:20","date_gmt":"2014-03-14T11:48:20","guid":{"rendered":"http:\/\/azqs.com\/invocat\/?page_id=20"},"modified":"2018-10-09T00:06:19","modified_gmt":"2018-10-08T22:06:19","slug":"manifeste","status":"publish","type":"page","link":"https:\/\/azqs.com\/invocat\/","title":{"rendered":"MANIFESTE"},"content":{"rendered":"<p><a href=\"http:\/\/azqs.com\/invocat\/files\/2014\/03\/invocat_logo_final_inverted1.png\"><img loading=\"lazy\" decoding=\"async\" class=\"wp-image-636 size-medium alignleft\" src=\"http:\/\/azqs.com\/invocat\/files\/2014\/03\/invocat_logo_final_inverted1-300x300.png\" alt=\"\" width=\"300\" height=\"300\" srcset=\"https:\/\/azqs.com\/invocat\/files\/2014\/03\/invocat_logo_final_inverted1-300x300.png 300w, https:\/\/azqs.com\/invocat\/files\/2014\/03\/invocat_logo_final_inverted1-150x150.png 150w, https:\/\/azqs.com\/invocat\/files\/2014\/03\/invocat_logo_final_inverted1-1024x1024.png 1024w\" sizes=\"(max-width: 300px) 100vw, 300px\" \/><\/a><\/p>\n<p>Invocat fait \u00e9cho aux profondeurs invisibles<\/p>\n<p>O\u00f9 la lumi\u00e8re ne se diffuse pas aussi facilement qu&rsquo;\u00e0 la surface ;<br \/>\nO\u00f9 cette m\u00eame lumi\u00e8re r\u00e9v\u00e9latrice des apparences jouant de nos sens n&rsquo;est plus le premier rep\u00e8re pour se guider ;<br \/>\nO\u00f9 les r\u00e9sonances nous fond vibrer dans notre fort int\u00e9rieur avant la coquille qui nous entoure ;<br \/>\nO\u00f9 les merveilles d\u00e9voil\u00e9es apparaissent au fur et \u00e0 mesure que son explorateur s&rsquo;aventure dans ses domaines ;<\/p>\n<p>Invocat ne pr\u00f4ne pas la diff\u00e9rence mais reconna\u00eet l&rsquo;existence de chacun.<br \/>\n<span style=\"color: #ffffff\">.<\/span><br \/>\n<span style=\"color: #ffffff\">.<\/span><\/p>\n<table border=\"0\">\n<tbody>\n<tr>\n<td><strong>Abyssus Abyssum Invocat.<\/strong><\/td>\n<td>L&rsquo;abysse appelle l&rsquo;abysse.<\/td>\n<\/tr>\n<tr>\n<td><em>Abyss calls for abyss.<\/em><\/td>\n<td><strong>Abyssus Abyssum Invocat.<\/strong><\/td>\n<\/tr>\n<\/tbody>\n<\/table>\n<p style=\"text-align: right\"><em><span style=\"color: #ffffff\">.<\/span><br \/>\nInvocat is echoing to hidden depths <\/em><a href=\"http:\/\/azqs.com\/invocat\/files\/2014\/03\/invocat_logo_final_inverted3.png\"><img loading=\"lazy\" decoding=\"async\" class=\"wp-image-637 size-medium alignright\" src=\"http:\/\/azqs.com\/invocat\/files\/2014\/03\/invocat_logo_final_inverted3-300x300.png\" alt=\"\" width=\"300\" height=\"300\" srcset=\"https:\/\/azqs.com\/invocat\/files\/2014\/03\/invocat_logo_final_inverted3-300x300.png 300w, https:\/\/azqs.com\/invocat\/files\/2014\/03\/invocat_logo_final_inverted3-150x150.png 150w, https:\/\/azqs.com\/invocat\/files\/2014\/03\/invocat_logo_final_inverted3-1024x1024.png 1024w\" sizes=\"(max-width: 300px) 100vw, 300px\" \/><\/a><\/p>\n<p style=\"text-align: right\"><em>Where light does not spread as easily as in surface ;<\/em><br \/>\n<em>Where this unique light revealating shapes that tricks our senses is not anymore the first way to guide ourselves ;<\/em><br \/>\n<em>Where vibrations shake us our inner before the shell which protects us ;<\/em><br \/>\n<em>Where found treasures reveal themselves as its explorator goes deeper during his adventure ;<\/em><\/p>\n<p style=\"text-align: right\"><em>Invocat does not defend the difference but knows the existence about everyone.<\/em><\/p>\n<p><span style=\"color: #ffffff\">\u00a0.<\/span><br \/>\n<span style=\"color: #ffffff\">.<\/span><\/p>\n<p style=\"text-align: left\"><strong>+ +<\/strong> Droit \u00e0 l&rsquo;erreur, droit \u00e0 la diff\u00e9rence, <del>vegeta*isme<\/del>, conscience <del>\u00e9cologique<\/del>, partage, autodidactisme, empirisme et <del>pens\u00e9e chaotique<\/del> foi d&rsquo;\u00e9l\u00e9vation, appel au vivant<del><br \/>\n<\/del><\/p>\n<p style=\"text-align: left\"><span style=\"color: #ffffff\">.<\/span><\/p>\n<p style=\"text-align: right\">R<em>ight to mistake, right to be different, <del>vegeta*ism<\/del>, <del>ecological<\/del> sensitivity, sharing, autodidactism, empirism and <del>theory of chaos<\/del> faith of elevation, call for the living <\/em><strong>+ +<\/strong><em><br \/>\n<\/em><\/p>\n<p>&nbsp;<\/p>\n","protected":false},"excerpt":{"rendered":"<p>Invocat fait \u00e9cho aux profondeurs invisibles O\u00f9 la lumi\u00e8re ne se diffuse pas aussi facilement qu&rsquo;\u00e0 la surface ; O\u00f9 cette m\u00eame lumi\u00e8re r\u00e9v\u00e9latrice des apparences jouant de nos sens n&rsquo;est plus le premier rep\u00e8re pour se guider ; O\u00f9 les r\u00e9sonances nous fond vibrer dans notre fort int\u00e9rieur avant la coquille qui nous entoure [&hellip;]<\/p>\n","protected":false},"author":290,"featured_media":0,"parent":0,"menu_order":0,"comment_status":"closed","ping_status":"closed","template":"","meta":{"footnotes":""},"class_list":["post-20","page","type-page","status-publish","hentry"],"_links":{"self":[{"href":"https:\/\/azqs.com\/invocat\/wp-json\/wp\/v2\/pages\/20"}],"collection":[{"href":"https:\/\/azqs.com\/invocat\/wp-json\/wp\/v2\/pages"}],"about":[{"href":"https:\/\/azqs.com\/invocat\/wp-json\/wp\/v2\/types\/page"}],"author":[{"embeddable":true,"href":"https:\/\/azqs.com\/invocat\/wp-json\/wp\/v2\/users\/290"}],"replies":[{"embeddable":true,"href":"https:\/\/azqs.com\/invocat\/wp-json\/wp\/v2\/comments?post=20"}],"version-history":[{"count":5,"href":"https:\/\/azqs.com\/invocat\/wp-json\/wp\/v2\/pages\/20\/revisions"}],"predecessor-version":[{"id":1143,"href":"https:\/\/azqs.com\/invocat\/wp-json\/wp\/v2\/pages\/20\/revisions\/1143"}],"wp:attachment":[{"href":"https:\/\/azqs.com\/invocat\/wp-json\/wp\/v2\/media?parent=20"}],"curies":[{"name":"wp","href":"https:\/\/api.w.org\/{rel}","templated":true}]}}