{"id":182,"date":"2014-04-28T16:40:24","date_gmt":"2014-04-28T15:40:24","guid":{"rendered":"http:\/\/azqs.com\/invocat\/?page_id=182"},"modified":"2015-03-30T12:47:32","modified_gmt":"2015-03-30T10:47:32","slug":"temp","status":"publish","type":"page","link":"https:\/\/azqs.com\/invocat\/temp\/","title":{"rendered":"PROJETS"},"content":{"rendered":"<p>Cette page regroupe l&rsquo;ensemble des projets de l&rsquo;association Invocat.<br \/>\n<em>This page gathers the whole project list of Invocat mind.<\/em><\/p>\n<p>&nbsp;<\/p>\n<hr \/>\n<p><a href=\"http:\/\/azqs.com\/adn\/\" target=\"_blank\"><img loading=\"lazy\" decoding=\"async\" class=\"   alignleft wp-image-372\" src=\"http:\/\/azqs.com\/invocat\/files\/2014\/04\/Logo-ADN.png\" alt=\"\" width=\"116\" height=\"116\" \/><\/a><a href=\"http:\/\/azqs.com\/adn\/\" target=\"_blank\"><strong>ADN<\/strong> : syst\u00e8me Autonome de Diffusion Nomade<\/a><br \/>\nSyst\u00e8me de diffusion de l&rsquo;association Invocat, aliment\u00e9 par l&rsquo;\u00e9nergie solaire.<\/p>\n<p><a href=\"http:\/\/azqs.com\/adn\/\" target=\"_blank\"><em><strong>ADN<\/strong> : Autonomous Nomad Diffusion system<\/em><\/a><br \/>\n<em>Solar energy fueled sound system of Invocat.<\/em><\/p>\n","protected":false},"excerpt":{"rendered":"<p>Cette page regroupe l&rsquo;ensemble des projets de l&rsquo;association Invocat. This page gathers the whole project list of Invocat mind. &nbsp; ADN : syst\u00e8me Autonome de Diffusion Nomade Syst\u00e8me de diffusion de l&rsquo;association Invocat, aliment\u00e9 par l&rsquo;\u00e9nergie solaire. ADN : Autonomous Nomad Diffusion system Solar energy fueled sound system of Invocat.<\/p>\n","protected":false},"author":290,"featured_media":0,"parent":0,"menu_order":0,"comment_status":"closed","ping_status":"closed","template":"","meta":{"footnotes":""},"class_list":["post-182","page","type-page","status-publish","hentry"],"_links":{"self":[{"href":"https:\/\/azqs.com\/invocat\/wp-json\/wp\/v2\/pages\/182"}],"collection":[{"href":"https:\/\/azqs.com\/invocat\/wp-json\/wp\/v2\/pages"}],"about":[{"href":"https:\/\/azqs.com\/invocat\/wp-json\/wp\/v2\/types\/page"}],"author":[{"embeddable":true,"href":"https:\/\/azqs.com\/invocat\/wp-json\/wp\/v2\/users\/290"}],"replies":[{"embeddable":true,"href":"https:\/\/azqs.com\/invocat\/wp-json\/wp\/v2\/comments?post=182"}],"version-history":[{"count":18,"href":"https:\/\/azqs.com\/invocat\/wp-json\/wp\/v2\/pages\/182\/revisions"}],"predecessor-version":[{"id":375,"href":"https:\/\/azqs.com\/invocat\/wp-json\/wp\/v2\/pages\/182\/revisions\/375"}],"wp:attachment":[{"href":"https:\/\/azqs.com\/invocat\/wp-json\/wp\/v2\/media?parent=182"}],"curies":[{"name":"wp","href":"https:\/\/api.w.org\/{rel}","templated":true}]}}