{"id":9,"date":"2011-12-14T14:39:18","date_gmt":"2011-12-14T13:39:18","guid":{"rendered":"http:\/\/azqs.com\/funkthepower\/?page_id=9"},"modified":"2013-06-25T08:43:21","modified_gmt":"2013-06-25T08:43:21","slug":"winston-smith","status":"publish","type":"page","link":"https:\/\/azqs.com\/funkthepower\/winston-smith\/","title":{"rendered":"Winston Smith"},"content":{"rendered":"<div id=\"attachment_16\" style=\"width: 210px\" class=\"wp-caption alignright\"><a href=\"http:\/\/azqs.com\/funkthepower\/files\/london4.jpg\"><img loading=\"lazy\" decoding=\"async\" aria-describedby=\"caption-attachment-16\" class=\"size-medium wp-image-16\" alt=\"Image de WS en plein Digging a Londres\" src=\"http:\/\/azqs.com\/funkthepower\/files\/london4-200x300.jpg\" width=\"200\" height=\"300\" \/><\/a><p id=\"caption-attachment-16\" class=\"wp-caption-text\">digging in London, 2011<\/p><\/div>\n<div id=\"attachment_501\" style=\"width: 233px\" class=\"wp-caption alignleft\"><a href=\"http:\/\/azqs.com\/funkthepower\/files\/photo-10.jpg\"><img loading=\"lazy\" decoding=\"async\" aria-describedby=\"caption-attachment-501\" class=\"size-medium wp-image-501 \" alt=\"photo winston\" src=\"http:\/\/azqs.com\/funkthepower\/files\/photo-10-223x300.jpg\" width=\"223\" height=\"300\" \/><\/a><p id=\"caption-attachment-501\" class=\"wp-caption-text\">Les Docks, \u00e9t\u00e9 2012<\/p><\/div>\n<p>Gentillement \u00e9nerv\u00e9 et \u00e0 coup s\u00fbr inconditionnel boulimique de disques vinyle, Winston Smith, \u00e0 l\u2019instar de son comp\u00e8re Mow, se caract\u00e9rise avant tout par son intransigeance en mati\u00e8re de musique.<\/p>\n<p>Pour lui tout vient du Blues et du Jazz pour lesquels il cultive une passion immod\u00e9r\u00e9e et dont il a assid\u00fbment \u00e9tudi\u00e9 l\u2019histoire. R\u00e9sultat, depuis dix ans qu\u2019il joue avec ses platines, mixer a toujours impliqu\u00e9 des encha\u00eenements Blues, Jazz, Funk, Soul, Boogaloo, Afro-beat, Exotica ou encore Booggie dont le seul but reste de faire remuer, danser et transpirer, sans jamais se renier.<\/p>\n<div id=\"attachment_18\" style=\"width: 310px\" class=\"wp-caption alignleft\"><a href=\"http:\/\/azqs.com\/funkthepower\/files\/london-1.jpg\"><img loading=\"lazy\" decoding=\"async\" aria-describedby=\"caption-attachment-18\" class=\"size-medium wp-image-18\" alt=\"Image de WS en visite chez Rough Trade Bricklane\" src=\"http:\/\/azqs.com\/funkthepower\/files\/london-1-300x200.jpg\" width=\"300\" height=\"200\" \/><\/a><p id=\"caption-attachment-18\" class=\"wp-caption-text\">Rough Trade London, 2011<\/p><\/div>\n<p>Pour lui, \u00e9couter et jouer de la musique ne sont jamais des actes vides de sens, bien au contraire. Il s\u2019agit de recevoir ou de faire passer le message h\u00e9doniste du Funk, \u00e0 commencer par, \u00ab\u00a0Shake it baby\u00a0!\u00a0\u00bb ou encore \u00ab\u00a0nothing is as cool as old school\u00a0\u00bb . Son pseudo, r\u00e9f\u00e9rence \u00e0 George Orwell est d\u2019ailleurs l\u00e0 pour en attester,\u00a0 la musique est une arme et le vinyle son m\u00e9dium. Dans ces conditions un seul mot d\u2019ordre: <strong>Funk the Power\u00a0!<\/strong><\/p>\n<p>Il s&rsquo;implique par ailleurs totalement dans le d\u00e9veloppement de son collectif, non seulement en participant \u00e0 des \u00e9v\u00e8nements en tant que DJ, mais aussi en produisant des soir\u00e9es d&rsquo;envergure intitul\u00e9es \u00ab\u00a0Shake Your Groove Thing\u00a0\u00bbau <a href=\"http:\/\/www.facebook.com\/restobar.stromboli?ref=ts&amp;fref=ts\">Teatro Strasbourg<\/a> qui lui permettent d&rsquo; attirer dans sa ville de r\u00e9sidence des djs et artistes labellis\u00e9s \u00ab\u00a0Rare Groove\u00a0\u00bb. Ainsi apr\u00e8s Sir Jarvis (Badass records\/ SXB), Aurrrelio (LostGrooves\/Paris) et la clique de Star Wax magazine, ce sont Florian Keller (Party Keller\/Munich) ou encore Waxist Selecta (Paris) qui, par son interm\u00e9diaire, devraient transiter par Stras.city pour y prodiguer le bonne parole du Funk. Et qui peut-\u00eatre participeront-ils \u00e9galement \u00e0 son programme en ligne, intitul\u00e9 quant \u00e0 lui, Dites33! qui est l&rsquo;objet d&rsquo;une page \u00e9ponyme sur ce site!<\/p>\n<h3><span style=\"text-decoration: underline\">Crime scenes (Strasbourg) :<\/span><\/h3>\n<p>Le Troc\u2019af\u00e9<\/p>\n<div id=\"attachment_20\" style=\"width: 310px\" class=\"wp-caption alignright\"><a href=\"http:\/\/azqs.com\/funkthepower\/files\/pioupiou.jpg\"><img loading=\"lazy\" decoding=\"async\" aria-describedby=\"caption-attachment-20\" class=\"size-medium wp-image-20 \" alt=\"Image de Winston Smith en action\" src=\"http:\/\/azqs.com\/funkthepower\/files\/pioupiou-300x200.jpg\" width=\"300\" height=\"200\" \/><\/a><p id=\"caption-attachment-20\" class=\"wp-caption-text\">Festival du Piou Piou, Besan\u00e7on, 2011<\/p><\/div>\n<p>&nbsp;<\/p>\n<p>Le Kitsch\u2019n bar (r\u00e9sidence mensuelle depuis 2010)<br \/>\nLe Trolleybus<br \/>\nLe Korrigan<br \/>\nLe Caf\u00e9 Atlantico (date mensuelle 2012\/2013)<br \/>\nJeannette &amp; Les Cycleux (r\u00e9sidence bi-mensuelle 2011\/2012)<br \/>\nLa Perestroika<br \/>\nLe Grincheux<br \/>\nLa Lanterne<br \/>\nLe Molodo\u00ef<br \/>\nLa Laiterie<br \/>\nFestival Contre-Temps 2010\/2011\/2012\/2013<br \/>\nFestival Europ\u00e9en du film fantastique de Strasbourg 2008\/2009\/2010\/2011<br \/>\nLe Phonographe<\/p>\n<p>La Fat Black Pussycat (passage mensuel 2013&#8230;)<br \/>\nLe Mudd Club<\/p>\n<div id=\"attachment_889\" style=\"width: 160px\" class=\"wp-caption alignright\"><a href=\"http:\/\/azqs.com\/funkthepower\/files\/2011\/12\/smith.png\"><img loading=\"lazy\" decoding=\"async\" aria-describedby=\"caption-attachment-889\" class=\"size-thumbnail wp-image-889\" alt=\"laiterie\" src=\"http:\/\/azqs.com\/funkthepower\/files\/2011\/12\/smith-150x150.png\" width=\"150\" height=\"150\" \/><\/a><p id=\"caption-attachment-889\" class=\"wp-caption-text\">Premi\u00e8re Partie de Charles Bradley<\/p><\/div>\n<p>La F\u00eate de la Krutenau 2011 (voir la vid\u00e9o)<\/p>\n<p>Avila Factory (Strasbourg)<\/p>\n<p>Festival Spring Roll, Strasbourg 2012<\/p>\n<p>Le Rafiot<\/p>\n<p>Le Ceaac (25 ans, Octobre 2012)<\/p>\n<p>&nbsp;<\/p>\n<p>&nbsp;<\/p>\n<div id=\"attachment_508\" style=\"width: 310px\" class=\"wp-caption alignright\"><a href=\"http:\/\/azqs.com\/funkthepower\/files\/laiterie.jpg\"><img loading=\"lazy\" decoding=\"async\" aria-describedby=\"caption-attachment-508\" class=\"size-medium wp-image-508\" alt=\"photo laiterie\" src=\"http:\/\/azqs.com\/funkthepower\/files\/laiterie-300x223.jpg\" width=\"300\" height=\"223\" \/><\/a><p id=\"caption-attachment-508\" class=\"wp-caption-text\">La Laiterie, Juin 2012<\/p><\/div>\n<p>La Laiterie, 1ere Partie de Charles Bradley (19\/06\/2012)<\/p>\n<p>Le Teatro (2012\/2013)<\/p>\n<p>La Java (2012\/2013)<\/p>\n<h3><span style=\"text-decoration: underline\">Ailleurs\u00a0:<\/span><\/h3>\n<p>Festival du Piou-Piou 2011 et 2012 (Besan\u00e7on)<br \/>\nLe Musical (Lille-2011)<br \/>\nMetz (2011)<br \/>\nL\u2019 Alimentation G\u00e9n\u00e9rale (Paris-2011\/2012)<br \/>\nFestival Terranga (Nancy- 2010)<\/p>\n<p>La Batofar (Paris- 2 fois en 2012)<\/p>\n<p>Mizmiz Caf\u00e9 (Paris-Juin 2013)<\/p>\n<p>Le Ti-Bilik (Finist\u00e8re, \u00e9t\u00e9 2012)<\/p>\n<p>Le Caf\u00e9 Central (Bruxelles, Novembre 2012\/ Avril 2013)<\/p>\n<p>&nbsp;<\/p>\n<p>&nbsp;<\/p>\n<p>&nbsp;<\/p>\n<h3><span style=\"text-decoration: underline\">Mes mixs et extraits de l&rsquo;\u00e9mission Dites33! sur Radiocapsule.com<\/span><\/h3>\n<p>Des heures d&rsquo;\u00e9coute tranquilou&#8230;<\/p>\n<div>[mixcloud]http:\/\/www.mixcloud.com\/winstonsmith\/[\/mixcloud]<\/div>\n","protected":false},"excerpt":{"rendered":"<p>Gentillement \u00e9nerv\u00e9 et \u00e0 coup s\u00fbr inconditionnel boulimique de disques vinyle, Winston Smith, \u00e0 l\u2019instar de son comp\u00e8re Mow, se caract\u00e9rise avant tout par son intransigeance en mati\u00e8re de musique. Pour lui tout vient du Blues et du Jazz pour lesquels il cultive une passion immod\u00e9r\u00e9e et dont il a assid\u00fbment \u00e9tudi\u00e9 l\u2019histoire. R\u00e9sultat, depuis [&hellip;]<\/p>\n","protected":false},"author":1,"featured_media":0,"parent":0,"menu_order":4,"comment_status":"open","ping_status":"open","template":"","meta":{"footnotes":""},"class_list":["post-9","page","type-page","status-publish","hentry"],"_links":{"self":[{"href":"https:\/\/azqs.com\/funkthepower\/wp-json\/wp\/v2\/pages\/9"}],"collection":[{"href":"https:\/\/azqs.com\/funkthepower\/wp-json\/wp\/v2\/pages"}],"about":[{"href":"https:\/\/azqs.com\/funkthepower\/wp-json\/wp\/v2\/types\/page"}],"author":[{"embeddable":true,"href":"https:\/\/azqs.com\/funkthepower\/wp-json\/wp\/v2\/users\/1"}],"replies":[{"embeddable":true,"href":"https:\/\/azqs.com\/funkthepower\/wp-json\/wp\/v2\/comments?post=9"}],"version-history":[{"count":15,"href":"https:\/\/azqs.com\/funkthepower\/wp-json\/wp\/v2\/pages\/9\/revisions"}],"predecessor-version":[{"id":705,"href":"https:\/\/azqs.com\/funkthepower\/wp-json\/wp\/v2\/pages\/9\/revisions\/705"}],"wp:attachment":[{"href":"https:\/\/azqs.com\/funkthepower\/wp-json\/wp\/v2\/media?parent=9"}],"curies":[{"name":"wp","href":"https:\/\/api.w.org\/{rel}","templated":true}]}}