{"id":5,"date":"2011-12-14T14:35:19","date_gmt":"2011-12-14T13:35:19","guid":{"rendered":"http:\/\/azqs.com\/funkthepower\/?page_id=5"},"modified":"2013-07-16T12:28:17","modified_gmt":"2013-07-16T12:28:17","slug":"mr-now","status":"publish","type":"page","link":"https:\/\/azqs.com\/funkthepower\/mr-now\/","title":{"rendered":"Mr Mow"},"content":{"rendered":"<div id=\"attachment_1017\" style=\"width: 310px\" class=\"wp-caption alignright\"><a href=\"http:\/\/azqs.com\/funkthepower\/files\/2011\/12\/37.jpg\"><img loading=\"lazy\" decoding=\"async\" aria-describedby=\"caption-attachment-1017\" class=\"size-medium wp-image-1017\" alt=\"Resident Funk, Kitsch'n Bar\" src=\"http:\/\/azqs.com\/funkthepower\/files\/2011\/12\/37-300x168.jpg\" width=\"300\" height=\"168\" srcset=\"https:\/\/azqs.com\/funkthepower\/files\/2011\/12\/37-300x168.jpg 300w, https:\/\/azqs.com\/funkthepower\/files\/2011\/12\/37.jpg 720w\" sizes=\"(max-width: 300px) 100vw, 300px\" \/><\/a><p id=\"caption-attachment-1017\" class=\"wp-caption-text\">Resident Funk, Kitsch&rsquo;n Bar<\/p><\/div>\n<p>Collectionneur et amoureux des vinyles depuis une douzaine d&rsquo;ann\u00e9es, Mister Mow est pass\u00e9 derri\u00e8re les platines il y a bient\u00f4t cinq ans. Fanatique des musiques afro-am\u00e9ricaines, il ne cesse d&rsquo;\u00eatre \u00e0 l&rsquo;aff\u00fbt pour d\u00e9nicher les perles rares.<\/p>\n<p>Et il y a de quoi faire ; des ann\u00e9es vingt \u00e0 aujourd&rsquo;hui le spectre est large ! Blues, Rock, Rhythm &amp; Blues, Jazz, Soul, Funk, Boogie, Boogaloo, Hip-Hop sont les pierres qu&rsquo;il empile pour \u00e9riger son temple d\u00e9di\u00e9 \u00e0 la musique. Membre de Broken Wingz, Mow initia les soir\u00e9es Soul Witness avec Karlis &amp; G Phil en 2009 avant de fonder Funk The Power avec Winston Smith en f\u00e9vrier 2011.<\/p>\n<p>Allergique aux modes, un tantinet soupe au lait et certainement sans concessions lorsqu&rsquo;il s&rsquo;agit de musique, Mow d\u00e9pose ses disques sur les diff\u00e9rentes platines de la sc\u00e8ne strasbourgeoise pour propager la bonne parole \u00e0 coup de Funk remuante et de Soul suave. Pour cela, une seule chose \u00e0 faire : deux platines, un bac rempli de 33 et de 45 tours et c&rsquo;est parti : LET&rsquo;S FUNK &amp; LAISSEZ LE BON TEMPS ROULER !!<\/p>\n<p><span style=\"text-decoration: underline\"><strong>Cream Scenes :<\/strong><\/span><\/p>\n<div id=\"attachment_1164\" style=\"width: 310px\" class=\"wp-caption alignright\"><a href=\"http:\/\/azqs.com\/funkthepower\/files\/2011\/12\/GetAttachment2.jpg\"><img loading=\"lazy\" decoding=\"async\" aria-describedby=\"caption-attachment-1164\" class=\"size-medium wp-image-1164\" alt=\"Soul Witness, avec Karlis, 2010\" src=\"http:\/\/azqs.com\/funkthepower\/files\/2011\/12\/GetAttachment2-300x200.jpg\" width=\"300\" height=\"200\" srcset=\"https:\/\/azqs.com\/funkthepower\/files\/2011\/12\/GetAttachment2-300x200.jpg 300w, https:\/\/azqs.com\/funkthepower\/files\/2011\/12\/GetAttachment2.jpg 640w\" sizes=\"(max-width: 300px) 100vw, 300px\" \/><\/a><p id=\"caption-attachment-1164\" class=\"wp-caption-text\">Soul Witness, avec Karlis, 2010<\/p><\/div>\n<p>Slide Box, Sxb, 2008\/2009<\/p>\n<p>Jeannette &amp; Les Cycleux (r\u00e9sidence bi-mensuelle <em>Soul Witness<\/em> avec Karlis et invit\u00e9s, 2009-2010)<\/p>\n<p>NL Contest 4 avec le Festival Contre-Temps, 2009<\/p>\n<p>NL Contest 5, les Offs, 2010<\/p>\n<p>NL Contest 6, les Offs (avec D\u00e9mocratie Cr\u00e9ative), 2011<\/p>\n<p>NL Contest 7, les Offs, avec Aurrrelio, 2012<\/p>\n<p>NL Contest 8 (Beatburst Evnt), 2013<\/p>\n<p>Festival Europ\u00e9en du Film Fantastique 2010\/2011<\/p>\n<p>Festival Contre-Temps avec G:Phil, Warm-Up The Bamboos, Molodo\u00ef, 2010<\/p>\n<p>Festival Contre-Temps, Colodor, 2011\/2012<\/p>\n<div id=\"attachment_258\" style=\"width: 310px\" class=\"wp-caption alignright\"><a href=\"http:\/\/azqs.com\/funkthepower\/files\/397511_310720562297553_208075135895430_780846_2041070240_n.jpg\"><img loading=\"lazy\" decoding=\"async\" aria-describedby=\"caption-attachment-258\" class=\"size-medium wp-image-258 \" alt=\"\" src=\"http:\/\/azqs.com\/funkthepower\/files\/397511_310720562297553_208075135895430_780846_2041070240_n-300x225.jpg\" width=\"300\" height=\"225\" \/><\/a><p id=\"caption-attachment-258\" class=\"wp-caption-text\">Les 45 heures du 45 tours, Radio Capsule<\/p><\/div>\n<p>Le Mudd Club<\/p>\n<p>Le Phonograph<\/p>\n<p>Le Kitsch&rsquo;n Bar (r\u00e9sidence mensuelle Resident Funk depuis 2011)<\/p>\n<p>Le Diable Bleu, 2010<\/p>\n<p>La Mandragore, 2012<\/p>\n<p>La Perestroika, 2012<\/p>\n<p>Le Grincheux, 2012<\/p>\n<p>RightOn Fm (Web Radio)<\/p>\n<p>Galerie Avila<\/p>\n<p>F\u00eate de la Krutenau, 2011<\/p>\n<p>Le Caf\u00e9 Atlantico, 2010<\/p>\n<p>Giraf Caf\u00e9, 2010<\/p>\n<div id=\"attachment_1016\" style=\"width: 310px\" class=\"wp-caption alignright\"><a href=\"http:\/\/azqs.com\/funkthepower\/files\/2011\/12\/09.jpg\"><img loading=\"lazy\" decoding=\"async\" aria-describedby=\"caption-attachment-1016\" class=\"size-medium wp-image-1016\" alt=\"Obey Party at Avila Factory\" src=\"http:\/\/azqs.com\/funkthepower\/files\/2011\/12\/09-300x294.jpg\" width=\"300\" height=\"294\" srcset=\"https:\/\/azqs.com\/funkthepower\/files\/2011\/12\/09-300x294.jpg 300w, https:\/\/azqs.com\/funkthepower\/files\/2011\/12\/09-1024x1006.jpg 1024w, https:\/\/azqs.com\/funkthepower\/files\/2011\/12\/09.jpg 1062w\" sizes=\"(max-width: 300px) 100vw, 300px\" \/><\/a><p id=\"caption-attachment-1016\" class=\"wp-caption-text\">Obey Party at Avila Factory<\/p><\/div>\n<p>Les 45 heures du 45 tours, Radio Capsule, 2012<\/p>\n<p>Slide Box Party, Soir\u00e9e Obey, Avila Factory, 2012<\/p>\n<p>Dites 33 !, Radio Capsule (Web Radio)<\/p>\n<p>Le Rafiot avec DJ Suspect et Aurrrelio, 2012<\/p>\n<p>Dirty Deep &amp; Thomas Schoeffler Jr. Release Party, au Mudd Club, 2012<\/p>\n<p>Festival du Piou-Piou, Besan\u00e7on, 2012<\/p>\n<p>The Great R\u00e4ng Teng Teng, Freiburg, avec G:Phil, 2012<\/p>\n<p>Le Ceaac (25 ans, 2012)<\/p>\n<p>Shake Your Groove Thing, avec Sir Jarvis et Aurrrelio, au Teatro, 2012<\/p>\n<p>Ap\u00e9romix Slide Box \u00e0 l&rsquo;Atlantico (2012\/2013)<\/p>\n<p>Shake Your Groove Thing Vol. II, avec Florian Keller\u00a0 &amp; No Stress, Fat Black Pussycat, 2013<\/p>\n<p>Funky Party, Le Caf\u00e9 Central, Bruxelles, 2013<\/p>\n<div id=\"attachment_1160\" style=\"width: 310px\" class=\"wp-caption alignright\"><a href=\"http:\/\/azqs.com\/funkthepower\/files\/2011\/12\/1006165_10151434050641006_1977898670_n.jpg\"><img loading=\"lazy\" decoding=\"async\" aria-describedby=\"caption-attachment-1160\" class=\"size-medium wp-image-1160\" alt=\"P\u00e9tanque Funky avec G:Phil, Contre Temps 2013\" src=\"http:\/\/azqs.com\/funkthepower\/files\/2011\/12\/1006165_10151434050641006_1977898670_n-300x200.jpg\" width=\"300\" height=\"200\" srcset=\"https:\/\/azqs.com\/funkthepower\/files\/2011\/12\/1006165_10151434050641006_1977898670_n-300x200.jpg 300w, https:\/\/azqs.com\/funkthepower\/files\/2011\/12\/1006165_10151434050641006_1977898670_n.jpg 960w\" sizes=\"(max-width: 300px) 100vw, 300px\" \/><\/a><p id=\"caption-attachment-1160\" class=\"wp-caption-text\">P\u00e9tanque Funky avec G:Phil, Contre Temps 2013<\/p><\/div>\n<p>Star Wax Party People\/Posca, avec Supa Cosh, Karlis, Pisco Logik &amp; Carma, La Java, 2013<\/p>\n<p>Funky People, avec Ben G, 2013<\/p>\n<p>Ghetto Schlager, au Fat Black Pussycat, 2013<\/p>\n<p>Festival Contre-Temps, P\u00e9tanque Funky, avec G:Phil, 2013<\/p>\n<p><strong><br \/>\n<\/strong><\/p>\n<p>&nbsp;<\/p>\n<p><strong>Comp\u00e8res de soir\u00e9es, merci \u00e0 eux : <\/strong><\/p>\n<p>Winston Smith (Funk The Power\/Dites 33 !), Karlis (Ugly and Mighty Records\/Volatil\/Broken Wingz\/Soul Witness), G:Phil (Groovehuntaz\/Colors\/Mudd Club\/Soul Witness), No Stress (aka. Rock-Cee\/ Krutlyn Boogie), Sir Jarvis (Badass 45\/Bagwahn Disco), Mellow Martin (Bagwahn Disco), Ben G, DJ Q (Turntableast Crew), DJ Madpressure (TurntableHeadbanger), Thomas Schoeffler Jr., DJ Topic (TurntableHeadbanger),\u00a0Javier, Nu Forms (Groovehuntaz\/Colors\/Mudd Club), Dirty Deep, DJ Nox, DJ Def, DJ Suspect (The Funk League\/Paris), Florian Keller (Party Keller\/Compost\/Munich), Aurrrelio (Lost Grooves\/Star Wax\/Paris), Waxist Selecta (Red Stripe Disco\/ Paris), Supa Cosh (Star Wax\/Paris) &amp; more&#8230;<\/p>\n<p><strong>Mixs de Mister Mow :<br \/>\n<\/strong><\/p>\n<div>\n<p style=\"font-size: 12px;font-family: Helvetica, Arial, sans-serif;margin: 0;padding: 3px 4px;color: #999\"><a href=\"http:\/\/www.mixcloud.com\/mrmow\/?utm_source=widget&amp;utm_medium=web&amp;utm_campaign=base_links&amp;utm_term=resource_link\" target=\"_blank\">Mr Mow&rsquo;s Cloudcasts<\/a><span> on <\/span><a href=\"http:\/\/www.mixcloud.com\/?utm_source=widget&amp;utm_medium=web&amp;utm_campaign=base_links&amp;utm_term=homepage_link\" target=\"_blank\"> Mixcloud<\/a><\/p>\n<\/div>\n","protected":false},"excerpt":{"rendered":"<p>Collectionneur et amoureux des vinyles depuis une douzaine d&rsquo;ann\u00e9es, Mister Mow est pass\u00e9 derri\u00e8re les platines il y a bient\u00f4t cinq ans. Fanatique des musiques afro-am\u00e9ricaines, il ne cesse d&rsquo;\u00eatre \u00e0 l&rsquo;aff\u00fbt pour d\u00e9nicher les perles rares. Et il y a de quoi faire ; des ann\u00e9es vingt \u00e0 aujourd&rsquo;hui le spectre est large ! [&hellip;]<\/p>\n","protected":false},"author":1,"featured_media":0,"parent":0,"menu_order":3,"comment_status":"open","ping_status":"open","template":"","meta":{"footnotes":""},"class_list":["post-5","page","type-page","status-publish","hentry"],"_links":{"self":[{"href":"https:\/\/azqs.com\/funkthepower\/wp-json\/wp\/v2\/pages\/5"}],"collection":[{"href":"https:\/\/azqs.com\/funkthepower\/wp-json\/wp\/v2\/pages"}],"about":[{"href":"https:\/\/azqs.com\/funkthepower\/wp-json\/wp\/v2\/types\/page"}],"author":[{"embeddable":true,"href":"https:\/\/azqs.com\/funkthepower\/wp-json\/wp\/v2\/users\/1"}],"replies":[{"embeddable":true,"href":"https:\/\/azqs.com\/funkthepower\/wp-json\/wp\/v2\/comments?post=5"}],"version-history":[{"count":34,"href":"https:\/\/azqs.com\/funkthepower\/wp-json\/wp\/v2\/pages\/5\/revisions"}],"predecessor-version":[{"id":711,"href":"https:\/\/azqs.com\/funkthepower\/wp-json\/wp\/v2\/pages\/5\/revisions\/711"}],"wp:attachment":[{"href":"https:\/\/azqs.com\/funkthepower\/wp-json\/wp\/v2\/media?parent=5"}],"curies":[{"name":"wp","href":"https:\/\/api.w.org\/{rel}","templated":true}]}}