{"id":38,"date":"2011-12-14T16:13:16","date_gmt":"2011-12-14T15:13:16","guid":{"rendered":"http:\/\/azqs.com\/funkthepower\/?page_id=38"},"modified":"2015-02-13T09:39:34","modified_gmt":"2015-02-13T09:39:34","slug":"notre-musique","status":"publish","type":"page","link":"https:\/\/azqs.com\/funkthepower\/notre-musique\/","title":{"rendered":"Booking"},"content":{"rendered":"<p>Cr\u00e9\u00e9 d\u00e9but 2011, Funk the Power est bien implant\u00e9 sur la sc\u00e8ne strasbourgeoise mais souhaite exporter son Funk vers\u00a0 d&rsquo;autres destinations. Et m\u00eame si pour dor\u00e9navant\u00a0 Winston Smith exerce en solo ou en collaboration externe (avec des Dj venus d&rsquo;autres horizons) son but reste clairement du faire tourbillonner et transpirer toujours plus de monde sur des sons soul, funk et autre plus ou moins rares et improbables.<\/p>\n<p>Par ailleurs Funk the Power est aujourd&rsquo;hui \u00e9galement en mesure d&rsquo;organiser ou de proposer des soir\u00e9es \u00e0 plateau impliquant le pr\u00e9sence de Djs Fran\u00e7ais et Etrangers \u00e9tablis (comme en attestent les soir\u00e9es Shake Your Groove Thing!).<\/p>\n<p><em><strong>voici ce que signifiait engager Funk the Power, aux origines avec Mow et Smith<\/strong>:<\/em><\/p>\n<p><iframe loading=\"lazy\" title=\"Funk the power [www.keepvid.com]\" frameborder=\"0\" width=\"500\" height=\"281\" src=\"https:\/\/geo.dailymotion.com\/player.html?video=xngoxc&#038;\" allowfullscreen allow=\"autoplay; fullscreen; picture-in-picture; web-share\"><\/iframe><\/p>\n<p>&nbsp;<\/p>\n<p><em><strong>Pour contacter W. Smith, rien de plus simple!<\/strong><\/em><\/p>\n<div id=\"attachment_1611\" style=\"width: 310px\" class=\"wp-caption alignleft\"><a href=\"http:\/\/azqs.com\/funkthepower\/files\/2011\/12\/10358747_10152131535861006_6358535345033840948_n.jpg\"><img loading=\"lazy\" decoding=\"async\" aria-describedby=\"caption-attachment-1611\" class=\"size-medium wp-image-1611\" src=\"http:\/\/azqs.com\/funkthepower\/files\/2011\/12\/10358747_10152131535861006_6358535345033840948_n-300x225.jpg\" alt=\"Cin\u00e9mix 2014\" width=\"300\" height=\"225\" srcset=\"https:\/\/azqs.com\/funkthepower\/files\/2011\/12\/10358747_10152131535861006_6358535345033840948_n-300x225.jpg 300w, https:\/\/azqs.com\/funkthepower\/files\/2011\/12\/10358747_10152131535861006_6358535345033840948_n.jpg 556w\" sizes=\"(max-width: 300px) 100vw, 300px\" \/><\/a><p id=\"caption-attachment-1611\" class=\"wp-caption-text\"><strong><em>Cin\u00e9mix 201<\/em><\/strong><\/p><\/div>\n<p>&nbsp;<\/p>\n<p>1- vous pouvez\u00a0 \u00e9crire \u00e0 l&rsquo;adresse suivante: <strong>contact@funkthepower.com<\/strong><\/p>\n<p>2- ou plus simplement t\u00e9l\u00e9phoner au <strong>( 0033) 06 10 69 21 71<\/strong><\/p>\n<p>3- adresse postale:<strong> Funk the power, 3 rue Thiergarten 67000 Strasbourg\u00a0\u00a0 France<br \/>\n<\/strong><\/p>\n<p>&nbsp;<\/p>\n<p>&nbsp;<\/p>\n<p>&nbsp;<\/p>\n<p>Comme pour toute prestation analogique (vinyle) les besoins techniques restent relativement restreints,<\/p>\n<p>&#8211; une table de mixage 2 pistes ou plus (ex: Pioneer DJM)<\/p>\n<p>&#8211; deux platines vinyle de Dj ( de pr\u00e9f\u00e9rence des Technics Mk2)<\/p>\n<p>&#8211; Une sono ad\u00e9quate est \u00e9galement souhaitable&#8230;<\/p>\n<p>Si vous voulez la totale,\u00a0 un mur ou un \u00e9cran\u00a0 permettant d&rsquo;accompagner chaque set de projections vid\u00e9os plus ou moins s\u00e9rieuses sera le bienvenu.<\/p>\n","protected":false},"excerpt":{"rendered":"<p>Cr\u00e9\u00e9 d\u00e9but 2011, Funk the Power est bien implant\u00e9 sur la sc\u00e8ne strasbourgeoise mais souhaite exporter son Funk vers\u00a0 d&rsquo;autres destinations. Et m\u00eame si pour dor\u00e9navant\u00a0 Winston Smith exerce en solo ou en collaboration externe (avec des Dj venus d&rsquo;autres horizons) son but reste clairement du faire tourbillonner et transpirer toujours plus de monde sur [&hellip;]<\/p>\n","protected":false},"author":269,"featured_media":0,"parent":0,"menu_order":2,"comment_status":"open","ping_status":"open","template":"","meta":{"footnotes":""},"class_list":["post-38","page","type-page","status-publish","hentry"],"_links":{"self":[{"href":"https:\/\/azqs.com\/funkthepower\/wp-json\/wp\/v2\/pages\/38"}],"collection":[{"href":"https:\/\/azqs.com\/funkthepower\/wp-json\/wp\/v2\/pages"}],"about":[{"href":"https:\/\/azqs.com\/funkthepower\/wp-json\/wp\/v2\/types\/page"}],"author":[{"embeddable":true,"href":"https:\/\/azqs.com\/funkthepower\/wp-json\/wp\/v2\/users\/269"}],"replies":[{"embeddable":true,"href":"https:\/\/azqs.com\/funkthepower\/wp-json\/wp\/v2\/comments?post=38"}],"version-history":[{"count":8,"href":"https:\/\/azqs.com\/funkthepower\/wp-json\/wp\/v2\/pages\/38\/revisions"}],"predecessor-version":[{"id":1615,"href":"https:\/\/azqs.com\/funkthepower\/wp-json\/wp\/v2\/pages\/38\/revisions\/1615"}],"wp:attachment":[{"href":"https:\/\/azqs.com\/funkthepower\/wp-json\/wp\/v2\/media?parent=38"}],"curies":[{"name":"wp","href":"https:\/\/api.w.org\/{rel}","templated":true}]}}