{"id":252,"date":"2012-03-22T13:34:50","date_gmt":"2012-03-22T12:34:50","guid":{"rendered":"http:\/\/azqs.com\/funkthepower\/?page_id=252"},"modified":"2015-02-13T10:43:47","modified_gmt":"2015-02-13T10:43:47","slug":"juke-box-2","status":"publish","type":"page","link":"https:\/\/azqs.com\/funkthepower\/juke-box-2\/","title":{"rendered":"Soir\u00e9es"},"content":{"rendered":"<p>Le temps passant, des r\u00e9sidences se sont institu\u00e9es pour Funk the Power. Tout d&rsquo;abord au Phonographe pour des sets tranquilous, au <a title=\"Kitsch'n bar\" href=\"http:\/\/www.facebook.com\/pages\/Kitschn-Bar\/109690228469?ref=ts&amp;fref=ts\">Kitsch&rsquo;n Bar<\/a> pour les soir\u00e9es \u00ab\u00a0Resident Funk\u00a0\u00bb qui apr\u00e8s 4 ans se sont mu\u00e9es en soir\u00e9es \u00ab\u00a0OLD&rsquo;S COOL- Roaring sixties Party\u00a0\u00bb. Enfin au Fat Black Pussycat se tiennent les \u00ab\u00a0Shake Your Groove Thing!\u00a0\u00bb qui permettent la venue de Djs labellis\u00e9s Funk\/Soul\/Rare Grooves fran\u00e7ais ou \u00e9trangers dont la renomm\u00e9e n&rsquo;est plus \u00e0 faire \u00e0 un rhythm quasi mensuel depuis 2012.<\/p>\n<p>Dans tous les cas les mots d&rsquo;ordre restent les m\u00eames, \u00ab\u00a0Vinyl Only\u00a0\u00bb et \u00ab\u00a0Nothing is as Cool as Old School\u00a0\u00bb&#8230;<\/p>\n<p>&nbsp;<\/p>\n<h1 style=\"text-align: center\"><span style=\"text-decoration: underline\"><strong>RESIDENT FUNK<\/strong>:<\/span><\/h1>\n<p><a href=\"http:\/\/azqs.com\/funkthepower\/files\/2012\/03\/web_ResidentFunk_062.jpg\"><img loading=\"lazy\" decoding=\"async\" class=\"alignnone size-thumbnail wp-image-874\" src=\"http:\/\/azqs.com\/funkthepower\/files\/2012\/03\/web_ResidentFunk_062-150x150.jpg\" alt=\"web_ResidentFunk_06\" width=\"150\" height=\"150\" \/><\/a><a href=\"http:\/\/azqs.com\/funkthepower\/files\/2012\/03\/ResidentFunk_08_041.jpg\"><img loading=\"lazy\" decoding=\"async\" class=\"alignnone size-thumbnail wp-image-875\" src=\"http:\/\/azqs.com\/funkthepower\/files\/2012\/03\/ResidentFunk_08_041-150x150.jpg\" alt=\"ResidentFunk_08_04\" width=\"150\" height=\"150\" \/><\/a><a href=\"http:\/\/azqs.com\/funkthepower\/files\/2012\/03\/ResidentFunk_17_Web.jpg\"><img loading=\"lazy\" decoding=\"async\" class=\"alignnone size-thumbnail wp-image-876\" src=\"http:\/\/azqs.com\/funkthepower\/files\/2012\/03\/ResidentFunk_17_Web-150x150.jpg\" alt=\"ResidentFunk_17_Web\" width=\"150\" height=\"150\" \/><\/a><a href=\"http:\/\/azqs.com\/funkthepower\/files\/2012\/03\/ResidentFunk_18_web.jpg\"><img loading=\"lazy\" decoding=\"async\" class=\"alignnone size-thumbnail wp-image-877\" src=\"http:\/\/azqs.com\/funkthepower\/files\/2012\/03\/ResidentFunk_18_web-150x150.jpg\" alt=\"ResidentFunk_18_web\" width=\"150\" height=\"150\" \/><\/a><a href=\"http:\/\/azqs.com\/funkthepower\/files\/2012\/03\/ResidentFunk_15_web-1.jpg\"><img loading=\"lazy\" decoding=\"async\" class=\"alignnone size-thumbnail wp-image-879\" src=\"http:\/\/azqs.com\/funkthepower\/files\/2012\/03\/ResidentFunk_15_web-1-150x150.jpg\" alt=\"ResidentFunk_15_web-1\" width=\"150\" height=\"150\" \/><\/a><a href=\"http:\/\/azqs.com\/funkthepower\/files\/2012\/03\/ResidentFunk_10_01_web.jpg\"><img loading=\"lazy\" decoding=\"async\" class=\"alignnone size-thumbnail wp-image-881\" src=\"http:\/\/azqs.com\/funkthepower\/files\/2012\/03\/ResidentFunk_10_01_web-150x150.jpg\" alt=\"ResidentFunk_10_01_web\" width=\"150\" height=\"150\" \/><\/a><a href=\"http:\/\/azqs.com\/funkthepower\/files\/2012\/03\/ResidentFunk_22_web.jpg\"><img loading=\"lazy\" decoding=\"async\" class=\"alignnone size-thumbnail wp-image-1220\" src=\"http:\/\/azqs.com\/funkthepower\/files\/2012\/03\/ResidentFunk_22_web-150x150.jpg\" alt=\"ResidentFunk_22_web\" width=\"150\" height=\"150\" \/><\/a><a href=\"http:\/\/azqs.com\/funkthepower\/files\/2013\/07\/ResidentFunk_23_web.jpg\"><img loading=\"lazy\" decoding=\"async\" class=\"alignnone size-thumbnail wp-image-1153\" src=\"http:\/\/azqs.com\/funkthepower\/files\/2013\/07\/ResidentFunk_23_web-150x150.jpg\" alt=\"rf23\" width=\"150\" height=\"150\" \/><\/a><a href=\"http:\/\/azqs.com\/funkthepower\/files\/2012\/03\/ResidentFunk_24_web.jpg\"><img loading=\"lazy\" decoding=\"async\" class=\"alignnone size-thumbnail wp-image-1222\" src=\"http:\/\/azqs.com\/funkthepower\/files\/2012\/03\/ResidentFunk_24_web-150x150.jpg\" alt=\"ResidentFunk_24_web\" width=\"150\" height=\"150\" \/><\/a><\/p>\n<p>Il s&rsquo;agit l\u00e0 de notre plus ancienne r\u00e9sidence, qui pour Winston remonte \u00e0 2010.\u00a0 Ces soir\u00e9es ont \u00e9t\u00e9 pour nous la confirmation que les \u00ab\u00a0rare grooves\u00a0\u00bb, aussi vieux soient-ils avaient encore de l&rsquo;avenir, et nous aussi du m\u00eame coup! Plus folles et plus massives tous les mois ces soir\u00e9es nous ont \u00e9galement permis de nous faire conna\u00eetre sur la sc\u00e8ne strasbourgeoise et nous ont donn\u00e9 la possibilit\u00e9 de tester l&rsquo;efficacit\u00e9 de projections plus ou mois s\u00e9rieuses \u00e0 base de concerts, de clips, d&rsquo;\u00e9missions ou de films\u00a0 d&rsquo;\u00e9poque. D&#8217;embl\u00e9e ces soir\u00e9es sont devenues pour des rendez-vous mensuels immanquables pour lesquels nous tenons \u00e0 saluer et remercier Pascale, la bosse, qui continue de croire en nous et de nous laisser disposer de son lieu tous les 3e vendredis de chaque mois, histoire d&rsquo;y faire danser \u00e0 perdre haleine, des hordes de strasbourgeois (merci \u00e0 eux!!!) avides de rythmiques \u00e0 la Motown, de gruitares wahwah, ou encore de grosse lignes de basse et de syncopes!!!<\/p>\n<div id=\"attachment_869\" style=\"width: 310px\" class=\"wp-caption aligncenter\"><a href=\"http:\/\/azqs.com\/funkthepower\/files\/2012\/03\/kitsch-1.jpg\"><img loading=\"lazy\" decoding=\"async\" aria-describedby=\"caption-attachment-869\" class=\"size-medium wp-image-869\" src=\"http:\/\/azqs.com\/funkthepower\/files\/2012\/03\/kitsch-1-300x225.jpg\" alt=\"kitsh1\" width=\"300\" height=\"225\" srcset=\"https:\/\/azqs.com\/funkthepower\/files\/2012\/03\/kitsch-1-300x225.jpg 300w, https:\/\/azqs.com\/funkthepower\/files\/2012\/03\/kitsch-1.jpg 640w\" sizes=\"(max-width: 300px) 100vw, 300px\" \/><\/a><p id=\"caption-attachment-869\" class=\"wp-caption-text\">d\u00e9but de soir\u00e9e<\/p><\/div>\n<div id=\"attachment_868\" style=\"width: 310px\" class=\"wp-caption alignright\"><a href=\"http:\/\/azqs.com\/funkthepower\/files\/2012\/03\/20130119_003835.jpg\"><img loading=\"lazy\" decoding=\"async\" aria-describedby=\"caption-attachment-868\" class=\"size-medium wp-image-868\" src=\"http:\/\/azqs.com\/funkthepower\/files\/2012\/03\/20130119_003835-300x225.jpg\" alt=\"soir\u00e9e Kitsch\" width=\"300\" height=\"225\" srcset=\"https:\/\/azqs.com\/funkthepower\/files\/2012\/03\/20130119_003835-300x225.jpg 300w, https:\/\/azqs.com\/funkthepower\/files\/2012\/03\/20130119_003835-1024x768.jpg 1024w, https:\/\/azqs.com\/funkthepower\/files\/2012\/03\/20130119_003835.jpg 1600w\" sizes=\"(max-width: 300px) 100vw, 300px\" \/><\/a><p id=\"caption-attachment-868\" class=\"wp-caption-text\">on peut y rentrer du monde!<\/p><\/div>\n<div id=\"attachment_867\" style=\"width: 235px\" class=\"wp-caption alignleft\"><a href=\"http:\/\/azqs.com\/funkthepower\/files\/2012\/03\/20130118_2358501.jpg\"><img loading=\"lazy\" decoding=\"async\" aria-describedby=\"caption-attachment-867\" class=\"size-medium wp-image-867\" src=\"http:\/\/azqs.com\/funkthepower\/files\/2012\/03\/20130118_2358501-e1359976254534-225x300.jpg\" alt=\"\" width=\"225\" height=\"300\" srcset=\"https:\/\/azqs.com\/funkthepower\/files\/2012\/03\/20130118_2358501-e1359976254534-225x300.jpg 225w, https:\/\/azqs.com\/funkthepower\/files\/2012\/03\/20130118_2358501-e1359976254534-768x1024.jpg 768w, https:\/\/azqs.com\/funkthepower\/files\/2012\/03\/20130118_2358501-e1359976254534.jpg 1200w\" sizes=\"(max-width: 225px) 100vw, 225px\" \/><\/a><p id=\"caption-attachment-867\" class=\"wp-caption-text\">Funk the Power vous salue bien bas!<\/p><\/div>\n<p>&nbsp;<\/p>\n<p>&nbsp;<\/p>\n<p>&nbsp;<\/p>\n<p>&nbsp;<\/p>\n<p>&nbsp;<\/p>\n<p>&nbsp;<\/p>\n<p>&nbsp;<\/p>\n<p>&nbsp;<\/p>\n<p>&nbsp;<\/p>\n<p>&nbsp;<\/p>\n<p>&nbsp;<\/p>\n<h1><span style=\"text-decoration: underline\"><strong>\u00a0OLD&rsquo;S COOL! -Roaring Sixties Parties-<\/strong><\/span><\/h1>\n<p>Initi\u00e9es d\u00e8s 2014, alors que le duo originel de Funk the Power ainsi que les soir\u00e9es Resident Funk p\u00e9riclitaient, ces soir\u00e9es sont exclusivement d\u00e9di\u00e9es \u00e0 des productions musicales ant\u00e9rieures \u00e0 1970. Toutefois la recherche qui se trouve \u00e0 leur origine \u00e9tant esth\u00e9tique, il ne s&rsquo;agit en aucun cas de se focaliser sur un genre musical en particulier. Rock&rsquo;ab, Surf, Soul, Early Funk, Jerk, Rhythm&rsquo;n Blues, Rock Steady,ou Rock&rsquo;n roll y trouvent de ce fait une place naturelle. De m\u00eame que des danses \u00e9chevel\u00e9es et une certaine forme de nostalgie esth\u00e9tique. D&rsquo;ailleurs la r\u00e9f\u00e9rence esth\u00e9tique est grandement renforc\u00e9e par les projections vid\u00e9os qui accompagnent la musique ainsi que pas le cadre m\u00eame du Kitsch&rsquo;n Bar, pour le moins ancr\u00e9 dans cette \u00e9poque!<\/p>\n<p>Cela se passe tous les 3 vendredis de chaque moins entre 20h et 1h, et l&rsquo;acc\u00e8s est bien entendu LIBRE et GRATUIT.<\/p>\n<p><a href=\"http:\/\/azqs.com\/funkthepower\/files\/2014\/11\/Olds_Cool_01_web.jpg\"><img loading=\"lazy\" decoding=\"async\" class=\"alignleft size-thumbnail wp-image-1551\" src=\"http:\/\/azqs.com\/funkthepower\/files\/2014\/11\/Olds_Cool_01_web-150x150.jpg\" alt=\"Old's_Cool_01_web\" width=\"150\" height=\"150\" \/><\/a><\/p>\n<div id=\"attachment_1576\" style=\"width: 160px\" class=\"wp-caption alignleft\"><a href=\"http:\/\/azqs.com\/funkthepower\/files\/2014\/12\/Olds_Cool_02_web.jpg\"><img loading=\"lazy\" decoding=\"async\" aria-describedby=\"caption-attachment-1576\" class=\"size-thumbnail wp-image-1576\" src=\"http:\/\/azqs.com\/funkthepower\/files\/2014\/12\/Olds_Cool_02_web-150x150.jpg\" alt=\"Old's Cool #2 @ Kitsch'n Bar (19\/12\/2015)\" width=\"150\" height=\"150\" \/><\/a><p id=\"caption-attachment-1576\" class=\"wp-caption-text\">Old&rsquo;s Cool #2 @ Kitsch&rsquo;n Bar (19\/12\/2015)<\/p><\/div>\n<h1><a href=\"http:\/\/azqs.com\/funkthepower\/files\/2015\/01\/10915269_860934103948643_4759761204257670674_n.jpg\"><img loading=\"lazy\" decoding=\"async\" class=\"alignleft size-thumbnail wp-image-1592\" src=\"http:\/\/azqs.com\/funkthepower\/files\/2015\/01\/10915269_860934103948643_4759761204257670674_n-150x150.jpg\" alt=\"10915269_860934103948643_4759761204257670674_n\" width=\"150\" height=\"150\" \/><\/a><\/h1>\n<h1><\/h1>\n<p>&nbsp;<\/p>\n<p>&nbsp;<\/p>\n<p>&nbsp;<\/p>\n<h1 style=\"text-align: left\"><span style=\"text-decoration: underline\"><strong>\u00ab\u00a0SHAKE YOUR GROOVE THING!\u00a0\u00bb<\/strong><\/span><\/h1>\n<p><a href=\"http:\/\/azqs.com\/funkthepower\/files\/2012\/03\/shake-finalweb.jpg\"><img loading=\"lazy\" decoding=\"async\" class=\"size-medium wp-image-911 alignright\" src=\"http:\/\/azqs.com\/funkthepower\/files\/2012\/03\/shake-finalweb-212x300.jpg\" alt=\"shake affiche\" width=\"212\" height=\"300\" srcset=\"https:\/\/azqs.com\/funkthepower\/files\/2012\/03\/shake-finalweb-212x300.jpg 212w, https:\/\/azqs.com\/funkthepower\/files\/2012\/03\/shake-finalweb-724x1024.jpg 724w, https:\/\/azqs.com\/funkthepower\/files\/2012\/03\/shake-finalweb.jpg 877w\" sizes=\"(max-width: 212px) 100vw, 212px\" \/><\/a><\/p>\n<p>&nbsp;<\/p>\n<p>&nbsp;<\/p>\n<p>&nbsp;<\/p>\n<p>&nbsp;<\/p>\n<p>&nbsp;<\/p>\n<p>&nbsp;<\/p>\n<p>&nbsp;<\/p>\n<p><a href=\"http:\/\/azqs.com\/funkthepower\/files\/2012\/03\/Shake_2.jpg\"><img loading=\"lazy\" decoding=\"async\" class=\" size-medium wp-image-1026 alignleft\" src=\"http:\/\/azqs.com\/funkthepower\/files\/2012\/03\/Shake_2-213x300.jpg\" alt=\"Shake_2\" width=\"213\" height=\"300\" srcset=\"https:\/\/azqs.com\/funkthepower\/files\/2012\/03\/Shake_2-213x300.jpg 213w, https:\/\/azqs.com\/funkthepower\/files\/2012\/03\/Shake_2-728x1024.jpg 728w, https:\/\/azqs.com\/funkthepower\/files\/2012\/03\/Shake_2.jpg 794w\" sizes=\"(max-width: 213px) 100vw, 213px\" \/><\/a><\/p>\n<p>Initi\u00e9es en 2012 sous l&rsquo;impulsion de Winston ces soir\u00e9es, qui se d\u00e9roulent 3 \u00e0 4 fois l&rsquo;an, sont destin\u00e9es \u00e0 permettre aux strasbourgeois de d\u00e9couvrir des artistes et dj \u00ab\u00a0rare grooves\u00a0\u00bb, qui avant cela n&rsquo;avaient que peu d&rsquo;occasions de poser leurs caisses de disques en Alsace. En plus de faire la f\u00eate, l&rsquo;id\u00e9e qui motive la mise en place de ces \u00e9v\u00e8nements est simple. Il s&rsquo;agit de proposer des soir\u00e9es \u00e0 plateau impliquant \u00e0 chaque fois plusieurs djs invit\u00e9s, tous amateurs de vinyle et de vieux sons type Rhythm&rsquo;n Blues, Soul, Funk, Boogaloo, Exotica, Boogie ou encore Disco. La seule pr\u00e9sence r\u00e9currente \u00e9tant naturellement celle du collectif Funk the Power, \u00e0 l&rsquo;initiative de ces \u00e9v\u00e8nements.<\/p>\n<p>Ainsi, l&rsquo;\u00e9dition de d\u00e9cembre 2012 nous a donn\u00e9 l&rsquo;occasion d\u2019accueillir <strong>Sir Jarvis<\/strong> (Badass 45\/ Sxb) et <strong>Aurelio<\/strong> <strong>LostGrooves<\/strong>(Lost Grooves\/ Star Wax) que l&rsquo;on remercie encore. Gr\u00e2ce \u00e0 eux cette soir\u00e9e fut un franc succ\u00e8s et nous esp\u00e9rons bien les revoir tr\u00e8s vite sur nos line-up. Pour les prochaines dates, ce sont <strong>Florian Keller<\/strong> (Party Keller\/Munich) et <strong>No Stress<\/strong> (Krutlyn Boogie\/ Sxb) le 15 Mars, le <strong>Star Wax Dj crew<\/strong> (Paris\/Rennes) et\u00a0 <strong>Karlis<\/strong> (Ugly &amp; Mighty records\/Sxb) le 3 Mai, ou encore le parisien <strong>Waxist Selecta <\/strong>(Red Stripe Disco)et l&rsquo;italien <strong>Suonho GotSoul<\/strong> le 7 Juin 2013, qui devraient titiller nos platines, et faire remuer les Funky People de Strasbourg!!! Rien que ca!<\/p>\n<p>Le principe de base concernant ces soir\u00e9es est d&rsquo;ailleurs que, jamais le Paf ne d\u00e9passera 5 Euros; le droit d&rsquo;entr\u00e9e ne devant en aucun cas \u00eatre discriminant \u00e0 nos yeux! Ces soir\u00e9es sont l\u00e0 pour tout le monde, ouvertes \u00e0 tous&#8230;La seule obligation \u00e9tant de danser autant que possible et d&rsquo;oublier, au moins temporairement, tout ce que l&rsquo;h\u00e9donisme Funky peut transcender dans notre quotidien.<\/p>\n<p>Et alors que la 4e soir\u00e9e de cette s\u00e9rie se profile \u00e0 l&rsquo;horizon, ce sont <strong>Lord Funk<\/strong> et <strong>Dj Suspect<\/strong> qui sont au programme pour une une rentr\u00e9e 2013 ultra-funky!! \u00a0\u00bb Shake Your Groove Thing!\u00a0\u00bb Vol.4 c&rsquo;est pour le 06\/09 et \u00e7a va groover sec au Fat Black Pussycat. Mais avant \u00e7a ce sont<strong> Dj Static et Prf. Groove<\/strong> de la <strong>WeFunk Team<\/strong> qui nous y ont rejoint pour une super WeFunk Party le 29\/08\/2013!!! Thanks guys it was Massive!!!<\/p>\n<p>Depuis ce sont <strong>Mini Matic, Mr Riddler<\/strong>, <strong>Julien Lebrun<\/strong> et <strong>Marc Hype<\/strong> qui ont fait un tour du cot\u00e9 des \u00ab\u00a0Shake\u00a0\u00bb, alors que <strong>YannH<\/strong>, <strong>Lord Funk<\/strong> et &#8230; <strong>DJ Format<\/strong> se profilent \u00e0 l&rsquo;horizon!!!<\/p>\n<p>Depuis les soir\u00e9es se sont encha\u00een\u00e9es, et ont permis au <strong>Fat Black Pussycat<\/strong> de vibrer au son de <strong>Deejay Pharoah<\/strong>, <strong>Koffi and the Gang<\/strong>, <strong>Dj CAM<\/strong>, <strong>WEFUNK<\/strong> pour un second passage, <strong>Nik Weston<\/strong> et<strong> Keb Darge<\/strong>. Alors que Shake se pr\u00e9pare \u00e0 recevoir <strong>Andy Smith<\/strong> et <strong>DJ FORMAT<\/strong> en Avril 2015, puis <strong>Ian Wright<\/strong> pour des rendez-vous de fans de soul, de funk, de danse et de 45t immanquables!!<\/p>\n<p>&nbsp;<\/p>\n<div id=\"attachment_965\" style=\"width: 310px\" class=\"wp-caption aligncenter\"><a href=\"http:\/\/azqs.com\/funkthepower\/files\/2012\/03\/photo_2-5.jpg\"><img loading=\"lazy\" decoding=\"async\" aria-describedby=\"caption-attachment-965\" class=\"size-medium wp-image-965 \" src=\"http:\/\/azqs.com\/funkthepower\/files\/2012\/03\/photo_2-5-300x225.jpg\" alt=\"Funky the Power@ Teatro (14\/12\/2013)\" width=\"300\" height=\"225\" srcset=\"https:\/\/azqs.com\/funkthepower\/files\/2012\/03\/photo_2-5-300x225.jpg 300w, https:\/\/azqs.com\/funkthepower\/files\/2012\/03\/photo_2-5-1024x768.jpg 1024w\" sizes=\"(max-width: 300px) 100vw, 300px\" \/><\/a><p id=\"caption-attachment-965\" class=\"wp-caption-text\">Funky the Power@ Teatro (14\/12\/2013)<\/p><\/div>\n<p><a href=\"http:\/\/azqs.com\/funkthepower\/files\/2013\/07\/Shake04_web.jpg\"><img loading=\"lazy\" decoding=\"async\" class=\"alignnone size-thumbnail wp-image-1175\" src=\"http:\/\/azqs.com\/funkthepower\/files\/2013\/07\/Shake04_web-150x150.jpg\" alt=\"SHAKE 4\" width=\"150\" height=\"150\" \/><\/a><img loading=\"lazy\" decoding=\"async\" class=\"size-thumbnail wp-image-1109 alignnone\" src=\"http:\/\/azqs.com\/funkthepower\/files\/2013\/05\/Shake-web-150x150.jpeg\" alt=\"shake 3\" width=\"150\" height=\"150\" \/><a href=\"http:\/\/azqs.com\/funkthepower\/files\/2013\/07\/We_funk_Party_web.jpg\"><img loading=\"lazy\" decoding=\"async\" class=\"alignnone size-thumbnail wp-image-1174\" src=\"http:\/\/azqs.com\/funkthepower\/files\/2013\/07\/We_funk_Party_web-150x150.jpg\" alt=\"WE FUNK PARTY\" width=\"150\" height=\"150\" \/><\/a><\/p>\n<p>&nbsp;<\/p>\n<div id=\"attachment_1070\" style=\"width: 536px\" class=\"wp-caption aligncenter\"><a href=\"http:\/\/azqs.com\/funkthepower\/files\/2012\/03\/IMGP0534.jpg\"><img loading=\"lazy\" decoding=\"async\" aria-describedby=\"caption-attachment-1070\" class=\" wp-image-1070 \" src=\"http:\/\/azqs.com\/funkthepower\/files\/2012\/03\/IMGP0534.jpg\" alt=\"Mr Mow, Florain Keller, Winston Smith, G-Phil et No Stress @ Shake Your Groove Thing! vol.2\" width=\"526\" height=\"394\" srcset=\"https:\/\/azqs.com\/funkthepower\/files\/2012\/03\/IMGP0534.jpg 876w, https:\/\/azqs.com\/funkthepower\/files\/2012\/03\/IMGP0534-300x225.jpg 300w\" sizes=\"(max-width: 526px) 100vw, 526px\" \/><\/a><p id=\"caption-attachment-1070\" class=\"wp-caption-text\">Mr Mow , Florain Keller, Winston Smith, G-Phil et No Stress @ Shake Your Groove Thing! vol.2<\/p><\/div>\n<div id=\"attachment_1066\" style=\"width: 250px\" class=\"wp-caption alignright\"><a href=\"http:\/\/azqs.com\/funkthepower\/files\/2012\/03\/20130413_005619.jpg\"><img loading=\"lazy\" decoding=\"async\" aria-describedby=\"caption-attachment-1066\" class=\" wp-image-1066 \" src=\"http:\/\/azqs.com\/funkthepower\/files\/2012\/03\/20130413_005619-300x225.jpg\" alt=\"No Stress @ Shake your Groove Thing! vol.2\" width=\"240\" height=\"180\" srcset=\"https:\/\/azqs.com\/funkthepower\/files\/2012\/03\/20130413_005619-300x225.jpg 300w, https:\/\/azqs.com\/funkthepower\/files\/2012\/03\/20130413_005619-1024x768.jpg 1024w, https:\/\/azqs.com\/funkthepower\/files\/2012\/03\/20130413_005619.jpg 1600w\" sizes=\"(max-width: 240px) 100vw, 240px\" \/><\/a><p id=\"caption-attachment-1066\" class=\"wp-caption-text\">No Stress @ Shake your Groove Thing! vol.2<\/p><\/div>\n<div id=\"attachment_1067\" style=\"width: 250px\" class=\"wp-caption alignnone\"><a href=\"http:\/\/azqs.com\/funkthepower\/files\/2012\/03\/20130413_012640.jpg\"><img loading=\"lazy\" decoding=\"async\" aria-describedby=\"caption-attachment-1067\" class=\" wp-image-1067  \" src=\"http:\/\/azqs.com\/funkthepower\/files\/2012\/03\/20130413_012640-300x225.jpg\" alt=\"Florian Keller @ Shake Your Groove Thing vol.2\" width=\"240\" height=\"180\" srcset=\"https:\/\/azqs.com\/funkthepower\/files\/2012\/03\/20130413_012640-300x225.jpg 300w, https:\/\/azqs.com\/funkthepower\/files\/2012\/03\/20130413_012640-1024x768.jpg 1024w, https:\/\/azqs.com\/funkthepower\/files\/2012\/03\/20130413_012640.jpg 1600w\" sizes=\"(max-width: 240px) 100vw, 240px\" \/><\/a><p id=\"caption-attachment-1067\" class=\"wp-caption-text\">Florian Keller @ Shake Your Groove Thing vol.2<\/p><\/div>\n<div id=\"attachment_1225\" style=\"width: 160px\" class=\"wp-caption alignnone\"><a href=\"http:\/\/azqs.com\/funkthepower\/files\/2012\/03\/038.jpg\"><img loading=\"lazy\" decoding=\"async\" aria-describedby=\"caption-attachment-1225\" class=\"size-thumbnail wp-image-1225\" src=\"http:\/\/azqs.com\/funkthepower\/files\/2012\/03\/038-150x150.jpg\" alt=\"038\" width=\"150\" height=\"150\" \/><\/a><p id=\"caption-attachment-1225\" class=\"wp-caption-text\">Prf. Groove, Dj Static, Winston Smith, Mr. Mow<\/p><\/div>\n<div id=\"attachment_1226\" style=\"width: 160px\" class=\"wp-caption alignright\"><a href=\"http:\/\/azqs.com\/funkthepower\/files\/2012\/03\/003.jpg\"><img loading=\"lazy\" decoding=\"async\" aria-describedby=\"caption-attachment-1226\" class=\"size-thumbnail wp-image-1226\" src=\"http:\/\/azqs.com\/funkthepower\/files\/2012\/03\/003-150x150.jpg\" alt=\"Dj Suspect &amp; Lord Funk !! Wicked!\" width=\"150\" height=\"150\" \/><\/a><p id=\"caption-attachment-1226\" class=\"wp-caption-text\">Dj Suspect &amp; Lord Funk !! Wicked!<\/p><\/div>\n<div id=\"attachment_1142\" style=\"width: 310px\" class=\"wp-caption alignleft\"><a href=\"http:\/\/azqs.com\/funkthepower\/files\/2012\/03\/942864_10151430682561006_293722560_n.jpg\"><img loading=\"lazy\" decoding=\"async\" aria-describedby=\"caption-attachment-1142\" class=\"size-medium wp-image-1142\" src=\"http:\/\/azqs.com\/funkthepower\/files\/2012\/03\/942864_10151430682561006_293722560_n-300x200.jpg\" alt=\"shake 3\" width=\"300\" height=\"200\" srcset=\"https:\/\/azqs.com\/funkthepower\/files\/2012\/03\/942864_10151430682561006_293722560_n-300x200.jpg 300w, https:\/\/azqs.com\/funkthepower\/files\/2012\/03\/942864_10151430682561006_293722560_n.jpg 960w\" sizes=\"(max-width: 300px) 100vw, 300px\" \/><\/a><p id=\"caption-attachment-1142\" class=\"wp-caption-text\">Suonho, Aurelio, Winston Smith &amp; Waxist Selecta @ Shake Yours groove Thing! vol.3<\/p><\/div>\n<div id=\"attachment_1144\" style=\"width: 210px\" class=\"wp-caption alignright\"><a href=\"http:\/\/azqs.com\/funkthepower\/files\/2012\/03\/10755_10151430438661006_1994374446_n.jpg\"><img loading=\"lazy\" decoding=\"async\" aria-describedby=\"caption-attachment-1144\" class=\"size-medium wp-image-1144 \" src=\"http:\/\/azqs.com\/funkthepower\/files\/2012\/03\/10755_10151430438661006_1994374446_n-200x300.jpg\" alt=\"Aurelio @ Shake Your Groove Thing! vol.3\" width=\"200\" height=\"300\" srcset=\"https:\/\/azqs.com\/funkthepower\/files\/2012\/03\/10755_10151430438661006_1994374446_n-200x300.jpg 200w, https:\/\/azqs.com\/funkthepower\/files\/2012\/03\/10755_10151430438661006_1994374446_n.jpg 640w\" sizes=\"(max-width: 200px) 100vw, 200px\" \/><\/a><p id=\"caption-attachment-1144\" class=\"wp-caption-text\">Aurelio @ Shake Your Groove Thing! vol.3<\/p><\/div>\n","protected":false},"excerpt":{"rendered":"<p>Le temps passant, des r\u00e9sidences se sont institu\u00e9es pour Funk the Power. Tout d&rsquo;abord au Phonographe pour des sets tranquilous, au Kitsch&rsquo;n Bar pour les soir\u00e9es \u00ab\u00a0Resident Funk\u00a0\u00bb qui apr\u00e8s 4 ans se sont mu\u00e9es en soir\u00e9es \u00ab\u00a0OLD&rsquo;S COOL- Roaring sixties Party\u00a0\u00bb. Enfin au Fat Black Pussycat se tiennent les \u00ab\u00a0Shake Your Groove Thing!\u00a0\u00bb qui [&hellip;]<\/p>\n","protected":false},"author":269,"featured_media":0,"parent":0,"menu_order":0,"comment_status":"closed","ping_status":"closed","template":"","meta":{"footnotes":""},"class_list":["post-252","page","type-page","status-publish","hentry"],"_links":{"self":[{"href":"https:\/\/azqs.com\/funkthepower\/wp-json\/wp\/v2\/pages\/252"}],"collection":[{"href":"https:\/\/azqs.com\/funkthepower\/wp-json\/wp\/v2\/pages"}],"about":[{"href":"https:\/\/azqs.com\/funkthepower\/wp-json\/wp\/v2\/types\/page"}],"author":[{"embeddable":true,"href":"https:\/\/azqs.com\/funkthepower\/wp-json\/wp\/v2\/users\/269"}],"replies":[{"embeddable":true,"href":"https:\/\/azqs.com\/funkthepower\/wp-json\/wp\/v2\/comments?post=252"}],"version-history":[{"count":53,"href":"https:\/\/azqs.com\/funkthepower\/wp-json\/wp\/v2\/pages\/252\/revisions"}],"predecessor-version":[{"id":1624,"href":"https:\/\/azqs.com\/funkthepower\/wp-json\/wp\/v2\/pages\/252\/revisions\/1624"}],"wp:attachment":[{"href":"https:\/\/azqs.com\/funkthepower\/wp-json\/wp\/v2\/media?parent=252"}],"curies":[{"name":"wp","href":"https:\/\/api.w.org\/{rel}","templated":true}]}}