{"id":186,"date":"2012-01-09T09:29:20","date_gmt":"2012-01-09T08:29:20","guid":{"rendered":"http:\/\/azqs.com\/funkthepower\/?page_id=186"},"modified":"2013-04-16T14:17:33","modified_gmt":"2013-04-16T14:17:33","slug":"dites-33","status":"publish","type":"page","link":"https:\/\/azqs.com\/funkthepower\/dites-33\/","title":{"rendered":"Dites 33!"},"content":{"rendered":"<p style=\"text-align: center\"><strong>\u00ab\u00a0Dites 33!\u00a0\u00bb par Winston Smith et Funk the Power sur <a title=\"radio\" href=\"http:\/\/radiocapsule.com\/\" target=\"_blank\">RADIOCAPSULE.COM<\/a><\/strong><\/p>\n<p style=\"text-align: center\"><strong><a href=\"http:\/\/azqs.com\/funkthepower\/files\/IMG_6740.jpg\"><img loading=\"lazy\" decoding=\"async\" class=\"wp-image-551 aligncenter\" alt=\"platine\" src=\"http:\/\/azqs.com\/funkthepower\/files\/IMG_6740-300x200.jpg\" width=\"300\" height=\"200\" \/><\/a><br \/>\n<\/strong><\/p>\n<p>Etant donn\u00e9es les convictions vinylistes des membres de Funk the Power, rien d\u2019\u00e9tonnant\u00a0 \u00e0 ce que \u00abDites 33\u00a0!\u00a0\u00bb soit un programme musical quasi-exclusivement (quasi- car on \u00e0 d\u00e9cid\u00e9ment des amis un peu \u00ab\u00a0lents\u00a0\u00bb) d\u00e9di\u00e9 \u00e0 la musique analogique, ou plus clairement au plastique noir qui tourne en 45 ou en 33 tours\u00a0\u2026\u00a0!<a href=\"http:\/\/azqs.com\/funkthepower\/files\/2012\/01\/73941_440990489286422_1234048219_n1.jpg\"><img loading=\"lazy\" decoding=\"async\" class=\"size-thumbnail wp-image-885 alignright\" alt=\"logo capsule\" src=\"http:\/\/azqs.com\/funkthepower\/files\/2012\/01\/73941_440990489286422_1234048219_n1-150x150.jpg\" width=\"150\" height=\"150\" srcset=\"https:\/\/azqs.com\/funkthepower\/files\/2012\/01\/73941_440990489286422_1234048219_n1-150x150.jpg 150w, https:\/\/azqs.com\/funkthepower\/files\/2012\/01\/73941_440990489286422_1234048219_n1-300x300.jpg 300w, https:\/\/azqs.com\/funkthepower\/files\/2012\/01\/73941_440990489286422_1234048219_n1.jpg 479w\" sizes=\"(max-width: 150px) 100vw, 150px\" \/><\/a><\/p>\n<div id=\"attachment_859\" style=\"width: 235px\" class=\"wp-caption alignleft\"><a href=\"http:\/\/azqs.com\/funkthepower\/files\/2012\/01\/20130128_2137512.jpg\"><img loading=\"lazy\" decoding=\"async\" aria-describedby=\"caption-attachment-859\" class=\"size-medium wp-image-859\" alt=\"mika et no stress\" src=\"http:\/\/azqs.com\/funkthepower\/files\/2012\/01\/20130128_2137512-e1359971632286-225x300.jpg\" width=\"225\" height=\"300\" srcset=\"https:\/\/azqs.com\/funkthepower\/files\/2012\/01\/20130128_2137512-e1359971632286-225x300.jpg 225w, https:\/\/azqs.com\/funkthepower\/files\/2012\/01\/20130128_2137512-e1359971632286-768x1024.jpg 768w, https:\/\/azqs.com\/funkthepower\/files\/2012\/01\/20130128_2137512-e1359971632286.jpg 1200w\" sizes=\"(max-width: 225px) 100vw, 225px\" \/><\/a><p id=\"caption-attachment-859\" class=\"wp-caption-text\">Mika (aux platines) et No Stress @ Dites33!<\/p><\/div>\n<p>Toutefois, si cette d\u00e9marche implique une certaine forme d\u2019exclusivit\u00e9 quant au support utilis\u00e9, les fronti\u00e8res sonores que se fixe l\u2019\u00e9mission sont, elles, bien plus souples, voire inexistantes. Ainsi, alors que jazz, funk, soul, blues ou encore boogaloo devraient avoir la part belle, aucune restriction ne sera \u00e9mise sur les genres et styles jou\u00e9s, sauf pour ce que l\u2019on n\u2019aime pas (et finalement \u00e7a fait pas mal de trucs, genre house, schlager, vari\u00e9toch\u2026).<\/p>\n<p><strong>En un mot \u00ab\u00a0Dites 33\u00a0!\u00a0\u00bb c\u2019est trois heures de \u00ab\u00a0MUSIQUE EN LIBERTE\u00a0\u00bb tous les lundis entre 19h et 22h. <\/strong><\/p>\n<p>Musique en libert\u00e9, car pr\u00e9sent\u00e9e sous des formes multiples (avis de sortie, th\u00e9matiques, \u00e9tude historique, mixs, s\u00e9lection d\u00e9taill\u00e9es\u2026et des lives) mais aussi, car objet de lutte, de lib\u00e9ration et de catharsis. En libert\u00e9 \u00e9galement, car ce programme n\u2019ayant pas pour but unique de vous faire danser, l\u2019\u00e9ventail des rythmes, chaloupes, sons et harmonies qui vous sera propos\u00e9 s\u2019en trouve infiniment \u00e9largi.<\/p>\n<p>Nous essayerons \u00e9galement de recevoir autant d\u2019invit\u00e9s musiciens\/musicologues\/dj ou amateurs que possible. Nous esp\u00e9rons, de cette mani\u00e8re, vous transmettre au moins un peu de la passion qui nous anime, ou en tout cas la partager en essayant de surtout ne pas trop se prendre au s\u00e9rieux.<\/p>\n<div id=\"attachment_861\" style=\"width: 310px\" class=\"wp-caption alignright\"><a href=\"http:\/\/azqs.com\/funkthepower\/files\/2012\/01\/563963_450821138303357_1847596359_n.jpg\"><img loading=\"lazy\" decoding=\"async\" aria-describedby=\"caption-attachment-861\" class=\"size-medium wp-image-861\" alt=\"polemik\" src=\"http:\/\/azqs.com\/funkthepower\/files\/2012\/01\/563963_450821138303357_1847596359_n-300x199.jpg\" width=\"300\" height=\"199\" srcset=\"https:\/\/azqs.com\/funkthepower\/files\/2012\/01\/563963_450821138303357_1847596359_n-300x199.jpg 300w, https:\/\/azqs.com\/funkthepower\/files\/2012\/01\/563963_450821138303357_1847596359_n.jpg 960w\" sizes=\"(max-width: 300px) 100vw, 300px\" \/><\/a><p id=\"caption-attachment-861\" class=\"wp-caption-text\">Polemik Victor @ Dites33!<\/p><\/div>\n<p>Et si on a l\u2019air un peu aust\u00e8re comme \u00e7a, c\u2019est \u00e0 coup s\u00fbr plus par timidit\u00e9 (faire l\u2019idiot dans un micro n\u2019est pas chose ais\u00e9e, en tout cas au d\u00e9but\u2026), que par fiert\u00e9.<\/p>\n<div id=\"attachment_860\" style=\"width: 310px\" class=\"wp-caption alignright\"><a href=\"http:\/\/azqs.com\/funkthepower\/files\/2012\/01\/58702_444459722272832_1645909564_n.jpg\"><img loading=\"lazy\" decoding=\"async\" aria-describedby=\"caption-attachment-860\" class=\"size-medium wp-image-860\" alt=\"ftp en studio\" src=\"http:\/\/azqs.com\/funkthepower\/files\/2012\/01\/58702_444459722272832_1645909564_n-300x199.jpg\" width=\"300\" height=\"199\" srcset=\"https:\/\/azqs.com\/funkthepower\/files\/2012\/01\/58702_444459722272832_1645909564_n-300x199.jpg 300w, https:\/\/azqs.com\/funkthepower\/files\/2012\/01\/58702_444459722272832_1645909564_n.jpg 960w\" sizes=\"(max-width: 300px) 100vw, 300px\" \/><\/a><p id=\"caption-attachment-860\" class=\"wp-caption-text\">Funk the Power @ Dites33!<\/p><\/div>\n<p>Attendez \u2013vous donc \u00e0 tous les d\u00e9lires sonores et visuels envisageables (nous diffusons l\u2019\u00e9mission en streaming sur le site de la radio) et surtout n\u2019h\u00e9sitez pas \u00e0 nous rejoindre sur la chatroom de la station le temps de l\u2019\u00e9mission, c\u2019est un bon moyen de compl\u00e9ter nos playlists\u00a0!!!<\/p>\n<p>&nbsp;<\/p>\n<p>&nbsp;<\/p>\n<p>&nbsp;<\/p>\n<div id=\"attachment_543\" style=\"width: 310px\" class=\"wp-caption alignleft\"><a href=\"http:\/\/azqs.com\/funkthepower\/files\/photos-D\u00eetes-33-24.09-021.jpg\"><img loading=\"lazy\" decoding=\"async\" aria-describedby=\"caption-attachment-543\" class=\"wp-image-543 \" alt=\"mixette\" src=\"http:\/\/azqs.com\/funkthepower\/files\/photos-D\u00eetes-33-24.09-021-300x168.jpg\" width=\"300\" height=\"168\" \/><\/a><p id=\"caption-attachment-543\" class=\"wp-caption-text\">colonel moutarde en action<\/p><\/div>\n<p>&nbsp;<\/p>\n<p>&nbsp;<\/p>\n<div id=\"attachment_1030\" style=\"width: 235px\" class=\"wp-caption alignright\"><a href=\"http:\/\/azqs.com\/funkthepower\/files\/2012\/01\/20130311_2127461.jpg\"><img loading=\"lazy\" decoding=\"async\" aria-describedby=\"caption-attachment-1030\" class=\"size-medium wp-image-1030\" alt=\"frankie\" src=\"http:\/\/azqs.com\/funkthepower\/files\/2012\/01\/20130311_2127461-225x300.jpg\" width=\"225\" height=\"300\" srcset=\"https:\/\/azqs.com\/funkthepower\/files\/2012\/01\/20130311_2127461-225x300.jpg 225w, https:\/\/azqs.com\/funkthepower\/files\/2012\/01\/20130311_2127461-768x1024.jpg 768w, https:\/\/azqs.com\/funkthepower\/files\/2012\/01\/20130311_2127461.jpg 1200w\" sizes=\"(max-width: 225px) 100vw, 225px\" \/><\/a><p id=\"caption-attachment-1030\" class=\"wp-caption-text\">Frankie Numi @ Dites33!<\/p><\/div>\n<p>&nbsp;<\/p>\n<p>&nbsp;<\/p>\n<p>&nbsp;<\/p>\n<p>&nbsp;<\/p>\n<div id=\"attachment_549\" style=\"width: 310px\" class=\"wp-caption alignright\"><a href=\"http:\/\/azqs.com\/funkthepower\/files\/photos-D\u00eetes-33-24.09-0192.jpg\"><img loading=\"lazy\" decoding=\"async\" aria-describedby=\"caption-attachment-549\" class=\"wp-image-549 \" alt=\"mixette\" src=\"http:\/\/azqs.com\/funkthepower\/files\/photos-D\u00eetes-33-24.09-0192-300x168.jpg\" width=\"300\" height=\"168\" \/><\/a><p id=\"caption-attachment-549\" class=\"wp-caption-text\">Colonel Moutarde @ Dites33!<\/p><\/div>\n<p>&nbsp;<\/p>\n<p>&nbsp;<\/p>\n<div id=\"attachment_1064\" style=\"width: 160px\" class=\"wp-caption alignleft\"><a href=\"http:\/\/azqs.com\/funkthepower\/files\/2012\/01\/20130401_211904.jpg\"><img loading=\"lazy\" decoding=\"async\" aria-describedby=\"caption-attachment-1064\" class=\"size-thumbnail wp-image-1064\" alt=\"FC @ Dites33!\" src=\"http:\/\/azqs.com\/funkthepower\/files\/2012\/01\/20130401_211904-150x150.jpg\" width=\"150\" height=\"150\" \/><\/a><p id=\"caption-attachment-1064\" class=\"wp-caption-text\">Le Frankie Chops crew @ Dites33!<\/p><\/div>\n<p>&nbsp;<\/p>\n<p>&nbsp;<\/p>\n<p>&nbsp;<\/p>\n<p>&nbsp;<\/p>\n<p>&nbsp;<\/p>\n<p>&nbsp;<\/p>\n<p>&nbsp;<\/p>\n<p>&nbsp;<\/p>\n<p><span style=\"color: #ff6600\">Ecoutez nos derni\u00e8res \u00e9missions en cliquant sur l&rsquo;ic\u00f4ne qui suit:<\/span><\/p>\n<p><a href=\"http:\/\/www.mixcloud.com\/winstonsmith\/\"><img loading=\"lazy\" decoding=\"async\" style=\"border: 0px none\" alt=\"dites33 sur radiocapsule.com\" src=\"http:\/\/www.radiocapsule.com\/images\/emissions\/dites33.jpg\" width=\"389\" height=\"389\" border=\"0\" \/><\/a><\/p>\n","protected":false},"excerpt":{"rendered":"<p>\u00ab\u00a0Dites 33!\u00a0\u00bb par Winston Smith et Funk the Power sur RADIOCAPSULE.COM Etant donn\u00e9es les convictions vinylistes des membres de Funk the Power, rien d\u2019\u00e9tonnant\u00a0 \u00e0 ce que \u00abDites 33\u00a0!\u00a0\u00bb soit un programme musical quasi-exclusivement (quasi- car on \u00e0 d\u00e9cid\u00e9ment des amis un peu \u00ab\u00a0lents\u00a0\u00bb) d\u00e9di\u00e9 \u00e0 la musique analogique, ou plus clairement au plastique noir [&hellip;]<\/p>\n","protected":false},"author":269,"featured_media":0,"parent":0,"menu_order":0,"comment_status":"open","ping_status":"open","template":"","meta":{"footnotes":""},"class_list":["post-186","page","type-page","status-publish","hentry"],"_links":{"self":[{"href":"https:\/\/azqs.com\/funkthepower\/wp-json\/wp\/v2\/pages\/186"}],"collection":[{"href":"https:\/\/azqs.com\/funkthepower\/wp-json\/wp\/v2\/pages"}],"about":[{"href":"https:\/\/azqs.com\/funkthepower\/wp-json\/wp\/v2\/types\/page"}],"author":[{"embeddable":true,"href":"https:\/\/azqs.com\/funkthepower\/wp-json\/wp\/v2\/users\/269"}],"replies":[{"embeddable":true,"href":"https:\/\/azqs.com\/funkthepower\/wp-json\/wp\/v2\/comments?post=186"}],"version-history":[{"count":13,"href":"https:\/\/azqs.com\/funkthepower\/wp-json\/wp\/v2\/pages\/186\/revisions"}],"predecessor-version":[{"id":704,"href":"https:\/\/azqs.com\/funkthepower\/wp-json\/wp\/v2\/pages\/186\/revisions\/704"}],"wp:attachment":[{"href":"https:\/\/azqs.com\/funkthepower\/wp-json\/wp\/v2\/media?parent=186"}],"curies":[{"name":"wp","href":"https:\/\/api.w.org\/{rel}","templated":true}]}}