{"id":21,"date":"2016-03-11T18:33:05","date_gmt":"2016-03-11T17:33:05","guid":{"rendered":"http:\/\/azqs.com\/florent8schmitt\/?page_id=21"},"modified":"2020-04-17T12:32:30","modified_gmt":"2020-04-17T11:32:30","slug":"florent-schmitt","status":"publish","type":"page","link":"https:\/\/azqs.com\/florent8schmitt\/florent-schmitt\/","title":{"rendered":"Florent Schmitt"},"content":{"rendered":"<p>Po\u00e9sie, performance, collage, dessin, peinture, graffiti \u2026 passant d\u2019un medium \u00e0 un autre selon ses besoins et ses envies, pour son plaisir et celui des autres : c\u2019est ainsi qu\u2019\u00e9volue Flo \u00e0 travers rencontres et projets.<br \/>\nLa cr\u00e9ation \u00e7a se partage\u00a0: du graffiti au Slam, des fresques collectives aux ateliers d\u2019\u00e9criture, des soir\u00e9es \u00e9lectro aux rassemblements de po\u00e9sie c\u2019est toujours la m\u00eame \u00e9nergie positive qui guide son esprit.<img loading=\"lazy\" decoding=\"async\" class=\"alignnone size-large wp-image-352\" src=\"http:\/\/azqs.com\/florent8schmitt\/files\/2020\/04\/1265353_413041432134319_542729605_o-1024x683.jpg\" alt=\"\" width=\"584\" height=\"390\" srcset=\"https:\/\/azqs.com\/florent8schmitt\/files\/2020\/04\/1265353_413041432134319_542729605_o-1024x683.jpg 1024w, https:\/\/azqs.com\/florent8schmitt\/files\/2020\/04\/1265353_413041432134319_542729605_o-300x200.jpg 300w, https:\/\/azqs.com\/florent8schmitt\/files\/2020\/04\/1265353_413041432134319_542729605_o-1536x1025.jpg 1536w, https:\/\/azqs.com\/florent8schmitt\/files\/2020\/04\/1265353_413041432134319_542729605_o-450x300.jpg 450w, https:\/\/azqs.com\/florent8schmitt\/files\/2020\/04\/1265353_413041432134319_542729605_o.jpg 2048w\" sizes=\"(max-width: 584px) 100vw, 584px\" \/><\/p>\n<p>&nbsp;<\/p>\n","protected":false},"excerpt":{"rendered":"<p>Po\u00e9sie, performance, collage, dessin, peinture, graffiti \u2026 passant d\u2019un medium \u00e0 un autre selon ses besoins et ses envies, pour son plaisir et celui des autres : c\u2019est ainsi qu\u2019\u00e9volue Flo \u00e0 travers rencontres et projets. La cr\u00e9ation \u00e7a se &hellip; <a href=\"https:\/\/azqs.com\/florent8schmitt\/florent-schmitt\/\">Continuer la lecture <span class=\"meta-nav\">&rarr;<\/span><\/a><\/p>\n","protected":false},"author":308,"featured_media":0,"parent":0,"menu_order":0,"comment_status":"closed","ping_status":"closed","template":"","meta":{"footnotes":""},"class_list":["post-21","page","type-page","status-publish","hentry"],"_links":{"self":[{"href":"https:\/\/azqs.com\/florent8schmitt\/wp-json\/wp\/v2\/pages\/21"}],"collection":[{"href":"https:\/\/azqs.com\/florent8schmitt\/wp-json\/wp\/v2\/pages"}],"about":[{"href":"https:\/\/azqs.com\/florent8schmitt\/wp-json\/wp\/v2\/types\/page"}],"author":[{"embeddable":true,"href":"https:\/\/azqs.com\/florent8schmitt\/wp-json\/wp\/v2\/users\/308"}],"replies":[{"embeddable":true,"href":"https:\/\/azqs.com\/florent8schmitt\/wp-json\/wp\/v2\/comments?post=21"}],"version-history":[{"count":4,"href":"https:\/\/azqs.com\/florent8schmitt\/wp-json\/wp\/v2\/pages\/21\/revisions"}],"predecessor-version":[{"id":365,"href":"https:\/\/azqs.com\/florent8schmitt\/wp-json\/wp\/v2\/pages\/21\/revisions\/365"}],"wp:attachment":[{"href":"https:\/\/azqs.com\/florent8schmitt\/wp-json\/wp\/v2\/media?parent=21"}],"curies":[{"name":"wp","href":"https:\/\/api.w.org\/{rel}","templated":true}]}}