{"id":54,"date":"2014-02-16T01:32:47","date_gmt":"2014-02-16T00:32:47","guid":{"rendered":"http:\/\/azqs.com\/equifeel\/?page_id=54"},"modified":"2014-02-16T04:04:23","modified_gmt":"2014-02-16T03:04:23","slug":"reglement-equifeel","status":"publish","type":"page","link":"https:\/\/azqs.com\/equifeel\/reglement-ffe\/reglement-equifeel\/","title":{"rendered":"R\u00e8glement Equifeel"},"content":{"rendered":"<h4 style=\"text-align: left;\"><span style=\"color: #993300;\">R\u00c8GLEMENT DES COMP\u00c9TITIONS FFE \u00a0&#8211; \u00a0 \u00a0<\/span><span style=\"color: #993300;\">DISPOSITIONS G\u00c9N\u00c9RALES &#8211;\u00a0 Juin 2013<\/span><\/h4>\n<p style=\"text-align: left;\"><a href=\"http:\/\/www.ffe.com\/content\/download\/19997\/219532\/version\/6\/file\/Reglement+g\u00e9n\u00e9ral+2014+avec+rectif+140101.pdf\" target=\"_blank\">&gt;&gt; Ouvrir le r\u00e8glement G\u00e9n\u00e9ral 2014 avec rectificatif applicable au 01\/01\/2014 (pdf, 1,22 MB) &lt;&lt;<\/a><\/p>\n<h4 style=\"text-align: left;\"><span style=\"color: #993300;\"><br \/>\nR\u00c8GLEMENT EQUIFEEL\u00a0 FFE 2014<\/span><\/h4>\n<p style=\"text-align: left;\"><a href=\"http:\/\/www.ffe.com\/content\/download\/20019\/219692\/version\/2\/file\/Rgt+Equifeel+2014+130726.pdf\" target=\"_blank\">&gt;&gt; Ouvrir le r\u00e8glement Equifeel \u00a0(pdf, 398,32 kB) &lt;&lt;<\/a><\/p>\n<h5 style=\"text-align: left;\"><strong><span style=\"color: #666699;\">SOMMAIRE DU DOCUMENT<\/span><\/strong><\/h5>\n<p style=\"text-align: left;\"><span style=\"color: #666699;\">PR\u00c9AMBULE<\/span><\/p>\n<p style=\"text-align: left;\"><span style=\"color: #666699;\"><strong>\u00a0I<\/strong> &#8211; ORGANISATION<\/span><br \/>\nArt 1.1 &#8211; Programme<br \/>\nArt 1.2 &#8211; Terrains<br \/>\nArt 1.3 &#8211; Mat\u00e9riel<br \/>\nArt 1.4 &#8211; Jury<\/p>\n<p style=\"text-align: left;\"><span style=\"color: #666699;\">II &#8211; EPREUVES<\/span><\/p>\n<p style=\"text-align: left;\"><span style=\"color: #666699;\">III &#8211; NORMES TECHNIQUES<\/span><br \/>\nArt 3.1 &#8211; Tenue du concurrent, harnachement<br \/>\nArt 3.2 &#8211; Poneys \/chevaux<br \/>\nArt 3.3 &#8211; Tests des \u00e9preuves Club<br \/>\nArt 3.4 &#8211; Tests des \u00e9preuves Elite<\/p>\n<p style=\"text-align: left;\"><span style=\"color: #666699;\">IV &#8211; DEROULEMENT<\/span><br \/>\nArt 4.1 &#8211; Description<br \/>\nArt 4.2 &#8211; Contrats et points<br \/>\nArt 4.3 &#8211; R\u00e8gles des tests Club<br \/>\nN\u00b01 &#8211; le licol<br \/>\nN\u00b02 &#8211; le tr\u00e8fle<br \/>\nN\u00b03 &#8211; le van<br \/>\nN\u00b04 &#8211; le va et vient<br \/>\nN\u00b05 &#8211; le cercle<br \/>\nN\u00b06 &#8211; la b\u00e2che<br \/>\nN\u00b07 &#8211; l\u2019essuie-glace<br \/>\nN\u00b08 &#8211; le Pivot<br \/>\nN\u00b09 &#8211; le compas<br \/>\nN\u00b010 &#8211; les Emb\u00fbches<br \/>\nN\u00b011 &#8211; les transitions<br \/>\nN\u00b012 &#8211; le d\u00e9placement lat\u00e9ral<br \/>\nN\u00b013 &#8211; le double<br \/>\nN\u00b014 &#8211; le slalom<br \/>\nN\u00b015 &#8211; le saut \u00e0 la longe<br \/>\nN\u00b016 &#8211; le van 2<br \/>\nN\u00b017 &#8211; le tr\u00e8fle \u00e0 quatre feuilles<\/p>\n<p style=\"text-align: left;\"><span style=\"color: #666699;\">V \u2013 SCORE PENALITES BONIFICATION<\/span><\/p>\n<p style=\"text-align: left;\"><span style=\"color: #666699;\">VI &#8211; CLASSEMENT<\/span><\/p>\n<p style=\"text-align: left;\"><a href=\"http:\/\/www.ffe.com\/content\/download\/20019\/219692\/version\/2\/file\/Rgt+Equifeel+2014+130726.pdf\" target=\"_blank\">&gt;&gt; Ouvrir le r\u00e8glement Equifeel \u00a0(pdf, 398,32 kB) &lt;&lt;<\/a><\/p>\n","protected":false},"excerpt":{"rendered":"<p>R\u00c8GLEMENT DES COMP\u00c9TITIONS FFE \u00a0&#8211; \u00a0 \u00a0DISPOSITIONS G\u00c9N\u00c9RALES &#8211;\u00a0 Juin 2013 &gt;&gt; Ouvrir le r\u00e8glement G\u00e9n\u00e9ral 2014 avec rectificatif applicable au 01\/01\/2014 (pdf, 1,22 MB) &lt;&lt; R\u00c8GLEMENT EQUIFEEL\u00a0 FFE 2014 &gt;&gt; Ouvrir le r\u00e8glement Equifeel \u00a0(pdf, 398,32 kB) &lt;&lt; SOMMAIRE DU DOCUMENT PR\u00c9AMBULE \u00a0I &#8211; ORGANISATION Art 1.1 &#8211; Programme Art 1.2 &#8211; Terrains Art [&hellip;]<\/p>\n","protected":false},"author":288,"featured_media":0,"parent":21,"menu_order":1,"comment_status":"closed","ping_status":"closed","template":"onecolumn-page.php","meta":{"footnotes":""},"class_list":["post-54","page","type-page","status-publish","hentry"],"_links":{"self":[{"href":"https:\/\/azqs.com\/equifeel\/wp-json\/wp\/v2\/pages\/54"}],"collection":[{"href":"https:\/\/azqs.com\/equifeel\/wp-json\/wp\/v2\/pages"}],"about":[{"href":"https:\/\/azqs.com\/equifeel\/wp-json\/wp\/v2\/types\/page"}],"author":[{"embeddable":true,"href":"https:\/\/azqs.com\/equifeel\/wp-json\/wp\/v2\/users\/288"}],"replies":[{"embeddable":true,"href":"https:\/\/azqs.com\/equifeel\/wp-json\/wp\/v2\/comments?post=54"}],"version-history":[{"count":17,"href":"https:\/\/azqs.com\/equifeel\/wp-json\/wp\/v2\/pages\/54\/revisions"}],"predecessor-version":[{"id":111,"href":"https:\/\/azqs.com\/equifeel\/wp-json\/wp\/v2\/pages\/54\/revisions\/111"}],"up":[{"embeddable":true,"href":"https:\/\/azqs.com\/equifeel\/wp-json\/wp\/v2\/pages\/21"}],"wp:attachment":[{"href":"https:\/\/azqs.com\/equifeel\/wp-json\/wp\/v2\/media?parent=54"}],"curies":[{"name":"wp","href":"https:\/\/api.w.org\/{rel}","templated":true}]}}