{"id":23,"date":"2014-01-30T17:26:24","date_gmt":"2014-01-30T16:26:24","guid":{"rendered":"http:\/\/azqs.com\/equifeel\/?page_id=23"},"modified":"2019-10-20T21:16:47","modified_gmt":"2019-10-20T20:16:47","slug":"liens-et-partenaires","status":"publish","type":"page","link":"https:\/\/azqs.com\/equifeel\/liens-et-partenaires\/","title":{"rendered":"Liens et partenaires"},"content":{"rendered":"<h5><span style=\"color: #993300;\">Les officiels<\/span><\/h5>\n<ul>\n<li><strong><span style=\"color: #666699;\">Le Comit\u00e9 R\u00e9gional<\/span><span style=\"color: #666699;\"> d&rsquo;Equitation d&rsquo;Alsace<\/span><\/strong><br \/>\n<a href=\"http:\/\/www.crealsace.com\" target=\"_blank\" rel=\"noopener\">http:\/\/www.crealsace.com<\/a><\/li>\n<\/ul>\n<ul>\n<li><strong><span style=\"color: #666699;\">La F\u00e9d\u00e9ration Francaise d&rsquo;Equitation<\/span><br \/>\n<\/strong><a href=\"http:\/\/www.ffe.com\/\" target=\"_blank\" rel=\"noopener\">http:\/\/www.ffe.com<\/a><\/li>\n<\/ul>\n<p>&nbsp;<\/p>\n<h5><span style=\"color: #993300;\">Les autres<\/span><\/h5>\n<ul>\n<li>\n<p class=\"_58gi\"><strong><span style=\"color: #666699;\">Commission Equitation Ethologique d&rsquo;Alsace &#8211; Equifeel<\/span><\/strong><br \/>\n<a href=\"https:\/\/www.facebook.com\/pages\/Commission-Equitation-Ethologique-dAlsace-Equifeel\/1419182025005486\" target=\"_blank\" rel=\"noopener\">Facebook :\u00a0 Commission-Equitation-Ethologique-dAlsace-Equifeel<\/a><\/p>\n<\/li>\n<\/ul>\n<ul>\n<li><strong><span style=\"color: #666699;\">Groupe permettant de pr\u00e9senter l&rsquo;Equifeel, discipline FFE consacr\u00e9e&#8230;au travail \u00e0 pied, visant \u00e0 mettre en avant la complicit\u00e9 et la confiance entre le cavalier et son cheval.<\/span><\/strong><br \/>\n<a href=\"https:\/\/www.facebook.com\/groups\/equifeelalsace\/\">https:\/\/www.facebook.com\/groups\/equifeelalsace<\/a><\/li>\n<\/ul>\n<ul>\n<li><strong><span style=\"color: #666699;\"><a style=\"color: #666699;\">Mat\u00e9riel \u00e9thologique<\/a> du cheval<\/span><\/strong><br \/>\n<a href=\"https:\/\/chevalcreation.com\" target=\"_blank\" rel=\"noopener\">http:\/\/chevalcreation.com<\/a><\/li>\n<\/ul>\n<ul>\n<li><strong><span style=\"color: #666699;\">Agenda du Cheval en Alsace des f\u00eates, concours, portes-ouvertes et autres manifestations \u00e9questres<\/span><br \/>\n<\/strong><a href=\"https:\/\/azqs.com\/agendachevalalsace\/\" target=\"_blank\" rel=\"noopener\">https:\/\/azqs.com\/agendachevalalsace<\/a><strong><br \/>\n<\/strong><\/li>\n<\/ul>\n<p><script class=\"ai1ec-widget-placeholder\" data-widget=\"ai1ec_agenda_widget\" data-events_seek_type=\"events\">\n  (function(){var d=document,s=d.createElement('script'),\n  i='ai1ec-script';if(d.getElementById(i))return;s.async=1;\n  s.id=i;s.src='http:\/\/cheval-creation.com\/agendachevalalsace\/?ai1ec_js_widget';\n  d.getElementsByTagName('head')[0].appendChild(s);})();\n<\/script><\/p>\n","protected":false},"excerpt":{"rendered":"<p>Les officiels Le Comit\u00e9 R\u00e9gional d&rsquo;Equitation d&rsquo;Alsace http:\/\/www.crealsace.com La F\u00e9d\u00e9ration Francaise d&rsquo;Equitation http:\/\/www.ffe.com &nbsp; Les autres Commission Equitation Ethologique d&rsquo;Alsace &#8211; Equifeel Facebook :\u00a0 Commission-Equitation-Ethologique-dAlsace-Equifeel Groupe permettant de pr\u00e9senter l&rsquo;Equifeel, discipline FFE consacr\u00e9e&#8230;au travail \u00e0 pied, visant \u00e0 mettre en avant la complicit\u00e9 et la confiance entre le cavalier et son cheval. https:\/\/www.facebook.com\/groups\/equifeelalsace Mat\u00e9riel \u00e9thologique [&hellip;]<\/p>\n","protected":false},"author":288,"featured_media":0,"parent":0,"menu_order":3,"comment_status":"closed","ping_status":"closed","template":"","meta":{"footnotes":""},"class_list":["post-23","page","type-page","status-publish","hentry"],"_links":{"self":[{"href":"https:\/\/azqs.com\/equifeel\/wp-json\/wp\/v2\/pages\/23"}],"collection":[{"href":"https:\/\/azqs.com\/equifeel\/wp-json\/wp\/v2\/pages"}],"about":[{"href":"https:\/\/azqs.com\/equifeel\/wp-json\/wp\/v2\/types\/page"}],"author":[{"embeddable":true,"href":"https:\/\/azqs.com\/equifeel\/wp-json\/wp\/v2\/users\/288"}],"replies":[{"embeddable":true,"href":"https:\/\/azqs.com\/equifeel\/wp-json\/wp\/v2\/comments?post=23"}],"version-history":[{"count":4,"href":"https:\/\/azqs.com\/equifeel\/wp-json\/wp\/v2\/pages\/23\/revisions"}],"predecessor-version":[{"id":166,"href":"https:\/\/azqs.com\/equifeel\/wp-json\/wp\/v2\/pages\/23\/revisions\/166"}],"wp:attachment":[{"href":"https:\/\/azqs.com\/equifeel\/wp-json\/wp\/v2\/media?parent=23"}],"curies":[{"name":"wp","href":"https:\/\/api.w.org\/{rel}","templated":true}]}}