{"id":21,"date":"2014-01-30T17:23:41","date_gmt":"2014-01-30T16:23:41","guid":{"rendered":"http:\/\/azqs.com\/equifeel\/?page_id=21"},"modified":"2014-02-16T16:36:00","modified_gmt":"2014-02-16T15:36:00","slug":"reglement-ffe","status":"publish","type":"page","link":"https:\/\/azqs.com\/equifeel\/","title":{"rendered":"R\u00e8glement FFE &amp; tests"},"content":{"rendered":"<h5><span style=\"color: #993300\">INTRODUCTION A L\u2019EQUIFEEL<\/span><\/h5>\n<p>Discipline reconnue par la FFE, l\u2019Equifeel est\u2026enti\u00e8rement r\u00e9alis\u00e9e \u00e0 pied et destin\u00e9e \u00e0 mettre en valeur le dressage, la complicit\u00e9 et la communication entre le cavalier et son cheval. Pour cela, les concurrents seront soumis \u00e0 un certain nombre d\u2019exercices \u00e0 la difficult\u00e9 de leur choix : les contrats de points. Le gagnant sera celui ayant acquis un maximum de point tout au long de son parcours compos\u00e9 de 5 \u00e0 8 tests pr\u00e9d\u00e9finis par le r\u00e8glement accessible sur la FFE.<\/p>\n<h5><strong><span style=\"color: #666699\">Voici quelques points-cl\u00e9s du r\u00e8glement :<\/span><\/strong><\/h5>\n<h5><span style=\"color: #993300\">A) Qui peut participer ?<\/span><\/h5>\n<div id=\"attachment_113\" style=\"width: 610px\" class=\"wp-caption alignnone\"><a href=\"http:\/\/azqs.com\/equifeel\/files\/2014\/01\/participation-Equifeel.png\"><img loading=\"lazy\" decoding=\"async\" aria-describedby=\"caption-attachment-113\" class=\"size-full wp-image-113\" alt=\"Qui peut participer en Equifeel ?\" src=\"http:\/\/azqs.com\/equifeel\/files\/2014\/01\/participation-Equifeel.png\" width=\"600\" height=\"178\" srcset=\"https:\/\/azqs.com\/equifeel\/files\/2014\/01\/participation-Equifeel.png 600w, https:\/\/azqs.com\/equifeel\/files\/2014\/01\/participation-Equifeel-300x89.png 300w\" sizes=\"(max-width: 600px) 100vw, 600px\" \/><\/a><p id=\"caption-attachment-113\" class=\"wp-caption-text\">Qui peut participer en Equifeel ?<\/p><\/div>\n<p>ATTENTION: Les entiers sont INTERDITS en Equifeel, pour des raisons de s\u00e9curit\u00e9.<\/p>\n<p>&nbsp;<\/p>\n<h5><span style=\"color: #993300\">B) Quel est le mat\u00e9riel \u00e0 pr\u00e9voir ?<\/span><\/h5>\n<div id=\"attachment_114\" style=\"width: 610px\" class=\"wp-caption alignnone\"><a href=\"http:\/\/azqs.com\/equifeel\/files\/2014\/01\/resume-materiel.jpg\"><img loading=\"lazy\" decoding=\"async\" aria-describedby=\"caption-attachment-114\" class=\"size-full wp-image-114\" alt=\"Mat\u00e9riel n\u00e9cessaire pour les concours Equifeel\" src=\"http:\/\/azqs.com\/equifeel\/files\/2014\/01\/resume-materiel.jpg\" width=\"600\" height=\"116\" srcset=\"https:\/\/azqs.com\/equifeel\/files\/2014\/01\/resume-materiel.jpg 600w, https:\/\/azqs.com\/equifeel\/files\/2014\/01\/resume-materiel-300x58.jpg 300w\" sizes=\"(max-width: 600px) 100vw, 600px\" \/><\/a><p id=\"caption-attachment-114\" class=\"wp-caption-text\">Mat\u00e9riel n\u00e9cessaire pour les concours Equifeel<\/p><\/div>\n<p>Note: Certains contrats n\u00e9cessitent un \u00e9lastique de bureau (Voir descriptif des \u00e9preuves). Ceux-ci seront fournis par les organisateurs et sont \u00e0 usages uniques. Donc, ne vous en pr\u00e9occupez pas ! \ud83d\ude09<\/p>\n<p>&nbsp;<\/p>\n<h5><span style=\"color: #993300\">C) Quelles sont les <a href=\"http:\/\/azqs.com\/equifeel\/reglement-ffe\/tests-equifeel\/\"><span style=\"color: #993300\">tests<\/span><\/a> possibles ?<\/span><\/h5>\n<p>N\u00b01 \u2013 le licol<br \/>\nN\u00b02 \u2013 le tr\u00e8fle<br \/>\nN\u00b03 \u2013 le van<br \/>\nN\u00b04 \u2013 le va et vient<br \/>\nN\u00b05 \u2013 le cercle<br \/>\nN\u00b06 \u2013 la b\u00e2che<br \/>\nN\u00b07 \u2013 l\u2019essuie-glace<br \/>\nN\u00b08 \u2013 le Pivot<br \/>\nN\u00b09 \u2013 le compas<br \/>\nN\u00b010 \u2013 les Emb\u00fbches<br \/>\nN\u00b011 \u2013 les transitions<br \/>\nN\u00b012 \u2013 le d\u00e9placement lat\u00e9ral<br \/>\nN\u00b013 \u2013 le double<br \/>\nN\u00b014 \u2013 le slalom<br \/>\nN\u00b015 \u2013 le saut \u00e0 la longe<br \/>\nN\u00b016 \u2013 le van 2<br \/>\nN\u00b017 \u2013 le tr\u00e8fle \u00e0 quatre feuilles<\/p>\n<h5><\/h5>\n<h5><\/h5>\n<h5><span style=\"color: #993300\">D) Les contrats de difficult\u00e9s<\/span><\/h5>\n<p>Pour chacun des tests demand\u00e9s, trois niveaux de difficult\u00e9s seront propos\u00e9s. Avant de d\u00e9buter le test, le cavalier devra annoncer au jury le contrat souhait\u00e9, celui-ci pouvant aller de 10, 15 ou encore 20 points pour le niveau le plus p\u00e9rilleux. Si le cavalier parvient \u00e0 r\u00e9aliser le test sans erreurs et dans le temps imparti, il obtient la totalit\u00e9 des points. Les erreurs seront p\u00e9nalis\u00e9es par -2 points mais pourront \u00eatre corrig\u00e9es tant qu&rsquo;il reste du temps. En cas d&rsquo;\u00e9chec (Temps \u00e9coul\u00e9, zone de contr\u00f4les non respect\u00e9e&#8230;), le concurrent aura 0 points. Les contrats peuvent changer d&rsquo;un test \u00e0 l&rsquo;autre.<\/p>\n<p>&nbsp;<\/p>\n<h5><span style=\"color: #993300\">E) Scores<\/span><\/h5>\n<p>Score final: Total des points + Note de pr\u00e9sentation + Points Bonus de Complicit\u00e9 !<\/p>\n<p>La Note de pr\u00e9sentation, allant de 0 \u00e0 3 points permet d&rsquo;\u00e9valuer la propret\u00e9 et l&rsquo;effort de pr\u00e9sentation de chaque couple (Tenue du cavalier, propret\u00e9 du cheval et de son harnachement)<\/p>\n<p>Le Bonus Relation donn\u00e9 par le Pr\u00e9sident du Jury peut aller de 1 \u00e0 5, permet de f\u00e9liciter une attitude juste et particuli\u00e8rement harmonieuse du couple. Ce bonus vise \u00e0 favoriser les concurrents justes et au comportement exemplaire vis \u00e0 vis du cheval.<\/p>\n<p>Les P\u00e9nalit\u00e9s, elles aussi distribu\u00e9es par le pr\u00e9sident du jury (de 1 \u00e0 5) sanctionnent les comportements brutaux, excessifs ou dangereux, afin de faire pr\u00e9valoir les principes d&rsquo;harmonie qu&rsquo;impliquent l&rsquo;Equifeel.<\/p>\n<p><a href=\"http:\/\/www.ffe.com\/Disciplines-Equestres\/General\/Equifeel\/Presentation-de-l-Equifeel\" target=\"_blank\">\u00a0<\/a><\/p>\n","protected":false},"excerpt":{"rendered":"<p>INTRODUCTION A L\u2019EQUIFEEL Discipline reconnue par la FFE, l\u2019Equifeel est\u2026enti\u00e8rement r\u00e9alis\u00e9e \u00e0 pied et destin\u00e9e \u00e0 mettre en valeur le dressage, la complicit\u00e9 et la communication entre le cavalier et son cheval. Pour cela, les concurrents seront soumis \u00e0 un certain nombre d\u2019exercices \u00e0 la difficult\u00e9 de leur choix : les contrats de points. Le [&hellip;]<\/p>\n","protected":false},"author":1,"featured_media":0,"parent":0,"menu_order":2,"comment_status":"closed","ping_status":"closed","template":"","meta":{"footnotes":""},"class_list":["post-21","page","type-page","status-publish","hentry"],"_links":{"self":[{"href":"https:\/\/azqs.com\/equifeel\/wp-json\/wp\/v2\/pages\/21"}],"collection":[{"href":"https:\/\/azqs.com\/equifeel\/wp-json\/wp\/v2\/pages"}],"about":[{"href":"https:\/\/azqs.com\/equifeel\/wp-json\/wp\/v2\/types\/page"}],"author":[{"embeddable":true,"href":"https:\/\/azqs.com\/equifeel\/wp-json\/wp\/v2\/users\/1"}],"replies":[{"embeddable":true,"href":"https:\/\/azqs.com\/equifeel\/wp-json\/wp\/v2\/comments?post=21"}],"version-history":[{"count":11,"href":"https:\/\/azqs.com\/equifeel\/wp-json\/wp\/v2\/pages\/21\/revisions"}],"predecessor-version":[{"id":134,"href":"https:\/\/azqs.com\/equifeel\/wp-json\/wp\/v2\/pages\/21\/revisions\/134"}],"wp:attachment":[{"href":"https:\/\/azqs.com\/equifeel\/wp-json\/wp\/v2\/media?parent=21"}],"curies":[{"name":"wp","href":"https:\/\/api.w.org\/{rel}","templated":true}]}}