{"id":107,"date":"2014-02-16T03:30:08","date_gmt":"2014-02-16T02:30:08","guid":{"rendered":"http:\/\/azqs.com\/equifeel\/?page_id=107"},"modified":"2014-02-16T03:55:59","modified_gmt":"2014-02-16T02:55:59","slug":"engagement","status":"publish","type":"page","link":"https:\/\/azqs.com\/equifeel\/reglement-ffe\/engagement\/","title":{"rendered":"Engagement"},"content":{"rendered":"<p><span style=\"color: #993300\">D<\/span><span style=\"color: #993300\">\u00e9marches \u00e0 effectuer<\/span> pour s&rsquo;engager sur un Equifeel officiel.<\/p>\n<p>Pour pouvoir engager votre poney\/cheval sur un concours Equifeel club, l&rsquo;animal doit \u00eatre inscrit sur la liste Club\/SIF de la FFE. Si ce n&rsquo;est pas le cas, vous pouvez le faire gratuitement par le biais du lien suivant:<br \/>\n<a href=\"http:\/\/www.ffe.com\/compet\/Inscription-liste-Club-SIF\" target=\"_blank\"> http:\/\/www.ffe.com\/compet\/Inscription-liste-Club-SIF <\/a><\/p>\n<p>Le carnet du cheval doit \u00eatre valid\u00e9 et tamponn\u00e9 par l&rsquo;IFCE, les vaccins doivent \u00eatre \u00e0 jour.<\/p>\n<p>De votre c\u00f4t\u00e9, vous devez avoir une licence 2014 valid\u00e9e pour la comp\u00e9tition (certificat m\u00e9dical de moins de 2 mois, valid\u00e9 par la FFE via internet\/fax ou courrier).<br \/>\nPour ceux qui n&rsquo;ont pas de licence, vous pouvez la prendre via le \u00ab\u00a0club\u00a0\u00bb de votre choix (ind\u00e9pendant ou non), une association de cavaliers, une \u00e9curie de pension,&#8230; affili\u00e9e FFE<\/p>\n<p>Les engagements dans votre \u00ab\u00a0club\u00a0\u00bb sont \u00e0 faire imp\u00e9rativement avant le lundi pr\u00e9c\u00e9dant la comp\u00e9tition.<\/p>\n","protected":false},"excerpt":{"rendered":"<p>D\u00e9marches \u00e0 effectuer pour s&rsquo;engager sur un Equifeel officiel. Pour pouvoir engager votre poney\/cheval sur un concours Equifeel club, l&rsquo;animal doit \u00eatre inscrit sur la liste Club\/SIF de la FFE. Si ce n&rsquo;est pas le cas, vous pouvez le faire gratuitement par le biais du lien suivant: http:\/\/www.ffe.com\/compet\/Inscription-liste-Club-SIF Le carnet du cheval doit \u00eatre valid\u00e9 [&hellip;]<\/p>\n","protected":false},"author":288,"featured_media":0,"parent":21,"menu_order":0,"comment_status":"closed","ping_status":"closed","template":"","meta":{"footnotes":""},"class_list":["post-107","page","type-page","status-publish","hentry"],"_links":{"self":[{"href":"https:\/\/azqs.com\/equifeel\/wp-json\/wp\/v2\/pages\/107"}],"collection":[{"href":"https:\/\/azqs.com\/equifeel\/wp-json\/wp\/v2\/pages"}],"about":[{"href":"https:\/\/azqs.com\/equifeel\/wp-json\/wp\/v2\/types\/page"}],"author":[{"embeddable":true,"href":"https:\/\/azqs.com\/equifeel\/wp-json\/wp\/v2\/users\/288"}],"replies":[{"embeddable":true,"href":"https:\/\/azqs.com\/equifeel\/wp-json\/wp\/v2\/comments?post=107"}],"version-history":[{"count":1,"href":"https:\/\/azqs.com\/equifeel\/wp-json\/wp\/v2\/pages\/107\/revisions"}],"predecessor-version":[{"id":108,"href":"https:\/\/azqs.com\/equifeel\/wp-json\/wp\/v2\/pages\/107\/revisions\/108"}],"up":[{"embeddable":true,"href":"https:\/\/azqs.com\/equifeel\/wp-json\/wp\/v2\/pages\/21"}],"wp:attachment":[{"href":"https:\/\/azqs.com\/equifeel\/wp-json\/wp\/v2\/media?parent=107"}],"curies":[{"name":"wp","href":"https:\/\/api.w.org\/{rel}","templated":true}]}}