{"id":288,"date":"2015-01-24T16:57:41","date_gmt":"2015-01-24T15:57:41","guid":{"rendered":"http:\/\/www.latelierweb.com\/idees-coquines\/piece-montee\/?page_id=288"},"modified":"2026-03-28T13:05:02","modified_gmt":"2026-03-28T12:05:02","slug":"contacter-le-docteur-uthe","status":"publish","type":"page","link":"https:\/\/azqs.com\/docteuruthe\/contacter-le-docteur-uthe\/","title":{"rendered":"Se rapprocher, me toucher."},"content":{"rendered":"<h4>Des questions, des commentaires ?<br \/>\nMe parler d&rsquo;amour ?<br \/>\nMe faire d\u00e9couvrir votre univers artistique, trash, sexy, d\u00e9lirant ?<br \/>\nM&rsquo;inviter \u00e0 une f\u00eate ?<\/h4>\n<p>\u2709<a href=\"mailto:docteuruthe@azqs.com?subject=&quot;via site&quot;\" target=\"_blank\" rel=\"noopener noreferrer\"><em>Le mail c&rsquo;est bien<\/em><\/a> avec du L\u2764VE<\/p>\n<p>Et aussi !<br \/>\nQuelques liens pour trouver Docteur Uthe sur cette foutue toile<\/p>\n<h3>Trucs sociaux<\/h3>\n<ul>\n<li><a href=\"https:\/\/www.facebook.com\/docteur.uthe\" target=\"_blank\" rel=\"noopener noreferrer\">Facebook.com\/docteur.uthe<\/a> &gt;\u00a0 Suivre les nouveaut\u00e9s via les groupes + lire vos messages en MP (1 fois par mois max) ou invitation \u00e0 des trucs Xy<\/li>\n<li><a href=\"https:\/\/shelter.moe\/@docteuruthe\" target=\"_blank\" rel=\"noopener\">Mastodon<\/a> &gt; Je viens d&rsquo;y arriver en 2025 &#8230; en mode d\u00e9couverte; probablement :\u00a0 bds, art visuel poly-A-d\u00e9bat.<\/li>\n<li><a href=\"https:\/\/www.instagram.com\/docteuruthe\/\" target=\"_blank\" rel=\"noopener noreferrer\">Instagram.com\/docteuruthe<\/a> &gt; Voir les trucs bien l\u00e9ch\u00e9s.<\/li>\n<\/ul>\n<h3>Sites asociaux sp\u00e9cialis\u00e9s<\/h3>\n<ul>\n<li><a href=\"https:\/\/fetlife.com\" target=\"_blank\" rel=\"noopener noreferrer\">Fetlife<\/a>&gt;Comprendre la sexualit\u00e9s BDSM + j\u2019annonce parfois les trucs strasbourgeois sur le groupe local<\/li>\n<li><a href=\"https:\/\/voissa.com\/docteuruthe\/\" target=\"_blank\" rel=\"noopener noreferrer\">Voissa<\/a> &gt; Voir des gens \u00ab\u00a0normaux\u00a0\u00bb faire des trucs pas normaux et sans jugement de valeur, hein ! + j\u2019annonce parfois les trucs strasbourgeois sur le forum de Strasbourg<\/li>\n<\/ul>\n<h3>Curation et j&rsquo;y d\u00e9couvre des trucs<\/h3>\n<ul>\n<li><a href=\"https:\/\/liens.azqs.com\/docteuruthe\/\" target=\"_blank\" rel=\"noopener noreferrer\">Liens.azqs.com\/docteuruthe<\/a> &gt; S\u00e9lection de liens lus, rang\u00e9s par mots clefs.<\/li>\n<li><a href=\"https:\/\/www.pearltrees.com\/docteuruthe\" target=\"_blank\" rel=\"noopener noreferrer\">Pearltrees.com\/docteuruthe<\/a> &gt; S&rsquo;associer pour les recherches et partager les trouvailles.<\/li>\n<li><a href=\"https:\/\/www.youtube.com\/channel\/UCbQnlCQ-K6wBCgy2gLRFqhQ\" target=\"_blank\" rel=\"noopener noreferrer\">Youtube.com\/channel\/UCbQnlCQ-K6wBCgy2gLRFqhQ<\/a> &gt; Sexo, relations, genre&#8230;<\/li>\n<li><a href=\"https:\/\/www.wattpad.com\/user\/docteuruthe\">Wattpad.com<\/a> &gt; Inscription en juillet 2025 : En test donc.<\/li>\n<li><a href=\"https:\/\/www.senscritique.com\/Docteuruthe\" target=\"_blank\" rel=\"noopener\">Senscritique.com<\/a> &gt; Liste de films et de livres<\/li>\n<li><a href=\"https:\/\/www.babelio.com\/monprofil.php?id_user=2297337\" target=\"_blank\" rel=\"noopener\">babelio.com<\/a> &gt; livres vue de France<\/li>\n<li><a href=\"https:\/\/open.spotify.com\/user\/31xcpv6fln3m6r6auqxvjay6vslu\" target=\"_blank\" rel=\"noopener\">open.spotify.com<\/a> &gt; pour les podcast : amours,genre,sexe,relation,&#8230;<\/li>\n<\/ul>\n<h3>En sommeille<\/h3>\n<ul>\n<li><a href=\"https:\/\/www.mixcloud.com\/docteur-uthe\/\" target=\"_blank\" rel=\"noopener noreferrer\">Mixcloud.com\/docteur-uthe<\/a> &gt; Me permet d&rsquo;\u00e9couter Radio Wne<\/li>\n<li><a href=\"https:\/\/soundcloud.com\/doc-uthe\" target=\"_blank\" rel=\"noopener\">Soundcloud.com\/doc-uthe<\/a> &gt; y \u00e9couter les copines&#8230;<\/li>\n<li><a href=\"http:\/\/azqs.com\/sbxdtc\" target=\"_blank\" rel=\"noopener noreferrer\">Azqs.com\/sbxdtc<\/a> &gt; Festival de Q<\/li>\n<li><a href=\"http:\/\/ideescoquines.free.fr\/\" target=\"_blank\" rel=\"noopener noreferrer\">Id\u00e9es Coquine<\/a>s &gt; Un vieux site qu&rsquo;il faut que je r\u00e9nove un jour&#8230;<\/li>\n<li><a href=\"https:\/\/discord.com\/channels\/973868172635684864\/1109421657275236394\" target=\"_blank\" rel=\"noopener\">Discord.com<\/a> &gt; Polyazard et quelques trucs<\/li>\n<li><a href=\"https:\/\/fr.pinterest.com\/docteuruthe\/\" target=\"_blank\" rel=\"noopener\">Pinterest<\/a> &gt; mode imagerie&#8230;<\/li>\n<li><a href=\"https:\/\/www.goodreads.com\/docteuruthe\" target=\"_blank\" rel=\"noopener\">goodreads.com\/docteuruthe<\/a> &gt;<\/li>\n<li><a href=\"https:\/\/www.youtube.com\/user\/docteuruthe\" target=\"_blank\" rel=\"noopener noreferrer\">Youtube.com\/user\/docteuruthe<\/a> &gt; musiques ol\u00e9 ol\u00e9<\/li>\n<\/ul>\n<h3>Abandon total<\/h3>\n<ul>\n<li><a href=\"https:\/\/twitter.com\/docteuruthe\" target=\"_blank\" rel=\"noopener noreferrer\">Twitter.com\/docteuruthe<\/a> <a href=\"https:\/\/x.com\/docteuruthe\" target=\"_blank\" rel=\"noopener\">x.com\/docteuruthe<\/a><\/li>\n<li><a href=\"https:\/\/docteuruthe.tumblr.com\" target=\"_blank\" rel=\"noopener noreferrer\">Docteuruthe.tumblr.com<\/a><\/li>\n<li><a href=\"https:\/\/rss.azqs.net\/actu_xy\" target=\"_blank\" rel=\"noopener noreferrer\">Actu_xy<\/a> &gt; Flus RSS Docteur Uthe : radio, info sexe, actu porno, libertinage, lgbti, Bdsm, \u00e9dition, f\u00e9minisme, genre&#8230;<\/li>\n<li><a href=\"https:\/\/www.tiktok.com\/@docteur_uthe\" target=\"_blank\" rel=\"noopener\">Tiktok.com\/@docteur_uthe<\/a> &gt; rien \u00e0 se mettre sous la dent ici<\/li>\n<li><a href=\"https:\/\/onlyfans.com\/docteuruthe\" target=\"_blank\" rel=\"noopener noreferrer\">Onlyfans.com\/docteuruthe <\/a>&gt; Bon le IA age m&rsquo;a refroidis.<\/li>\n<li><a href=\"https:\/\/mym.fans\/app\/my-account\" target=\"_blank\" rel=\"noopener\">mym.fans<\/a> &gt; idem et trop fric de bas \u00e9tage<\/li>\n<li><a href=\"https:\/\/odysee.com\/@docteuruthe\" target=\"_blank\" rel=\"noopener noreferrer\">Odysee.com<\/a> &gt; Voir les trucs interdits par tontube<\/li>\n<li><a href=\"https:\/\/www.reddit.com\/user\/North_Lack_2981\/\" target=\"_blank\" rel=\"noopener\">Reddit.com<\/a> &gt; Bof bof bof<\/li>\n<\/ul>\n","protected":false},"excerpt":{"rendered":"<p>Des questions, des commentaires ? Me parler d&rsquo;amour ? Me faire d\u00e9couvrir votre univers artistique, trash, sexy, d\u00e9lirant ? M&rsquo;inviter \u00e0 une f\u00eate ? \u2709Le mail c&rsquo;est bien avec du L\u2764VE Et aussi ! Quelques liens pour trouver Docteur Uthe &hellip; <a href=\"https:\/\/azqs.com\/docteuruthe\/contacter-le-docteur-uthe\/\">Continuer la lecture <span class=\"meta-nav\">&rarr;<\/span><\/a><\/p>\n","protected":false},"author":286,"featured_media":0,"parent":0,"menu_order":0,"comment_status":"closed","ping_status":"open","template":"","meta":{"footnotes":""},"class_list":["post-288","page","type-page","status-publish","hentry"],"_links":{"self":[{"href":"https:\/\/azqs.com\/docteuruthe\/wp-json\/wp\/v2\/pages\/288"}],"collection":[{"href":"https:\/\/azqs.com\/docteuruthe\/wp-json\/wp\/v2\/pages"}],"about":[{"href":"https:\/\/azqs.com\/docteuruthe\/wp-json\/wp\/v2\/types\/page"}],"author":[{"embeddable":true,"href":"https:\/\/azqs.com\/docteuruthe\/wp-json\/wp\/v2\/users\/286"}],"replies":[{"embeddable":true,"href":"https:\/\/azqs.com\/docteuruthe\/wp-json\/wp\/v2\/comments?post=288"}],"version-history":[{"count":5,"href":"https:\/\/azqs.com\/docteuruthe\/wp-json\/wp\/v2\/pages\/288\/revisions"}],"predecessor-version":[{"id":1874,"href":"https:\/\/azqs.com\/docteuruthe\/wp-json\/wp\/v2\/pages\/288\/revisions\/1874"}],"wp:attachment":[{"href":"https:\/\/azqs.com\/docteuruthe\/wp-json\/wp\/v2\/media?parent=288"}],"curies":[{"name":"wp","href":"https:\/\/api.w.org\/{rel}","templated":true}]}}