{"id":270,"date":"2015-11-29T23:11:52","date_gmt":"2015-11-29T22:11:52","guid":{"rendered":"http:\/\/azqs.com\/contesdelapero\/?page_id=270"},"modified":"2015-12-30T18:20:08","modified_gmt":"2015-12-30T17:20:08","slug":"credit","status":"publish","type":"page","link":"https:\/\/azqs.com\/contesdelapero\/credit\/","title":{"rendered":""},"content":{"rendered":"<p><br class=\"\" \/> Remerciements : \u00a0Charles Perrault, les fr\u00e8res Grimm, Hans Christian Andersen et <a href=\"http:\/\/azqs.com\" target=\"_blank\">P. Merlet<\/a><\/p>\n<p>&nbsp;<\/p>\n<p><code><a href=\"http:\/\/creativecommons.org\/licenses\/by-nc-nd\/4.0\/\" rel=\"license\"><img decoding=\"async\" style=\"border-width: 0;\" src=\"https:\/\/i.creativecommons.org\/l\/by-nc-nd\/4.0\/88x31.png\" alt=\"Licence Creative Commons\" \/><\/a><br \/>\nLes contes de l'ap\u00e9ro de <a href=\"http:\/\/lescontesdelapero.org\" rel=\"cc:attributionURL\">Joel Henry<\/a> sont mis \u00e0 disposition selon les termes de la <a href=\"http:\/\/creativecommons.org\/licenses\/by-nc-nd\/4.0\/\" rel=\"license\">licence Creative Commons Attribution - Pas d'Utilisation Commerciale - Pas de Modification 4.0 International<\/a>.<\/code><\/p>\n","protected":false},"excerpt":{"rendered":"<p>Remerciements : \u00a0Charles Perrault, les fr\u00e8res Grimm, Hans Christian Andersen et P. Merlet &nbsp; Les contes de l&rsquo;ap\u00e9ro de Joel Henry sont mis \u00e0 disposition selon les termes de la licence Creative Commons Attribution &#8211; Pas d&rsquo;Utilisation Commerciale &#8211; Pas de Modification 4.0 International.<\/p>\n","protected":false},"author":291,"featured_media":0,"parent":0,"menu_order":0,"comment_status":"closed","ping_status":"closed","template":"","meta":{"footnotes":""},"class_list":["post-270","page","type-page","status-publish","hentry"],"_links":{"self":[{"href":"https:\/\/azqs.com\/contesdelapero\/wp-json\/wp\/v2\/pages\/270"}],"collection":[{"href":"https:\/\/azqs.com\/contesdelapero\/wp-json\/wp\/v2\/pages"}],"about":[{"href":"https:\/\/azqs.com\/contesdelapero\/wp-json\/wp\/v2\/types\/page"}],"author":[{"embeddable":true,"href":"https:\/\/azqs.com\/contesdelapero\/wp-json\/wp\/v2\/users\/291"}],"replies":[{"embeddable":true,"href":"https:\/\/azqs.com\/contesdelapero\/wp-json\/wp\/v2\/comments?post=270"}],"version-history":[{"count":7,"href":"https:\/\/azqs.com\/contesdelapero\/wp-json\/wp\/v2\/pages\/270\/revisions"}],"predecessor-version":[{"id":330,"href":"https:\/\/azqs.com\/contesdelapero\/wp-json\/wp\/v2\/pages\/270\/revisions\/330"}],"wp:attachment":[{"href":"https:\/\/azqs.com\/contesdelapero\/wp-json\/wp\/v2\/media?parent=270"}],"curies":[{"name":"wp","href":"https:\/\/api.w.org\/{rel}","templated":true}]}}