{"id":22,"date":"2019-11-20T10:34:34","date_gmt":"2019-11-20T09:34:34","guid":{"rendered":"http:\/\/azqs.com\/cinenergie\/?page_id=22"},"modified":"2020-02-04T19:04:11","modified_gmt":"2020-02-04T18:04:11","slug":"voyage-a-velo","status":"publish","type":"page","link":"https:\/\/azqs.com\/cinenergie\/voyage-a-velo\/","title":{"rendered":"Voyage \u00e0 v\u00e9lo"},"content":{"rendered":"\t\t<div data-elementor-type=\"wp-post\" data-elementor-id=\"22\" class=\"elementor elementor-22\">\n\t\t\t\t\t\t<section class=\"elementor-section elementor-top-section elementor-element elementor-element-0af0efb elementor-section-boxed elementor-section-height-default elementor-section-height-default\" data-id=\"0af0efb\" data-element_type=\"section\" data-e-type=\"section\">\n\t\t\t\t\t\t<div class=\"elementor-container elementor-column-gap-default\">\n\t\t\t\t\t<div class=\"elementor-column elementor-col-100 elementor-top-column elementor-element elementor-element-4fbc866\" data-id=\"4fbc866\" data-element_type=\"column\" data-e-type=\"column\">\n\t\t\t<div class=\"elementor-widget-wrap elementor-element-populated\">\n\t\t\t\t\t\t<div class=\"elementor-element elementor-element-8bed597 elementor-widget elementor-widget-spacer\" data-id=\"8bed597\" data-element_type=\"widget\" data-e-type=\"widget\" data-widget_type=\"spacer.default\">\n\t\t\t\t<div class=\"elementor-widget-container\">\n\t\t\t\t\t\t\t<div class=\"elementor-spacer\">\n\t\t\t<div class=\"elementor-spacer-inner\"><\/div>\n\t\t<\/div>\n\t\t\t\t\t\t<\/div>\n\t\t\t\t<\/div>\n\t\t\t\t\t<\/div>\n\t\t<\/div>\n\t\t\t\t\t<\/div>\n\t\t<\/section>\n\t\t\t\t<div class=\"elementor-section elementor-top-section elementor-element elementor-element-779feb31 elementor-section-content-bottom elementor-reverse-mobile elementor-section-boxed elementor-section-height-default elementor-section-height-default\" data-id=\"779feb31\" data-element_type=\"section\" data-e-type=\"section\">\n\t\t\t\t\t\t<div class=\"elementor-container elementor-column-gap-no\">\n\t\t\t\t\t<div class=\"elementor-column elementor-col-100 elementor-top-column elementor-element elementor-element-5ef1716e\" data-id=\"5ef1716e\" data-element_type=\"column\" data-e-type=\"column\">\n\t\t\t<div class=\"elementor-widget-wrap elementor-element-populated\">\n\t\t\t\t\t\t<div class=\"elementor-element elementor-element-9a00d31 elementor-absolute elementor-invisible elementor-widget elementor-widget-heading\" data-id=\"9a00d31\" data-element_type=\"widget\" data-e-type=\"widget\" data-settings=\"{&quot;_animation&quot;:&quot;fadeInLeft&quot;,&quot;_position&quot;:&quot;absolute&quot;}\" data-widget_type=\"heading.default\">\n\t\t\t\t<div class=\"elementor-widget-container\">\n\t\t\t\t\t<h4 class=\"elementor-heading-title elementor-size-default\">le parcours<\/h4>\t\t\t\t<\/div>\n\t\t\t\t<\/div>\n\t\t\t\t<div class=\"elementor-element elementor-element-387557c7 elementor-invisible elementor-widget elementor-widget-text-editor\" data-id=\"387557c7\" data-element_type=\"widget\" data-e-type=\"widget\" data-settings=\"{&quot;_animation&quot;:&quot;fadeIn&quot;}\" data-widget_type=\"text-editor.default\">\n\t\t\t\t<div class=\"elementor-widget-container\">\n\t\t\t\t\t\t\t\t\t<p class=\"N-ZiCg direction-ltr align-justify para-style-body\">Comme pour notre premier voyage avec le Cin\u2019\u00e9nergie en 2014, nous avons d\u00e9cid\u00e9 de relier nos deux pays d\u2019origine : la France et l\u2019Argentine. Cependant, nul besoin cette fois ci d\u2019emprunter le chemin le plus court.<\/p>\n<p class=\"N-ZiCg direction-ltr align-justify para-style-body\">Impossible en v\u00e9lo de figer d\u00e8s \u00e0 pr\u00e9sent l\u2019itin\u00e9raire qui sera amen\u00e9 \u00e0 \u00e9voluer selon les rencontres, les projections et les envies du moment.<\/p>\t\t\t\t\t\t\t\t<\/div>\n\t\t\t\t<\/div>\n\t\t\t\t<div class=\"elementor-element elementor-element-1aa76ab elementor-widget elementor-widget-image\" data-id=\"1aa76ab\" data-element_type=\"widget\" data-e-type=\"widget\" data-widget_type=\"image.default\">\n\t\t\t\t<div class=\"elementor-widget-container\">\n\t\t\t\t\t\t\t\t\t\t\t\t\t\t\t<img fetchpriority=\"high\" decoding=\"async\" width=\"1414\" height=\"1455\" src=\"https:\/\/azqs.com\/cinenergie\/files\/2020\/01\/Copia-de-cinenergie-1-1.jpg\" class=\"attachment-full size-full wp-image-243\" alt=\"\" srcset=\"https:\/\/azqs.com\/cinenergie\/files\/2020\/01\/Copia-de-cinenergie-1-1.jpg 1414w, https:\/\/azqs.com\/cinenergie\/files\/2020\/01\/Copia-de-cinenergie-1-1-292x300.jpg 292w, https:\/\/azqs.com\/cinenergie\/files\/2020\/01\/Copia-de-cinenergie-1-1-768x790.jpg 768w, https:\/\/azqs.com\/cinenergie\/files\/2020\/01\/Copia-de-cinenergie-1-1-995x1024.jpg 995w, https:\/\/azqs.com\/cinenergie\/files\/2020\/01\/Copia-de-cinenergie-1-1-250x257.jpg 250w\" sizes=\"(max-width: 1414px) 100vw, 1414px\" \/>\t\t\t\t\t\t\t\t\t\t\t\t\t\t\t<\/div>\n\t\t\t\t<\/div>\n\t\t\t\t\t<\/div>\n\t\t<\/div>\n\t\t\t\t\t<\/div>\n\t\t<\/div>\n\t\t\t\t<div class=\"elementor-section elementor-top-section elementor-element elementor-element-369b266 elementor-section-content-bottom elementor-reverse-mobile elementor-section-boxed elementor-section-height-default elementor-section-height-default\" data-id=\"369b266\" data-element_type=\"section\" data-e-type=\"section\">\n\t\t\t\t\t\t<div class=\"elementor-container elementor-column-gap-no\">\n\t\t\t\t\t<div class=\"elementor-column elementor-col-100 elementor-top-column elementor-element elementor-element-f8d01e7\" data-id=\"f8d01e7\" data-element_type=\"column\" data-e-type=\"column\">\n\t\t\t<div class=\"elementor-widget-wrap elementor-element-populated\">\n\t\t\t\t\t\t<div class=\"elementor-element elementor-element-42ae6f0 elementor-invisible elementor-widget elementor-widget-text-editor\" data-id=\"42ae6f0\" data-element_type=\"widget\" data-e-type=\"widget\" data-settings=\"{&quot;_animation&quot;:&quot;fadeIn&quot;}\" data-widget_type=\"text-editor.default\">\n\t\t\t\t<div class=\"elementor-widget-container\">\n\t\t\t\t\t\t\t\t\t<p>\u00a0<\/p><p>Cependant, notre fil rouge \u00e9tant les \u00e9nergies et le d\u00e9veloppement durable, nous avons souhait\u00e9 construire notre itin\u00e9raire afin de traverser des pays aux strat\u00e9gies diff\u00e9rentes. Cela nous permettra de montrer la complexit\u00e9 du sujet et de cr\u00e9er du d\u00e9bat.<\/p><p class=\"N-ZiCg direction-ltr align-justify para-style-body\">Dans un soucis de coh\u00e9rence entre le fond et la forme, nous souhaitons minimiser notre impact carbone durant ce voyage en empruntant exclusivement les voix terrestres et maritimes.<\/p>\t\t\t\t\t\t\t\t<\/div>\n\t\t\t\t<\/div>\n\t\t\t\t\t<\/div>\n\t\t<\/div>\n\t\t\t\t\t<\/div>\n\t\t<\/div>\n\t\t\t\t<section class=\"elementor-section elementor-top-section elementor-element elementor-element-c2c876d elementor-section-boxed elementor-section-height-default elementor-section-height-default\" data-id=\"c2c876d\" data-element_type=\"section\" data-e-type=\"section\">\n\t\t\t\t\t\t<div class=\"elementor-container elementor-column-gap-default\">\n\t\t\t\t\t<div class=\"elementor-column elementor-col-100 elementor-top-column elementor-element elementor-element-816a742\" data-id=\"816a742\" data-element_type=\"column\" data-e-type=\"column\">\n\t\t\t<div class=\"elementor-widget-wrap elementor-element-populated\">\n\t\t\t\t\t\t<div class=\"elementor-element elementor-element-c1513f5 elementor-widget elementor-widget-image\" data-id=\"c1513f5\" data-element_type=\"widget\" data-e-type=\"widget\" data-widget_type=\"image.default\">\n\t\t\t\t<div class=\"elementor-widget-container\">\n\t\t\t\t\t\t\t\t\t\t\t\t\t\t\t<img decoding=\"async\" width=\"1024\" height=\"682\" src=\"https:\/\/azqs.com\/cinenergie\/files\/2019\/11\/IMG_7406-1024x682.jpg\" class=\"attachment-large size-large wp-image-79\" alt=\"\" srcset=\"https:\/\/azqs.com\/cinenergie\/files\/2019\/11\/IMG_7406-1024x682.jpg 1024w, https:\/\/azqs.com\/cinenergie\/files\/2019\/11\/IMG_7406-300x200.jpg 300w, https:\/\/azqs.com\/cinenergie\/files\/2019\/11\/IMG_7406-768x512.jpg 768w, https:\/\/azqs.com\/cinenergie\/files\/2019\/11\/IMG_7406.jpg 1600w\" sizes=\"(max-width: 1024px) 100vw, 1024px\" \/>\t\t\t\t\t\t\t\t\t\t\t\t\t\t\t<\/div>\n\t\t\t\t<\/div>\n\t\t\t\t<div class=\"elementor-element elementor-element-2eda871 elementor-widget elementor-widget-heading\" data-id=\"2eda871\" data-element_type=\"widget\" data-e-type=\"widget\" data-widget_type=\"heading.default\">\n\t\t\t\t<div class=\"elementor-widget-container\">\n\t\t\t\t\t<h1 class=\"elementor-heading-title elementor-size-default\"><br><h1 class=\"elementor-heading-title elementor-size-default elementor-inline-editing pen\">de france \u00e0 l'argentine mAIS PAR O\u00f9 ?<\/h1><\/h1>\t\t\t\t<\/div>\n\t\t\t\t<\/div>\n\t\t\t\t<div class=\"elementor-element elementor-element-9aaaf7b elementor-widget elementor-widget-text-editor\" data-id=\"9aaaf7b\" data-element_type=\"widget\" data-e-type=\"widget\" data-widget_type=\"text-editor.default\">\n\t\t\t\t<div class=\"elementor-widget-container\">\n\t\t\t\t\t\t\t\t\t<h6>Le d\u00e9part est pr\u00e9vu en <strong>France<\/strong> au printemps 2020, nous traverserons ensuite la Suisse et l\u2019Allemagne, pays moteur en termes de d\u00e9veloppement d\u2019\u00e9nergies renouvelables \u00e0 la fois \u00e9olienne (on et off-shore), solaire et biogaz. Mais toujours d\u00e9pendant de ses centrales \u00e0 charbon, gros point noir de leur politique \u00e9nerg\u00e9tique.<\/h6><h6 class=\"N-ZiCg direction-ltr align-justify para-style-body\">Nous continuerons ensuite notre route au <strong>Danemark<\/strong>, o\u00f9 voient le jour de nombreuses initiatives int\u00e9ressantes telles que l\u2019\u00eele de Samso, \u00eele de 4000 habitants, 100% ind\u00e9pendante \u00e9nerg\u00e9tiquement. L\u2019exemple de Copenhague est \u00e9galement int\u00e9ressant en termes de transport en tant que capitale europ\u00e9enne du v\u00e9lo.<\/h6><h6 class=\"N-ZiCg direction-ltr align-justify para-style-body\">Une fois le nord du Danemark atteint, nous prendrons un ferry qui nous emm\u00e8nera en <strong>Islande,<\/strong> terre de la g\u00e9othermie. Cependant, cette \u00e9nergie renouvelable bon march\u00e9 profite aussi aux gros industriels de l\u2019aluminium, responsables de fortes \u00e9missions de Gaz \u00e0 effet de serre.<\/h6><h6 class=\"N-ZiCg direction-ltr align-justify para-style-body\">Nous prendrons ensuite un cargo pour rejoindre l&rsquo;extr\u00eame Est du <strong>Canad<\/strong>a, pays dans lequel plus de la moiti\u00e9 de l\u2019\u00e9nergie provient de barrages hydrauliques mais aussi deuxi\u00e8me pays producteur au monde d\u2019uranium et exploitant de sables bitumineux d\u2019Athabasca, vivement d\u00e9cri\u00e9s pour leur impact d\u00e9sastreux sur l\u2019environnement. \u00a0<\/h6><h6 class=\"N-ZiCg direction-ltr align-justify para-style-body\">Cap ensuite vers le Sud pour traverser les <strong>Etats Unis<\/strong>, seul pays \u00e0 \u00eatre sorti des accords de Paris de 2015. A la fois le plus gros producteurs au monde de gaz de schiste mais aussi pionnier de la philosophie de l\u2019\u00e9cologie et des groupes autonomes comme Ithaca dans l\u2019Etat de New York. Le d\u00e9bat s\u2019annonce donc houleux !<\/h6><h6 class=\"N-ZiCg direction-ltr align-justify para-style-body\">Une fois arriv\u00e9es \u00e0 la fronti\u00e8re mexicaine, nous d\u00e9couvrirons ce pays fervent d\u00e9fenseur de la diversit\u00e9 de graines et de cultures, peu \u00e0 peu rattrap\u00e9 par le ma\u00efs transg\u00e9nique nord am\u00e9ricain. Soleil, vent, mer, le <strong>Mexique <\/strong>a tout pour \u00eatre un grand pays des \u00e9nergies renouvelables qui peinent pourtant \u00e0 se d\u00e9mocratiser.<\/h6><h6 class=\"N-ZiCg direction-ltr align-justify para-style-body\">Plus au sud, le <strong>Costa Rica <\/strong>est vu comme un pionnier des \u00e9nergies renouvelables dans la r\u00e9gion et o\u00f9 les politiques n\u2019ont pas peur d\u2019annoncer des objectifs tr\u00e8s ambitieux tel que z\u00e9ro \u00e9missions de CO2 dans la production d\u2019\u00e9nergie d\u2019ici 2021.<\/h6><h6 class=\"N-ZiCg direction-ltr align-justify para-style-body\">La crise ne nous permettra probablement pas de mettre les pieds au V\u00e9n\u00e9zuela, triste exemple de l\u2019impact du p\u00e9trole sur la d\u00e9stabilisation de la r\u00e9gion. Les milliers de r\u00e9fugi\u00e9s v\u00e9n\u00e9zu\u00e9liens en <strong>Colombie<\/strong> seront par ailleurs l\u00e0 pour en t\u00e9moigner.<\/h6><h6 class=\"N-ZiCg direction-ltr align-justify para-style-body\">Nous traverserons ensuite l\u2019<strong>Equateur<\/strong>, le <strong>P\u00e9rou<\/strong> et la <strong>Bolivie<\/strong> o\u00f9 les initiatives locales \u201clow-techs\u201d fleurissent un peu partout avant d\u2019arriver chez Lucia dans le nord de l\u2019<strong>Argentine<\/strong>.<\/h6><h6 class=\"N-ZiCg direction-ltr align-justify para-style-body\">Nous estimons qu\u2019entre 12 et 18 mois de p\u00e9dalage seront n\u00e9cessaires pour parcourir ces quelques 24 000km..<\/h6>\t\t\t\t\t\t\t\t<\/div>\n\t\t\t\t<\/div>\n\t\t\t\t\t<\/div>\n\t\t<\/div>\n\t\t\t\t\t<\/div>\n\t\t<\/section>\n\t\t\t\t<section class=\"elementor-section elementor-top-section elementor-element elementor-element-295c2e1 elementor-section-boxed elementor-section-height-default elementor-section-height-default\" data-id=\"295c2e1\" data-element_type=\"section\" data-e-type=\"section\">\n\t\t\t\t\t\t<div class=\"elementor-container elementor-column-gap-default\">\n\t\t\t\t\t<div class=\"elementor-column elementor-col-100 elementor-top-column elementor-element elementor-element-b817f53\" data-id=\"b817f53\" data-element_type=\"column\" data-e-type=\"column\">\n\t\t\t<div class=\"elementor-widget-wrap\">\n\t\t\t\t\t\t\t<\/div>\n\t\t<\/div>\n\t\t\t\t\t<\/div>\n\t\t<\/section>\n\t\t\t\t<\/div>\n\t\t","protected":false},"excerpt":{"rendered":"<p>le parcours Comme pour notre premier voyage avec le Cin\u2019\u00e9nergie en 2014, nous avons d\u00e9cid\u00e9 de relier nos deux pays d\u2019origine : la France et l\u2019Argentine. Cependant, nul besoin cette fois ci d\u2019emprunter le chemin le plus court. Impossible en v\u00e9lo de figer d\u00e8s \u00e0 pr\u00e9sent l\u2019itin\u00e9raire qui sera amen\u00e9 \u00e0 \u00e9voluer selon les rencontres, [&hellip;]<\/p>\n","protected":false},"author":338,"featured_media":0,"parent":0,"menu_order":0,"comment_status":"closed","ping_status":"closed","template":"","meta":{"ocean_post_layout":"","ocean_both_sidebars_style":"","ocean_both_sidebars_content_width":0,"ocean_both_sidebars_sidebars_width":0,"ocean_sidebar":"0","ocean_second_sidebar":"0","ocean_disable_margins":"enable","ocean_add_body_class":"","ocean_shortcode_before_top_bar":"","ocean_shortcode_after_top_bar":"","ocean_shortcode_before_header":"","ocean_shortcode_after_header":"","ocean_has_shortcode":"","ocean_shortcode_after_title":"","ocean_shortcode_before_footer_widgets":"","ocean_shortcode_after_footer_widgets":"","ocean_shortcode_before_footer_bottom":"","ocean_shortcode_after_footer_bottom":"","ocean_display_top_bar":"default","ocean_display_header":"default","ocean_header_style":"","ocean_center_header_left_menu":"0","ocean_custom_header_template":"0","ocean_custom_logo":0,"ocean_custom_retina_logo":0,"ocean_custom_logo_max_width":0,"ocean_custom_logo_tablet_max_width":0,"ocean_custom_logo_mobile_max_width":0,"ocean_custom_logo_max_height":0,"ocean_custom_logo_tablet_max_height":0,"ocean_custom_logo_mobile_max_height":0,"ocean_header_custom_menu":"0","ocean_menu_typo_font_family":"0","ocean_menu_typo_font_subset":"","ocean_menu_typo_font_size":0,"ocean_menu_typo_font_size_tablet":0,"ocean_menu_typo_font_size_mobile":0,"ocean_menu_typo_font_size_unit":"px","ocean_menu_typo_font_weight":"","ocean_menu_typo_font_weight_tablet":"","ocean_menu_typo_font_weight_mobile":"","ocean_menu_typo_transform":"","ocean_menu_typo_transform_tablet":"","ocean_menu_typo_transform_mobile":"","ocean_menu_typo_line_height":0,"ocean_menu_typo_line_height_tablet":0,"ocean_menu_typo_line_height_mobile":0,"ocean_menu_typo_line_height_unit":"","ocean_menu_typo_spacing":0,"ocean_menu_typo_spacing_tablet":0,"ocean_menu_typo_spacing_mobile":0,"ocean_menu_typo_spacing_unit":"","ocean_menu_link_color":"","ocean_menu_link_color_hover":"","ocean_menu_link_color_active":"","ocean_menu_link_background":"","ocean_menu_link_hover_background":"","ocean_menu_link_active_background":"","ocean_menu_social_links_bg":"","ocean_menu_social_hover_links_bg":"","ocean_menu_social_links_color":"","ocean_menu_social_hover_links_color":"","ocean_disable_title":"default","ocean_disable_heading":"default","ocean_post_title":"","ocean_post_subheading":"","ocean_post_title_style":"","ocean_post_title_background_color":"","ocean_post_title_background":0,"ocean_post_title_bg_image_position":"","ocean_post_title_bg_image_attachment":"","ocean_post_title_bg_image_repeat":"","ocean_post_title_bg_image_size":"","ocean_post_title_height":0,"ocean_post_title_bg_overlay":0.5,"ocean_post_title_bg_overlay_color":"","ocean_disable_breadcrumbs":"default","ocean_breadcrumbs_color":"","ocean_breadcrumbs_separator_color":"","ocean_breadcrumbs_links_color":"","ocean_breadcrumbs_links_hover_color":"","ocean_display_footer_widgets":"default","ocean_display_footer_bottom":"default","ocean_custom_footer_template":"0","footnotes":""},"class_list":["post-22","page","type-page","status-publish","hentry","entry"],"_links":{"self":[{"href":"https:\/\/azqs.com\/cinenergie\/wp-json\/wp\/v2\/pages\/22"}],"collection":[{"href":"https:\/\/azqs.com\/cinenergie\/wp-json\/wp\/v2\/pages"}],"about":[{"href":"https:\/\/azqs.com\/cinenergie\/wp-json\/wp\/v2\/types\/page"}],"author":[{"embeddable":true,"href":"https:\/\/azqs.com\/cinenergie\/wp-json\/wp\/v2\/users\/338"}],"replies":[{"embeddable":true,"href":"https:\/\/azqs.com\/cinenergie\/wp-json\/wp\/v2\/comments?post=22"}],"version-history":[{"count":4,"href":"https:\/\/azqs.com\/cinenergie\/wp-json\/wp\/v2\/pages\/22\/revisions"}],"predecessor-version":[{"id":325,"href":"https:\/\/azqs.com\/cinenergie\/wp-json\/wp\/v2\/pages\/22\/revisions\/325"}],"wp:attachment":[{"href":"https:\/\/azqs.com\/cinenergie\/wp-json\/wp\/v2\/media?parent=22"}],"curies":[{"name":"wp","href":"https:\/\/api.w.org\/{rel}","templated":true}]}}