{"id":112,"date":"2019-11-25T15:40:04","date_gmt":"2019-11-25T14:40:04","guid":{"rendered":"http:\/\/azqs.com\/cinenergie\/?page_id=112"},"modified":"2020-09-02T11:38:27","modified_gmt":"2020-09-02T09:38:27","slug":"edito","status":"publish","type":"page","link":"https:\/\/azqs.com\/cinenergie\/","title":{"rendered":"Bienvenus"},"content":{"rendered":"\t\t<div data-elementor-type=\"wp-post\" data-elementor-id=\"112\" class=\"elementor elementor-112\">\n\t\t\t\t\t\t<section class=\"elementor-section elementor-top-section elementor-element elementor-element-c1eb522 elementor-section-boxed elementor-section-height-default elementor-section-height-default\" data-id=\"c1eb522\" data-element_type=\"section\" data-e-type=\"section\" data-settings=\"{&quot;background_background&quot;:&quot;classic&quot;}\">\n\t\t\t\t\t\t<div class=\"elementor-container elementor-column-gap-default\">\n\t\t\t\t\t<div class=\"elementor-column elementor-col-100 elementor-top-column elementor-element elementor-element-3c5852f\" data-id=\"3c5852f\" data-element_type=\"column\" data-e-type=\"column\">\n\t\t\t<div class=\"elementor-widget-wrap elementor-element-populated\">\n\t\t\t\t\t\t<div class=\"elementor-element elementor-element-d06c385 elementor-widget elementor-widget-heading\" data-id=\"d06c385\" data-element_type=\"widget\" data-e-type=\"widget\" data-widget_type=\"heading.default\">\n\t\t\t\t<div class=\"elementor-widget-container\">\n\t\t\t\t\t<h2 class=\"elementor-heading-title elementor-size-default\">go to cinema and bike !<\/h2>\t\t\t\t<\/div>\n\t\t\t\t<\/div>\n\t\t\t\t\t<\/div>\n\t\t<\/div>\n\t\t\t\t\t<\/div>\n\t\t<\/section>\n\t\t\t\t<section class=\"elementor-section elementor-top-section elementor-element elementor-element-fa4293b elementor-section-boxed elementor-section-height-default elementor-section-height-default\" data-id=\"fa4293b\" data-element_type=\"section\" data-e-type=\"section\" data-settings=\"{&quot;background_background&quot;:&quot;classic&quot;}\">\n\t\t\t\t\t\t<div class=\"elementor-container elementor-column-gap-default\">\n\t\t\t\t\t<div class=\"elementor-column elementor-col-100 elementor-top-column elementor-element elementor-element-24ea7dd\" data-id=\"24ea7dd\" data-element_type=\"column\" data-e-type=\"column\">\n\t\t\t<div class=\"elementor-widget-wrap elementor-element-populated\">\n\t\t\t\t\t\t<div class=\"elementor-element elementor-element-0a47954 elementor-widget-tablet__width-inherit elementor-pagination-position-outside elementor-widget elementor-widget-image-carousel\" data-id=\"0a47954\" data-element_type=\"widget\" data-e-type=\"widget\" data-settings=\"{&quot;slides_to_scroll&quot;:&quot;1&quot;,&quot;navigation&quot;:&quot;dots&quot;,&quot;autoplay&quot;:&quot;yes&quot;,&quot;pause_on_hover&quot;:&quot;yes&quot;,&quot;pause_on_interaction&quot;:&quot;yes&quot;,&quot;autoplay_speed&quot;:5000,&quot;infinite&quot;:&quot;yes&quot;,&quot;speed&quot;:500}\" data-widget_type=\"image-carousel.default\">\n\t\t\t\t<div class=\"elementor-widget-container\">\n\t\t\t\t\t\t\t<div class=\"elementor-image-carousel-wrapper swiper\" role=\"region\" aria-roledescription=\"carousel\" aria-label=\"Carrousel d\u2019images\" dir=\"rtl\">\n\t\t\t<div class=\"elementor-image-carousel swiper-wrapper\" aria-live=\"off\">\n\t\t\t\t\t\t\t\t<div class=\"swiper-slide\" role=\"group\" aria-roledescription=\"slide\" aria-label=\"1 sur 9\"><figure class=\"swiper-slide-inner\"><img decoding=\"async\" class=\"swiper-slide-image\" src=\"https:\/\/azqs.com\/cinenergie\/files\/2020\/08\/4366fb_75a46d4d061e4a3bbeb019e6dd8b2662_mv2_d_4961_3508_s_4_2.jpg\" alt=\"KOFI AND LARTEY\" \/><\/figure><\/div><div class=\"swiper-slide\" role=\"group\" aria-roledescription=\"slide\" aria-label=\"2 sur 9\"><figure class=\"swiper-slide-inner\"><img decoding=\"async\" class=\"swiper-slide-image\" src=\"https:\/\/azqs.com\/cinenergie\/files\/2020\/08\/Big_Booom_00.jpg\" alt=\"Big_Booom_00\" \/><\/figure><\/div><div class=\"swiper-slide\" role=\"group\" aria-roledescription=\"slide\" aria-label=\"3 sur 9\"><figure class=\"swiper-slide-inner\"><img decoding=\"async\" class=\"swiper-slide-image\" src=\"https:\/\/azqs.com\/cinenergie\/files\/2020\/08\/IMG_0903-2-scaled.jpg\" alt=\"IMG_0903-2\" \/><\/figure><\/div><div class=\"swiper-slide\" role=\"group\" aria-roledescription=\"slide\" aria-label=\"4 sur 9\"><figure class=\"swiper-slide-inner\"><img decoding=\"async\" class=\"swiper-slide-image\" src=\"https:\/\/azqs.com\/cinenergie\/files\/2020\/08\/unnamed.jpg\" alt=\"unnamed\" \/><\/figure><\/div><div class=\"swiper-slide\" role=\"group\" aria-roledescription=\"slide\" aria-label=\"5 sur 9\"><figure class=\"swiper-slide-inner\"><img decoding=\"async\" class=\"swiper-slide-image\" src=\"https:\/\/azqs.com\/cinenergie\/files\/2020\/08\/2017_04_14_CLIMATE_KIDS-67.jpg\" alt=\"2017_04_14_CLIMATE_KIDS-67\" \/><\/figure><\/div><div class=\"swiper-slide\" role=\"group\" aria-roledescription=\"slide\" aria-label=\"6 sur 9\"><figure class=\"swiper-slide-inner\"><img decoding=\"async\" class=\"swiper-slide-image\" src=\"https:\/\/azqs.com\/cinenergie\/files\/2020\/08\/All_Inclusive.jpg\" alt=\"All_Inclusive\" \/><\/figure><\/div><div class=\"swiper-slide\" role=\"group\" aria-roledescription=\"slide\" aria-label=\"7 sur 9\"><figure class=\"swiper-slide-inner\"><img decoding=\"async\" class=\"swiper-slide-image\" src=\"https:\/\/azqs.com\/cinenergie\/files\/2020\/08\/BETWEEN-COOL-AND-CLIMATE.jpg\" alt=\"BETWEEN COAL AND CLIMATE\" \/><\/figure><\/div><div class=\"swiper-slide\" role=\"group\" aria-roledescription=\"slide\" aria-label=\"8 sur 9\"><figure class=\"swiper-slide-inner\"><img decoding=\"async\" class=\"swiper-slide-image\" src=\"https:\/\/azqs.com\/cinenergie\/files\/2020\/08\/MaximaAcunaLagunaAzul-copy-scaled.jpg\" alt=\"MaximaAcunaLagunaAzul copy\" \/><\/figure><\/div><div class=\"swiper-slide\" role=\"group\" aria-roledescription=\"slide\" aria-label=\"9 sur 9\"><figure class=\"swiper-slide-inner\"><img decoding=\"async\" class=\"swiper-slide-image\" src=\"https:\/\/azqs.com\/cinenergie\/files\/2020\/01\/79483483_759943024486032_4957787642918862848_n.jpg\" alt=\"79483483_759943024486032_4957787642918862848_n\" \/><\/figure><\/div>\t\t\t<\/div>\n\t\t\t\t\t\t\t\n\t\t\t\t\t\t\t\t\t<div class=\"swiper-pagination\"><\/div>\n\t\t\t\t\t\t\t\t\t<\/div>\n\t\t\t\t\t\t<\/div>\n\t\t\t\t<\/div>\n\t\t\t\t\t<\/div>\n\t\t<\/div>\n\t\t\t\t\t<\/div>\n\t\t<\/section>\n\t\t\t\t<section class=\"elementor-section elementor-top-section elementor-element elementor-element-5680b4b elementor-section-boxed elementor-section-height-default elementor-section-height-default\" data-id=\"5680b4b\" data-element_type=\"section\" data-e-type=\"section\" data-settings=\"{&quot;background_background&quot;:&quot;classic&quot;}\">\n\t\t\t\t\t\t<div class=\"elementor-container elementor-column-gap-narrow\">\n\t\t\t\t\t<div class=\"elementor-column elementor-col-100 elementor-top-column elementor-element elementor-element-43fb10c\" data-id=\"43fb10c\" data-element_type=\"column\" data-e-type=\"column\">\n\t\t\t<div class=\"elementor-widget-wrap elementor-element-populated\">\n\t\t\t\t\t\t<div class=\"elementor-element elementor-element-4e1f5ec elementor-widget elementor-widget-text-editor\" data-id=\"4e1f5ec\" data-element_type=\"widget\" data-e-type=\"widget\" data-widget_type=\"text-editor.default\">\n\t\t\t\t<div class=\"elementor-widget-container\">\n\t\t\t\t\t\t\t\t\t<div style=\"font-family: 'Open Sans', sans-serif;font-size: 14px;font-style: normal;font-weight: 400;color: #929292;text-align: start\">&nbsp;<\/div>\n<div style=\"font-family: 'Open Sans', sans-serif;font-size: 14px;font-style: normal;font-weight: 400;color: #929292;text-align: start\">\n<h4 style=\"font-family: 'Open Sans', sans-serif;font-size: 14px;font-style: normal;font-weight: 400;color: #929292;text-align: start\"><strong><span style=\"font-size: 12pt;font-family: 'trebuchet ms', geneva, sans-serif;color: #000000\">LE CIN&rsquo;\u00c9NERGIE<br><\/span><\/strong><\/h4>\n<p style=\"font-family: 'Open Sans', sans-serif;font-size: 14px;font-style: normal;font-weight: 400;color: #929292;text-align: start\"><span style=\"font-size: 12pt;font-family: 'trebuchet ms', geneva, sans-serif;color: #000000\">C&rsquo;est un cin\u00e9ma itin\u00e9rant qui projettera des films tout au long d&rsquo;un voyage entre la France et l&rsquo;Argentine.<\/span><\/p>\n<p><span style=\"font-size: 12pt\"><span style=\"font-family: 'trebuchet ms', geneva, sans-serif;color: #000000\">En lien avec le Green Film Festival on a fait la s\u00e9lection de 17 court-m\u00e9trages.<\/span><span style=\"text-align: center;color: #fbfbfb;letter-spacing: 1.4px\"> <br><\/span><\/span><\/p>\n<p><span style=\"font-size: 12pt\"><strong><span style=\"color: #000000;font-family: 'trebuchet ms', geneva, sans-serif\">P\u00e9daler pour voir un film ? <br><\/span><\/strong><\/span><\/p>\n<\/div>\n<div style=\"font-family: 'Open Sans', sans-serif;font-size: 14px;font-style: normal;font-weight: 400;color: #929292;text-align: start\"><span style=\"font-size: 12pt\"><span style=\"color: #000000;font-family: 'trebuchet ms', geneva, sans-serif\">Comme en 2014 nous partons avec le<a style=\"color: #000000\" href=\"https:\/\/www.youtube.com\/watch?v=vrq6zHxDamg&amp;t=62s\">&nbsp;Cin&rsquo;\u00e9nergie<\/a><\/span><span style=\"color: #000000;font-family: 'trebuchet ms', geneva, sans-serif\">&nbsp;et comme avant, nous souhaitons que l&rsquo;\u00e9lectricit\u00e9 soit produite directement par <\/span><span style=\"color: #000000;font-family: 'trebuchet ms', geneva, sans-serif\">une personne du public.<\/span><\/span><\/div>\n<div style=\"font-family: 'Open Sans', sans-serif;font-size: 14px;font-style: normal;font-weight: 400;color: #929292;text-align: start\">&nbsp;<\/div>\t\t\t\t\t\t\t\t<\/div>\n\t\t\t\t<\/div>\n\t\t\t\t\t<\/div>\n\t\t<\/div>\n\t\t\t\t\t<\/div>\n\t\t<\/section>\n\t\t\t\t<section class=\"elementor-section elementor-top-section elementor-element elementor-element-b43ba64 elementor-section-boxed elementor-section-height-default elementor-section-height-default\" data-id=\"b43ba64\" data-element_type=\"section\" data-e-type=\"section\" data-settings=\"{&quot;background_background&quot;:&quot;classic&quot;}\">\n\t\t\t\t\t\t<div class=\"elementor-container elementor-column-gap-default\">\n\t\t\t\t\t<div class=\"elementor-column elementor-col-33 elementor-top-column elementor-element elementor-element-e769d59\" data-id=\"e769d59\" data-element_type=\"column\" data-e-type=\"column\">\n\t\t\t<div class=\"elementor-widget-wrap elementor-element-populated\">\n\t\t\t\t\t\t<div class=\"elementor-element elementor-element-33ab162 elementor-widget elementor-widget-image\" data-id=\"33ab162\" data-element_type=\"widget\" data-e-type=\"widget\" data-widget_type=\"image.default\">\n\t\t\t\t<div class=\"elementor-widget-container\">\n\t\t\t\t\t\t\t\t\t\t\t\t\t\t\t<img fetchpriority=\"high\" decoding=\"async\" width=\"1024\" height=\"576\" src=\"https:\/\/azqs.com\/cinenergie\/files\/2019\/11\/IMG_4118-1024x576.jpg\" class=\"attachment-large size-large wp-image-130\" alt=\"\" srcset=\"https:\/\/azqs.com\/cinenergie\/files\/2019\/11\/IMG_4118-1024x576.jpg 1024w, https:\/\/azqs.com\/cinenergie\/files\/2019\/11\/IMG_4118-300x169.jpg 300w, https:\/\/azqs.com\/cinenergie\/files\/2019\/11\/IMG_4118-768x432.jpg 768w\" sizes=\"(max-width: 1024px) 100vw, 1024px\" \/>\t\t\t\t\t\t\t\t\t\t\t\t\t\t\t<\/div>\n\t\t\t\t<\/div>\n\t\t\t\t\t<\/div>\n\t\t<\/div>\n\t\t\t\t<div class=\"elementor-column elementor-col-66 elementor-top-column elementor-element elementor-element-7d89e25\" data-id=\"7d89e25\" data-element_type=\"column\" data-e-type=\"column\">\n\t\t\t<div class=\"elementor-widget-wrap elementor-element-populated\">\n\t\t\t\t\t\t<div class=\"elementor-element elementor-element-d0e13c2 elementor-widget elementor-widget-image\" data-id=\"d0e13c2\" data-element_type=\"widget\" data-e-type=\"widget\" data-widget_type=\"image.default\">\n\t\t\t\t<div class=\"elementor-widget-container\">\n\t\t\t\t\t\t\t\t\t\t\t\t\t\t\t<img decoding=\"async\" width=\"1024\" height=\"682\" src=\"https:\/\/azqs.com\/cinenergie\/files\/2020\/01\/IMG_6360-1024x682.jpg\" class=\"attachment-large size-large wp-image-240\" alt=\"\" srcset=\"https:\/\/azqs.com\/cinenergie\/files\/2020\/01\/IMG_6360-1024x682.jpg 1024w, https:\/\/azqs.com\/cinenergie\/files\/2020\/01\/IMG_6360-300x200.jpg 300w, https:\/\/azqs.com\/cinenergie\/files\/2020\/01\/IMG_6360-768x512.jpg 768w, https:\/\/azqs.com\/cinenergie\/files\/2020\/01\/IMG_6360-250x167.jpg 250w, https:\/\/azqs.com\/cinenergie\/files\/2020\/01\/IMG_6360.jpg 1600w\" sizes=\"(max-width: 1024px) 100vw, 1024px\" \/>\t\t\t\t\t\t\t\t\t\t\t\t\t\t\t<\/div>\n\t\t\t\t<\/div>\n\t\t\t\t\t<\/div>\n\t\t<\/div>\n\t\t\t\t\t<\/div>\n\t\t<\/section>\n\t\t\t\t<section class=\"elementor-section elementor-top-section elementor-element elementor-element-3b7fec80 elementor-section-content-middle elementor-section-boxed elementor-section-height-default elementor-section-height-default\" data-id=\"3b7fec80\" data-element_type=\"section\" data-e-type=\"section\" data-settings=\"{&quot;background_background&quot;:&quot;classic&quot;}\">\n\t\t\t\t\t\t<div class=\"elementor-container elementor-column-gap-no\">\n\t\t\t\t\t<div class=\"elementor-column elementor-col-100 elementor-top-column elementor-element elementor-element-525f9cc8\" data-id=\"525f9cc8\" data-element_type=\"column\" data-e-type=\"column\">\n\t\t\t<div class=\"elementor-widget-wrap elementor-element-populated\">\n\t\t\t\t\t\t<div class=\"elementor-element elementor-element-2e44f19f elementor-invisible elementor-widget elementor-widget-heading\" data-id=\"2e44f19f\" data-element_type=\"widget\" data-e-type=\"widget\" data-settings=\"{&quot;_animation&quot;:&quot;fadeInDown&quot;}\" data-widget_type=\"heading.default\">\n\t\t\t\t<div class=\"elementor-widget-container\">\n\t\t\t\t\t<h4 class=\"elementor-heading-title elementor-size-default\">wheels of change<\/h4>\t\t\t\t<\/div>\n\t\t\t\t<\/div>\n\t\t\t\t<div class=\"elementor-element elementor-element-c1f44c1 elementor-widget elementor-widget-image\" data-id=\"c1f44c1\" data-element_type=\"widget\" data-e-type=\"widget\" data-widget_type=\"image.default\">\n\t\t\t\t<div class=\"elementor-widget-container\">\n\t\t\t\t\t\t\t\t\t\t\t\t\t\t\t<img decoding=\"async\" width=\"1024\" height=\"574\" src=\"https:\/\/azqs.com\/cinenergie\/files\/2020\/02\/Capture-d\u2019e\u0301cran-2020-02-04-a\u0300-15.53.41-1024x574.png\" class=\"attachment-large size-large wp-image-316\" alt=\"\" srcset=\"https:\/\/azqs.com\/cinenergie\/files\/2020\/02\/Capture-d\u2019e\u0301cran-2020-02-04-a\u0300-15.53.41-1024x574.png 1024w, https:\/\/azqs.com\/cinenergie\/files\/2020\/02\/Capture-d\u2019e\u0301cran-2020-02-04-a\u0300-15.53.41-300x168.png 300w, https:\/\/azqs.com\/cinenergie\/files\/2020\/02\/Capture-d\u2019e\u0301cran-2020-02-04-a\u0300-15.53.41-768x430.png 768w, https:\/\/azqs.com\/cinenergie\/files\/2020\/02\/Capture-d\u2019e\u0301cran-2020-02-04-a\u0300-15.53.41-250x140.png 250w\" sizes=\"(max-width: 1024px) 100vw, 1024px\" \/>\t\t\t\t\t\t\t\t\t\t\t\t\t\t\t<\/div>\n\t\t\t\t<\/div>\n\t\t\t\t<div class=\"elementor-element elementor-element-5cf4432 elementor-invisible elementor-widget elementor-widget-text-editor\" data-id=\"5cf4432\" data-element_type=\"widget\" data-e-type=\"widget\" data-settings=\"{&quot;_animation&quot;:&quot;fadeInLeft&quot;}\" data-widget_type=\"text-editor.default\">\n\t\t\t\t<div class=\"elementor-widget-container\">\n\t\t\t\t\t\t\t\t\t<div>C&rsquo;est le titre de notre <strong>documentaire<\/strong>. On partira filmer des portraits tout au long du voyage. Nous partons \u00e0 la recherche des histoires de vie et de t\u00e9moignages sur la question de <strong>changement climatique.<\/strong> <\/div><div><strong>Un portrait par jour<\/strong>. Au total nous comptons faire <strong>400 interviews<\/strong> dans <strong>24.000 km<\/strong> parcourus.<\/div>\t\t\t\t\t\t\t\t<\/div>\n\t\t\t\t<\/div>\n\t\t\t\t\t<\/div>\n\t\t<\/div>\n\t\t\t\t\t<\/div>\n\t\t<\/section>\n\t\t\t\t<\/div>\n\t\t","protected":false},"excerpt":{"rendered":"<p>go to cinema and bike ! &nbsp; LE CIN&rsquo;\u00c9NERGIE C&rsquo;est un cin\u00e9ma itin\u00e9rant qui projettera des films tout au long d&rsquo;un voyage entre la France et l&rsquo;Argentine. En lien avec le Green Film Festival on a fait la s\u00e9lection de 17 court-m\u00e9trages. P\u00e9daler pour voir un film ? Comme en 2014 nous partons avec le&nbsp;Cin&rsquo;\u00e9nergie&nbsp;et [&hellip;]<\/p>\n","protected":false},"author":338,"featured_media":0,"parent":0,"menu_order":0,"comment_status":"closed","ping_status":"closed","template":"","meta":{"ocean_post_layout":"","ocean_both_sidebars_style":"","ocean_both_sidebars_content_width":0,"ocean_both_sidebars_sidebars_width":0,"ocean_sidebar":"","ocean_second_sidebar":"","ocean_disable_margins":"enable","ocean_add_body_class":"","ocean_shortcode_before_top_bar":"","ocean_shortcode_after_top_bar":"","ocean_shortcode_before_header":"","ocean_shortcode_after_header":"","ocean_has_shortcode":"","ocean_shortcode_after_title":"","ocean_shortcode_before_footer_widgets":"","ocean_shortcode_after_footer_widgets":"","ocean_shortcode_before_footer_bottom":"","ocean_shortcode_after_footer_bottom":"","ocean_display_top_bar":"default","ocean_display_header":"default","ocean_header_style":"","ocean_center_header_left_menu":"","ocean_custom_header_template":"","ocean_custom_logo":0,"ocean_custom_retina_logo":0,"ocean_custom_logo_max_width":0,"ocean_custom_logo_tablet_max_width":0,"ocean_custom_logo_mobile_max_width":0,"ocean_custom_logo_max_height":0,"ocean_custom_logo_tablet_max_height":0,"ocean_custom_logo_mobile_max_height":0,"ocean_header_custom_menu":"","ocean_menu_typo_font_family":"","ocean_menu_typo_font_subset":"","ocean_menu_typo_font_size":0,"ocean_menu_typo_font_size_tablet":0,"ocean_menu_typo_font_size_mobile":0,"ocean_menu_typo_font_size_unit":"px","ocean_menu_typo_font_weight":"","ocean_menu_typo_font_weight_tablet":"","ocean_menu_typo_font_weight_mobile":"","ocean_menu_typo_transform":"","ocean_menu_typo_transform_tablet":"","ocean_menu_typo_transform_mobile":"","ocean_menu_typo_line_height":0,"ocean_menu_typo_line_height_tablet":0,"ocean_menu_typo_line_height_mobile":0,"ocean_menu_typo_line_height_unit":"","ocean_menu_typo_spacing":0,"ocean_menu_typo_spacing_tablet":0,"ocean_menu_typo_spacing_mobile":0,"ocean_menu_typo_spacing_unit":"","ocean_menu_link_color":"","ocean_menu_link_color_hover":"","ocean_menu_link_color_active":"","ocean_menu_link_background":"","ocean_menu_link_hover_background":"","ocean_menu_link_active_background":"","ocean_menu_social_links_bg":"","ocean_menu_social_hover_links_bg":"","ocean_menu_social_links_color":"","ocean_menu_social_hover_links_color":"","ocean_disable_title":"default","ocean_disable_heading":"default","ocean_post_title":"","ocean_post_subheading":"","ocean_post_title_style":"","ocean_post_title_background_color":"","ocean_post_title_background":0,"ocean_post_title_bg_image_position":"","ocean_post_title_bg_image_attachment":"","ocean_post_title_bg_image_repeat":"","ocean_post_title_bg_image_size":"","ocean_post_title_height":0,"ocean_post_title_bg_overlay":0.5,"ocean_post_title_bg_overlay_color":"","ocean_disable_breadcrumbs":"default","ocean_breadcrumbs_color":"","ocean_breadcrumbs_separator_color":"","ocean_breadcrumbs_links_color":"","ocean_breadcrumbs_links_hover_color":"","ocean_display_footer_widgets":"default","ocean_display_footer_bottom":"default","ocean_custom_footer_template":"","footnotes":""},"class_list":["post-112","page","type-page","status-publish","hentry","entry"],"_links":{"self":[{"href":"https:\/\/azqs.com\/cinenergie\/wp-json\/wp\/v2\/pages\/112"}],"collection":[{"href":"https:\/\/azqs.com\/cinenergie\/wp-json\/wp\/v2\/pages"}],"about":[{"href":"https:\/\/azqs.com\/cinenergie\/wp-json\/wp\/v2\/types\/page"}],"author":[{"embeddable":true,"href":"https:\/\/azqs.com\/cinenergie\/wp-json\/wp\/v2\/users\/338"}],"replies":[{"embeddable":true,"href":"https:\/\/azqs.com\/cinenergie\/wp-json\/wp\/v2\/comments?post=112"}],"version-history":[{"count":4,"href":"https:\/\/azqs.com\/cinenergie\/wp-json\/wp\/v2\/pages\/112\/revisions"}],"predecessor-version":[{"id":373,"href":"https:\/\/azqs.com\/cinenergie\/wp-json\/wp\/v2\/pages\/112\/revisions\/373"}],"wp:attachment":[{"href":"https:\/\/azqs.com\/cinenergie\/wp-json\/wp\/v2\/media?parent=112"}],"curies":[{"name":"wp","href":"https:\/\/api.w.org\/{rel}","templated":true}]}}