{"id":2,"date":"2022-02-18T15:39:13","date_gmt":"2022-02-18T14:39:13","guid":{"rendered":"http:\/\/azqs.com\/cascontact\/?page_id=2"},"modified":"2022-03-11T19:49:24","modified_gmt":"2022-03-11T18:49:24","slug":"contacterlescascontacts","status":"publish","type":"page","link":"https:\/\/azqs.com\/cascontact\/contacterlescascontacts\/","title":{"rendered":"\ud83d\udda4 Nous contacter"},"content":{"rendered":"<p>Pour organiser ou participer \u00e0 une action (fabrication d&rsquo;affiches, de slogans manifs, collage ) envoyez nous un petit mail<\/p>\n\n<div class=\"wpcf7 no-js\" id=\"wpcf7-f118-o1\" lang=\"fr-FR\" dir=\"ltr\" data-wpcf7-id=\"118\">\n<div class=\"screen-reader-response\"><p role=\"status\" aria-live=\"polite\" aria-atomic=\"true\"><\/p> <ul><\/ul><\/div>\n<form action=\"\/cascontact\/wp-json\/wp\/v2\/pages\/2#wpcf7-f118-o1\" method=\"post\" class=\"wpcf7-form init\" aria-label=\"Formulaire de contact\" novalidate=\"novalidate\" data-status=\"init\">\n<div style=\"display: none;\">\n<input type=\"hidden\" name=\"_wpcf7\" value=\"118\" \/>\n<input type=\"hidden\" name=\"_wpcf7_version\" value=\"6.0.6\" \/>\n<input type=\"hidden\" name=\"_wpcf7_locale\" value=\"fr_FR\" \/>\n<input type=\"hidden\" name=\"_wpcf7_unit_tag\" value=\"wpcf7-f118-o1\" \/>\n<input type=\"hidden\" name=\"_wpcf7_container_post\" value=\"0\" \/>\n<input type=\"hidden\" name=\"_wpcf7_posted_data_hash\" value=\"\" \/>\n<\/div>\n<!-- <label> Votre nom\n    <span class=\"wpcf7-form-control-wrap\" data-name=\"your-name\"><input size=\"40\" maxlength=\"400\" class=\"wpcf7-form-control wpcf7-text\" aria-invalid=\"false\" value=\"\" type=\"text\" name=\"your-name\" \/><\/span> <\/label> -->\n<p><label> Votre e-mail<br \/>\n<span class=\"wpcf7-form-control-wrap\" data-name=\"your-email\"><input size=\"40\" maxlength=\"400\" class=\"wpcf7-form-control wpcf7-email wpcf7-validates-as-required wpcf7-text wpcf7-validates-as-email\" aria-required=\"true\" aria-invalid=\"false\" value=\"\" type=\"email\" name=\"your-email\" \/><\/span> <\/label>\n<\/p>\n\n <!-- <label> Objet\n    <span class=\"wpcf7-form-control-wrap\" data-name=\"your-subject\"><input size=\"40\" maxlength=\"400\" class=\"wpcf7-form-control wpcf7-text\" aria-invalid=\"false\" value=\"\" type=\"text\" name=\"your-subject\" \/><\/span> <\/label> -->\n<p><label> Votre message<br \/>\n<span class=\"wpcf7-form-control-wrap\" data-name=\"your-message\"><textarea cols=\"40\" rows=\"10\" maxlength=\"2000\" class=\"wpcf7-form-control wpcf7-textarea wpcf7-validates-as-required\" aria-required=\"true\" aria-invalid=\"false\" name=\"your-message\"><\/textarea><\/span> <\/label>\n<\/p>\n<p><input class=\"wpcf7-form-control wpcf7-submit has-spinner\" type=\"submit\" value=\"Envoyer\" \/>\n<\/p><div class=\"wpcf7-response-output\" aria-hidden=\"true\"><\/div>\n<\/form>\n<\/div>\n\n<p>Vous pouvez aussi nous rencontrer aux manifs anti laissez pass\u00e9.<br \/>\nNous sommes en g\u00e9n\u00e9ral tranquillou en fin de cort\u00e8ge<\/p>\n","protected":false},"excerpt":{"rendered":"<p>Pour organiser ou participer \u00e0 une action (fabrication d&rsquo;affiches, de slogans manifs, collage ) envoyez nous un petit mail Vous pouvez aussi nous rencontrer aux manifs anti laissez pass\u00e9. Nous sommes en g\u00e9n\u00e9ral tranquillou en fin de cort\u00e8ge<\/p>\n","protected":false},"author":291,"featured_media":0,"parent":0,"menu_order":0,"comment_status":"closed","ping_status":"closed","template":"","meta":{"footnotes":""},"class_list":["post-2","page","type-page","status-publish","hentry"],"_links":{"self":[{"href":"https:\/\/azqs.com\/cascontact\/wp-json\/wp\/v2\/pages\/2"}],"collection":[{"href":"https:\/\/azqs.com\/cascontact\/wp-json\/wp\/v2\/pages"}],"about":[{"href":"https:\/\/azqs.com\/cascontact\/wp-json\/wp\/v2\/types\/page"}],"author":[{"embeddable":true,"href":"https:\/\/azqs.com\/cascontact\/wp-json\/wp\/v2\/users\/291"}],"replies":[{"embeddable":true,"href":"https:\/\/azqs.com\/cascontact\/wp-json\/wp\/v2\/comments?post=2"}],"version-history":[{"count":4,"href":"https:\/\/azqs.com\/cascontact\/wp-json\/wp\/v2\/pages\/2\/revisions"}],"predecessor-version":[{"id":119,"href":"https:\/\/azqs.com\/cascontact\/wp-json\/wp\/v2\/pages\/2\/revisions\/119"}],"wp:attachment":[{"href":"https:\/\/azqs.com\/cascontact\/wp-json\/wp\/v2\/media?parent=2"}],"curies":[{"name":"wp","href":"https:\/\/api.w.org\/{rel}","templated":true}]}}