{"id":7,"date":"2021-05-05T16:04:11","date_gmt":"2021-05-05T14:04:11","guid":{"rendered":"http:\/\/azqs.com\/binchiclette\/?page_id=7"},"modified":"2022-05-12T15:49:25","modified_gmt":"2022-05-12T13:49:25","slug":"la-binchiclette","status":"publish","type":"page","link":"https:\/\/azqs.com\/binchyclette\/","title":{"rendered":"La Binchyclette"},"content":{"rendered":"<p>Du <strong>v\u00e9lo<\/strong>, de la <strong>bi\u00e8re <span style=\"text-decoration: underline\">fra\u00eeche<\/span>,<\/strong> de la <strong>joie<\/strong> !<\/p>\n<p><strong>\u00e9v\u00e8nements \u00e0 venir :<\/strong><\/p>\n<ul>\n<li>14 mai 2022 \u00e0 14h au parc du Heyritz pour <a href=\"https:\/\/www.facebook.com\/events\/344247911077479\" target=\"_blank\" rel=\"noopener noreferrer\">l&rsquo;\u00e9v\u00e9nement Bike&rsquo;n&rsquo;sound<\/a><\/li>\n<li>26, 27&amp;28 mai 2022 au <a href=\"https:\/\/pelpass.net\/pelpass-festival\/\" target=\"_blank\" rel=\"noopener noreferrer\">Pelpass festival<\/a><\/li>\n<\/ul>\n<p><strong>\u00e9v\u00e8nements pass\u00e9s :<\/strong><\/p>\n<ul>\n<li>Dimanche 27 juin, 15h au parc Gruber : <a href=\"https:\/\/www.facebook.com\/events\/230319505217693\/\" target=\"_blank\" rel=\"noopener noreferrer\">V\u00e9lorution de Koenigshoffen<\/a><\/li>\n<\/ul>\n<ul>\n<li><span style=\"text-decoration: underline\">Dimanche 13 juin, 16h au CRIC<\/span> : La <a href=\"http:\/\/azqs.com\/GeekNik\/2021\/04\/29\/%F0%9F%9A%B2-%F0%9F%9A%B2-bike-art-war-%F0%9F%9A%B2-%F0%9F%9A%B2\/\" target=\"_blank\" rel=\"noopener noreferrer\">BAW<\/a> expo a trouv\u00e9 son fournisseur officiel de mousse et \u00e0 roulette svp !<\/li>\n<\/ul>\n<p>si toi aussi tu veux apporter de la bi\u00e8re \u00e0 roulette dans ton \u00e9v\u00e9nement, envoie moi un petit message :<\/p>\n\n<div class=\"wpcf7 no-js\" id=\"wpcf7-f36-o1\" lang=\"fr-FR\" dir=\"ltr\" data-wpcf7-id=\"36\">\n<div class=\"screen-reader-response\"><p role=\"status\" aria-live=\"polite\" aria-atomic=\"true\"><\/p> <ul><\/ul><\/div>\n<form action=\"\/binchyclette\/wp-json\/wp\/v2\/pages\/7#wpcf7-f36-o1\" method=\"post\" class=\"wpcf7-form init\" aria-label=\"Formulaire de contact\" novalidate=\"novalidate\" data-status=\"init\">\n<div style=\"display: none;\">\n<input type=\"hidden\" name=\"_wpcf7\" value=\"36\" \/>\n<input type=\"hidden\" name=\"_wpcf7_version\" value=\"6.0.6\" \/>\n<input type=\"hidden\" name=\"_wpcf7_locale\" value=\"fr_FR\" \/>\n<input type=\"hidden\" name=\"_wpcf7_unit_tag\" value=\"wpcf7-f36-o1\" \/>\n<input type=\"hidden\" name=\"_wpcf7_container_post\" value=\"0\" \/>\n<input type=\"hidden\" name=\"_wpcf7_posted_data_hash\" value=\"\" \/>\n<input type=\"hidden\" name=\"_wpcf7_recaptcha_response\" value=\"\" \/>\n<\/div>\n<p><label> Votre nom<br \/>\n<span class=\"wpcf7-form-control-wrap\" data-name=\"your-name\"><input size=\"40\" maxlength=\"400\" class=\"wpcf7-form-control wpcf7-text wpcf7-validates-as-required\" aria-required=\"true\" aria-invalid=\"false\" value=\"\" type=\"text\" name=\"your-name\" \/><\/span> <\/label>\n<\/p>\n<p><label> Votre e-mail<br \/>\n<span class=\"wpcf7-form-control-wrap\" data-name=\"your-email\"><input size=\"40\" maxlength=\"400\" class=\"wpcf7-form-control wpcf7-email wpcf7-validates-as-required wpcf7-text wpcf7-validates-as-email\" aria-required=\"true\" aria-invalid=\"false\" value=\"\" type=\"email\" name=\"your-email\" \/><\/span> <\/label>\n<\/p>\n<p><label> Objet<br \/>\n<span class=\"wpcf7-form-control-wrap\" data-name=\"your-subject\"><input size=\"40\" maxlength=\"400\" class=\"wpcf7-form-control wpcf7-text wpcf7-validates-as-required\" aria-required=\"true\" aria-invalid=\"false\" value=\"\" type=\"text\" name=\"your-subject\" \/><\/span> <\/label>\n<\/p>\n<p><label> Votre message<br \/>\n<span class=\"wpcf7-form-control-wrap\" data-name=\"your-message\"><textarea cols=\"40\" rows=\"10\" maxlength=\"2000\" class=\"wpcf7-form-control wpcf7-textarea\" aria-invalid=\"false\" name=\"your-message\"><\/textarea><\/span> <\/label><br \/>\n\n<\/p>\n<p><input class=\"wpcf7-form-control wpcf7-submit has-spinner\" type=\"submit\" value=\"Envoyer\" \/>\n<\/p><div class=\"wpcf7-response-output\" aria-hidden=\"true\"><\/div>\n<\/form>\n<\/div>\n\n","protected":false},"excerpt":{"rendered":"<p>Du v\u00e9lo, de la bi\u00e8re fra\u00eeche, de la joie ! \u00e9v\u00e8nements \u00e0 venir : 14 mai 2022 \u00e0 14h au parc du Heyritz pour l&rsquo;\u00e9v\u00e9nement Bike&rsquo;n&rsquo;sound 26, 27&amp;28 mai 2022 au Pelpass festival \u00e9v\u00e8nements pass\u00e9s : Dimanche 27 juin, 15h au parc Gruber : V\u00e9lorution de Koenigshoffen Dimanche 13 juin, 16h au CRIC : La [&hellip;]<\/p>\n","protected":false},"author":363,"featured_media":27,"parent":0,"menu_order":0,"comment_status":"closed","ping_status":"closed","template":"","meta":{"footnotes":""},"class_list":["post-7","page","type-page","status-publish","has-post-thumbnail","hentry"],"_links":{"self":[{"href":"https:\/\/azqs.com\/binchyclette\/wp-json\/wp\/v2\/pages\/7"}],"collection":[{"href":"https:\/\/azqs.com\/binchyclette\/wp-json\/wp\/v2\/pages"}],"about":[{"href":"https:\/\/azqs.com\/binchyclette\/wp-json\/wp\/v2\/types\/page"}],"author":[{"embeddable":true,"href":"https:\/\/azqs.com\/binchyclette\/wp-json\/wp\/v2\/users\/363"}],"replies":[{"embeddable":true,"href":"https:\/\/azqs.com\/binchyclette\/wp-json\/wp\/v2\/comments?post=7"}],"version-history":[{"count":5,"href":"https:\/\/azqs.com\/binchyclette\/wp-json\/wp\/v2\/pages\/7\/revisions"}],"predecessor-version":[{"id":62,"href":"https:\/\/azqs.com\/binchyclette\/wp-json\/wp\/v2\/pages\/7\/revisions\/62"}],"wp:featuredmedia":[{"embeddable":true,"href":"https:\/\/azqs.com\/binchyclette\/wp-json\/wp\/v2\/media\/27"}],"wp:attachment":[{"href":"https:\/\/azqs.com\/binchyclette\/wp-json\/wp\/v2\/media?parent=7"}],"curies":[{"name":"wp","href":"https:\/\/api.w.org\/{rel}","templated":true}]}}