{"id":233,"date":"2013-02-11T04:33:37","date_gmt":"2013-02-11T04:33:37","guid":{"rendered":"http:\/\/azqs.com\/bilobarev\/?page_id=233"},"modified":"2024-09-25T23:28:02","modified_gmt":"2024-09-25T23:28:02","slug":"reportage-sur-la-via-ferrata-de-bussang","status":"publish","type":"page","link":"https:\/\/azqs.com\/bilobarev\/","title":{"rendered":"C&rsquo;est ici que \u00e7a commence&#8230;"},"content":{"rendered":"<p><img loading=\"lazy\" decoding=\"async\" class=\"alignleft wp-image-283\" src=\"http:\/\/azqs.com\/bilobarev\/files\/2013\/02\/logo_info.jpg\" alt=\"\" width=\"33\" height=\"36\" \/>Pour en savoir plus sur les <strong>nombreuses activit\u00e9s<\/strong> propos\u00e9es par Bilobarev, nous vous invitons parcourir nos <strong>fiches d\u00e9taill\u00e9es,<\/strong> class\u00e9es dans le menu \u00e0 droite, soit par saisons soit par th\u00e9matiques.<\/p>\n<p>Vous pouvez aussi me contacter pour concevoir ensemble votre\u00a0 s\u00e9jour \u00ab\u00a0a la carte\u00a0\u00bb.<\/p>\n<table style=\"border-collapse: collapse; width: 100%; height: 999px;\">\n<tbody>\n<tr style=\"height: 330px;\">\n<td style=\"width: 100%; height: 296px;\">\n<h2>Randonn\u00e9es et balades \u00e0 th\u00e8mes.<\/h2>\n<h4 class=\"entry-title\"><a href=\"http:\/\/azqs.com\/bilobarev\/files\/2013\/05\/Balisage-2.jpg\"><img loading=\"lazy\" decoding=\"async\" class=\"size-medium wp-image-412 alignleft\" src=\"http:\/\/azqs.com\/bilobarev\/files\/2013\/05\/Balisage-2-200x150.jpg\" alt=\"Balisage (2)\" width=\"200\" height=\"150\" srcset=\"https:\/\/azqs.com\/bilobarev\/files\/2013\/05\/Balisage-2-200x150.jpg 200w, https:\/\/azqs.com\/bilobarev\/files\/2013\/05\/Balisage-2-1024x768.jpg 1024w, https:\/\/azqs.com\/bilobarev\/files\/2013\/05\/Balisage-2-250x187.jpg 250w, https:\/\/azqs.com\/bilobarev\/files\/2013\/05\/Balisage-2-400x300.jpg 400w\" sizes=\"(max-width: 200px) 100vw, 200px\" \/><\/a><\/h4>\n<h4 class=\"entry-title\">Rando, cr\u00e9puscule et auberge. Instants magiques d\u2019une soir\u00e9e d\u2019\u00e9t\u00e9<\/h4>\n<p><img loading=\"lazy\" decoding=\"async\" class=\"alignleft wp-image-283\" src=\"http:\/\/azqs.com\/bilobarev\/files\/2013\/02\/logo_info.jpg\" alt=\"logo_info\" width=\"30\" height=\"33\" \/><br \/>\n<a href=\"http:\/\/azqs.com\/bilobarev\/2013\/02\/15\/rando-crepuscule-et-auberge-instant-magique-dune-soiree-dete\/\">En savoir plus sur cette activit\u00e9<\/a><\/p>\n<h4 class=\"entry-title\">Rando hamac, observation et contemplation<\/h4>\n<p><img loading=\"lazy\" decoding=\"async\" class=\"alignleft wp-image-283\" src=\"http:\/\/azqs.com\/bilobarev\/files\/2013\/02\/logo_info.jpg\" alt=\"logo_info\" width=\"30\" height=\"33\" \/><br \/>\n<a href=\"http:\/\/azqs.com\/bilobarev\/2013\/02\/13\/rando-hamac-observation-et-contemplation\/\">En savoir plus sur cette activit\u00e9<\/a><\/td>\n<\/tr>\n<tr style=\"height: 488px;\">\n<td style=\"width: 100%; height: 438px;\">\n<h2>Raquettes<\/h2>\n<h4 class=\"entry-title\"><a href=\"http:\/\/azqs.com\/bilobarev\/files\/2014\/03\/Raquettes1000_750.jpg\"><img loading=\"lazy\" decoding=\"async\" class=\"size-thumbnail wp-image-534 alignleft\" src=\"http:\/\/azqs.com\/bilobarev\/files\/2014\/03\/Raquettes1000_750-150x150.jpg\" alt=\"Raquettes1000_750\" width=\"150\" height=\"150\" \/><\/a><\/h4>\n<h4 class=\"entry-title\">Balade en raquettes. D\u00e9couverte et plaisir.<\/h4>\n<p><img loading=\"lazy\" decoding=\"async\" class=\"alignleft wp-image-283\" src=\"http:\/\/azqs.com\/bilobarev\/files\/2013\/02\/logo_info.jpg\" alt=\"logo_info\" width=\"30\" height=\"33\" \/><a href=\"http:\/\/azqs.com\/bilobarev\/2013\/02\/11\/balade-en-raquettes-decouverte-et-plaisir\/\">En savoir plus sur cette activit\u00e9<\/a><\/p>\n<h4 class=\"entry-title\">Raquettes nocturne. Ambiance et f\u00e9\u00e9ries<\/h4>\n<p><a href=\"http:\/\/azqs.com\/bilobarev\/2013\/02\/10\/raquettes-nocturne-ambiance-et-feeries\/\">En savoir plus sur cette activit\u00e9<\/a><img loading=\"lazy\" decoding=\"async\" class=\"alignleft wp-image-283\" src=\"http:\/\/azqs.com\/bilobarev\/files\/2013\/02\/logo_info.jpg\" alt=\"logo_info\" width=\"30\" height=\"33\" \/><\/p>\n<h4 class=\"entry-title\">Information s\u00e9curit\u00e9 en montagne, Ateliers ludiques aux techniques de secours<\/h4>\n<p><img loading=\"lazy\" decoding=\"async\" class=\"alignleft wp-image-283\" src=\"http:\/\/azqs.com\/bilobarev\/files\/2013\/02\/logo_info.jpg\" alt=\"logo_info\" width=\"30\" height=\"33\" \/><a title=\"Information securite en montagne ateliers aux techniques de secours\" href=\"http:\/\/azqs.com\/bilobarev\/2013\/02\/11\/information-securite-en-montagne-ateliers-ludiques-aux-techniques-de-secours\/\">En savoir plus sur cette activit\u00e9<\/a><\/p>\n<hgroup class=\"entry-hdr\">\n<h4 class=\"entry-title\">Raquettes, auberge de montagne, convivialit\u00e9, gastronomie<\/h4>\n<\/hgroup>\n<p><img loading=\"lazy\" decoding=\"async\" class=\"alignleft wp-image-283\" src=\"http:\/\/azqs.com\/bilobarev\/files\/2013\/02\/logo_info.jpg\" alt=\"logo_info\" width=\"30\" height=\"33\" \/><a title=\"Rando raquette et auberge\" href=\"http:\/\/azqs.com\/bilobarev\/2013\/02\/08\/raquettes-et-auberge-de-montagne-convivialite-et-gastronomie\/\">En savoir plus sur cette activit\u00e9<\/a><\/td>\n<\/tr>\n<tr style=\"height: 241px;\">\n<td style=\"width: 100%; height: 241px;\">\n<h2>VTT<\/h2>\n<p><a href=\"http:\/\/azqs.com\/bilobarev\/files\/2013\/06\/VTT.jpg\"><img loading=\"lazy\" decoding=\"async\" class=\"size-medium wp-image-457 alignleft\" title=\"Vtt dans les vosges\" src=\"http:\/\/azqs.com\/bilobarev\/files\/2013\/06\/VTT-200x150.jpg\" alt=\"Illustration VTT Vosges\" width=\"200\" height=\"150\" srcset=\"https:\/\/azqs.com\/bilobarev\/files\/2013\/06\/VTT-200x150.jpg 200w, https:\/\/azqs.com\/bilobarev\/files\/2013\/06\/VTT-1024x768.jpg 1024w, https:\/\/azqs.com\/bilobarev\/files\/2013\/06\/VTT-250x187.jpg 250w, https:\/\/azqs.com\/bilobarev\/files\/2013\/06\/VTT-400x300.jpg 400w, https:\/\/azqs.com\/bilobarev\/files\/2013\/06\/VTT.jpg 2048w\" sizes=\"(max-width: 200px) 100vw, 200px\" \/><\/a><\/p>\n<h4 class=\"entry-title\">VTT et VTC : Apprentissage, d\u00e9tente, descente.<\/h4>\n<p class=\"entry-title\"><img loading=\"lazy\" decoding=\"async\" class=\"wp-image-283 alignleft\" src=\"http:\/\/azqs.com\/bilobarev\/files\/2013\/02\/logo_info.jpg\" alt=\"logo_info\" width=\"30\" height=\"33\" \/> <a href=\"http:\/\/azqs.com\/bilobarev\/2013\/02\/15\/vtt-et-vtc-apprentissage-detente-descente\/\">En savoir plus sur cette activit\u00e9<\/a><\/p>\n<\/td>\n<\/tr>\n<tr style=\"height: 24px;\">\n<td style=\"width: 100%; height: 24px;\">&nbsp;<\/p>\n<h2>Activit\u00e9s en hauteur<\/h2>\n<h3 class=\"entry-title\"><a href=\"http:\/\/azqs.com\/bilobarev\/files\/2013\/02\/Mousqueton.jpg\"><img loading=\"lazy\" decoding=\"async\" class=\"size-medium wp-image-226 alignleft\" src=\"http:\/\/azqs.com\/bilobarev\/files\/2013\/02\/Mousqueton-200x150.jpg\" alt=\"Mousqueton\" width=\"200\" height=\"150\" srcset=\"https:\/\/azqs.com\/bilobarev\/files\/2013\/02\/Mousqueton-200x150.jpg 200w, https:\/\/azqs.com\/bilobarev\/files\/2013\/02\/Mousqueton-1024x768.jpg 1024w, https:\/\/azqs.com\/bilobarev\/files\/2013\/02\/Mousqueton-250x187.jpg 250w, https:\/\/azqs.com\/bilobarev\/files\/2013\/02\/Mousqueton-400x300.jpg 400w, https:\/\/azqs.com\/bilobarev\/files\/2013\/02\/Mousqueton.jpg 2048w\" sizes=\"(max-width: 200px) 100vw, 200px\" \/><\/a><\/h3>\n<h4 class=\"entry-title\">Escalade, partage d\u2019une passion<\/h4>\n<p><img loading=\"lazy\" decoding=\"async\" class=\"alignleft wp-image-283\" src=\"http:\/\/azqs.com\/bilobarev\/files\/2013\/02\/logo_info.jpg\" alt=\"logo_info\" width=\"30\" height=\"33\" \/><a href=\"http:\/\/azqs.com\/bilobarev\/2013\/02\/13\/escalade-et-via-ferrata-sensations-et-emotions\/\">En savoir plus sur cette activit\u00e9<\/a><\/p>\n<h4 class=\"entry-title\">Rando Ferrata, sensations et \u00e9motions.<\/h4>\n<p><img loading=\"lazy\" decoding=\"async\" class=\"alignleft wp-image-283\" src=\"http:\/\/azqs.com\/bilobarev\/files\/2013\/02\/logo_info.jpg\" alt=\"logo_info\" width=\"30\" height=\"33\" \/><br \/>\n<a href=\"http:\/\/azqs.com\/bilobarev\/2013\/02\/22\/via-ferrata-sensations-et-emotions\/\">En savoir plus sur cette activit\u00e9<\/a><\/td>\n<\/tr>\n<\/tbody>\n<\/table>\n","protected":false},"excerpt":{"rendered":"<p>Pour en savoir plus sur les nombreuses activit\u00e9s propos\u00e9es par Bilobarev, nous vous invitons parcourir nos fiches d\u00e9taill\u00e9es, class\u00e9es dans le menu \u00e0 droite, soit par saisons soit par th\u00e9matiques. Vous pouvez aussi me contacter pour concevoir ensemble votre\u00a0 s\u00e9jour \u00ab\u00a0a la carte\u00a0\u00bb. Randonn\u00e9es et balades \u00e0 th\u00e8mes. Rando, cr\u00e9puscule et auberge. Instants magiques d\u2019une &hellip; <\/p>\n<p><a class=\"more-link btn\" href=\"https:\/\/azqs.com\/bilobarev\/\">Lire la suite<\/a><\/p>\n","protected":false},"author":282,"featured_media":0,"parent":0,"menu_order":0,"comment_status":"closed","ping_status":"closed","template":"","meta":{"footnotes":""},"class_list":["post-233","page","type-page","status-publish","hentry","nodate","item-wrap"],"_links":{"self":[{"href":"https:\/\/azqs.com\/bilobarev\/wp-json\/wp\/v2\/pages\/233"}],"collection":[{"href":"https:\/\/azqs.com\/bilobarev\/wp-json\/wp\/v2\/pages"}],"about":[{"href":"https:\/\/azqs.com\/bilobarev\/wp-json\/wp\/v2\/types\/page"}],"author":[{"embeddable":true,"href":"https:\/\/azqs.com\/bilobarev\/wp-json\/wp\/v2\/users\/282"}],"replies":[{"embeddable":true,"href":"https:\/\/azqs.com\/bilobarev\/wp-json\/wp\/v2\/comments?post=233"}],"version-history":[{"count":6,"href":"https:\/\/azqs.com\/bilobarev\/wp-json\/wp\/v2\/pages\/233\/revisions"}],"predecessor-version":[{"id":643,"href":"https:\/\/azqs.com\/bilobarev\/wp-json\/wp\/v2\/pages\/233\/revisions\/643"}],"wp:attachment":[{"href":"https:\/\/azqs.com\/bilobarev\/wp-json\/wp\/v2\/media?parent=233"}],"curies":[{"name":"wp","href":"https:\/\/api.w.org\/{rel}","templated":true}]}}