{"id":152,"date":"2012-08-24T21:16:08","date_gmt":"2012-08-24T21:16:08","guid":{"rendered":"http:\/\/azqs.com\/amybinouze\/?page_id=152"},"modified":"2012-08-24T21:16:08","modified_gmt":"2012-08-24T21:16:08","slug":"contacter_amy_binouze","status":"publish","type":"page","link":"https:\/\/azqs.com\/amybinouze\/contacter_amy_binouze\/","title":{"rendered":"Me contacter"},"content":{"rendered":"<div id=\"attachment_153\" style=\"width: 310px\" class=\"wp-caption alignleft\"><a href=\"http:\/\/azqs.com\/amybinouze\/contacter_amy_binouze\/selection_ecrire\/\" rel=\"attachment wp-att-153\"><img loading=\"lazy\" decoding=\"async\" aria-describedby=\"caption-attachment-153\" class=\"size-medium wp-image-153\" title=\"Selection_ecrire\" src=\"http:\/\/azqs.com\/amybinouze\/files\/2012\/08\/Selection_ecrire-300x300.jpg\" alt=\"Photo soir\u00e9e Dj Amy Binouze\" width=\"300\" height=\"300\" \/><\/a><p id=\"caption-attachment-153\" class=\"wp-caption-text\">Une soir\u00e9e au Molodo\u00ef \u00e0 Strasbourg...<\/p><\/div>\n<p>Pour contacter Amy binouze, c\u2019est simple comme un mail : bloodymouss@gmail.com<\/p>\n","protected":false},"excerpt":{"rendered":"<p>Pour contacter Amy binouze, c\u2019est simple comme un mail : bloodymouss@gmail.com<\/p>\n","protected":false},"author":291,"featured_media":0,"parent":0,"menu_order":0,"comment_status":"closed","ping_status":"closed","template":"sidebar-page.php","meta":{"footnotes":""},"class_list":["post-152","page","type-page","status-publish","hentry"],"_links":{"self":[{"href":"https:\/\/azqs.com\/amybinouze\/wp-json\/wp\/v2\/pages\/152"}],"collection":[{"href":"https:\/\/azqs.com\/amybinouze\/wp-json\/wp\/v2\/pages"}],"about":[{"href":"https:\/\/azqs.com\/amybinouze\/wp-json\/wp\/v2\/types\/page"}],"author":[{"embeddable":true,"href":"https:\/\/azqs.com\/amybinouze\/wp-json\/wp\/v2\/users\/291"}],"replies":[{"embeddable":true,"href":"https:\/\/azqs.com\/amybinouze\/wp-json\/wp\/v2\/comments?post=152"}],"version-history":[{"count":0,"href":"https:\/\/azqs.com\/amybinouze\/wp-json\/wp\/v2\/pages\/152\/revisions"}],"wp:attachment":[{"href":"https:\/\/azqs.com\/amybinouze\/wp-json\/wp\/v2\/media?parent=152"}],"curies":[{"name":"wp","href":"https:\/\/api.w.org\/{rel}","templated":true}]}}